{"id":87931,"date":"2023-09-22T13:51:41","date_gmt":"2024-05-28T10:21:35","guid":{"rendered":"https:\/\/grontkontor.dk\/shop\/langlebiger-stabiler-banktisch-in-bambus\/"},"modified":"2024-05-28T12:21:35","modified_gmt":"2024-05-28T10:21:35","slug":"langlebiger-stabiler-banktisch-in-bambus","status":"publish","type":"product","link":"https:\/\/grontkontor.dk\/de\/shop\/langlebiger-stabiler-banktisch-in-bambus\/","title":{"rendered":"Kompakter, h\u00f6henverstellbarer Schreibtisch aus 100% Bambus"},"content":{"rendered":"<p>Wundersch\u00f6ner ergonomischer, h\u00f6henverstellbarer Schreibtisch aus Bambus, der in D\u00e4nemark entworfen und hergestellt wurde. Der Tisch ist oberfl\u00e4chenbehandelt mit \u00d6l, das aus nat\u00fcrlichen Materialien hergestellt und lebensmittelecht ist.<\/p>\n<p>Der h\u00f6henverstellbare Schreibtisch wird von schutzbed\u00fcrftigen jungen Menschen hergestellt, die zuvor am Rande des Arbeitsmarktes standen.<\/p>\n<p>Dieses Modell ist f\u00fcr diejenigen gedacht, die haupts\u00e4chlich an einem tragbaren Ger\u00e4t ohne zus\u00e4tzlichen Bildschirm arbeiten. Es kann sowohl mit als auch ohne Tastatur und Maus verwendet werden und eignet sich sowohl f\u00fcr stehende als auch f\u00fcr sitzende Arbeitspositionen.<\/p>\n<p>[bambus] [FSC_s]<\/p>\n<p>&nbsp;<\/p>\n<p><a href=\"https:\/\/ic.fsc.org\/en\/\" target=\"window\"><img loading=\"lazy\" decoding=\"async\" class=\"size-full wp-image-12735\" src=\"https:\/\/grontkontor.dk\/wp-content\/uploads\/2019\/04\/fsc-certificeret.png\" \n\t\t alt=\"FSC-certificeret\" title=\"FSC-certificeret\" width=\"44\" height=\"51\" border=0\/><\/a> <img loading=\"lazy\" decoding=\"async\" class=\"size-medium wp-image-21008\" src=\"https:\/\/grontkontor.dk\/wp-content\/uploads\/2020\/11\/eu-flag_1-300x199.jpg\" alt=\"Fremstillet i EU\" width=\"76\" height=\"50\" srcset=\"https:\/\/grontkontor.dk\/wp-content\/uploads\/2020\/11\/eu-flag_1-300x199.jpg 300w, https:\/\/grontkontor.dk\/wp-content\/uploads\/2020\/11\/eu-flag_1.jpg 530w\" sizes=\"(max-width: 76px) 100vw, 76px\" \/> <img loading=\"lazy\" decoding=\"async\" src=\"https:\/\/grontkontor.dk\/wp-content\/uploads\/2022\/04\/fremstillet-i-danmark.jpg\" alt=\"Fremstillet i dk danmark\" width=\"66\" height=\"50\" class=\"size-full wp-image-35747\" \/><\/p>\n<p>&nbsp;<\/p>\n","protected":false},"excerpt":{"rendered":"<p>Wundersch\u00f6ner ergonomischer, h\u00f6henverstellbarer Schreibtisch aus Bambus, der in D\u00e4nemark entworfen und hergestellt wurde. Der Tisch ist oberfl\u00e4chenbehandelt mit \u00d6l, das aus nat\u00fcrlichen Materialien hergestellt und lebensmittelecht ist. Der h\u00f6henverstellbare Schreibtisch wird von schutzbed\u00fcrftigen jungen Menschen hergestellt, die zuvor am Rande des Arbeitsmarktes standen. Dieses Modell ist f\u00fcr diejenigen gedacht, die haupts\u00e4chlich an einem tragbaren Ger\u00e4t [&hellip;]<\/p>\n","protected":false},"featured_media":87961,"comment_status":"closed","ping_status":"closed","template":"","meta":{"_acf_changed":false},"product_cat":[3084,3580],"product_tag":[4000,3997],"class_list":{"0":"post-87931","1":"product","2":"type-product","3":"status-publish","4":"has-post-thumbnail","6":"product_cat-neuheiten","7":"product_cat-tabellen","8":"product_tag-hoehenverstellbarer-schreibtisch","9":"product_tag-moebel-de-2","10":"tm-no-options","12":"first","13":"instock","14":"taxable","15":"shipping-taxable","16":"product-type-variable"},"acf":[],"yoast_head":"<!-- This site is optimized with the Yoast SEO Premium plugin v21.2 (Yoast SEO v21.2) - https:\/\/yoast.com\/wordpress\/plugins\/seo\/ -->\n<title>Kompakter, h\u00f6henverstellbarer Schreibtisch aus 100% Bambus - Gr\u00f8nt Kontor<\/title>\n<meta name=\"robots\" content=\"index, follow, max-snippet:-1, max-image-preview:large, max-video-preview:-1\" \/>\n<link rel=\"canonical\" href=\"https:\/\/grontkontor.dk\/de\/shop\/langlebiger-stabiler-banktisch-in-bambus\/\" \/>\n<meta property=\"og:locale\" content=\"de_DE\" \/>\n<meta property=\"og:type\" content=\"article\" \/>\n<meta property=\"og:title\" content=\"Kompakter, h\u00f6henverstellbarer Schreibtisch aus 100% Bambus\" \/>\n<meta property=\"og:description\" content=\"Wundersch\u00f6ner ergonomischer, h\u00f6henverstellbarer Schreibtisch aus Bambus, der in D\u00e4nemark entworfen und hergestellt wurde. Der Tisch ist oberfl\u00e4chenbehandelt mit \u00d6l, das aus nat\u00fcrlichen Materialien hergestellt und lebensmittelecht ist. Der h\u00f6henverstellbare Schreibtisch wird von schutzbed\u00fcrftigen jungen Menschen hergestellt, die zuvor am Rande des Arbeitsmarktes standen. Dieses Modell ist f\u00fcr diejenigen gedacht, die haupts\u00e4chlich an einem tragbaren Ger\u00e4t [&hellip;]\" \/>\n<meta property=\"og:url\" content=\"https:\/\/grontkontor.dk\/de\/shop\/langlebiger-stabiler-banktisch-in-bambus\/\" \/>\n<meta property=\"og:site_name\" content=\"Gr\u00f8nt Kontor\" \/>\n<meta property=\"article:publisher\" content=\"https:\/\/www.facebook.com\/grontkontor.dk\/\" \/>\n<meta property=\"og:image\" content=\"https:\/\/grontkontor.dk\/wp-content\/uploads\/2022\/04\/haeve-saenke-bord-lille-stander-bambus-moerk-1.jpg\" \/>\n\t<meta property=\"og:image:width\" content=\"900\" \/>\n\t<meta property=\"og:image:height\" content=\"639\" \/>\n\t<meta property=\"og:image:type\" content=\"image\/jpeg\" \/>\n<meta name=\"twitter:card\" content=\"summary_large_image\" \/>\n<meta name=\"twitter:label1\" content=\"Gesch\u00e4tzte Lesezeit\" \/>\n\t<meta name=\"twitter:data1\" content=\"1\u00a0Minute\" \/>\n<script type=\"application\/ld+json\" class=\"yoast-schema-graph\">{\"@context\":\"https:\/\/schema.org\",\"@graph\":[{\"@type\":\"WebPage\",\"@id\":\"https:\/\/grontkontor.dk\/de\/shop\/langlebiger-stabiler-banktisch-in-bambus\/\",\"url\":\"https:\/\/grontkontor.dk\/de\/shop\/langlebiger-stabiler-banktisch-in-bambus\/\",\"name\":\"Kompakter, h\u00f6henverstellbarer Schreibtisch aus 100% Bambus - Gr\u00f8nt Kontor\",\"isPartOf\":{\"@id\":\"https:\/\/grontkontor.dk\/#website\"},\"datePublished\":\"2024-05-28T10:21:35+00:00\",\"dateModified\":\"2024-05-28T10:21:35+00:00\",\"breadcrumb\":{\"@id\":\"https:\/\/grontkontor.dk\/de\/shop\/langlebiger-stabiler-banktisch-in-bambus\/#breadcrumb\"},\"inLanguage\":\"de\",\"potentialAction\":[{\"@type\":\"ReadAction\",\"target\":[\"https:\/\/grontkontor.dk\/de\/shop\/langlebiger-stabiler-banktisch-in-bambus\/\"]}]},{\"@type\":\"BreadcrumbList\",\"@id\":\"https:\/\/grontkontor.dk\/de\/shop\/langlebiger-stabiler-banktisch-in-bambus\/#breadcrumb\",\"itemListElement\":[{\"@type\":\"ListItem\",\"position\":1,\"name\":\"Forside\",\"item\":\"https:\/\/grontkontor.dk\/de\/\"},{\"@type\":\"ListItem\",\"position\":2,\"name\":\"Laden\",\"item\":\"https:\/\/grontkontor.dk\/de\/laden\/\"},{\"@type\":\"ListItem\",\"position\":3,\"name\":\"M\u00f8bler og inventar\",\"item\":\"https:\/\/grontkontor.dk\/produkt-kategori\/mobler-og-inventar\/\"},{\"@type\":\"ListItem\",\"position\":4,\"name\":\"Borde\",\"item\":\"https:\/\/grontkontor.dk\/produkt-kategori\/mobler-og-inventar\/borde\/\"},{\"@type\":\"ListItem\",\"position\":5,\"name\":\"Kompakter, h\u00f6henverstellbarer Schreibtisch aus 100% Bambus\"}]},{\"@type\":\"WebSite\",\"@id\":\"https:\/\/grontkontor.dk\/#website\",\"url\":\"https:\/\/grontkontor.dk\/\",\"name\":\"Gr\u00f8nt Kontor\",\"description\":\"Milj\u00f8venlige produkter til kontor og erhverv med fokus p\u00e5 b\u00e6redygtighed, design og fair trade.\",\"publisher\":{\"@id\":\"https:\/\/grontkontor.dk\/#organization\"},\"potentialAction\":[{\"@type\":\"SearchAction\",\"target\":{\"@type\":\"EntryPoint\",\"urlTemplate\":\"https:\/\/grontkontor.dk\/?s={search_term_string}\"},\"query-input\":\"required name=search_term_string\"}],\"inLanguage\":\"de\"},{\"@type\":\"Organization\",\"@id\":\"https:\/\/grontkontor.dk\/#organization\",\"name\":\"Gr\u00f8nt Kontor\",\"url\":\"https:\/\/grontkontor.dk\/\",\"logo\":{\"@type\":\"ImageObject\",\"inLanguage\":\"de\",\"@id\":\"https:\/\/grontkontor.dk\/#\/schema\/logo\/image\/\",\"url\":\"https:\/\/grontkontor.dk\/wp-content\/uploads\/2014\/02\/Logo_groent_kontor_300x80.png\",\"contentUrl\":\"https:\/\/grontkontor.dk\/wp-content\/uploads\/2014\/02\/Logo_groent_kontor_300x80.png\",\"width\":300,\"height\":80,\"caption\":\"Gr\u00f8nt Kontor\"},\"image\":{\"@id\":\"https:\/\/grontkontor.dk\/#\/schema\/logo\/image\/\"},\"sameAs\":[\"https:\/\/www.facebook.com\/grontkontor.dk\/\"]}]}<\/script>\n<!-- \/ Yoast SEO Premium plugin. -->","yoast_head_json":{"title":"Kompakter, h\u00f6henverstellbarer Schreibtisch aus 100% Bambus - Gr\u00f8nt Kontor","robots":{"index":"index","follow":"follow","max-snippet":"max-snippet:-1","max-image-preview":"max-image-preview:large","max-video-preview":"max-video-preview:-1"},"canonical":"https:\/\/grontkontor.dk\/de\/shop\/langlebiger-stabiler-banktisch-in-bambus\/","og_locale":"de_DE","og_type":"article","og_title":"Kompakter, h\u00f6henverstellbarer Schreibtisch aus 100% Bambus","og_description":"Wundersch\u00f6ner ergonomischer, h\u00f6henverstellbarer Schreibtisch aus Bambus, der in D\u00e4nemark entworfen und hergestellt wurde. Der Tisch ist oberfl\u00e4chenbehandelt mit \u00d6l, das aus nat\u00fcrlichen Materialien hergestellt und lebensmittelecht ist. Der h\u00f6henverstellbare Schreibtisch wird von schutzbed\u00fcrftigen jungen Menschen hergestellt, die zuvor am Rande des Arbeitsmarktes standen. Dieses Modell ist f\u00fcr diejenigen gedacht, die haupts\u00e4chlich an einem tragbaren Ger\u00e4t [&hellip;]","og_url":"https:\/\/grontkontor.dk\/de\/shop\/langlebiger-stabiler-banktisch-in-bambus\/","og_site_name":"Gr\u00f8nt Kontor","article_publisher":"https:\/\/www.facebook.com\/grontkontor.dk\/","og_image":[{"width":900,"height":639,"url":"https:\/\/grontkontor.dk\/wp-content\/uploads\/2022\/04\/haeve-saenke-bord-lille-stander-bambus-moerk-1.jpg","type":"image\/jpeg"}],"twitter_card":"summary_large_image","twitter_misc":{"Gesch\u00e4tzte Lesezeit":"1\u00a0Minute"},"schema":{"@context":"https:\/\/schema.org","@graph":[{"@type":"WebPage","@id":"https:\/\/grontkontor.dk\/de\/shop\/langlebiger-stabiler-banktisch-in-bambus\/","url":"https:\/\/grontkontor.dk\/de\/shop\/langlebiger-stabiler-banktisch-in-bambus\/","name":"Kompakter, h\u00f6henverstellbarer Schreibtisch aus 100% Bambus - Gr\u00f8nt Kontor","isPartOf":{"@id":"https:\/\/grontkontor.dk\/#website"},"datePublished":"2024-05-28T10:21:35+00:00","dateModified":"2024-05-28T10:21:35+00:00","breadcrumb":{"@id":"https:\/\/grontkontor.dk\/de\/shop\/langlebiger-stabiler-banktisch-in-bambus\/#breadcrumb"},"inLanguage":"de","potentialAction":[{"@type":"ReadAction","target":["https:\/\/grontkontor.dk\/de\/shop\/langlebiger-stabiler-banktisch-in-bambus\/"]}]},{"@type":"BreadcrumbList","@id":"https:\/\/grontkontor.dk\/de\/shop\/langlebiger-stabiler-banktisch-in-bambus\/#breadcrumb","itemListElement":[{"@type":"ListItem","position":1,"name":"Forside","item":"https:\/\/grontkontor.dk\/de\/"},{"@type":"ListItem","position":2,"name":"Laden","item":"https:\/\/grontkontor.dk\/de\/laden\/"},{"@type":"ListItem","position":3,"name":"M\u00f8bler og inventar","item":"https:\/\/grontkontor.dk\/produkt-kategori\/mobler-og-inventar\/"},{"@type":"ListItem","position":4,"name":"Borde","item":"https:\/\/grontkontor.dk\/produkt-kategori\/mobler-og-inventar\/borde\/"},{"@type":"ListItem","position":5,"name":"Kompakter, h\u00f6henverstellbarer Schreibtisch aus 100% Bambus"}]},{"@type":"WebSite","@id":"https:\/\/grontkontor.dk\/#website","url":"https:\/\/grontkontor.dk\/","name":"Gr\u00f8nt Kontor","description":"Milj\u00f8venlige produkter til kontor og erhverv med fokus p\u00e5 b\u00e6redygtighed, design og fair trade.","publisher":{"@id":"https:\/\/grontkontor.dk\/#organization"},"potentialAction":[{"@type":"SearchAction","target":{"@type":"EntryPoint","urlTemplate":"https:\/\/grontkontor.dk\/?s={search_term_string}"},"query-input":"required name=search_term_string"}],"inLanguage":"de"},{"@type":"Organization","@id":"https:\/\/grontkontor.dk\/#organization","name":"Gr\u00f8nt Kontor","url":"https:\/\/grontkontor.dk\/","logo":{"@type":"ImageObject","inLanguage":"de","@id":"https:\/\/grontkontor.dk\/#\/schema\/logo\/image\/","url":"https:\/\/grontkontor.dk\/wp-content\/uploads\/2014\/02\/Logo_groent_kontor_300x80.png","contentUrl":"https:\/\/grontkontor.dk\/wp-content\/uploads\/2014\/02\/Logo_groent_kontor_300x80.png","width":300,"height":80,"caption":"Gr\u00f8nt Kontor"},"image":{"@id":"https:\/\/grontkontor.dk\/#\/schema\/logo\/image\/"},"sameAs":["https:\/\/www.facebook.com\/grontkontor.dk\/"]}]}},"_links":{"self":[{"href":"https:\/\/grontkontor.dk\/de\/wp-json\/wp\/v2\/product\/87931"}],"collection":[{"href":"https:\/\/grontkontor.dk\/de\/wp-json\/wp\/v2\/product"}],"about":[{"href":"https:\/\/grontkontor.dk\/de\/wp-json\/wp\/v2\/types\/product"}],"replies":[{"embeddable":true,"href":"https:\/\/grontkontor.dk\/de\/wp-json\/wp\/v2\/comments?post=87931"}],"wp:featuredmedia":[{"embeddable":true,"href":"https:\/\/grontkontor.dk\/de\/wp-json\/wp\/v2\/media\/87961"}],"wp:attachment":[{"href":"https:\/\/grontkontor.dk\/de\/wp-json\/wp\/v2\/media?parent=87931"}],"wp:term":[{"taxonomy":"product_cat","embeddable":true,"href":"https:\/\/grontkontor.dk\/de\/wp-json\/wp\/v2\/product_cat?post=87931"},{"taxonomy":"product_tag","embeddable":true,"href":"https:\/\/grontkontor.dk\/de\/wp-json\/wp\/v2\/product_tag?post=87931"}],"curies":[{"name":"wp","href":"https:\/\/api.w.org\/{rel}","templated":true}]}}