{"id":88009,"date":"2023-09-22T13:51:07","date_gmt":"2024-05-28T10:21:40","guid":{"rendered":"https:\/\/grontkontor.dk\/shop\/prasentationsmappe-a4-mit-stift\/"},"modified":"2024-05-28T12:21:40","modified_gmt":"2024-05-28T10:21:40","slug":"prasentationsmappe-a4-mit-stift","status":"publish","type":"product","link":"https:\/\/grontkontor.dk\/de\/shop\/prasentationsmappe-a4-mit-stift\/","title":{"rendered":"A4 Pr\u00e4sentationsmappe mit Stift"},"content":{"rendered":"<p>Klimafreundliche A4-Pr\u00e4sentationsmappe mit gro\u00dfem Fach, Platz f\u00fcr Visitenkarten, A4-Block (20 Seiten) und Stift. Die Mappe und der mitgelieferte Stift sind aus recyceltem Karton gefertigt. Ein umweltfreundliches Produkt f\u00fcr Notizen unterwegs oder im B\u00fcro. Bestellen Sie die Mappe mit oder ohne Druck auf die Mappe selbst und\/oder den Stift.<\/p>\n<p>[papir]<\/p>\n<p>&nbsp;<\/p>\n<img loading=\"lazy\" decoding=\"async\" src=\"https:\/\/grontkontor.dk\/wp-content\/uploads\/2021\/02\/genbrug.jpg\" alt=\"Fremstillet af genbrugsmaterialer\" width=\"50\" height=\"50\" class=\"size-full wp-image-23031\" srcset=\"https:\/\/grontkontor.dk\/wp-content\/uploads\/2021\/02\/genbrug.jpg 199w, https:\/\/grontkontor.dk\/wp-content\/uploads\/2021\/02\/genbrug-100x100.jpg 100w\" sizes=\"(max-width: 50px) 100vw, 50px\" \/>\n","protected":false},"excerpt":{"rendered":"<p>Klimafreundliche A4-Pr\u00e4sentationsmappe mit gro\u00dfem Fach, Platz f\u00fcr Visitenkarten, A4-Block (20 Seiten) und Stift. Die Mappe und der mitgelieferte Stift sind aus recyceltem Karton gefertigt. Ein umweltfreundliches Produkt f\u00fcr Notizen unterwegs oder im B\u00fcro. Bestellen Sie die Mappe mit oder ohne Druck auf die Mappe selbst und\/oder den Stift. [papir] &nbsp;<\/p>\n","protected":false},"featured_media":112923,"comment_status":"closed","ping_status":"closed","template":"","meta":{"_acf_changed":false},"product_cat":[3325,3084,3478,3088],"product_tag":[3494,3497,3505],"class_list":{"0":"post-88009","1":"product","2":"type-product","3":"status-publish","4":"has-post-thumbnail","6":"product_cat-dummy-moq-1-de","7":"product_cat-neuheiten","8":"product_cat-ordner-und-klemmbretter","9":"product_cat-arkivering-de","10":"product_tag-aktentasche","11":"product_tag-ordner","12":"product_tag-praesentationsmappe-de","13":"tm-has-options","15":"first","16":"onbackorder","17":"sale","18":"taxable","19":"shipping-taxable","20":"purchasable","21":"product-type-simple"},"acf":[],"yoast_head":"<!-- This site is optimized with the Yoast SEO Premium plugin v21.2 (Yoast SEO v21.2) - https:\/\/yoast.com\/wordpress\/plugins\/seo\/ -->\n<title>A4 Pr\u00e4sentationsmappe mit Stift - Gr\u00f8nt Kontor<\/title>\n<meta name=\"robots\" content=\"index, follow, max-snippet:-1, max-image-preview:large, max-video-preview:-1\" \/>\n<link rel=\"canonical\" href=\"https:\/\/grontkontor.dk\/de\/shop\/prasentationsmappe-a4-mit-stift\/\" \/>\n<meta property=\"og:locale\" content=\"de_DE\" \/>\n<meta property=\"og:type\" content=\"article\" \/>\n<meta property=\"og:title\" content=\"A4 Pr\u00e4sentationsmappe mit Stift\" \/>\n<meta property=\"og:description\" content=\"Klimafreundliche A4-Pr\u00e4sentationsmappe mit gro\u00dfem Fach, Platz f\u00fcr Visitenkarten, A4-Block (20 Seiten) und Stift. Die Mappe und der mitgelieferte Stift sind aus recyceltem Karton gefertigt. Ein umweltfreundliches Produkt f\u00fcr Notizen unterwegs oder im B\u00fcro. Bestellen Sie die Mappe mit oder ohne Druck auf die Mappe selbst und\/oder den Stift. [papir] &nbsp;\" \/>\n<meta property=\"og:url\" content=\"https:\/\/grontkontor.dk\/de\/shop\/prasentationsmappe-a4-mit-stift\/\" \/>\n<meta property=\"og:site_name\" content=\"Gr\u00f8nt Kontor\" \/>\n<meta property=\"article:publisher\" content=\"https:\/\/www.facebook.com\/grontkontor.dk\/\" \/>\n<meta property=\"og:image\" content=\"https:\/\/grontkontor.dk\/wp-content\/uploads\/2022\/03\/folder-A4.jpg\" \/>\n\t<meta property=\"og:image:width\" content=\"900\" \/>\n\t<meta property=\"og:image:height\" content=\"639\" \/>\n\t<meta property=\"og:image:type\" content=\"image\/jpeg\" \/>\n<meta name=\"twitter:card\" content=\"summary_large_image\" \/>\n<script type=\"application\/ld+json\" class=\"yoast-schema-graph\">{\"@context\":\"https:\/\/schema.org\",\"@graph\":[{\"@type\":\"WebPage\",\"@id\":\"https:\/\/grontkontor.dk\/de\/shop\/prasentationsmappe-a4-mit-stift\/\",\"url\":\"https:\/\/grontkontor.dk\/de\/shop\/prasentationsmappe-a4-mit-stift\/\",\"name\":\"A4 Pr\u00e4sentationsmappe mit Stift - Gr\u00f8nt Kontor\",\"isPartOf\":{\"@id\":\"https:\/\/grontkontor.dk\/#website\"},\"datePublished\":\"2024-05-28T10:21:40+00:00\",\"dateModified\":\"2024-05-28T10:21:40+00:00\",\"breadcrumb\":{\"@id\":\"https:\/\/grontkontor.dk\/de\/shop\/prasentationsmappe-a4-mit-stift\/#breadcrumb\"},\"inLanguage\":\"de\",\"potentialAction\":[{\"@type\":\"ReadAction\",\"target\":[\"https:\/\/grontkontor.dk\/de\/shop\/prasentationsmappe-a4-mit-stift\/\"]}]},{\"@type\":\"BreadcrumbList\",\"@id\":\"https:\/\/grontkontor.dk\/de\/shop\/prasentationsmappe-a4-mit-stift\/#breadcrumb\",\"itemListElement\":[{\"@type\":\"ListItem\",\"position\":1,\"name\":\"Forside\",\"item\":\"https:\/\/grontkontor.dk\/de\/\"},{\"@type\":\"ListItem\",\"position\":2,\"name\":\"Laden\",\"item\":\"https:\/\/grontkontor.dk\/de\/laden\/\"},{\"@type\":\"ListItem\",\"position\":3,\"name\":\"Archivierung\",\"item\":\"https:\/\/grontkontor.dk\/de\/produkt-kategori\/arkivering-de\/\"},{\"@type\":\"ListItem\",\"position\":4,\"name\":\"Ordner und Klemmbretter\",\"item\":\"https:\/\/grontkontor.dk\/de\/produkt-kategori\/arkivering-de\/ordner-und-klemmbretter\/\"},{\"@type\":\"ListItem\",\"position\":5,\"name\":\"A4 Pr\u00e4sentationsmappe mit Stift\"}]},{\"@type\":\"WebSite\",\"@id\":\"https:\/\/grontkontor.dk\/#website\",\"url\":\"https:\/\/grontkontor.dk\/\",\"name\":\"Gr\u00f8nt Kontor\",\"description\":\"Milj\u00f8venlige produkter til kontor og erhverv med fokus p\u00e5 b\u00e6redygtighed, design og fair trade.\",\"publisher\":{\"@id\":\"https:\/\/grontkontor.dk\/#organization\"},\"potentialAction\":[{\"@type\":\"SearchAction\",\"target\":{\"@type\":\"EntryPoint\",\"urlTemplate\":\"https:\/\/grontkontor.dk\/?s={search_term_string}\"},\"query-input\":\"required name=search_term_string\"}],\"inLanguage\":\"de\"},{\"@type\":\"Organization\",\"@id\":\"https:\/\/grontkontor.dk\/#organization\",\"name\":\"Gr\u00f8nt Kontor\",\"url\":\"https:\/\/grontkontor.dk\/\",\"logo\":{\"@type\":\"ImageObject\",\"inLanguage\":\"de\",\"@id\":\"https:\/\/grontkontor.dk\/#\/schema\/logo\/image\/\",\"url\":\"https:\/\/grontkontor.dk\/wp-content\/uploads\/2014\/02\/Logo_groent_kontor_300x80.png\",\"contentUrl\":\"https:\/\/grontkontor.dk\/wp-content\/uploads\/2014\/02\/Logo_groent_kontor_300x80.png\",\"width\":300,\"height\":80,\"caption\":\"Gr\u00f8nt Kontor\"},\"image\":{\"@id\":\"https:\/\/grontkontor.dk\/#\/schema\/logo\/image\/\"},\"sameAs\":[\"https:\/\/www.facebook.com\/grontkontor.dk\/\"]}]}<\/script>\n<!-- \/ Yoast SEO Premium plugin. -->","yoast_head_json":{"title":"A4 Pr\u00e4sentationsmappe mit Stift - Gr\u00f8nt Kontor","robots":{"index":"index","follow":"follow","max-snippet":"max-snippet:-1","max-image-preview":"max-image-preview:large","max-video-preview":"max-video-preview:-1"},"canonical":"https:\/\/grontkontor.dk\/de\/shop\/prasentationsmappe-a4-mit-stift\/","og_locale":"de_DE","og_type":"article","og_title":"A4 Pr\u00e4sentationsmappe mit Stift","og_description":"Klimafreundliche A4-Pr\u00e4sentationsmappe mit gro\u00dfem Fach, Platz f\u00fcr Visitenkarten, A4-Block (20 Seiten) und Stift. Die Mappe und der mitgelieferte Stift sind aus recyceltem Karton gefertigt. Ein umweltfreundliches Produkt f\u00fcr Notizen unterwegs oder im B\u00fcro. Bestellen Sie die Mappe mit oder ohne Druck auf die Mappe selbst und\/oder den Stift. [papir] &nbsp;","og_url":"https:\/\/grontkontor.dk\/de\/shop\/prasentationsmappe-a4-mit-stift\/","og_site_name":"Gr\u00f8nt Kontor","article_publisher":"https:\/\/www.facebook.com\/grontkontor.dk\/","og_image":[{"width":900,"height":639,"url":"https:\/\/grontkontor.dk\/wp-content\/uploads\/2022\/03\/folder-A4.jpg","type":"image\/jpeg"}],"twitter_card":"summary_large_image","schema":{"@context":"https:\/\/schema.org","@graph":[{"@type":"WebPage","@id":"https:\/\/grontkontor.dk\/de\/shop\/prasentationsmappe-a4-mit-stift\/","url":"https:\/\/grontkontor.dk\/de\/shop\/prasentationsmappe-a4-mit-stift\/","name":"A4 Pr\u00e4sentationsmappe mit Stift - Gr\u00f8nt Kontor","isPartOf":{"@id":"https:\/\/grontkontor.dk\/#website"},"datePublished":"2024-05-28T10:21:40+00:00","dateModified":"2024-05-28T10:21:40+00:00","breadcrumb":{"@id":"https:\/\/grontkontor.dk\/de\/shop\/prasentationsmappe-a4-mit-stift\/#breadcrumb"},"inLanguage":"de","potentialAction":[{"@type":"ReadAction","target":["https:\/\/grontkontor.dk\/de\/shop\/prasentationsmappe-a4-mit-stift\/"]}]},{"@type":"BreadcrumbList","@id":"https:\/\/grontkontor.dk\/de\/shop\/prasentationsmappe-a4-mit-stift\/#breadcrumb","itemListElement":[{"@type":"ListItem","position":1,"name":"Forside","item":"https:\/\/grontkontor.dk\/de\/"},{"@type":"ListItem","position":2,"name":"Laden","item":"https:\/\/grontkontor.dk\/de\/laden\/"},{"@type":"ListItem","position":3,"name":"Archivierung","item":"https:\/\/grontkontor.dk\/de\/produkt-kategori\/arkivering-de\/"},{"@type":"ListItem","position":4,"name":"Ordner und Klemmbretter","item":"https:\/\/grontkontor.dk\/de\/produkt-kategori\/arkivering-de\/ordner-und-klemmbretter\/"},{"@type":"ListItem","position":5,"name":"A4 Pr\u00e4sentationsmappe mit Stift"}]},{"@type":"WebSite","@id":"https:\/\/grontkontor.dk\/#website","url":"https:\/\/grontkontor.dk\/","name":"Gr\u00f8nt Kontor","description":"Milj\u00f8venlige produkter til kontor og erhverv med fokus p\u00e5 b\u00e6redygtighed, design og fair trade.","publisher":{"@id":"https:\/\/grontkontor.dk\/#organization"},"potentialAction":[{"@type":"SearchAction","target":{"@type":"EntryPoint","urlTemplate":"https:\/\/grontkontor.dk\/?s={search_term_string}"},"query-input":"required name=search_term_string"}],"inLanguage":"de"},{"@type":"Organization","@id":"https:\/\/grontkontor.dk\/#organization","name":"Gr\u00f8nt Kontor","url":"https:\/\/grontkontor.dk\/","logo":{"@type":"ImageObject","inLanguage":"de","@id":"https:\/\/grontkontor.dk\/#\/schema\/logo\/image\/","url":"https:\/\/grontkontor.dk\/wp-content\/uploads\/2014\/02\/Logo_groent_kontor_300x80.png","contentUrl":"https:\/\/grontkontor.dk\/wp-content\/uploads\/2014\/02\/Logo_groent_kontor_300x80.png","width":300,"height":80,"caption":"Gr\u00f8nt Kontor"},"image":{"@id":"https:\/\/grontkontor.dk\/#\/schema\/logo\/image\/"},"sameAs":["https:\/\/www.facebook.com\/grontkontor.dk\/"]}]}},"_links":{"self":[{"href":"https:\/\/grontkontor.dk\/de\/wp-json\/wp\/v2\/product\/88009"}],"collection":[{"href":"https:\/\/grontkontor.dk\/de\/wp-json\/wp\/v2\/product"}],"about":[{"href":"https:\/\/grontkontor.dk\/de\/wp-json\/wp\/v2\/types\/product"}],"replies":[{"embeddable":true,"href":"https:\/\/grontkontor.dk\/de\/wp-json\/wp\/v2\/comments?post=88009"}],"wp:featuredmedia":[{"embeddable":true,"href":"https:\/\/grontkontor.dk\/de\/wp-json\/wp\/v2\/media\/112923"}],"wp:attachment":[{"href":"https:\/\/grontkontor.dk\/de\/wp-json\/wp\/v2\/media?parent=88009"}],"wp:term":[{"taxonomy":"product_cat","embeddable":true,"href":"https:\/\/grontkontor.dk\/de\/wp-json\/wp\/v2\/product_cat?post=88009"},{"taxonomy":"product_tag","embeddable":true,"href":"https:\/\/grontkontor.dk\/de\/wp-json\/wp\/v2\/product_tag?post=88009"}],"curies":[{"name":"wp","href":"https:\/\/api.w.org\/{rel}","templated":true}]}}