{"id":88098,"date":"2023-09-22T13:50:19","date_gmt":"2024-05-28T10:24:24","guid":{"rendered":"https:\/\/grontkontor.dk\/shop\/nachhaltig-recycelte-kappe\/"},"modified":"2025-11-06T11:28:22","modified_gmt":"2025-11-06T10:28:22","slug":"miljoevenlig-kasket-i-genanvendte-materialer","status":"publish","type":"product","link":"https:\/\/grontkontor.dk\/de\/shop\/miljoevenlig-kasket-i-genanvendte-materialer\/","title":{"rendered":"Klimafreundliche recycelte M\u00fctze ohne Aufdruck"},"content":{"rendered":"<p>Eine umweltfreundliche M\u00fctze aus recycelten Materialien ist eine praktische und stilvolle Wahl sowohl f\u00fcr den Alltag als auch f\u00fcr Veranstaltungen. Die Kombination der beiden Materialien recycelte Baumwolle und recyceltes Polyester bietet eine klimafreundliche L\u00f6sung, bei der Komfort und Pflege Hand in Hand gehen. Die Kappe ist mit Bel\u00fcftungsl\u00f6chern f\u00fcr Atmungsaktivit\u00e4t und einem verstellbaren Klettverschluss auf der R\u00fcckseite f\u00fcr eine perfekte Passform auch an hei\u00dfen Tagen ausgestattet.  <\/p>\n<p>Die klassische Sonnenblende sch\u00fctzt effektiv vor der Sonne und macht die M\u00fctze ideal f\u00fcr Outdoor-Aktivit\u00e4ten, Firmenausfl\u00fcge, Sportveranstaltungen oder als funktionales Accessoire f\u00fcr die Freizeit. Das Material f\u00fchlt sich leicht und angenehm an, was bedeutet, dass die Kappe schnell zu einem Favoriten sowohl bei Mitarbeitern als auch bei Kunden wird. <\/p>\n<p>Als Werbeartikel eignet sich eine klimafreundliche M\u00fctze ausgesprochen gut. Es kann mit Logodruck oder Stickerei geliefert werden, so dass Sie Ihre Marke auf nat\u00fcrliche und n\u00fctzliche Weise pr\u00e4sentieren k\u00f6nnen. Wenn eine Kappe immer wieder verwendet wird, wird Ihr Logo in vielen Kontexten angezeigt.  <\/p>\n<p>Eine umweltfreundliche M\u00fctze aus recycelten Materialien ist daher mehr als nur ein praktisches Accessoire. Sie sind ein klares Signal f\u00fcr gr\u00fcne Werte und R\u00fccksichtnahme auf das Klima und bieten dem Nutzer ein angenehmes und funktionales Erlebnis. <\/p>\n<p>Holen Sie sich ein unverbindliches Angebot zum Thema Stickerei info@grontkontor.dk<\/p>\n<p>[genbrugsbomuld_s] [grs_s]<\/p>\n<p>&nbsp;<\/p>\n<p><a href=\"https:\/\/textileexchange.org\/standards\/recycled-claim-standard-global-recycled-standard\/\"><img loading=\"lazy\" decoding=\"async\" src=\"https:\/\/grontkontor.dk\/wp-content\/uploads\/2021\/06\/global-recycled-standard-1.jpg\" alt=\"Global recycled standard\" width=\"50\" height=\"50\" class=\"size-full wp-image-25504\" \/> <\/a> <img loading=\"lazy\" decoding=\"async\" src=\"https:\/\/grontkontor.dk\/wp-content\/uploads\/2021\/02\/genbrug.jpg\" alt=\"Fremstillet af genbrugsmaterialer\" width=\"50\" height=\"50\" class=\"size-full wp-image-23031\" srcset=\"https:\/\/grontkontor.dk\/wp-content\/uploads\/2021\/02\/genbrug.jpg 199w, https:\/\/grontkontor.dk\/wp-content\/uploads\/2021\/02\/genbrug-100x100.jpg 100w\" sizes=\"(max-width: 50px) 100vw, 50px\" \/><\/p>\n","protected":false},"excerpt":{"rendered":"<p>Eine umweltfreundliche M\u00fctze aus recycelten Materialien ist eine praktische und stilvolle Wahl sowohl f\u00fcr den Alltag als auch f\u00fcr Veranstaltungen. Die Kombination der beiden Materialien recycelte Baumwolle und recyceltes Polyester bietet eine klimafreundliche L\u00f6sung, bei der Komfort und Pflege Hand in Hand gehen. Die Kappe ist mit Bel\u00fcftungsl\u00f6chern f\u00fcr Atmungsaktivit\u00e4t und einem verstellbaren Klettverschluss auf [&hellip;]<\/p>\n","protected":false},"featured_media":88139,"comment_status":"closed","ping_status":"closed","template":"","meta":{"_acf_changed":false},"product_cat":[3325,4836,3084,3327],"product_tag":[4045,3856],"class_list":{"0":"post-88098","1":"product","2":"type-product","3":"status-publish","4":"has-post-thumbnail","6":"product_cat-dummy-moq-1-de","7":"product_cat-kopfschmuck","8":"product_cat-neuheiten","9":"product_cat-sport-und-freizeit","10":"product_tag-kopfschmuck","11":"product_tag-muetze","12":"tm-has-options","14":"first","15":"instock","16":"taxable","17":"shipping-taxable","18":"purchasable","19":"product-type-variable","20":"has-default-attributes"},"acf":[],"yoast_head":"<!-- This site is optimized with the Yoast SEO Premium plugin v21.2 (Yoast SEO v21.2) - https:\/\/yoast.com\/wordpress\/plugins\/seo\/ -->\n<title>Umweltfreundliche Kappe aus recycelten Materialien<\/title>\n<meta name=\"description\" content=\"Umweltfreundliche Kappe aus recycelter Baumwolle und Polyester mit Sonnenblende und Klettverschl\u00fcssen. Klimafreundliche Profilbekleidung mit der M\u00f6glichkeit des Logodrucks und der Bestickung.\" \/>\n<meta name=\"robots\" content=\"index, follow, max-snippet:-1, max-image-preview:large, max-video-preview:-1\" \/>\n<link rel=\"canonical\" href=\"https:\/\/grontkontor.dk\/de\/shop\/miljoevenlig-kasket-i-genanvendte-materialer\/\" \/>\n<meta property=\"og:locale\" content=\"de_DE\" \/>\n<meta property=\"og:type\" content=\"article\" \/>\n<meta property=\"og:title\" content=\"Klimafreundliche recycelte M\u00fctze ohne Aufdruck\" \/>\n<meta property=\"og:description\" content=\"Umweltfreundliche Kappe aus recycelter Baumwolle und Polyester mit Sonnenblende und Klettverschl\u00fcssen. Klimafreundliche Profilbekleidung mit der M\u00f6glichkeit des Logodrucks und der Bestickung.\" \/>\n<meta property=\"og:url\" content=\"https:\/\/grontkontor.dk\/de\/shop\/miljoevenlig-kasket-i-genanvendte-materialer\/\" \/>\n<meta property=\"og:site_name\" content=\"Gr\u00f8nt Kontor\" \/>\n<meta property=\"article:publisher\" content=\"https:\/\/www.facebook.com\/grontkontor.dk\/\" \/>\n<meta property=\"article:modified_time\" content=\"2025-11-06T10:28:22+00:00\" \/>\n<meta property=\"og:image\" content=\"https:\/\/grontkontor.dk\/wp-content\/uploads\/2022\/02\/baeredygtigt-kasket-genanvendt-bomuld-sort.jpg\" \/>\n\t<meta property=\"og:image:width\" content=\"1080\" \/>\n\t<meta property=\"og:image:height\" content=\"1080\" \/>\n\t<meta property=\"og:image:type\" content=\"image\/jpeg\" \/>\n<meta name=\"twitter:card\" content=\"summary_large_image\" \/>\n<meta name=\"twitter:label1\" content=\"Gesch\u00e4tzte Lesezeit\" \/>\n\t<meta name=\"twitter:data1\" content=\"1\u00a0Minute\" \/>\n<script type=\"application\/ld+json\" class=\"yoast-schema-graph\">{\"@context\":\"https:\/\/schema.org\",\"@graph\":[{\"@type\":\"WebPage\",\"@id\":\"https:\/\/grontkontor.dk\/de\/shop\/miljoevenlig-kasket-i-genanvendte-materialer\/\",\"url\":\"https:\/\/grontkontor.dk\/de\/shop\/miljoevenlig-kasket-i-genanvendte-materialer\/\",\"name\":\"Umweltfreundliche Kappe aus recycelten Materialien\",\"isPartOf\":{\"@id\":\"https:\/\/grontkontor.dk\/#website\"},\"datePublished\":\"2024-05-28T10:24:24+00:00\",\"dateModified\":\"2025-11-06T10:28:22+00:00\",\"description\":\"Umweltfreundliche Kappe aus recycelter Baumwolle und Polyester mit Sonnenblende und Klettverschl\u00fcssen. Klimafreundliche Profilbekleidung mit der M\u00f6glichkeit des Logodrucks und der Bestickung.\",\"breadcrumb\":{\"@id\":\"https:\/\/grontkontor.dk\/de\/shop\/miljoevenlig-kasket-i-genanvendte-materialer\/#breadcrumb\"},\"inLanguage\":\"de\",\"potentialAction\":[{\"@type\":\"ReadAction\",\"target\":[\"https:\/\/grontkontor.dk\/de\/shop\/miljoevenlig-kasket-i-genanvendte-materialer\/\"]}]},{\"@type\":\"BreadcrumbList\",\"@id\":\"https:\/\/grontkontor.dk\/de\/shop\/miljoevenlig-kasket-i-genanvendte-materialer\/#breadcrumb\",\"itemListElement\":[{\"@type\":\"ListItem\",\"position\":1,\"name\":\"Forside\",\"item\":\"https:\/\/grontkontor.dk\/de\/\"},{\"@type\":\"ListItem\",\"position\":2,\"name\":\"Laden\",\"item\":\"https:\/\/grontkontor.dk\/de\/laden\/\"},{\"@type\":\"ListItem\",\"position\":3,\"name\":\"Kleidung\",\"item\":\"https:\/\/grontkontor.dk\/de\/produkt-kategori\/kleidung\/\"},{\"@type\":\"ListItem\",\"position\":4,\"name\":\"Kopfschmuck\",\"item\":\"https:\/\/grontkontor.dk\/de\/produkt-kategori\/kleidung\/kopfschmuck\/\"},{\"@type\":\"ListItem\",\"position\":5,\"name\":\"Klimafreundliche recycelte M\u00fctze ohne Aufdruck\"}]},{\"@type\":\"WebSite\",\"@id\":\"https:\/\/grontkontor.dk\/#website\",\"url\":\"https:\/\/grontkontor.dk\/\",\"name\":\"Gr\u00f8nt Kontor\",\"description\":\"Milj\u00f8venlige produkter til kontor og erhverv med fokus p\u00e5 b\u00e6redygtighed, design og fair trade.\",\"publisher\":{\"@id\":\"https:\/\/grontkontor.dk\/#organization\"},\"potentialAction\":[{\"@type\":\"SearchAction\",\"target\":{\"@type\":\"EntryPoint\",\"urlTemplate\":\"https:\/\/grontkontor.dk\/?s={search_term_string}\"},\"query-input\":\"required name=search_term_string\"}],\"inLanguage\":\"de\"},{\"@type\":\"Organization\",\"@id\":\"https:\/\/grontkontor.dk\/#organization\",\"name\":\"Gr\u00f8nt Kontor\",\"url\":\"https:\/\/grontkontor.dk\/\",\"logo\":{\"@type\":\"ImageObject\",\"inLanguage\":\"de\",\"@id\":\"https:\/\/grontkontor.dk\/#\/schema\/logo\/image\/\",\"url\":\"https:\/\/grontkontor.dk\/wp-content\/uploads\/2014\/02\/Logo_groent_kontor_300x80.png\",\"contentUrl\":\"https:\/\/grontkontor.dk\/wp-content\/uploads\/2014\/02\/Logo_groent_kontor_300x80.png\",\"width\":300,\"height\":80,\"caption\":\"Gr\u00f8nt Kontor\"},\"image\":{\"@id\":\"https:\/\/grontkontor.dk\/#\/schema\/logo\/image\/\"},\"sameAs\":[\"https:\/\/www.facebook.com\/grontkontor.dk\/\"]}]}<\/script>\n<!-- \/ Yoast SEO Premium plugin. -->","yoast_head_json":{"title":"Umweltfreundliche Kappe aus recycelten Materialien","description":"Umweltfreundliche Kappe aus recycelter Baumwolle und Polyester mit Sonnenblende und Klettverschl\u00fcssen. Klimafreundliche Profilbekleidung mit der M\u00f6glichkeit des Logodrucks und der Bestickung.","robots":{"index":"index","follow":"follow","max-snippet":"max-snippet:-1","max-image-preview":"max-image-preview:large","max-video-preview":"max-video-preview:-1"},"canonical":"https:\/\/grontkontor.dk\/de\/shop\/miljoevenlig-kasket-i-genanvendte-materialer\/","og_locale":"de_DE","og_type":"article","og_title":"Klimafreundliche recycelte M\u00fctze ohne Aufdruck","og_description":"Umweltfreundliche Kappe aus recycelter Baumwolle und Polyester mit Sonnenblende und Klettverschl\u00fcssen. Klimafreundliche Profilbekleidung mit der M\u00f6glichkeit des Logodrucks und der Bestickung.","og_url":"https:\/\/grontkontor.dk\/de\/shop\/miljoevenlig-kasket-i-genanvendte-materialer\/","og_site_name":"Gr\u00f8nt Kontor","article_publisher":"https:\/\/www.facebook.com\/grontkontor.dk\/","article_modified_time":"2025-11-06T10:28:22+00:00","og_image":[{"width":1080,"height":1080,"url":"https:\/\/grontkontor.dk\/wp-content\/uploads\/2022\/02\/baeredygtigt-kasket-genanvendt-bomuld-sort.jpg","type":"image\/jpeg"}],"twitter_card":"summary_large_image","twitter_misc":{"Gesch\u00e4tzte Lesezeit":"1\u00a0Minute"},"schema":{"@context":"https:\/\/schema.org","@graph":[{"@type":"WebPage","@id":"https:\/\/grontkontor.dk\/de\/shop\/miljoevenlig-kasket-i-genanvendte-materialer\/","url":"https:\/\/grontkontor.dk\/de\/shop\/miljoevenlig-kasket-i-genanvendte-materialer\/","name":"Umweltfreundliche Kappe aus recycelten Materialien","isPartOf":{"@id":"https:\/\/grontkontor.dk\/#website"},"datePublished":"2024-05-28T10:24:24+00:00","dateModified":"2025-11-06T10:28:22+00:00","description":"Umweltfreundliche Kappe aus recycelter Baumwolle und Polyester mit Sonnenblende und Klettverschl\u00fcssen. Klimafreundliche Profilbekleidung mit der M\u00f6glichkeit des Logodrucks und der Bestickung.","breadcrumb":{"@id":"https:\/\/grontkontor.dk\/de\/shop\/miljoevenlig-kasket-i-genanvendte-materialer\/#breadcrumb"},"inLanguage":"de","potentialAction":[{"@type":"ReadAction","target":["https:\/\/grontkontor.dk\/de\/shop\/miljoevenlig-kasket-i-genanvendte-materialer\/"]}]},{"@type":"BreadcrumbList","@id":"https:\/\/grontkontor.dk\/de\/shop\/miljoevenlig-kasket-i-genanvendte-materialer\/#breadcrumb","itemListElement":[{"@type":"ListItem","position":1,"name":"Forside","item":"https:\/\/grontkontor.dk\/de\/"},{"@type":"ListItem","position":2,"name":"Laden","item":"https:\/\/grontkontor.dk\/de\/laden\/"},{"@type":"ListItem","position":3,"name":"Kleidung","item":"https:\/\/grontkontor.dk\/de\/produkt-kategori\/kleidung\/"},{"@type":"ListItem","position":4,"name":"Kopfschmuck","item":"https:\/\/grontkontor.dk\/de\/produkt-kategori\/kleidung\/kopfschmuck\/"},{"@type":"ListItem","position":5,"name":"Klimafreundliche recycelte M\u00fctze ohne Aufdruck"}]},{"@type":"WebSite","@id":"https:\/\/grontkontor.dk\/#website","url":"https:\/\/grontkontor.dk\/","name":"Gr\u00f8nt Kontor","description":"Milj\u00f8venlige produkter til kontor og erhverv med fokus p\u00e5 b\u00e6redygtighed, design og fair trade.","publisher":{"@id":"https:\/\/grontkontor.dk\/#organization"},"potentialAction":[{"@type":"SearchAction","target":{"@type":"EntryPoint","urlTemplate":"https:\/\/grontkontor.dk\/?s={search_term_string}"},"query-input":"required name=search_term_string"}],"inLanguage":"de"},{"@type":"Organization","@id":"https:\/\/grontkontor.dk\/#organization","name":"Gr\u00f8nt Kontor","url":"https:\/\/grontkontor.dk\/","logo":{"@type":"ImageObject","inLanguage":"de","@id":"https:\/\/grontkontor.dk\/#\/schema\/logo\/image\/","url":"https:\/\/grontkontor.dk\/wp-content\/uploads\/2014\/02\/Logo_groent_kontor_300x80.png","contentUrl":"https:\/\/grontkontor.dk\/wp-content\/uploads\/2014\/02\/Logo_groent_kontor_300x80.png","width":300,"height":80,"caption":"Gr\u00f8nt Kontor"},"image":{"@id":"https:\/\/grontkontor.dk\/#\/schema\/logo\/image\/"},"sameAs":["https:\/\/www.facebook.com\/grontkontor.dk\/"]}]}},"_links":{"self":[{"href":"https:\/\/grontkontor.dk\/de\/wp-json\/wp\/v2\/product\/88098"}],"collection":[{"href":"https:\/\/grontkontor.dk\/de\/wp-json\/wp\/v2\/product"}],"about":[{"href":"https:\/\/grontkontor.dk\/de\/wp-json\/wp\/v2\/types\/product"}],"replies":[{"embeddable":true,"href":"https:\/\/grontkontor.dk\/de\/wp-json\/wp\/v2\/comments?post=88098"}],"wp:featuredmedia":[{"embeddable":true,"href":"https:\/\/grontkontor.dk\/de\/wp-json\/wp\/v2\/media\/88139"}],"wp:attachment":[{"href":"https:\/\/grontkontor.dk\/de\/wp-json\/wp\/v2\/media?parent=88098"}],"wp:term":[{"taxonomy":"product_cat","embeddable":true,"href":"https:\/\/grontkontor.dk\/de\/wp-json\/wp\/v2\/product_cat?post=88098"},{"taxonomy":"product_tag","embeddable":true,"href":"https:\/\/grontkontor.dk\/de\/wp-json\/wp\/v2\/product_tag?post=88098"}],"curies":[{"name":"wp","href":"https:\/\/api.w.org\/{rel}","templated":true}]}}