{"id":88143,"date":"2023-09-22T13:50:48","date_gmt":"2024-05-28T10:24:26","guid":{"rendered":"https:\/\/grontkontor.dk\/shop\/das-stift-set-in-geschenkbox-in-bambus-und-metall\/"},"modified":"2024-05-28T12:24:26","modified_gmt":"2024-05-28T10:24:26","slug":"das-stift-set-in-geschenkbox-in-bambus-und-metall","status":"publish","type":"product","link":"https:\/\/grontkontor.dk\/de\/shop\/das-stift-set-in-geschenkbox-in-bambus-und-metall\/","title":{"rendered":"Kugelschreiber-Set Mine aus Bambus und Metall"},"content":{"rendered":"<p>Exklusives Stiftset in klassisch gestalteter Geschenkbox aus Bambus. Das Set enth\u00e4lt zwei Stifte aus klimafreundlichem Bambus und Metall. Die Nachf\u00fcllkartusche macht sie zur offensichtlichen klimafreundlichen Wahl, da sie eine l\u00e4ngere Lebensdauer als herk\u00f6mmliche Kunststoffkartuschen hat und ausgetauscht werden kann, wenn sie aufgebraucht ist. Das Stiftset kann mit oder ohne Druck oder mit Gravur geliefert werden.<\/p>\n<p>[bambus]<\/p>\n<p>&nbsp;<\/p>\n<p>&nbsp;<\/p>\n","protected":false},"excerpt":{"rendered":"<p>Exklusives Stiftset in klassisch gestalteter Geschenkbox aus Bambus. Das Set enth\u00e4lt zwei Stifte aus klimafreundlichem Bambus und Metall. Die Nachf\u00fcllkartusche macht sie zur offensichtlichen klimafreundlichen Wahl, da sie eine l\u00e4ngere Lebensdauer als herk\u00f6mmliche Kunststoffkartuschen hat und ausgetauscht werden kann, wenn sie aufgebraucht ist. Das Stiftset kann mit oder ohne Druck oder mit Gravur geliefert werden. [&hellip;]<\/p>\n","protected":false},"featured_media":112848,"comment_status":"closed","ping_status":"closed","template":"","meta":{"_acf_changed":false},"product_cat":[3325,4403,3084,3423,3424],"product_tag":[3427,3887],"class_list":{"0":"post-88143","1":"product","2":"type-product","3":"status-publish","4":"has-post-thumbnail","6":"product_cat-dummy-moq-1-de","7":"product_cat-kugelschreiber-und-bleistifte","8":"product_cat-neuheiten","9":"product_cat-schreib-und-zeigegeraete","10":"product_cat-stifte","11":"product_tag-kugelschreiber","12":"product_tag-stift-sets","13":"tm-has-options","15":"first","16":"instock","17":"taxable","18":"shipping-taxable","19":"purchasable","20":"product-type-simple"},"acf":[],"yoast_head":"<!-- This site is optimized with the Yoast SEO Premium plugin v21.2 (Yoast SEO v21.2) - https:\/\/yoast.com\/wordpress\/plugins\/seo\/ -->\n<title>Kugelschreiber-Set Mine aus Bambus und Metall - Gr\u00f8nt Kontor<\/title>\n<meta name=\"robots\" content=\"index, follow, max-snippet:-1, max-image-preview:large, max-video-preview:-1\" \/>\n<link rel=\"canonical\" href=\"https:\/\/grontkontor.dk\/shop\/kuglepennesaet-i-gaveaeske-i-bambus-og-metal\/\" \/>\n<meta property=\"og:locale\" content=\"de_DE\" \/>\n<meta property=\"og:type\" content=\"article\" \/>\n<meta property=\"og:title\" content=\"Kugelschreiber-Set Mine aus Bambus und Metall\" \/>\n<meta property=\"og:description\" content=\"Exklusives Stiftset in klassisch gestalteter Geschenkbox aus Bambus. Das Set enth\u00e4lt zwei Stifte aus klimafreundlichem Bambus und Metall. Die Nachf\u00fcllkartusche macht sie zur offensichtlichen klimafreundlichen Wahl, da sie eine l\u00e4ngere Lebensdauer als herk\u00f6mmliche Kunststoffkartuschen hat und ausgetauscht werden kann, wenn sie aufgebraucht ist. Das Stiftset kann mit oder ohne Druck oder mit Gravur geliefert werden. [&hellip;]\" \/>\n<meta property=\"og:url\" content=\"https:\/\/grontkontor.dk\/shop\/kuglepennesaet-i-gaveaeske-i-bambus-og-metal\/\" \/>\n<meta property=\"og:site_name\" content=\"Gr\u00f8nt Kontor\" \/>\n<meta property=\"article:publisher\" content=\"https:\/\/www.facebook.com\/grontkontor.dk\/\" \/>\n<meta property=\"og:image\" content=\"https:\/\/grontkontor.dk\/wp-content\/uploads\/2022\/03\/refill-kuglepenne-saet-bambus-metal.jpg\" \/>\n\t<meta property=\"og:image:width\" content=\"900\" \/>\n\t<meta property=\"og:image:height\" content=\"639\" \/>\n\t<meta property=\"og:image:type\" content=\"image\/jpeg\" \/>\n<meta name=\"twitter:card\" content=\"summary_large_image\" \/>\n<script type=\"application\/ld+json\" class=\"yoast-schema-graph\">{\"@context\":\"https:\/\/schema.org\",\"@graph\":[{\"@type\":\"WebPage\",\"@id\":\"https:\/\/grontkontor.dk\/shop\/kuglepennesaet-i-gaveaeske-i-bambus-og-metal\/\",\"url\":\"https:\/\/grontkontor.dk\/shop\/kuglepennesaet-i-gaveaeske-i-bambus-og-metal\/\",\"name\":\"Kugelschreiber-Set Mine aus Bambus und Metall - Gr\u00f8nt Kontor\",\"isPartOf\":{\"@id\":\"https:\/\/grontkontor.dk\/#website\"},\"datePublished\":\"2024-05-28T10:24:26+00:00\",\"dateModified\":\"2024-05-28T10:24:26+00:00\",\"breadcrumb\":{\"@id\":\"https:\/\/grontkontor.dk\/shop\/kuglepennesaet-i-gaveaeske-i-bambus-og-metal\/#breadcrumb\"},\"inLanguage\":\"de\",\"potentialAction\":[{\"@type\":\"ReadAction\",\"target\":[\"https:\/\/grontkontor.dk\/shop\/kuglepennesaet-i-gaveaeske-i-bambus-og-metal\/\"]}]},{\"@type\":\"BreadcrumbList\",\"@id\":\"https:\/\/grontkontor.dk\/shop\/kuglepennesaet-i-gaveaeske-i-bambus-og-metal\/#breadcrumb\",\"itemListElement\":[{\"@type\":\"ListItem\",\"position\":1,\"name\":\"Forside\",\"item\":\"https:\/\/grontkontor.dk\/de\/\"},{\"@type\":\"ListItem\",\"position\":2,\"name\":\"Laden\",\"item\":\"https:\/\/grontkontor.dk\/de\/laden\/\"},{\"@type\":\"ListItem\",\"position\":3,\"name\":\"Klimafreundliche Werbegeschenke\",\"item\":\"https:\/\/grontkontor.dk\/de\/produkt-kategori\/klimafreundliche-werbegeschenke\/\"},{\"@type\":\"ListItem\",\"position\":4,\"name\":\"Kugelschreiber und Bleistifte\",\"item\":\"https:\/\/grontkontor.dk\/de\/produkt-kategori\/klimafreundliche-werbegeschenke\/kugelschreiber-und-bleistifte\/\"},{\"@type\":\"ListItem\",\"position\":5,\"name\":\"Kugelschreiber-Set Mine aus Bambus und Metall\"}]},{\"@type\":\"WebSite\",\"@id\":\"https:\/\/grontkontor.dk\/#website\",\"url\":\"https:\/\/grontkontor.dk\/\",\"name\":\"Gr\u00f8nt Kontor\",\"description\":\"Milj\u00f8venlige produkter til kontor og erhverv med fokus p\u00e5 b\u00e6redygtighed, design og fair trade.\",\"publisher\":{\"@id\":\"https:\/\/grontkontor.dk\/#organization\"},\"potentialAction\":[{\"@type\":\"SearchAction\",\"target\":{\"@type\":\"EntryPoint\",\"urlTemplate\":\"https:\/\/grontkontor.dk\/?s={search_term_string}\"},\"query-input\":\"required name=search_term_string\"}],\"inLanguage\":\"de\"},{\"@type\":\"Organization\",\"@id\":\"https:\/\/grontkontor.dk\/#organization\",\"name\":\"Gr\u00f8nt Kontor\",\"url\":\"https:\/\/grontkontor.dk\/\",\"logo\":{\"@type\":\"ImageObject\",\"inLanguage\":\"de\",\"@id\":\"https:\/\/grontkontor.dk\/#\/schema\/logo\/image\/\",\"url\":\"https:\/\/grontkontor.dk\/wp-content\/uploads\/2014\/02\/Logo_groent_kontor_300x80.png\",\"contentUrl\":\"https:\/\/grontkontor.dk\/wp-content\/uploads\/2014\/02\/Logo_groent_kontor_300x80.png\",\"width\":300,\"height\":80,\"caption\":\"Gr\u00f8nt Kontor\"},\"image\":{\"@id\":\"https:\/\/grontkontor.dk\/#\/schema\/logo\/image\/\"},\"sameAs\":[\"https:\/\/www.facebook.com\/grontkontor.dk\/\"]}]}<\/script>\n<!-- \/ Yoast SEO Premium plugin. -->","yoast_head_json":{"title":"Kugelschreiber-Set Mine aus Bambus und Metall - Gr\u00f8nt Kontor","robots":{"index":"index","follow":"follow","max-snippet":"max-snippet:-1","max-image-preview":"max-image-preview:large","max-video-preview":"max-video-preview:-1"},"canonical":"https:\/\/grontkontor.dk\/shop\/kuglepennesaet-i-gaveaeske-i-bambus-og-metal\/","og_locale":"de_DE","og_type":"article","og_title":"Kugelschreiber-Set Mine aus Bambus und Metall","og_description":"Exklusives Stiftset in klassisch gestalteter Geschenkbox aus Bambus. Das Set enth\u00e4lt zwei Stifte aus klimafreundlichem Bambus und Metall. Die Nachf\u00fcllkartusche macht sie zur offensichtlichen klimafreundlichen Wahl, da sie eine l\u00e4ngere Lebensdauer als herk\u00f6mmliche Kunststoffkartuschen hat und ausgetauscht werden kann, wenn sie aufgebraucht ist. Das Stiftset kann mit oder ohne Druck oder mit Gravur geliefert werden. [&hellip;]","og_url":"https:\/\/grontkontor.dk\/shop\/kuglepennesaet-i-gaveaeske-i-bambus-og-metal\/","og_site_name":"Gr\u00f8nt Kontor","article_publisher":"https:\/\/www.facebook.com\/grontkontor.dk\/","og_image":[{"width":900,"height":639,"url":"https:\/\/grontkontor.dk\/wp-content\/uploads\/2022\/03\/refill-kuglepenne-saet-bambus-metal.jpg","type":"image\/jpeg"}],"twitter_card":"summary_large_image","schema":{"@context":"https:\/\/schema.org","@graph":[{"@type":"WebPage","@id":"https:\/\/grontkontor.dk\/shop\/kuglepennesaet-i-gaveaeske-i-bambus-og-metal\/","url":"https:\/\/grontkontor.dk\/shop\/kuglepennesaet-i-gaveaeske-i-bambus-og-metal\/","name":"Kugelschreiber-Set Mine aus Bambus und Metall - Gr\u00f8nt Kontor","isPartOf":{"@id":"https:\/\/grontkontor.dk\/#website"},"datePublished":"2024-05-28T10:24:26+00:00","dateModified":"2024-05-28T10:24:26+00:00","breadcrumb":{"@id":"https:\/\/grontkontor.dk\/shop\/kuglepennesaet-i-gaveaeske-i-bambus-og-metal\/#breadcrumb"},"inLanguage":"de","potentialAction":[{"@type":"ReadAction","target":["https:\/\/grontkontor.dk\/shop\/kuglepennesaet-i-gaveaeske-i-bambus-og-metal\/"]}]},{"@type":"BreadcrumbList","@id":"https:\/\/grontkontor.dk\/shop\/kuglepennesaet-i-gaveaeske-i-bambus-og-metal\/#breadcrumb","itemListElement":[{"@type":"ListItem","position":1,"name":"Forside","item":"https:\/\/grontkontor.dk\/de\/"},{"@type":"ListItem","position":2,"name":"Laden","item":"https:\/\/grontkontor.dk\/de\/laden\/"},{"@type":"ListItem","position":3,"name":"Klimafreundliche Werbegeschenke","item":"https:\/\/grontkontor.dk\/de\/produkt-kategori\/klimafreundliche-werbegeschenke\/"},{"@type":"ListItem","position":4,"name":"Kugelschreiber und Bleistifte","item":"https:\/\/grontkontor.dk\/de\/produkt-kategori\/klimafreundliche-werbegeschenke\/kugelschreiber-und-bleistifte\/"},{"@type":"ListItem","position":5,"name":"Kugelschreiber-Set Mine aus Bambus und Metall"}]},{"@type":"WebSite","@id":"https:\/\/grontkontor.dk\/#website","url":"https:\/\/grontkontor.dk\/","name":"Gr\u00f8nt Kontor","description":"Milj\u00f8venlige produkter til kontor og erhverv med fokus p\u00e5 b\u00e6redygtighed, design og fair trade.","publisher":{"@id":"https:\/\/grontkontor.dk\/#organization"},"potentialAction":[{"@type":"SearchAction","target":{"@type":"EntryPoint","urlTemplate":"https:\/\/grontkontor.dk\/?s={search_term_string}"},"query-input":"required name=search_term_string"}],"inLanguage":"de"},{"@type":"Organization","@id":"https:\/\/grontkontor.dk\/#organization","name":"Gr\u00f8nt Kontor","url":"https:\/\/grontkontor.dk\/","logo":{"@type":"ImageObject","inLanguage":"de","@id":"https:\/\/grontkontor.dk\/#\/schema\/logo\/image\/","url":"https:\/\/grontkontor.dk\/wp-content\/uploads\/2014\/02\/Logo_groent_kontor_300x80.png","contentUrl":"https:\/\/grontkontor.dk\/wp-content\/uploads\/2014\/02\/Logo_groent_kontor_300x80.png","width":300,"height":80,"caption":"Gr\u00f8nt Kontor"},"image":{"@id":"https:\/\/grontkontor.dk\/#\/schema\/logo\/image\/"},"sameAs":["https:\/\/www.facebook.com\/grontkontor.dk\/"]}]}},"_links":{"self":[{"href":"https:\/\/grontkontor.dk\/de\/wp-json\/wp\/v2\/product\/88143"}],"collection":[{"href":"https:\/\/grontkontor.dk\/de\/wp-json\/wp\/v2\/product"}],"about":[{"href":"https:\/\/grontkontor.dk\/de\/wp-json\/wp\/v2\/types\/product"}],"replies":[{"embeddable":true,"href":"https:\/\/grontkontor.dk\/de\/wp-json\/wp\/v2\/comments?post=88143"}],"wp:featuredmedia":[{"embeddable":true,"href":"https:\/\/grontkontor.dk\/de\/wp-json\/wp\/v2\/media\/112848"}],"wp:attachment":[{"href":"https:\/\/grontkontor.dk\/de\/wp-json\/wp\/v2\/media?parent=88143"}],"wp:term":[{"taxonomy":"product_cat","embeddable":true,"href":"https:\/\/grontkontor.dk\/de\/wp-json\/wp\/v2\/product_cat?post=88143"},{"taxonomy":"product_tag","embeddable":true,"href":"https:\/\/grontkontor.dk\/de\/wp-json\/wp\/v2\/product_tag?post=88143"}],"curies":[{"name":"wp","href":"https:\/\/api.w.org\/{rel}","templated":true}]}}