{"id":88203,"date":"2023-09-22T13:47:47","date_gmt":"2024-05-28T10:25:50","guid":{"rendered":"https:\/\/grontkontor.dk\/shop\/umweltfreundliche-halswarmer\/"},"modified":"2025-11-06T11:28:19","modified_gmt":"2025-11-06T10:28:19","slug":"umweltfreundliche-halswarmer","status":"publish","type":"product","link":"https:\/\/grontkontor.dk\/de\/shop\/umweltfreundliche-halswarmer\/","title":{"rendered":"Umweltfreundlicher Halsw\u00e4rmer ohne Aufdruck"},"content":{"rendered":"<p>Ein klimafreundlicher Halsw\u00e4rmer aus 100% Bio-Baumwolle ist sowohl f\u00fcr den Alltag als auch f\u00fcr Veranstaltungen eine smarte und praktische Wahl. Mit einem Gewicht von 150 g\/m\u00b2 ist das Gewebe leicht, atmungsaktiv und angenehm zu tragen \u2013 perfekt, um Hals und Gesicht vor Wind, K\u00e4lte oder Sonne zu sch\u00fctzen. Die Bio-Baumwolle wird ohne den Einsatz von Schadstoffen angebaut, was den Halsw\u00e4rmer zu einer umweltfreundlichen L\u00f6sung macht, die sowohl den Nutzer als auch das Klima schont.  <\/p>\n<p>Der Halsw\u00e4rmer kann das ganze Jahr \u00fcber verwendet werden, egal ob f\u00fcr Outdoor-Aktivit\u00e4ten, Sport, Radtouren oder einfach als praktisches Accessoire im Alltag. Die weiche Qualit\u00e4t und die vielseitige Funktion machen ihn schnell zu einer bevorzugten Alternative zu herk\u00f6mmlichen Schals. <\/p>\n<p>Als Werbeartikel bietet sich ein klimafreundlicher Halsw\u00e4rmer an. Es kann mit Logodruck geliefert werden, so dass Ihre Marke sichtbar und funktional pr\u00e4sentiert wird. Dies macht es ideal als Firmengeschenk oder Handout f\u00fcr Messen, auf denen Sie ein Geschenk machen m\u00f6chten, das sowohl n\u00fctzlich ist als auch ein gr\u00fcnes Signal sendet.  <\/p>\n<p>Wenn du dich f\u00fcr einen umweltfreundlichen Halsw\u00e4rmer aus Bio-Baumwolle entscheidest, bekommst du mehr als nur ein Kleidungsst\u00fcck. Sie erhalten ein klimafreundliches Produkt, das Komfort, Funktionalit\u00e4t und R\u00fccksichtnahme auf die Umwelt vereint \u2013 eine kleine, aber starke Botschaft \u00fcber gr\u00fcne Werte. <\/p>\n<p>[oekobomuld] [gots_s]<\/p>\n<p>&nbsp;<\/p>\n<p><img loading=\"lazy\" decoding=\"async\" class=\"size-full wp-image-24814\" src=\"https:\/\/grontkontor.dk\/wp-content\/uploads\/2021\/06\/ce-certificeret.jpg\" alt=\"CE Certificeret\" width=\"50\" height=\"50\" srcset=\"https:\/\/grontkontor.dk\/wp-content\/uploads\/2021\/06\/ce-certificeret.jpg 209w, https:\/\/grontkontor.dk\/wp-content\/uploads\/2021\/06\/ce-certificeret-100x100.jpg 100w, https:\/\/grontkontor.dk\/wp-content\/uploads\/2021\/06\/ce-certificeret-150x150.jpg 150w\" sizes=\"(max-width: 50px) 100vw, 50px\" \/> <a href=\"https:\/\/www.eco-branding.dk\/miljoemaerkning\/gots.aspx\" rel=\"noopener\" target=\"_blank\"><img loading=\"lazy\" decoding=\"async\" class=\"size-full wp-image-12808\" src=\"https:\/\/grontkontor.dk\/wp-content\/uploads\/2019\/04\/gots-certificeret.jpg\" \n   alt=\"Gots certificeret - din garanti for, at produktet indeholder mindst 70% ?kologisk bomuld\"  description=\"Gots certificeret - din garanti for, at produktet indeholder mindst 70% ?kologisk bomuld\" width=\"50\" height=\"50\" \n\t border=0 \/><\/a><\/p>\n","protected":false},"excerpt":{"rendered":"<p>Ein klimafreundlicher Halsw\u00e4rmer aus 100% Bio-Baumwolle ist sowohl f\u00fcr den Alltag als auch f\u00fcr Veranstaltungen eine smarte und praktische Wahl. Mit einem Gewicht von 150 g\/m\u00b2 ist das Gewebe leicht, atmungsaktiv und angenehm zu tragen \u2013 perfekt, um Hals und Gesicht vor Wind, K\u00e4lte oder Sonne zu sch\u00fctzen. Die Bio-Baumwolle wird ohne den Einsatz von [&hellip;]<\/p>\n","protected":false},"featured_media":88213,"comment_status":"closed","ping_status":"closed","template":"","meta":{"_acf_changed":false},"product_cat":[3325,3321,4836,3084],"product_tag":[4047],"class_list":{"0":"post-88203","1":"product","2":"type-product","3":"status-publish","4":"has-post-thumbnail","6":"product_cat-dummy-moq-1-de","7":"product_cat-klimafreundliche-werbegeschenke","8":"product_cat-kopfschmuck","9":"product_cat-neuheiten","10":"product_tag-halswaermer","11":"tm-has-options","13":"first","14":"onbackorder","15":"taxable","16":"shipping-taxable","17":"purchasable","18":"product-type-variable"},"acf":[],"yoast_head":"<!-- This site is optimized with the Yoast SEO Premium plugin v21.2 (Yoast SEO v21.2) - https:\/\/yoast.com\/wordpress\/plugins\/seo\/ -->\n<title>Umweltfreundlicher Halsw\u00e4rmer ohne Aufdruck - Gr\u00f8nt Kontor<\/title>\n<meta name=\"description\" content=\"Klimafreundlicher Halsw\u00e4rmer aus 100% Bio-Baumwolle. Umweltfreundliche Profilbekleidung in leichter 150 g\/m\u00b2 Qualit\u00e4t. Perfekt als Firmengeschenk mit Logo-Print.\" \/>\n<meta name=\"robots\" content=\"index, follow, max-snippet:-1, max-image-preview:large, max-video-preview:-1\" \/>\n<link rel=\"canonical\" href=\"https:\/\/grontkontor.dk\/de\/shop\/umweltfreundliche-halswarmer\/\" \/>\n<meta property=\"og:locale\" content=\"de_DE\" \/>\n<meta property=\"og:type\" content=\"article\" \/>\n<meta property=\"og:title\" content=\"Umweltfreundlicher Halsw\u00e4rmer ohne Aufdruck\" \/>\n<meta property=\"og:description\" content=\"Klimafreundlicher Halsw\u00e4rmer aus 100% Bio-Baumwolle. Umweltfreundliche Profilbekleidung in leichter 150 g\/m\u00b2 Qualit\u00e4t. Perfekt als Firmengeschenk mit Logo-Print.\" \/>\n<meta property=\"og:url\" content=\"https:\/\/grontkontor.dk\/de\/shop\/umweltfreundliche-halswarmer\/\" \/>\n<meta property=\"og:site_name\" content=\"Gr\u00f8nt Kontor\" \/>\n<meta property=\"article:publisher\" content=\"https:\/\/www.facebook.com\/grontkontor.dk\/\" \/>\n<meta property=\"article:modified_time\" content=\"2025-11-06T10:28:19+00:00\" \/>\n<meta property=\"og:image\" content=\"https:\/\/grontkontor.dk\/wp-content\/uploads\/2022\/01\/Halsedisse-groen.jpg\" \/>\n\t<meta property=\"og:image:width\" content=\"900\" \/>\n\t<meta property=\"og:image:height\" content=\"639\" \/>\n\t<meta property=\"og:image:type\" content=\"image\/jpeg\" \/>\n<meta name=\"twitter:card\" content=\"summary_large_image\" \/>\n<meta name=\"twitter:label1\" content=\"Gesch\u00e4tzte Lesezeit\" \/>\n\t<meta name=\"twitter:data1\" content=\"1\u00a0Minute\" \/>\n<script type=\"application\/ld+json\" class=\"yoast-schema-graph\">{\"@context\":\"https:\/\/schema.org\",\"@graph\":[{\"@type\":\"WebPage\",\"@id\":\"https:\/\/grontkontor.dk\/de\/shop\/umweltfreundliche-halswarmer\/\",\"url\":\"https:\/\/grontkontor.dk\/de\/shop\/umweltfreundliche-halswarmer\/\",\"name\":\"Umweltfreundlicher Halsw\u00e4rmer ohne Aufdruck - Gr\u00f8nt Kontor\",\"isPartOf\":{\"@id\":\"https:\/\/grontkontor.dk\/#website\"},\"datePublished\":\"2024-05-28T10:25:50+00:00\",\"dateModified\":\"2025-11-06T10:28:19+00:00\",\"description\":\"Klimafreundlicher Halsw\u00e4rmer aus 100% Bio-Baumwolle. Umweltfreundliche Profilbekleidung in leichter 150 g\/m\u00b2 Qualit\u00e4t. Perfekt als Firmengeschenk mit Logo-Print.\",\"breadcrumb\":{\"@id\":\"https:\/\/grontkontor.dk\/de\/shop\/umweltfreundliche-halswarmer\/#breadcrumb\"},\"inLanguage\":\"de\",\"potentialAction\":[{\"@type\":\"ReadAction\",\"target\":[\"https:\/\/grontkontor.dk\/de\/shop\/umweltfreundliche-halswarmer\/\"]}]},{\"@type\":\"BreadcrumbList\",\"@id\":\"https:\/\/grontkontor.dk\/de\/shop\/umweltfreundliche-halswarmer\/#breadcrumb\",\"itemListElement\":[{\"@type\":\"ListItem\",\"position\":1,\"name\":\"Forside\",\"item\":\"https:\/\/grontkontor.dk\/de\/\"},{\"@type\":\"ListItem\",\"position\":2,\"name\":\"Laden\",\"item\":\"https:\/\/grontkontor.dk\/de\/laden\/\"},{\"@type\":\"ListItem\",\"position\":3,\"name\":\"Kleidung\",\"item\":\"https:\/\/grontkontor.dk\/de\/produkt-kategori\/kleidung\/\"},{\"@type\":\"ListItem\",\"position\":4,\"name\":\"Kopfschmuck\",\"item\":\"https:\/\/grontkontor.dk\/de\/produkt-kategori\/kleidung\/kopfschmuck\/\"},{\"@type\":\"ListItem\",\"position\":5,\"name\":\"Umweltfreundlicher Halsw\u00e4rmer ohne Aufdruck\"}]},{\"@type\":\"WebSite\",\"@id\":\"https:\/\/grontkontor.dk\/#website\",\"url\":\"https:\/\/grontkontor.dk\/\",\"name\":\"Gr\u00f8nt Kontor\",\"description\":\"Milj\u00f8venlige produkter til kontor og erhverv med fokus p\u00e5 b\u00e6redygtighed, design og fair trade.\",\"publisher\":{\"@id\":\"https:\/\/grontkontor.dk\/#organization\"},\"potentialAction\":[{\"@type\":\"SearchAction\",\"target\":{\"@type\":\"EntryPoint\",\"urlTemplate\":\"https:\/\/grontkontor.dk\/?s={search_term_string}\"},\"query-input\":\"required name=search_term_string\"}],\"inLanguage\":\"de\"},{\"@type\":\"Organization\",\"@id\":\"https:\/\/grontkontor.dk\/#organization\",\"name\":\"Gr\u00f8nt Kontor\",\"url\":\"https:\/\/grontkontor.dk\/\",\"logo\":{\"@type\":\"ImageObject\",\"inLanguage\":\"de\",\"@id\":\"https:\/\/grontkontor.dk\/#\/schema\/logo\/image\/\",\"url\":\"https:\/\/grontkontor.dk\/wp-content\/uploads\/2014\/02\/Logo_groent_kontor_300x80.png\",\"contentUrl\":\"https:\/\/grontkontor.dk\/wp-content\/uploads\/2014\/02\/Logo_groent_kontor_300x80.png\",\"width\":300,\"height\":80,\"caption\":\"Gr\u00f8nt Kontor\"},\"image\":{\"@id\":\"https:\/\/grontkontor.dk\/#\/schema\/logo\/image\/\"},\"sameAs\":[\"https:\/\/www.facebook.com\/grontkontor.dk\/\"]}]}<\/script>\n<!-- \/ Yoast SEO Premium plugin. -->","yoast_head_json":{"title":"Umweltfreundlicher Halsw\u00e4rmer ohne Aufdruck - Gr\u00f8nt Kontor","description":"Klimafreundlicher Halsw\u00e4rmer aus 100% Bio-Baumwolle. Umweltfreundliche Profilbekleidung in leichter 150 g\/m\u00b2 Qualit\u00e4t. Perfekt als Firmengeschenk mit Logo-Print.","robots":{"index":"index","follow":"follow","max-snippet":"max-snippet:-1","max-image-preview":"max-image-preview:large","max-video-preview":"max-video-preview:-1"},"canonical":"https:\/\/grontkontor.dk\/de\/shop\/umweltfreundliche-halswarmer\/","og_locale":"de_DE","og_type":"article","og_title":"Umweltfreundlicher Halsw\u00e4rmer ohne Aufdruck","og_description":"Klimafreundlicher Halsw\u00e4rmer aus 100% Bio-Baumwolle. Umweltfreundliche Profilbekleidung in leichter 150 g\/m\u00b2 Qualit\u00e4t. Perfekt als Firmengeschenk mit Logo-Print.","og_url":"https:\/\/grontkontor.dk\/de\/shop\/umweltfreundliche-halswarmer\/","og_site_name":"Gr\u00f8nt Kontor","article_publisher":"https:\/\/www.facebook.com\/grontkontor.dk\/","article_modified_time":"2025-11-06T10:28:19+00:00","og_image":[{"width":900,"height":639,"url":"https:\/\/grontkontor.dk\/wp-content\/uploads\/2022\/01\/Halsedisse-groen.jpg","type":"image\/jpeg"}],"twitter_card":"summary_large_image","twitter_misc":{"Gesch\u00e4tzte Lesezeit":"1\u00a0Minute"},"schema":{"@context":"https:\/\/schema.org","@graph":[{"@type":"WebPage","@id":"https:\/\/grontkontor.dk\/de\/shop\/umweltfreundliche-halswarmer\/","url":"https:\/\/grontkontor.dk\/de\/shop\/umweltfreundliche-halswarmer\/","name":"Umweltfreundlicher Halsw\u00e4rmer ohne Aufdruck - Gr\u00f8nt Kontor","isPartOf":{"@id":"https:\/\/grontkontor.dk\/#website"},"datePublished":"2024-05-28T10:25:50+00:00","dateModified":"2025-11-06T10:28:19+00:00","description":"Klimafreundlicher Halsw\u00e4rmer aus 100% Bio-Baumwolle. Umweltfreundliche Profilbekleidung in leichter 150 g\/m\u00b2 Qualit\u00e4t. Perfekt als Firmengeschenk mit Logo-Print.","breadcrumb":{"@id":"https:\/\/grontkontor.dk\/de\/shop\/umweltfreundliche-halswarmer\/#breadcrumb"},"inLanguage":"de","potentialAction":[{"@type":"ReadAction","target":["https:\/\/grontkontor.dk\/de\/shop\/umweltfreundliche-halswarmer\/"]}]},{"@type":"BreadcrumbList","@id":"https:\/\/grontkontor.dk\/de\/shop\/umweltfreundliche-halswarmer\/#breadcrumb","itemListElement":[{"@type":"ListItem","position":1,"name":"Forside","item":"https:\/\/grontkontor.dk\/de\/"},{"@type":"ListItem","position":2,"name":"Laden","item":"https:\/\/grontkontor.dk\/de\/laden\/"},{"@type":"ListItem","position":3,"name":"Kleidung","item":"https:\/\/grontkontor.dk\/de\/produkt-kategori\/kleidung\/"},{"@type":"ListItem","position":4,"name":"Kopfschmuck","item":"https:\/\/grontkontor.dk\/de\/produkt-kategori\/kleidung\/kopfschmuck\/"},{"@type":"ListItem","position":5,"name":"Umweltfreundlicher Halsw\u00e4rmer ohne Aufdruck"}]},{"@type":"WebSite","@id":"https:\/\/grontkontor.dk\/#website","url":"https:\/\/grontkontor.dk\/","name":"Gr\u00f8nt Kontor","description":"Milj\u00f8venlige produkter til kontor og erhverv med fokus p\u00e5 b\u00e6redygtighed, design og fair trade.","publisher":{"@id":"https:\/\/grontkontor.dk\/#organization"},"potentialAction":[{"@type":"SearchAction","target":{"@type":"EntryPoint","urlTemplate":"https:\/\/grontkontor.dk\/?s={search_term_string}"},"query-input":"required name=search_term_string"}],"inLanguage":"de"},{"@type":"Organization","@id":"https:\/\/grontkontor.dk\/#organization","name":"Gr\u00f8nt Kontor","url":"https:\/\/grontkontor.dk\/","logo":{"@type":"ImageObject","inLanguage":"de","@id":"https:\/\/grontkontor.dk\/#\/schema\/logo\/image\/","url":"https:\/\/grontkontor.dk\/wp-content\/uploads\/2014\/02\/Logo_groent_kontor_300x80.png","contentUrl":"https:\/\/grontkontor.dk\/wp-content\/uploads\/2014\/02\/Logo_groent_kontor_300x80.png","width":300,"height":80,"caption":"Gr\u00f8nt Kontor"},"image":{"@id":"https:\/\/grontkontor.dk\/#\/schema\/logo\/image\/"},"sameAs":["https:\/\/www.facebook.com\/grontkontor.dk\/"]}]}},"_links":{"self":[{"href":"https:\/\/grontkontor.dk\/de\/wp-json\/wp\/v2\/product\/88203"}],"collection":[{"href":"https:\/\/grontkontor.dk\/de\/wp-json\/wp\/v2\/product"}],"about":[{"href":"https:\/\/grontkontor.dk\/de\/wp-json\/wp\/v2\/types\/product"}],"replies":[{"embeddable":true,"href":"https:\/\/grontkontor.dk\/de\/wp-json\/wp\/v2\/comments?post=88203"}],"wp:featuredmedia":[{"embeddable":true,"href":"https:\/\/grontkontor.dk\/de\/wp-json\/wp\/v2\/media\/88213"}],"wp:attachment":[{"href":"https:\/\/grontkontor.dk\/de\/wp-json\/wp\/v2\/media?parent=88203"}],"wp:term":[{"taxonomy":"product_cat","embeddable":true,"href":"https:\/\/grontkontor.dk\/de\/wp-json\/wp\/v2\/product_cat?post=88203"},{"taxonomy":"product_tag","embeddable":true,"href":"https:\/\/grontkontor.dk\/de\/wp-json\/wp\/v2\/product_tag?post=88203"}],"curies":[{"name":"wp","href":"https:\/\/api.w.org\/{rel}","templated":true}]}}