{"id":88304,"date":"2023-09-22T13:49:21","date_gmt":"2024-05-28T10:25:54","guid":{"rendered":"https:\/\/grontkontor.dk\/shop\/retro-keramikbecher-350ml-mit-schwarzem-rand\/"},"modified":"2024-05-28T12:25:54","modified_gmt":"2024-05-28T10:25:54","slug":"retro-keramikbecher-350ml-mit-schwarzem-rand","status":"publish","type":"product","link":"https:\/\/grontkontor.dk\/de\/shop\/retro-keramikbecher-350ml-mit-schwarzem-rand\/","title":{"rendered":"Retro Keramik Becher 350ml mit schwarzem Rand"},"content":{"rendered":"<p>Umweltfreundlicher Retro-Keramikbecher mit k\u00f6stlichen schwarzen Details. Sch\u00f6nes Vintage-Design aus klimafreundlichem Material. Erh\u00e4ltlich in Wei\u00df, Gr\u00fcn und Braun und hat die M\u00f6glichkeit, mit einem Motiv Ihrer Wahl zu drucken. Geeignet f\u00fcr Geschirrsp\u00fcler und Mikrowelle. Der Becher ist [food-c] Mindestbestellmenge 36 St\u00fcck. Gr\u00f6\u00dfe: 350 ml  [keramik]<\/p>\n","protected":false},"excerpt":{"rendered":"<p>Umweltfreundlicher Retro-Keramikbecher mit k\u00f6stlichen schwarzen Details. Sch\u00f6nes Vintage-Design aus klimafreundlichem Material. Erh\u00e4ltlich in Wei\u00df, Gr\u00fcn und Braun und hat die M\u00f6glichkeit, mit einem Motiv Ihrer Wahl zu drucken. Geeignet f\u00fcr Geschirrsp\u00fcler und Mikrowelle. Der Becher ist [food-c] Mindestbestellmenge 36 St\u00fcck. Gr\u00f6\u00dfe: 350 ml [keramik]<\/p>\n","protected":false},"featured_media":112729,"comment_status":"closed","ping_status":"closed","template":"","meta":{"_acf_changed":false},"product_cat":[4489,3465,3089,3339,3084],"product_tag":[3663,3831],"class_list":{"0":"post-88304","1":"product","2":"type-product","3":"status-publish","4":"has-post-thumbnail","6":"product_cat-becher-und-tassen","7":"product_cat-becher-tassen-etc","8":"product_cat-dummy-moq-10-50-de","9":"product_cat-essen-und-trinken","10":"product_cat-neuheiten","11":"product_tag-becher","12":"product_tag-kaffeetassen","13":"pa_farve-braun-de","14":"pa_farve-gruen","15":"pa_farve-weiss","16":"tm-has-options","18":"first","19":"onbackorder","20":"sale","21":"taxable","22":"shipping-taxable","23":"purchasable","24":"product-type-variable","25":"has-default-attributes"},"acf":[],"yoast_head":"<!-- This site is optimized with the Yoast SEO Premium plugin v21.2 (Yoast SEO v21.2) - https:\/\/yoast.com\/wordpress\/plugins\/seo\/ -->\n<title>Retro Keramik Becher 350ml mit schwarzem Rand - Gr\u00f8nt Kontor<\/title>\n<meta name=\"robots\" content=\"index, follow, max-snippet:-1, max-image-preview:large, max-video-preview:-1\" \/>\n<link rel=\"canonical\" href=\"https:\/\/grontkontor.dk\/shop\/retro-keramikkrus-350ml-med-sort-kant\/\" \/>\n<meta property=\"og:locale\" content=\"de_DE\" \/>\n<meta property=\"og:type\" content=\"article\" \/>\n<meta property=\"og:title\" content=\"Retro Keramik Becher 350ml mit schwarzem Rand\" \/>\n<meta property=\"og:description\" content=\"Umweltfreundlicher Retro-Keramikbecher mit k\u00f6stlichen schwarzen Details. Sch\u00f6nes Vintage-Design aus klimafreundlichem Material. Erh\u00e4ltlich in Wei\u00df, Gr\u00fcn und Braun und hat die M\u00f6glichkeit, mit einem Motiv Ihrer Wahl zu drucken. Geeignet f\u00fcr Geschirrsp\u00fcler und Mikrowelle. Der Becher ist [food-c] Mindestbestellmenge 36 St\u00fcck. Gr\u00f6\u00dfe: 350 ml [keramik]\" \/>\n<meta property=\"og:url\" content=\"https:\/\/grontkontor.dk\/shop\/retro-keramikkrus-350ml-med-sort-kant\/\" \/>\n<meta property=\"og:site_name\" content=\"Gr\u00f8nt Kontor\" \/>\n<meta property=\"article:publisher\" content=\"https:\/\/www.facebook.com\/grontkontor.dk\/\" \/>\n<meta property=\"og:image\" content=\"https:\/\/grontkontor.dk\/wp-content\/uploads\/2022\/02\/retro-krus-keramik-350-ml-alle.jpg\" \/>\n\t<meta property=\"og:image:width\" content=\"900\" \/>\n\t<meta property=\"og:image:height\" content=\"639\" \/>\n\t<meta property=\"og:image:type\" content=\"image\/jpeg\" \/>\n<meta name=\"twitter:card\" content=\"summary_large_image\" \/>\n<script type=\"application\/ld+json\" class=\"yoast-schema-graph\">{\"@context\":\"https:\/\/schema.org\",\"@graph\":[{\"@type\":\"WebPage\",\"@id\":\"https:\/\/grontkontor.dk\/shop\/retro-keramikkrus-350ml-med-sort-kant\/\",\"url\":\"https:\/\/grontkontor.dk\/shop\/retro-keramikkrus-350ml-med-sort-kant\/\",\"name\":\"Retro Keramik Becher 350ml mit schwarzem Rand - Gr\u00f8nt Kontor\",\"isPartOf\":{\"@id\":\"https:\/\/grontkontor.dk\/#website\"},\"datePublished\":\"2024-05-28T10:25:54+00:00\",\"dateModified\":\"2024-05-28T10:25:54+00:00\",\"breadcrumb\":{\"@id\":\"https:\/\/grontkontor.dk\/shop\/retro-keramikkrus-350ml-med-sort-kant\/#breadcrumb\"},\"inLanguage\":\"de\",\"potentialAction\":[{\"@type\":\"ReadAction\",\"target\":[\"https:\/\/grontkontor.dk\/shop\/retro-keramikkrus-350ml-med-sort-kant\/\"]}]},{\"@type\":\"BreadcrumbList\",\"@id\":\"https:\/\/grontkontor.dk\/shop\/retro-keramikkrus-350ml-med-sort-kant\/#breadcrumb\",\"itemListElement\":[{\"@type\":\"ListItem\",\"position\":1,\"name\":\"Forside\",\"item\":\"https:\/\/grontkontor.dk\/de\/\"},{\"@type\":\"ListItem\",\"position\":2,\"name\":\"Laden\",\"item\":\"https:\/\/grontkontor.dk\/de\/laden\/\"},{\"@type\":\"ListItem\",\"position\":3,\"name\":\"Klimafreundliche Werbegeschenke\",\"item\":\"https:\/\/grontkontor.dk\/de\/produkt-kategori\/klimafreundliche-werbegeschenke\/\"},{\"@type\":\"ListItem\",\"position\":4,\"name\":\"Becher und Tassen\",\"item\":\"https:\/\/grontkontor.dk\/de\/produkt-kategori\/becher-und-tassen\/\"},{\"@type\":\"ListItem\",\"position\":5,\"name\":\"Retro Keramik Becher 350ml mit schwarzem Rand\"}]},{\"@type\":\"WebSite\",\"@id\":\"https:\/\/grontkontor.dk\/#website\",\"url\":\"https:\/\/grontkontor.dk\/\",\"name\":\"Gr\u00f8nt Kontor\",\"description\":\"Milj\u00f8venlige produkter til kontor og erhverv med fokus p\u00e5 b\u00e6redygtighed, design og fair trade.\",\"publisher\":{\"@id\":\"https:\/\/grontkontor.dk\/#organization\"},\"potentialAction\":[{\"@type\":\"SearchAction\",\"target\":{\"@type\":\"EntryPoint\",\"urlTemplate\":\"https:\/\/grontkontor.dk\/?s={search_term_string}\"},\"query-input\":\"required name=search_term_string\"}],\"inLanguage\":\"de\"},{\"@type\":\"Organization\",\"@id\":\"https:\/\/grontkontor.dk\/#organization\",\"name\":\"Gr\u00f8nt Kontor\",\"url\":\"https:\/\/grontkontor.dk\/\",\"logo\":{\"@type\":\"ImageObject\",\"inLanguage\":\"de\",\"@id\":\"https:\/\/grontkontor.dk\/#\/schema\/logo\/image\/\",\"url\":\"https:\/\/grontkontor.dk\/wp-content\/uploads\/2014\/02\/Logo_groent_kontor_300x80.png\",\"contentUrl\":\"https:\/\/grontkontor.dk\/wp-content\/uploads\/2014\/02\/Logo_groent_kontor_300x80.png\",\"width\":300,\"height\":80,\"caption\":\"Gr\u00f8nt Kontor\"},\"image\":{\"@id\":\"https:\/\/grontkontor.dk\/#\/schema\/logo\/image\/\"},\"sameAs\":[\"https:\/\/www.facebook.com\/grontkontor.dk\/\"]}]}<\/script>\n<!-- \/ Yoast SEO Premium plugin. -->","yoast_head_json":{"title":"Retro Keramik Becher 350ml mit schwarzem Rand - Gr\u00f8nt Kontor","robots":{"index":"index","follow":"follow","max-snippet":"max-snippet:-1","max-image-preview":"max-image-preview:large","max-video-preview":"max-video-preview:-1"},"canonical":"https:\/\/grontkontor.dk\/shop\/retro-keramikkrus-350ml-med-sort-kant\/","og_locale":"de_DE","og_type":"article","og_title":"Retro Keramik Becher 350ml mit schwarzem Rand","og_description":"Umweltfreundlicher Retro-Keramikbecher mit k\u00f6stlichen schwarzen Details. Sch\u00f6nes Vintage-Design aus klimafreundlichem Material. Erh\u00e4ltlich in Wei\u00df, Gr\u00fcn und Braun und hat die M\u00f6glichkeit, mit einem Motiv Ihrer Wahl zu drucken. Geeignet f\u00fcr Geschirrsp\u00fcler und Mikrowelle. Der Becher ist [food-c] Mindestbestellmenge 36 St\u00fcck. Gr\u00f6\u00dfe: 350 ml [keramik]","og_url":"https:\/\/grontkontor.dk\/shop\/retro-keramikkrus-350ml-med-sort-kant\/","og_site_name":"Gr\u00f8nt Kontor","article_publisher":"https:\/\/www.facebook.com\/grontkontor.dk\/","og_image":[{"width":900,"height":639,"url":"https:\/\/grontkontor.dk\/wp-content\/uploads\/2022\/02\/retro-krus-keramik-350-ml-alle.jpg","type":"image\/jpeg"}],"twitter_card":"summary_large_image","schema":{"@context":"https:\/\/schema.org","@graph":[{"@type":"WebPage","@id":"https:\/\/grontkontor.dk\/shop\/retro-keramikkrus-350ml-med-sort-kant\/","url":"https:\/\/grontkontor.dk\/shop\/retro-keramikkrus-350ml-med-sort-kant\/","name":"Retro Keramik Becher 350ml mit schwarzem Rand - Gr\u00f8nt Kontor","isPartOf":{"@id":"https:\/\/grontkontor.dk\/#website"},"datePublished":"2024-05-28T10:25:54+00:00","dateModified":"2024-05-28T10:25:54+00:00","breadcrumb":{"@id":"https:\/\/grontkontor.dk\/shop\/retro-keramikkrus-350ml-med-sort-kant\/#breadcrumb"},"inLanguage":"de","potentialAction":[{"@type":"ReadAction","target":["https:\/\/grontkontor.dk\/shop\/retro-keramikkrus-350ml-med-sort-kant\/"]}]},{"@type":"BreadcrumbList","@id":"https:\/\/grontkontor.dk\/shop\/retro-keramikkrus-350ml-med-sort-kant\/#breadcrumb","itemListElement":[{"@type":"ListItem","position":1,"name":"Forside","item":"https:\/\/grontkontor.dk\/de\/"},{"@type":"ListItem","position":2,"name":"Laden","item":"https:\/\/grontkontor.dk\/de\/laden\/"},{"@type":"ListItem","position":3,"name":"Klimafreundliche Werbegeschenke","item":"https:\/\/grontkontor.dk\/de\/produkt-kategori\/klimafreundliche-werbegeschenke\/"},{"@type":"ListItem","position":4,"name":"Becher und Tassen","item":"https:\/\/grontkontor.dk\/de\/produkt-kategori\/becher-und-tassen\/"},{"@type":"ListItem","position":5,"name":"Retro Keramik Becher 350ml mit schwarzem Rand"}]},{"@type":"WebSite","@id":"https:\/\/grontkontor.dk\/#website","url":"https:\/\/grontkontor.dk\/","name":"Gr\u00f8nt Kontor","description":"Milj\u00f8venlige produkter til kontor og erhverv med fokus p\u00e5 b\u00e6redygtighed, design og fair trade.","publisher":{"@id":"https:\/\/grontkontor.dk\/#organization"},"potentialAction":[{"@type":"SearchAction","target":{"@type":"EntryPoint","urlTemplate":"https:\/\/grontkontor.dk\/?s={search_term_string}"},"query-input":"required name=search_term_string"}],"inLanguage":"de"},{"@type":"Organization","@id":"https:\/\/grontkontor.dk\/#organization","name":"Gr\u00f8nt Kontor","url":"https:\/\/grontkontor.dk\/","logo":{"@type":"ImageObject","inLanguage":"de","@id":"https:\/\/grontkontor.dk\/#\/schema\/logo\/image\/","url":"https:\/\/grontkontor.dk\/wp-content\/uploads\/2014\/02\/Logo_groent_kontor_300x80.png","contentUrl":"https:\/\/grontkontor.dk\/wp-content\/uploads\/2014\/02\/Logo_groent_kontor_300x80.png","width":300,"height":80,"caption":"Gr\u00f8nt Kontor"},"image":{"@id":"https:\/\/grontkontor.dk\/#\/schema\/logo\/image\/"},"sameAs":["https:\/\/www.facebook.com\/grontkontor.dk\/"]}]}},"_links":{"self":[{"href":"https:\/\/grontkontor.dk\/de\/wp-json\/wp\/v2\/product\/88304"}],"collection":[{"href":"https:\/\/grontkontor.dk\/de\/wp-json\/wp\/v2\/product"}],"about":[{"href":"https:\/\/grontkontor.dk\/de\/wp-json\/wp\/v2\/types\/product"}],"replies":[{"embeddable":true,"href":"https:\/\/grontkontor.dk\/de\/wp-json\/wp\/v2\/comments?post=88304"}],"wp:featuredmedia":[{"embeddable":true,"href":"https:\/\/grontkontor.dk\/de\/wp-json\/wp\/v2\/media\/112729"}],"wp:attachment":[{"href":"https:\/\/grontkontor.dk\/de\/wp-json\/wp\/v2\/media?parent=88304"}],"wp:term":[{"taxonomy":"product_cat","embeddable":true,"href":"https:\/\/grontkontor.dk\/de\/wp-json\/wp\/v2\/product_cat?post=88304"},{"taxonomy":"product_tag","embeddable":true,"href":"https:\/\/grontkontor.dk\/de\/wp-json\/wp\/v2\/product_tag?post=88304"}],"curies":[{"name":"wp","href":"https:\/\/api.w.org\/{rel}","templated":true}]}}