{"id":88305,"date":"2023-09-22T13:47:47","date_gmt":"2024-05-28T10:25:55","guid":{"rendered":"https:\/\/grontkontor.dk\/shop\/sustainable-haengekoeje\/"},"modified":"2024-05-28T12:25:55","modified_gmt":"2024-05-28T10:25:55","slug":"sustainable-haengekoeje","status":"publish","type":"product","link":"https:\/\/grontkontor.dk\/de\/shop\/sustainable-haengekoeje\/","title":{"rendered":"Robuste H\u00e4ngematte ohne Aufdruck &#8211; Restposten"},"content":{"rendered":"<p>Sch\u00f6ne H\u00e4ngematte aus Baumwolle, Polyester und Holz. Die H\u00e4ngematte wird in einem Baumwollbeutel geliefert. Es besteht die M\u00f6glichkeit, sowohl auf der H\u00e4ngematte als auch auf der Tasche an mehreren Stellen zu drucken.<\/p>\n<p>Der Stoff besteht aus 49% Baumwolle, 46,6% Polyester und 4,4% Viskose<\/p>\n<p>Tragf\u00e4higkeit: 120 kg.<\/p>\n<p>Farbe: Natur.<\/p>\n<p>[bomuld_s]<\/p>\n<p>&nbsp;<\/p>\n","protected":false},"excerpt":{"rendered":"<p>Sch\u00f6ne H\u00e4ngematte aus Baumwolle, Polyester und Holz. Die H\u00e4ngematte wird in einem Baumwollbeutel geliefert. Es besteht die M\u00f6glichkeit, sowohl auf der H\u00e4ngematte als auch auf der Tasche an mehreren Stellen zu drucken. Der Stoff besteht aus 49% Baumwolle, 46,6% Polyester und 4,4% Viskose Tragf\u00e4higkeit: 120 kg. Farbe: Natur. [bomuld_s] &nbsp;<\/p>\n","protected":false},"featured_media":88310,"comment_status":"closed","ping_status":"closed","template":"","meta":{"_acf_changed":false},"product_cat":[3325,3321,3327],"product_tag":[4024,4054],"class_list":{"0":"post-88305","1":"product","2":"type-product","3":"status-publish","4":"has-post-thumbnail","6":"product_cat-dummy-moq-1-de","7":"product_cat-klimafreundliche-werbegeschenke","8":"product_cat-sport-und-freizeit","9":"product_tag-freizeit","10":"product_tag-haengematte","11":"tm-has-options","13":"first","14":"onbackorder","15":"taxable","16":"shipping-taxable","17":"purchasable","18":"product-type-simple"},"acf":[],"yoast_head":"<!-- This site is optimized with the Yoast SEO Premium plugin v21.2 (Yoast SEO v21.2) - https:\/\/yoast.com\/wordpress\/plugins\/seo\/ -->\n<title>Robuste H\u00e4ngematte ohne Aufdruck - Restposten - Gr\u00f8nt Kontor<\/title>\n<meta name=\"robots\" content=\"index, follow, max-snippet:-1, max-image-preview:large, max-video-preview:-1\" \/>\n<link rel=\"canonical\" href=\"https:\/\/grontkontor.dk\/de\/shop\/sustainable-haengekoeje\/\" \/>\n<meta property=\"og:locale\" content=\"de_DE\" \/>\n<meta property=\"og:type\" content=\"article\" \/>\n<meta property=\"og:title\" content=\"Robuste H\u00e4ngematte ohne Aufdruck - Restposten\" \/>\n<meta property=\"og:description\" content=\"Sch\u00f6ne H\u00e4ngematte aus Baumwolle, Polyester und Holz. Die H\u00e4ngematte wird in einem Baumwollbeutel geliefert. Es besteht die M\u00f6glichkeit, sowohl auf der H\u00e4ngematte als auch auf der Tasche an mehreren Stellen zu drucken. Der Stoff besteht aus 49% Baumwolle, 46,6% Polyester und 4,4% Viskose Tragf\u00e4higkeit: 120 kg. Farbe: Natur. [bomuld_s] &nbsp;\" \/>\n<meta property=\"og:url\" content=\"https:\/\/grontkontor.dk\/de\/shop\/sustainable-haengekoeje\/\" \/>\n<meta property=\"og:site_name\" content=\"Gr\u00f8nt Kontor\" \/>\n<meta property=\"article:publisher\" content=\"https:\/\/www.facebook.com\/grontkontor.dk\/\" \/>\n<meta property=\"og:image\" content=\"https:\/\/grontkontor.dk\/wp-content\/uploads\/2022\/01\/Haengekoeje.jpg\" \/>\n\t<meta property=\"og:image:width\" content=\"900\" \/>\n\t<meta property=\"og:image:height\" content=\"639\" \/>\n\t<meta property=\"og:image:type\" content=\"image\/jpeg\" \/>\n<meta name=\"twitter:card\" content=\"summary_large_image\" \/>\n<script type=\"application\/ld+json\" class=\"yoast-schema-graph\">{\"@context\":\"https:\/\/schema.org\",\"@graph\":[{\"@type\":\"WebPage\",\"@id\":\"https:\/\/grontkontor.dk\/de\/shop\/sustainable-haengekoeje\/\",\"url\":\"https:\/\/grontkontor.dk\/de\/shop\/sustainable-haengekoeje\/\",\"name\":\"Robuste H\u00e4ngematte ohne Aufdruck - Restposten - Gr\u00f8nt Kontor\",\"isPartOf\":{\"@id\":\"https:\/\/grontkontor.dk\/#website\"},\"datePublished\":\"2024-05-28T10:25:55+00:00\",\"dateModified\":\"2024-05-28T10:25:55+00:00\",\"breadcrumb\":{\"@id\":\"https:\/\/grontkontor.dk\/de\/shop\/sustainable-haengekoeje\/#breadcrumb\"},\"inLanguage\":\"de\",\"potentialAction\":[{\"@type\":\"ReadAction\",\"target\":[\"https:\/\/grontkontor.dk\/de\/shop\/sustainable-haengekoeje\/\"]}]},{\"@type\":\"BreadcrumbList\",\"@id\":\"https:\/\/grontkontor.dk\/de\/shop\/sustainable-haengekoeje\/#breadcrumb\",\"itemListElement\":[{\"@type\":\"ListItem\",\"position\":1,\"name\":\"Forside\",\"item\":\"https:\/\/grontkontor.dk\/de\/\"},{\"@type\":\"ListItem\",\"position\":2,\"name\":\"Laden\",\"item\":\"https:\/\/grontkontor.dk\/de\/laden\/\"},{\"@type\":\"ListItem\",\"position\":3,\"name\":\"Robuste H\u00e4ngematte ohne Aufdruck &#8211; Restposten\"}]},{\"@type\":\"WebSite\",\"@id\":\"https:\/\/grontkontor.dk\/#website\",\"url\":\"https:\/\/grontkontor.dk\/\",\"name\":\"Gr\u00f8nt Kontor\",\"description\":\"Milj\u00f8venlige produkter til kontor og erhverv med fokus p\u00e5 b\u00e6redygtighed, design og fair trade.\",\"publisher\":{\"@id\":\"https:\/\/grontkontor.dk\/#organization\"},\"potentialAction\":[{\"@type\":\"SearchAction\",\"target\":{\"@type\":\"EntryPoint\",\"urlTemplate\":\"https:\/\/grontkontor.dk\/?s={search_term_string}\"},\"query-input\":\"required name=search_term_string\"}],\"inLanguage\":\"de\"},{\"@type\":\"Organization\",\"@id\":\"https:\/\/grontkontor.dk\/#organization\",\"name\":\"Gr\u00f8nt Kontor\",\"url\":\"https:\/\/grontkontor.dk\/\",\"logo\":{\"@type\":\"ImageObject\",\"inLanguage\":\"de\",\"@id\":\"https:\/\/grontkontor.dk\/#\/schema\/logo\/image\/\",\"url\":\"https:\/\/grontkontor.dk\/wp-content\/uploads\/2014\/02\/Logo_groent_kontor_300x80.png\",\"contentUrl\":\"https:\/\/grontkontor.dk\/wp-content\/uploads\/2014\/02\/Logo_groent_kontor_300x80.png\",\"width\":300,\"height\":80,\"caption\":\"Gr\u00f8nt Kontor\"},\"image\":{\"@id\":\"https:\/\/grontkontor.dk\/#\/schema\/logo\/image\/\"},\"sameAs\":[\"https:\/\/www.facebook.com\/grontkontor.dk\/\"]}]}<\/script>\n<!-- \/ Yoast SEO Premium plugin. -->","yoast_head_json":{"title":"Robuste H\u00e4ngematte ohne Aufdruck - Restposten - Gr\u00f8nt Kontor","robots":{"index":"index","follow":"follow","max-snippet":"max-snippet:-1","max-image-preview":"max-image-preview:large","max-video-preview":"max-video-preview:-1"},"canonical":"https:\/\/grontkontor.dk\/de\/shop\/sustainable-haengekoeje\/","og_locale":"de_DE","og_type":"article","og_title":"Robuste H\u00e4ngematte ohne Aufdruck - Restposten","og_description":"Sch\u00f6ne H\u00e4ngematte aus Baumwolle, Polyester und Holz. Die H\u00e4ngematte wird in einem Baumwollbeutel geliefert. Es besteht die M\u00f6glichkeit, sowohl auf der H\u00e4ngematte als auch auf der Tasche an mehreren Stellen zu drucken. Der Stoff besteht aus 49% Baumwolle, 46,6% Polyester und 4,4% Viskose Tragf\u00e4higkeit: 120 kg. Farbe: Natur. [bomuld_s] &nbsp;","og_url":"https:\/\/grontkontor.dk\/de\/shop\/sustainable-haengekoeje\/","og_site_name":"Gr\u00f8nt Kontor","article_publisher":"https:\/\/www.facebook.com\/grontkontor.dk\/","og_image":[{"width":900,"height":639,"url":"https:\/\/grontkontor.dk\/wp-content\/uploads\/2022\/01\/Haengekoeje.jpg","type":"image\/jpeg"}],"twitter_card":"summary_large_image","schema":{"@context":"https:\/\/schema.org","@graph":[{"@type":"WebPage","@id":"https:\/\/grontkontor.dk\/de\/shop\/sustainable-haengekoeje\/","url":"https:\/\/grontkontor.dk\/de\/shop\/sustainable-haengekoeje\/","name":"Robuste H\u00e4ngematte ohne Aufdruck - Restposten - Gr\u00f8nt Kontor","isPartOf":{"@id":"https:\/\/grontkontor.dk\/#website"},"datePublished":"2024-05-28T10:25:55+00:00","dateModified":"2024-05-28T10:25:55+00:00","breadcrumb":{"@id":"https:\/\/grontkontor.dk\/de\/shop\/sustainable-haengekoeje\/#breadcrumb"},"inLanguage":"de","potentialAction":[{"@type":"ReadAction","target":["https:\/\/grontkontor.dk\/de\/shop\/sustainable-haengekoeje\/"]}]},{"@type":"BreadcrumbList","@id":"https:\/\/grontkontor.dk\/de\/shop\/sustainable-haengekoeje\/#breadcrumb","itemListElement":[{"@type":"ListItem","position":1,"name":"Forside","item":"https:\/\/grontkontor.dk\/de\/"},{"@type":"ListItem","position":2,"name":"Laden","item":"https:\/\/grontkontor.dk\/de\/laden\/"},{"@type":"ListItem","position":3,"name":"Robuste H\u00e4ngematte ohne Aufdruck &#8211; Restposten"}]},{"@type":"WebSite","@id":"https:\/\/grontkontor.dk\/#website","url":"https:\/\/grontkontor.dk\/","name":"Gr\u00f8nt Kontor","description":"Milj\u00f8venlige produkter til kontor og erhverv med fokus p\u00e5 b\u00e6redygtighed, design og fair trade.","publisher":{"@id":"https:\/\/grontkontor.dk\/#organization"},"potentialAction":[{"@type":"SearchAction","target":{"@type":"EntryPoint","urlTemplate":"https:\/\/grontkontor.dk\/?s={search_term_string}"},"query-input":"required name=search_term_string"}],"inLanguage":"de"},{"@type":"Organization","@id":"https:\/\/grontkontor.dk\/#organization","name":"Gr\u00f8nt Kontor","url":"https:\/\/grontkontor.dk\/","logo":{"@type":"ImageObject","inLanguage":"de","@id":"https:\/\/grontkontor.dk\/#\/schema\/logo\/image\/","url":"https:\/\/grontkontor.dk\/wp-content\/uploads\/2014\/02\/Logo_groent_kontor_300x80.png","contentUrl":"https:\/\/grontkontor.dk\/wp-content\/uploads\/2014\/02\/Logo_groent_kontor_300x80.png","width":300,"height":80,"caption":"Gr\u00f8nt Kontor"},"image":{"@id":"https:\/\/grontkontor.dk\/#\/schema\/logo\/image\/"},"sameAs":["https:\/\/www.facebook.com\/grontkontor.dk\/"]}]}},"_links":{"self":[{"href":"https:\/\/grontkontor.dk\/de\/wp-json\/wp\/v2\/product\/88305"}],"collection":[{"href":"https:\/\/grontkontor.dk\/de\/wp-json\/wp\/v2\/product"}],"about":[{"href":"https:\/\/grontkontor.dk\/de\/wp-json\/wp\/v2\/types\/product"}],"replies":[{"embeddable":true,"href":"https:\/\/grontkontor.dk\/de\/wp-json\/wp\/v2\/comments?post=88305"}],"wp:featuredmedia":[{"embeddable":true,"href":"https:\/\/grontkontor.dk\/de\/wp-json\/wp\/v2\/media\/88310"}],"wp:attachment":[{"href":"https:\/\/grontkontor.dk\/de\/wp-json\/wp\/v2\/media?parent=88305"}],"wp:term":[{"taxonomy":"product_cat","embeddable":true,"href":"https:\/\/grontkontor.dk\/de\/wp-json\/wp\/v2\/product_cat?post=88305"},{"taxonomy":"product_tag","embeddable":true,"href":"https:\/\/grontkontor.dk\/de\/wp-json\/wp\/v2\/product_tag?post=88305"}],"curies":[{"name":"wp","href":"https:\/\/api.w.org\/{rel}","templated":true}]}}