{"id":88364,"date":"2023-09-22T13:47:47","date_gmt":"2024-05-28T10:25:57","guid":{"rendered":"https:\/\/grontkontor.dk\/shop\/badetuch-oko-baumwolle\/"},"modified":"2024-05-28T12:25:57","modified_gmt":"2024-05-28T10:25:57","slug":"badetuch-oko-baumwolle","status":"publish","type":"product","link":"https:\/\/grontkontor.dk\/de\/shop\/badetuch-oko-baumwolle\/","title":{"rendered":"Badetuch Bio-Baumwolle"},"content":{"rendered":"<p>Badetuch, Frottee, aus Bio-Baumwolle ohne Aufdruck<\/p>\n<p>Umweltfreundliches Frotteehandtuch 180 x 1000 cm aus 100% Bio-Baumwolle. Das Handtuch erf\u00fcllt den internationalen Standard f\u00fcr die Umweltkennzeichnung von Bio-Textilien.<\/p>\n<p>Lagerbest\u00fcckt in blau, andere Farben min. 25 Stk.<\/p>\n<p>[tryk]<\/p>\n<p>&nbsp;<\/p>\n<p>[oekobomuld_s] [smeta_s]<\/p>\n<p>&nbsp;<\/p>\n<a href=\"https:\/\/www.sedex.com\/our-services\/smeta-audit\/\"><img loading=\"lazy\" decoding=\"async\" class=\"size-full wp-image-25180\" src=\"https:\/\/grontkontor.dk\/wp-content\/uploads\/2021\/06\/smeta-audit-certificeret.jpg\" alt=\"SMETA-Audit certificeret for social ansvarlighed\" width=\"62\" height=\"62\" srcset=\"https:\/\/grontkontor.dk\/wp-content\/uploads\/2021\/06\/smeta-audit-certificeret.jpg 200w, https:\/\/grontkontor.dk\/wp-content\/uploads\/2021\/06\/smeta-audit-certificeret-100x100.jpg 100w\" sizes=\"(max-width: 62px) 100vw, 62px\" \/><\/a>\n<p>&nbsp;<\/p>\n","protected":false},"excerpt":{"rendered":"<p>Badetuch, Frottee, aus Bio-Baumwolle ohne Aufdruck Umweltfreundliches Frotteehandtuch 180 x 1000 cm aus 100% Bio-Baumwolle. Das Handtuch erf\u00fcllt den internationalen Standard f\u00fcr die Umweltkennzeichnung von Bio-Textilien. Lagerbest\u00fcckt in blau, andere Farben min. 25 Stk. [tryk] &nbsp; [oekobomuld_s] [smeta_s] &nbsp; &nbsp;<\/p>\n","protected":false},"featured_media":88377,"comment_status":"closed","ping_status":"closed","template":"","meta":{"_acf_changed":false},"product_cat":[3325,3466,3321,3084,3327],"product_tag":[3807],"class_list":{"0":"post-88364","1":"product","2":"type-product","3":"status-publish","4":"has-post-thumbnail","6":"product_cat-dummy-moq-1-de","7":"product_cat-hotel-restaurant","8":"product_cat-klimafreundliche-werbegeschenke","9":"product_cat-neuheiten","10":"product_cat-sport-und-freizeit","11":"product_tag-handtuch","12":"tm-has-options","14":"first","15":"instock","16":"taxable","17":"shipping-taxable","18":"purchasable","19":"product-type-variable"},"acf":[],"yoast_head":"<!-- This site is optimized with the Yoast SEO Premium plugin v21.2 (Yoast SEO v21.2) - https:\/\/yoast.com\/wordpress\/plugins\/seo\/ -->\n<title>Badetuch Bio-Baumwolle - Gr\u00f8nt Kontor<\/title>\n<meta name=\"robots\" content=\"index, follow, max-snippet:-1, max-image-preview:large, max-video-preview:-1\" \/>\n<link rel=\"canonical\" href=\"https:\/\/grontkontor.dk\/de\/shop\/badetuch-oko-baumwolle\/\" \/>\n<meta property=\"og:locale\" content=\"de_DE\" \/>\n<meta property=\"og:type\" content=\"article\" \/>\n<meta property=\"og:title\" content=\"Badetuch Bio-Baumwolle\" \/>\n<meta property=\"og:description\" content=\"Badetuch, Frottee, aus Bio-Baumwolle ohne Aufdruck Umweltfreundliches Frotteehandtuch 180 x 1000 cm aus 100% Bio-Baumwolle. Das Handtuch erf\u00fcllt den internationalen Standard f\u00fcr die Umweltkennzeichnung von Bio-Textilien. Lagerbest\u00fcckt in blau, andere Farben min. 25 Stk. [tryk] &nbsp; [oekobomuld_s] [smeta_s] &nbsp; &nbsp;\" \/>\n<meta property=\"og:url\" content=\"https:\/\/grontkontor.dk\/de\/shop\/badetuch-oko-baumwolle\/\" \/>\n<meta property=\"og:site_name\" content=\"Gr\u00f8nt Kontor\" \/>\n<meta property=\"article:publisher\" content=\"https:\/\/www.facebook.com\/grontkontor.dk\/\" \/>\n<meta property=\"og:image\" content=\"https:\/\/grontkontor.dk\/wp-content\/uploads\/2022\/01\/Badehaandklaede-180x100-oekologisk-bomuld-blaa.jpg\" \/>\n\t<meta property=\"og:image:width\" content=\"900\" \/>\n\t<meta property=\"og:image:height\" content=\"639\" \/>\n\t<meta property=\"og:image:type\" content=\"image\/jpeg\" \/>\n<meta name=\"twitter:card\" content=\"summary_large_image\" \/>\n<script type=\"application\/ld+json\" class=\"yoast-schema-graph\">{\"@context\":\"https:\/\/schema.org\",\"@graph\":[{\"@type\":\"WebPage\",\"@id\":\"https:\/\/grontkontor.dk\/de\/shop\/badetuch-oko-baumwolle\/\",\"url\":\"https:\/\/grontkontor.dk\/de\/shop\/badetuch-oko-baumwolle\/\",\"name\":\"Badetuch Bio-Baumwolle - Gr\u00f8nt Kontor\",\"isPartOf\":{\"@id\":\"https:\/\/grontkontor.dk\/#website\"},\"datePublished\":\"2024-05-28T10:25:57+00:00\",\"dateModified\":\"2024-05-28T10:25:57+00:00\",\"breadcrumb\":{\"@id\":\"https:\/\/grontkontor.dk\/de\/shop\/badetuch-oko-baumwolle\/#breadcrumb\"},\"inLanguage\":\"de\",\"potentialAction\":[{\"@type\":\"ReadAction\",\"target\":[\"https:\/\/grontkontor.dk\/de\/shop\/badetuch-oko-baumwolle\/\"]}]},{\"@type\":\"BreadcrumbList\",\"@id\":\"https:\/\/grontkontor.dk\/de\/shop\/badetuch-oko-baumwolle\/#breadcrumb\",\"itemListElement\":[{\"@type\":\"ListItem\",\"position\":1,\"name\":\"Forside\",\"item\":\"https:\/\/grontkontor.dk\/de\/\"},{\"@type\":\"ListItem\",\"position\":2,\"name\":\"Laden\",\"item\":\"https:\/\/grontkontor.dk\/de\/laden\/\"},{\"@type\":\"ListItem\",\"position\":3,\"name\":\"Sport og fritid\",\"item\":\"https:\/\/grontkontor.dk\/produkt-kategori\/sport-og-fritid\/\"},{\"@type\":\"ListItem\",\"position\":4,\"name\":\"Badetuch Bio-Baumwolle\"}]},{\"@type\":\"WebSite\",\"@id\":\"https:\/\/grontkontor.dk\/#website\",\"url\":\"https:\/\/grontkontor.dk\/\",\"name\":\"Gr\u00f8nt Kontor\",\"description\":\"Milj\u00f8venlige produkter til kontor og erhverv med fokus p\u00e5 b\u00e6redygtighed, design og fair trade.\",\"publisher\":{\"@id\":\"https:\/\/grontkontor.dk\/#organization\"},\"potentialAction\":[{\"@type\":\"SearchAction\",\"target\":{\"@type\":\"EntryPoint\",\"urlTemplate\":\"https:\/\/grontkontor.dk\/?s={search_term_string}\"},\"query-input\":\"required name=search_term_string\"}],\"inLanguage\":\"de\"},{\"@type\":\"Organization\",\"@id\":\"https:\/\/grontkontor.dk\/#organization\",\"name\":\"Gr\u00f8nt Kontor\",\"url\":\"https:\/\/grontkontor.dk\/\",\"logo\":{\"@type\":\"ImageObject\",\"inLanguage\":\"de\",\"@id\":\"https:\/\/grontkontor.dk\/#\/schema\/logo\/image\/\",\"url\":\"https:\/\/grontkontor.dk\/wp-content\/uploads\/2014\/02\/Logo_groent_kontor_300x80.png\",\"contentUrl\":\"https:\/\/grontkontor.dk\/wp-content\/uploads\/2014\/02\/Logo_groent_kontor_300x80.png\",\"width\":300,\"height\":80,\"caption\":\"Gr\u00f8nt Kontor\"},\"image\":{\"@id\":\"https:\/\/grontkontor.dk\/#\/schema\/logo\/image\/\"},\"sameAs\":[\"https:\/\/www.facebook.com\/grontkontor.dk\/\"]}]}<\/script>\n<!-- \/ Yoast SEO Premium plugin. -->","yoast_head_json":{"title":"Badetuch Bio-Baumwolle - Gr\u00f8nt Kontor","robots":{"index":"index","follow":"follow","max-snippet":"max-snippet:-1","max-image-preview":"max-image-preview:large","max-video-preview":"max-video-preview:-1"},"canonical":"https:\/\/grontkontor.dk\/de\/shop\/badetuch-oko-baumwolle\/","og_locale":"de_DE","og_type":"article","og_title":"Badetuch Bio-Baumwolle","og_description":"Badetuch, Frottee, aus Bio-Baumwolle ohne Aufdruck Umweltfreundliches Frotteehandtuch 180 x 1000 cm aus 100% Bio-Baumwolle. Das Handtuch erf\u00fcllt den internationalen Standard f\u00fcr die Umweltkennzeichnung von Bio-Textilien. Lagerbest\u00fcckt in blau, andere Farben min. 25 Stk. [tryk] &nbsp; [oekobomuld_s] [smeta_s] &nbsp; &nbsp;","og_url":"https:\/\/grontkontor.dk\/de\/shop\/badetuch-oko-baumwolle\/","og_site_name":"Gr\u00f8nt Kontor","article_publisher":"https:\/\/www.facebook.com\/grontkontor.dk\/","og_image":[{"width":900,"height":639,"url":"https:\/\/grontkontor.dk\/wp-content\/uploads\/2022\/01\/Badehaandklaede-180x100-oekologisk-bomuld-blaa.jpg","type":"image\/jpeg"}],"twitter_card":"summary_large_image","schema":{"@context":"https:\/\/schema.org","@graph":[{"@type":"WebPage","@id":"https:\/\/grontkontor.dk\/de\/shop\/badetuch-oko-baumwolle\/","url":"https:\/\/grontkontor.dk\/de\/shop\/badetuch-oko-baumwolle\/","name":"Badetuch Bio-Baumwolle - Gr\u00f8nt Kontor","isPartOf":{"@id":"https:\/\/grontkontor.dk\/#website"},"datePublished":"2024-05-28T10:25:57+00:00","dateModified":"2024-05-28T10:25:57+00:00","breadcrumb":{"@id":"https:\/\/grontkontor.dk\/de\/shop\/badetuch-oko-baumwolle\/#breadcrumb"},"inLanguage":"de","potentialAction":[{"@type":"ReadAction","target":["https:\/\/grontkontor.dk\/de\/shop\/badetuch-oko-baumwolle\/"]}]},{"@type":"BreadcrumbList","@id":"https:\/\/grontkontor.dk\/de\/shop\/badetuch-oko-baumwolle\/#breadcrumb","itemListElement":[{"@type":"ListItem","position":1,"name":"Forside","item":"https:\/\/grontkontor.dk\/de\/"},{"@type":"ListItem","position":2,"name":"Laden","item":"https:\/\/grontkontor.dk\/de\/laden\/"},{"@type":"ListItem","position":3,"name":"Sport og fritid","item":"https:\/\/grontkontor.dk\/produkt-kategori\/sport-og-fritid\/"},{"@type":"ListItem","position":4,"name":"Badetuch Bio-Baumwolle"}]},{"@type":"WebSite","@id":"https:\/\/grontkontor.dk\/#website","url":"https:\/\/grontkontor.dk\/","name":"Gr\u00f8nt Kontor","description":"Milj\u00f8venlige produkter til kontor og erhverv med fokus p\u00e5 b\u00e6redygtighed, design og fair trade.","publisher":{"@id":"https:\/\/grontkontor.dk\/#organization"},"potentialAction":[{"@type":"SearchAction","target":{"@type":"EntryPoint","urlTemplate":"https:\/\/grontkontor.dk\/?s={search_term_string}"},"query-input":"required name=search_term_string"}],"inLanguage":"de"},{"@type":"Organization","@id":"https:\/\/grontkontor.dk\/#organization","name":"Gr\u00f8nt Kontor","url":"https:\/\/grontkontor.dk\/","logo":{"@type":"ImageObject","inLanguage":"de","@id":"https:\/\/grontkontor.dk\/#\/schema\/logo\/image\/","url":"https:\/\/grontkontor.dk\/wp-content\/uploads\/2014\/02\/Logo_groent_kontor_300x80.png","contentUrl":"https:\/\/grontkontor.dk\/wp-content\/uploads\/2014\/02\/Logo_groent_kontor_300x80.png","width":300,"height":80,"caption":"Gr\u00f8nt Kontor"},"image":{"@id":"https:\/\/grontkontor.dk\/#\/schema\/logo\/image\/"},"sameAs":["https:\/\/www.facebook.com\/grontkontor.dk\/"]}]}},"_links":{"self":[{"href":"https:\/\/grontkontor.dk\/de\/wp-json\/wp\/v2\/product\/88364"}],"collection":[{"href":"https:\/\/grontkontor.dk\/de\/wp-json\/wp\/v2\/product"}],"about":[{"href":"https:\/\/grontkontor.dk\/de\/wp-json\/wp\/v2\/types\/product"}],"replies":[{"embeddable":true,"href":"https:\/\/grontkontor.dk\/de\/wp-json\/wp\/v2\/comments?post=88364"}],"wp:featuredmedia":[{"embeddable":true,"href":"https:\/\/grontkontor.dk\/de\/wp-json\/wp\/v2\/media\/88377"}],"wp:attachment":[{"href":"https:\/\/grontkontor.dk\/de\/wp-json\/wp\/v2\/media?parent=88364"}],"wp:term":[{"taxonomy":"product_cat","embeddable":true,"href":"https:\/\/grontkontor.dk\/de\/wp-json\/wp\/v2\/product_cat?post=88364"},{"taxonomy":"product_tag","embeddable":true,"href":"https:\/\/grontkontor.dk\/de\/wp-json\/wp\/v2\/product_tag?post=88364"}],"curies":[{"name":"wp","href":"https:\/\/api.w.org\/{rel}","templated":true}]}}