{"id":88494,"date":"2023-09-22T13:47:33","date_gmt":"2024-05-29T07:41:15","guid":{"rendered":"https:\/\/grontkontor.dk\/shop\/keramik-to-go-kaffeebecher-druck\/"},"modified":"2024-05-29T09:41:15","modified_gmt":"2024-05-29T07:41:15","slug":"keramik-to-go-kaffeebecher-druck","status":"publish","type":"product","link":"https:\/\/grontkontor.dk\/de\/shop\/keramik-to-go-kaffeebecher-druck\/","title":{"rendered":"Keramik To Go Kaffeebecher mit Druck"},"content":{"rendered":"<p>Dieser praktische und umweltfreundliche Keramikbecher vereint die Vorteile des klassischen To-Go-Bechers mit den umweltfreundlichen Eigenschaften des herk\u00f6mmlichen Keramikbechers. Der Deckel verhindert das Versch\u00fctten des Inhalts und h\u00e4lt ihn warm. Mit der Klappe k\u00f6nnen Sie jederzeit einen Schluck nehmen. Die Silikonh\u00fclle sch\u00fctzt die H\u00e4nde vor der Hitze des Hei\u00dfgetr\u00e4nks. Der Becher verf\u00fcgt \u00fcber eine gro\u00dfe Druckfl\u00e4che, mit der Sie Ihren individuellen Coffee-to-go-Becher mit Logodruck oder einer interessanten Botschaft gestalten k\u00f6nnen.<\/p>\n<p>Beim Keramikdruck wird Ihr Druck bei ca. 850\u00b0 direkt auf den Becher gebrannt. Becher und Druck sind daher sp\u00fclmaschinenfest nach DIN 12875 und zudem kratzfest.<br \/>\nSie laden einfach Ihren Druck hoch, und wir werden ihn \u00fcberpr\u00fcfen, und Sie erhalten anschlie\u00dfend ein Modell mit dem Aufdruck auf dem Becher zur Genehmigung. Drucke mit 1 Farbe sind im Startpreis enthalten.<\/p>\n<p>Der Becher ist  [food-c]<\/p>\n<p>[tryk]<\/p>\n<p>&nbsp;<\/p>\n<p>[keramik]<\/p>\n<p>&nbsp;<\/p>\n","protected":false},"excerpt":{"rendered":"<p>Dieser praktische und umweltfreundliche Keramikbecher vereint die Vorteile des klassischen To-Go-Bechers mit den umweltfreundlichen Eigenschaften des herk\u00f6mmlichen Keramikbechers. Der Deckel verhindert das Versch\u00fctten des Inhalts und h\u00e4lt ihn warm. Mit der Klappe k\u00f6nnen Sie jederzeit einen Schluck nehmen. Die Silikonh\u00fclle sch\u00fctzt die H\u00e4nde vor der Hitze des Hei\u00dfgetr\u00e4nks. Der Becher verf\u00fcgt \u00fcber eine gro\u00dfe Druckfl\u00e4che, [&hellip;]<\/p>\n","protected":false},"featured_media":112613,"comment_status":"closed","ping_status":"closed","template":"","meta":{"_acf_changed":false},"product_cat":[4489,3465,3705,3339],"product_tag":[3663,3831],"class_list":{"0":"post-88494","1":"product","2":"type-product","3":"status-publish","4":"has-post-thumbnail","6":"product_cat-becher-und-tassen","7":"product_cat-becher-tassen-etc","8":"product_cat-dummy-moq-250-de","9":"product_cat-essen-und-trinken","10":"product_tag-becher","11":"product_tag-kaffeetassen","12":"tm-has-options","14":"first","15":"instock","16":"taxable","17":"shipping-taxable","18":"purchasable","19":"product-type-simple"},"acf":[],"yoast_head":"<!-- This site is optimized with the Yoast SEO Premium plugin v21.2 (Yoast SEO v21.2) - https:\/\/yoast.com\/wordpress\/plugins\/seo\/ -->\n<title>Keramik To Go Kaffeebecher mit Druck - Gr\u00f8nt Kontor<\/title>\n<meta name=\"robots\" content=\"index, follow, max-snippet:-1, max-image-preview:large, max-video-preview:-1\" \/>\n<link rel=\"canonical\" href=\"https:\/\/grontkontor.dk\/de\/shop\/keramik-to-go-kaffeebecher-druck\/\" \/>\n<meta property=\"og:locale\" content=\"de_DE\" \/>\n<meta property=\"og:type\" content=\"article\" \/>\n<meta property=\"og:title\" content=\"Keramik To Go Kaffeebecher mit Druck\" \/>\n<meta property=\"og:description\" content=\"Dieser praktische und umweltfreundliche Keramikbecher vereint die Vorteile des klassischen To-Go-Bechers mit den umweltfreundlichen Eigenschaften des herk\u00f6mmlichen Keramikbechers. Der Deckel verhindert das Versch\u00fctten des Inhalts und h\u00e4lt ihn warm. Mit der Klappe k\u00f6nnen Sie jederzeit einen Schluck nehmen. Die Silikonh\u00fclle sch\u00fctzt die H\u00e4nde vor der Hitze des Hei\u00dfgetr\u00e4nks. Der Becher verf\u00fcgt \u00fcber eine gro\u00dfe Druckfl\u00e4che, [&hellip;]\" \/>\n<meta property=\"og:url\" content=\"https:\/\/grontkontor.dk\/de\/shop\/keramik-to-go-kaffeebecher-druck\/\" \/>\n<meta property=\"og:site_name\" content=\"Gr\u00f8nt Kontor\" \/>\n<meta property=\"article:publisher\" content=\"https:\/\/www.facebook.com\/grontkontor.dk\/\" \/>\n<meta name=\"twitter:card\" content=\"summary_large_image\" \/>\n<meta name=\"twitter:label1\" content=\"Gesch\u00e4tzte Lesezeit\" \/>\n\t<meta name=\"twitter:data1\" content=\"1\u00a0Minute\" \/>\n<script type=\"application\/ld+json\" class=\"yoast-schema-graph\">{\"@context\":\"https:\/\/schema.org\",\"@graph\":[{\"@type\":\"WebPage\",\"@id\":\"https:\/\/grontkontor.dk\/de\/shop\/keramik-to-go-kaffeebecher-druck\/\",\"url\":\"https:\/\/grontkontor.dk\/de\/shop\/keramik-to-go-kaffeebecher-druck\/\",\"name\":\"Keramik To Go Kaffeebecher mit Druck - Gr\u00f8nt Kontor\",\"isPartOf\":{\"@id\":\"https:\/\/grontkontor.dk\/#website\"},\"datePublished\":\"2024-05-29T07:41:15+00:00\",\"dateModified\":\"2024-05-29T07:41:15+00:00\",\"breadcrumb\":{\"@id\":\"https:\/\/grontkontor.dk\/de\/shop\/keramik-to-go-kaffeebecher-druck\/#breadcrumb\"},\"inLanguage\":\"de\",\"potentialAction\":[{\"@type\":\"ReadAction\",\"target\":[\"https:\/\/grontkontor.dk\/de\/shop\/keramik-to-go-kaffeebecher-druck\/\"]}]},{\"@type\":\"BreadcrumbList\",\"@id\":\"https:\/\/grontkontor.dk\/de\/shop\/keramik-to-go-kaffeebecher-druck\/#breadcrumb\",\"itemListElement\":[{\"@type\":\"ListItem\",\"position\":1,\"name\":\"Forside\",\"item\":\"https:\/\/grontkontor.dk\/de\/\"},{\"@type\":\"ListItem\",\"position\":2,\"name\":\"Laden\",\"item\":\"https:\/\/grontkontor.dk\/de\/laden\/\"},{\"@type\":\"ListItem\",\"position\":3,\"name\":\"Essen und Trinken\",\"item\":\"https:\/\/grontkontor.dk\/de\/produkt-kategori\/essen-und-trinken\/\"},{\"@type\":\"ListItem\",\"position\":4,\"name\":\"Becher, Tassen etc.\",\"item\":\"https:\/\/grontkontor.dk\/de\/produkt-kategori\/essen-und-trinken\/becher-tassen-etc\/\"},{\"@type\":\"ListItem\",\"position\":5,\"name\":\"Keramik To Go Kaffeebecher mit Druck\"}]},{\"@type\":\"WebSite\",\"@id\":\"https:\/\/grontkontor.dk\/#website\",\"url\":\"https:\/\/grontkontor.dk\/\",\"name\":\"Gr\u00f8nt Kontor\",\"description\":\"Milj\u00f8venlige produkter til kontor og erhverv med fokus p\u00e5 b\u00e6redygtighed, design og fair trade.\",\"publisher\":{\"@id\":\"https:\/\/grontkontor.dk\/#organization\"},\"potentialAction\":[{\"@type\":\"SearchAction\",\"target\":{\"@type\":\"EntryPoint\",\"urlTemplate\":\"https:\/\/grontkontor.dk\/?s={search_term_string}\"},\"query-input\":\"required name=search_term_string\"}],\"inLanguage\":\"de\"},{\"@type\":\"Organization\",\"@id\":\"https:\/\/grontkontor.dk\/#organization\",\"name\":\"Gr\u00f8nt Kontor\",\"url\":\"https:\/\/grontkontor.dk\/\",\"logo\":{\"@type\":\"ImageObject\",\"inLanguage\":\"de\",\"@id\":\"https:\/\/grontkontor.dk\/#\/schema\/logo\/image\/\",\"url\":\"https:\/\/grontkontor.dk\/wp-content\/uploads\/2014\/02\/Logo_groent_kontor_300x80.png\",\"contentUrl\":\"https:\/\/grontkontor.dk\/wp-content\/uploads\/2014\/02\/Logo_groent_kontor_300x80.png\",\"width\":300,\"height\":80,\"caption\":\"Gr\u00f8nt Kontor\"},\"image\":{\"@id\":\"https:\/\/grontkontor.dk\/#\/schema\/logo\/image\/\"},\"sameAs\":[\"https:\/\/www.facebook.com\/grontkontor.dk\/\"]}]}<\/script>\n<!-- \/ Yoast SEO Premium plugin. -->","yoast_head_json":{"title":"Keramik To Go Kaffeebecher mit Druck - Gr\u00f8nt Kontor","robots":{"index":"index","follow":"follow","max-snippet":"max-snippet:-1","max-image-preview":"max-image-preview:large","max-video-preview":"max-video-preview:-1"},"canonical":"https:\/\/grontkontor.dk\/de\/shop\/keramik-to-go-kaffeebecher-druck\/","og_locale":"de_DE","og_type":"article","og_title":"Keramik To Go Kaffeebecher mit Druck","og_description":"Dieser praktische und umweltfreundliche Keramikbecher vereint die Vorteile des klassischen To-Go-Bechers mit den umweltfreundlichen Eigenschaften des herk\u00f6mmlichen Keramikbechers. Der Deckel verhindert das Versch\u00fctten des Inhalts und h\u00e4lt ihn warm. Mit der Klappe k\u00f6nnen Sie jederzeit einen Schluck nehmen. Die Silikonh\u00fclle sch\u00fctzt die H\u00e4nde vor der Hitze des Hei\u00dfgetr\u00e4nks. Der Becher verf\u00fcgt \u00fcber eine gro\u00dfe Druckfl\u00e4che, [&hellip;]","og_url":"https:\/\/grontkontor.dk\/de\/shop\/keramik-to-go-kaffeebecher-druck\/","og_site_name":"Gr\u00f8nt Kontor","article_publisher":"https:\/\/www.facebook.com\/grontkontor.dk\/","twitter_card":"summary_large_image","twitter_misc":{"Gesch\u00e4tzte Lesezeit":"1\u00a0Minute"},"schema":{"@context":"https:\/\/schema.org","@graph":[{"@type":"WebPage","@id":"https:\/\/grontkontor.dk\/de\/shop\/keramik-to-go-kaffeebecher-druck\/","url":"https:\/\/grontkontor.dk\/de\/shop\/keramik-to-go-kaffeebecher-druck\/","name":"Keramik To Go Kaffeebecher mit Druck - Gr\u00f8nt Kontor","isPartOf":{"@id":"https:\/\/grontkontor.dk\/#website"},"datePublished":"2024-05-29T07:41:15+00:00","dateModified":"2024-05-29T07:41:15+00:00","breadcrumb":{"@id":"https:\/\/grontkontor.dk\/de\/shop\/keramik-to-go-kaffeebecher-druck\/#breadcrumb"},"inLanguage":"de","potentialAction":[{"@type":"ReadAction","target":["https:\/\/grontkontor.dk\/de\/shop\/keramik-to-go-kaffeebecher-druck\/"]}]},{"@type":"BreadcrumbList","@id":"https:\/\/grontkontor.dk\/de\/shop\/keramik-to-go-kaffeebecher-druck\/#breadcrumb","itemListElement":[{"@type":"ListItem","position":1,"name":"Forside","item":"https:\/\/grontkontor.dk\/de\/"},{"@type":"ListItem","position":2,"name":"Laden","item":"https:\/\/grontkontor.dk\/de\/laden\/"},{"@type":"ListItem","position":3,"name":"Essen und Trinken","item":"https:\/\/grontkontor.dk\/de\/produkt-kategori\/essen-und-trinken\/"},{"@type":"ListItem","position":4,"name":"Becher, Tassen etc.","item":"https:\/\/grontkontor.dk\/de\/produkt-kategori\/essen-und-trinken\/becher-tassen-etc\/"},{"@type":"ListItem","position":5,"name":"Keramik To Go Kaffeebecher mit Druck"}]},{"@type":"WebSite","@id":"https:\/\/grontkontor.dk\/#website","url":"https:\/\/grontkontor.dk\/","name":"Gr\u00f8nt Kontor","description":"Milj\u00f8venlige produkter til kontor og erhverv med fokus p\u00e5 b\u00e6redygtighed, design og fair trade.","publisher":{"@id":"https:\/\/grontkontor.dk\/#organization"},"potentialAction":[{"@type":"SearchAction","target":{"@type":"EntryPoint","urlTemplate":"https:\/\/grontkontor.dk\/?s={search_term_string}"},"query-input":"required name=search_term_string"}],"inLanguage":"de"},{"@type":"Organization","@id":"https:\/\/grontkontor.dk\/#organization","name":"Gr\u00f8nt Kontor","url":"https:\/\/grontkontor.dk\/","logo":{"@type":"ImageObject","inLanguage":"de","@id":"https:\/\/grontkontor.dk\/#\/schema\/logo\/image\/","url":"https:\/\/grontkontor.dk\/wp-content\/uploads\/2014\/02\/Logo_groent_kontor_300x80.png","contentUrl":"https:\/\/grontkontor.dk\/wp-content\/uploads\/2014\/02\/Logo_groent_kontor_300x80.png","width":300,"height":80,"caption":"Gr\u00f8nt Kontor"},"image":{"@id":"https:\/\/grontkontor.dk\/#\/schema\/logo\/image\/"},"sameAs":["https:\/\/www.facebook.com\/grontkontor.dk\/"]}]}},"_links":{"self":[{"href":"https:\/\/grontkontor.dk\/de\/wp-json\/wp\/v2\/product\/88494"}],"collection":[{"href":"https:\/\/grontkontor.dk\/de\/wp-json\/wp\/v2\/product"}],"about":[{"href":"https:\/\/grontkontor.dk\/de\/wp-json\/wp\/v2\/types\/product"}],"replies":[{"embeddable":true,"href":"https:\/\/grontkontor.dk\/de\/wp-json\/wp\/v2\/comments?post=88494"}],"wp:featuredmedia":[{"embeddable":true,"href":"https:\/\/grontkontor.dk\/de\/wp-json\/wp\/v2\/media\/112613"}],"wp:attachment":[{"href":"https:\/\/grontkontor.dk\/de\/wp-json\/wp\/v2\/media?parent=88494"}],"wp:term":[{"taxonomy":"product_cat","embeddable":true,"href":"https:\/\/grontkontor.dk\/de\/wp-json\/wp\/v2\/product_cat?post=88494"},{"taxonomy":"product_tag","embeddable":true,"href":"https:\/\/grontkontor.dk\/de\/wp-json\/wp\/v2\/product_tag?post=88494"}],"curies":[{"name":"wp","href":"https:\/\/api.w.org\/{rel}","templated":true}]}}