{"id":88499,"date":"2023-09-22T13:47:11","date_gmt":"2024-05-29T07:41:17","guid":{"rendered":"https:\/\/grontkontor.dk\/shop\/beutel-ordner-recycelter-kunststoff-rpet\/"},"modified":"2024-05-29T09:41:17","modified_gmt":"2024-05-29T07:41:17","slug":"beutel-ordner-recycelter-kunststoff-rpet","status":"publish","type":"product","link":"https:\/\/grontkontor.dk\/de\/shop\/beutel-ordner-recycelter-kunststoff-rpet\/","title":{"rendered":"Recycelte Plastikt\u00fcte \/ Aktentasche (rPET)"},"content":{"rendered":"<p><span class=\"VIiyi\" lang=\"da\"><span class=\"JLqJ4b ChMk0b\" data-language-for-alternatives=\"da\" data-language-to-translate-into=\"en\" data-phrase-index=\"0\">Klimafreundliche Tasche \/ Aktentasche (Computertasche) mit urbanem Design und Vollpolsterung.<\/span> <span class=\"JLqJ4b ChMk0b\" data-language-for-alternatives=\"da\" data-language-to-translate-into=\"en\" data-phrase-index=\"1\">  Hergestellt aus widerstandsf\u00e4higem recyceltem Kunststoff (rPET 300D), um das Recycling von Kunststoffabf\u00e4llen zu f\u00f6rdern und zur Klimafreundlichkeit des Planeten beizutragen.<\/span><br \/>\n<span class=\"JLqJ4b ChMk0b\" data-language-for-alternatives=\"da\" data-language-to-translate-into=\"en\" data-phrase-index=\"4\">Bequeme und verst\u00e4rkte Tragegriffe und verstellbarer Schultergurt mit Polsterung und Drehverschl\u00fcssen. <\/span><span class=\"JLqJ4b ChMk0b\" data-language-for-alternatives=\"da\" data-language-to-translate-into=\"en\" data-phrase-index=\"2\">Eingebautes Innen-\/Laptopfach f\u00fcr Laptops bis zu 15&#8243;.<\/span> <span class=\"JLqJ4b ChMk0b\" data-language-for-alternatives=\"da\" data-language-to-translate-into=\"en\" data-phrase-index=\"3\">Hauptfach mit Metallrei\u00dfverschluss und rPET-Etikett an der Seite der Tasche.<\/span><\/span><\/p>\n<p>[rpet_s]<\/p>\n<p>&nbsp;<\/p>\n<img loading=\"lazy\" decoding=\"async\" src=\"https:\/\/grontkontor.dk\/wp-content\/uploads\/2021\/02\/genbrug.jpg\" alt=\"Fremstillet af genbrugsmaterialer\" width=\"50\" height=\"50\" class=\"size-full wp-image-23031\" srcset=\"https:\/\/grontkontor.dk\/wp-content\/uploads\/2021\/02\/genbrug.jpg 199w, https:\/\/grontkontor.dk\/wp-content\/uploads\/2021\/02\/genbrug-100x100.jpg 100w\" sizes=\"(max-width: 50px) 100vw, 50px\" \/>\n<p>&nbsp;<\/p>\n<p>&nbsp;<\/p>\n","protected":false},"excerpt":{"rendered":"<p>Klimafreundliche Tasche \/ Aktentasche (Computertasche) mit urbanem Design und Vollpolsterung. Hergestellt aus widerstandsf\u00e4higem recyceltem Kunststoff (rPET 300D), um das Recycling von Kunststoffabf\u00e4llen zu f\u00f6rdern und zur Klimafreundlichkeit des Planeten beizutragen. Bequeme und verst\u00e4rkte Tragegriffe und verstellbarer Schultergurt mit Polsterung und Drehverschl\u00fcssen. Eingebautes Innen-\/Laptopfach f\u00fcr Laptops bis zu 15&#8243;. Hauptfach mit Metallrei\u00dfverschluss und rPET-Etikett an der [&hellip;]<\/p>\n","protected":false},"featured_media":112562,"comment_status":"closed","ping_status":"closed","template":"","meta":{"_acf_changed":false},"product_cat":[3325,3321,4056,3512],"product_tag":[4118],"class_list":{"0":"post-88499","1":"product","2":"type-product","3":"status-publish","4":"has-post-thumbnail","6":"product_cat-dummy-moq-1-de","7":"product_cat-klimafreundliche-werbegeschenke","8":"product_cat-laptoptaschen-und-huellen","9":"product_cat-taschen-tueten-und-huellen","10":"product_tag-computertasche","11":"tm-has-options","13":"first","14":"instock","15":"sale","16":"taxable","17":"shipping-taxable","18":"purchasable","19":"product-type-variable","20":"has-default-attributes"},"acf":[],"yoast_head":"<!-- This site is optimized with the Yoast SEO Premium plugin v21.2 (Yoast SEO v21.2) - https:\/\/yoast.com\/wordpress\/plugins\/seo\/ -->\n<title>Recycelte Plastikt\u00fcte \/ Aktentasche (rPET) - Gr\u00f8nt Kontor<\/title>\n<meta name=\"robots\" content=\"index, follow, max-snippet:-1, max-image-preview:large, max-video-preview:-1\" \/>\n<link rel=\"canonical\" href=\"https:\/\/grontkontor.dk\/de\/shop\/beutel-ordner-recycelter-kunststoff-rpet\/\" \/>\n<meta property=\"og:locale\" content=\"de_DE\" \/>\n<meta property=\"og:type\" content=\"article\" \/>\n<meta property=\"og:title\" content=\"Recycelte Plastikt\u00fcte \/ Aktentasche (rPET)\" \/>\n<meta property=\"og:description\" content=\"Klimafreundliche Tasche \/ Aktentasche (Computertasche) mit urbanem Design und Vollpolsterung. Hergestellt aus widerstandsf\u00e4higem recyceltem Kunststoff (rPET 300D), um das Recycling von Kunststoffabf\u00e4llen zu f\u00f6rdern und zur Klimafreundlichkeit des Planeten beizutragen. Bequeme und verst\u00e4rkte Tragegriffe und verstellbarer Schultergurt mit Polsterung und Drehverschl\u00fcssen. Eingebautes Innen-\/Laptopfach f\u00fcr Laptops bis zu 15&#8243;. Hauptfach mit Metallrei\u00dfverschluss und rPET-Etikett an der [&hellip;]\" \/>\n<meta property=\"og:url\" content=\"https:\/\/grontkontor.dk\/de\/shop\/beutel-ordner-recycelter-kunststoff-rpet\/\" \/>\n<meta property=\"og:site_name\" content=\"Gr\u00f8nt Kontor\" \/>\n<meta property=\"article:publisher\" content=\"https:\/\/www.facebook.com\/grontkontor.dk\/\" \/>\n<meta property=\"og:image\" content=\"https:\/\/grontkontor.dk\/wp-content\/uploads\/2021\/09\/mappe-i-genanvendt-plast-rPET.jpg\" \/>\n\t<meta property=\"og:image:width\" content=\"900\" \/>\n\t<meta property=\"og:image:height\" content=\"639\" \/>\n\t<meta property=\"og:image:type\" content=\"image\/jpeg\" \/>\n<meta name=\"twitter:card\" content=\"summary_large_image\" \/>\n<script type=\"application\/ld+json\" class=\"yoast-schema-graph\">{\"@context\":\"https:\/\/schema.org\",\"@graph\":[{\"@type\":\"WebPage\",\"@id\":\"https:\/\/grontkontor.dk\/de\/shop\/beutel-ordner-recycelter-kunststoff-rpet\/\",\"url\":\"https:\/\/grontkontor.dk\/de\/shop\/beutel-ordner-recycelter-kunststoff-rpet\/\",\"name\":\"Recycelte Plastikt\u00fcte \/ Aktentasche (rPET) - Gr\u00f8nt Kontor\",\"isPartOf\":{\"@id\":\"https:\/\/grontkontor.dk\/#website\"},\"datePublished\":\"2024-05-29T07:41:17+00:00\",\"dateModified\":\"2024-05-29T07:41:17+00:00\",\"breadcrumb\":{\"@id\":\"https:\/\/grontkontor.dk\/de\/shop\/beutel-ordner-recycelter-kunststoff-rpet\/#breadcrumb\"},\"inLanguage\":\"de\",\"potentialAction\":[{\"@type\":\"ReadAction\",\"target\":[\"https:\/\/grontkontor.dk\/de\/shop\/beutel-ordner-recycelter-kunststoff-rpet\/\"]}]},{\"@type\":\"BreadcrumbList\",\"@id\":\"https:\/\/grontkontor.dk\/de\/shop\/beutel-ordner-recycelter-kunststoff-rpet\/#breadcrumb\",\"itemListElement\":[{\"@type\":\"ListItem\",\"position\":1,\"name\":\"Forside\",\"item\":\"https:\/\/grontkontor.dk\/de\/\"},{\"@type\":\"ListItem\",\"position\":2,\"name\":\"Laden\",\"item\":\"https:\/\/grontkontor.dk\/de\/laden\/\"},{\"@type\":\"ListItem\",\"position\":3,\"name\":\"Taschen, Taschen und H\u00fcllen\",\"item\":\"https:\/\/grontkontor.dk\/de\/produkt-kategori\/taschen-tueten-und-huellen\/\"},{\"@type\":\"ListItem\",\"position\":4,\"name\":\"Laptoptaschen und -h\u00fcllen\",\"item\":\"https:\/\/grontkontor.dk\/de\/produkt-kategori\/taschen-tueten-und-huellen\/laptoptaschen-und-huellen\/\"},{\"@type\":\"ListItem\",\"position\":5,\"name\":\"Recycelte Plastikt\u00fcte \/ Aktentasche (rPET)\"}]},{\"@type\":\"WebSite\",\"@id\":\"https:\/\/grontkontor.dk\/#website\",\"url\":\"https:\/\/grontkontor.dk\/\",\"name\":\"Gr\u00f8nt Kontor\",\"description\":\"Milj\u00f8venlige produkter til kontor og erhverv med fokus p\u00e5 b\u00e6redygtighed, design og fair trade.\",\"publisher\":{\"@id\":\"https:\/\/grontkontor.dk\/#organization\"},\"potentialAction\":[{\"@type\":\"SearchAction\",\"target\":{\"@type\":\"EntryPoint\",\"urlTemplate\":\"https:\/\/grontkontor.dk\/?s={search_term_string}\"},\"query-input\":\"required name=search_term_string\"}],\"inLanguage\":\"de\"},{\"@type\":\"Organization\",\"@id\":\"https:\/\/grontkontor.dk\/#organization\",\"name\":\"Gr\u00f8nt Kontor\",\"url\":\"https:\/\/grontkontor.dk\/\",\"logo\":{\"@type\":\"ImageObject\",\"inLanguage\":\"de\",\"@id\":\"https:\/\/grontkontor.dk\/#\/schema\/logo\/image\/\",\"url\":\"https:\/\/grontkontor.dk\/wp-content\/uploads\/2014\/02\/Logo_groent_kontor_300x80.png\",\"contentUrl\":\"https:\/\/grontkontor.dk\/wp-content\/uploads\/2014\/02\/Logo_groent_kontor_300x80.png\",\"width\":300,\"height\":80,\"caption\":\"Gr\u00f8nt Kontor\"},\"image\":{\"@id\":\"https:\/\/grontkontor.dk\/#\/schema\/logo\/image\/\"},\"sameAs\":[\"https:\/\/www.facebook.com\/grontkontor.dk\/\"]}]}<\/script>\n<!-- \/ Yoast SEO Premium plugin. -->","yoast_head_json":{"title":"Recycelte Plastikt\u00fcte \/ Aktentasche (rPET) - Gr\u00f8nt Kontor","robots":{"index":"index","follow":"follow","max-snippet":"max-snippet:-1","max-image-preview":"max-image-preview:large","max-video-preview":"max-video-preview:-1"},"canonical":"https:\/\/grontkontor.dk\/de\/shop\/beutel-ordner-recycelter-kunststoff-rpet\/","og_locale":"de_DE","og_type":"article","og_title":"Recycelte Plastikt\u00fcte \/ Aktentasche (rPET)","og_description":"Klimafreundliche Tasche \/ Aktentasche (Computertasche) mit urbanem Design und Vollpolsterung. Hergestellt aus widerstandsf\u00e4higem recyceltem Kunststoff (rPET 300D), um das Recycling von Kunststoffabf\u00e4llen zu f\u00f6rdern und zur Klimafreundlichkeit des Planeten beizutragen. Bequeme und verst\u00e4rkte Tragegriffe und verstellbarer Schultergurt mit Polsterung und Drehverschl\u00fcssen. Eingebautes Innen-\/Laptopfach f\u00fcr Laptops bis zu 15&#8243;. Hauptfach mit Metallrei\u00dfverschluss und rPET-Etikett an der [&hellip;]","og_url":"https:\/\/grontkontor.dk\/de\/shop\/beutel-ordner-recycelter-kunststoff-rpet\/","og_site_name":"Gr\u00f8nt Kontor","article_publisher":"https:\/\/www.facebook.com\/grontkontor.dk\/","og_image":[{"width":900,"height":639,"url":"https:\/\/grontkontor.dk\/wp-content\/uploads\/2021\/09\/mappe-i-genanvendt-plast-rPET.jpg","type":"image\/jpeg"}],"twitter_card":"summary_large_image","schema":{"@context":"https:\/\/schema.org","@graph":[{"@type":"WebPage","@id":"https:\/\/grontkontor.dk\/de\/shop\/beutel-ordner-recycelter-kunststoff-rpet\/","url":"https:\/\/grontkontor.dk\/de\/shop\/beutel-ordner-recycelter-kunststoff-rpet\/","name":"Recycelte Plastikt\u00fcte \/ Aktentasche (rPET) - Gr\u00f8nt Kontor","isPartOf":{"@id":"https:\/\/grontkontor.dk\/#website"},"datePublished":"2024-05-29T07:41:17+00:00","dateModified":"2024-05-29T07:41:17+00:00","breadcrumb":{"@id":"https:\/\/grontkontor.dk\/de\/shop\/beutel-ordner-recycelter-kunststoff-rpet\/#breadcrumb"},"inLanguage":"de","potentialAction":[{"@type":"ReadAction","target":["https:\/\/grontkontor.dk\/de\/shop\/beutel-ordner-recycelter-kunststoff-rpet\/"]}]},{"@type":"BreadcrumbList","@id":"https:\/\/grontkontor.dk\/de\/shop\/beutel-ordner-recycelter-kunststoff-rpet\/#breadcrumb","itemListElement":[{"@type":"ListItem","position":1,"name":"Forside","item":"https:\/\/grontkontor.dk\/de\/"},{"@type":"ListItem","position":2,"name":"Laden","item":"https:\/\/grontkontor.dk\/de\/laden\/"},{"@type":"ListItem","position":3,"name":"Taschen, Taschen und H\u00fcllen","item":"https:\/\/grontkontor.dk\/de\/produkt-kategori\/taschen-tueten-und-huellen\/"},{"@type":"ListItem","position":4,"name":"Laptoptaschen und -h\u00fcllen","item":"https:\/\/grontkontor.dk\/de\/produkt-kategori\/taschen-tueten-und-huellen\/laptoptaschen-und-huellen\/"},{"@type":"ListItem","position":5,"name":"Recycelte Plastikt\u00fcte \/ Aktentasche (rPET)"}]},{"@type":"WebSite","@id":"https:\/\/grontkontor.dk\/#website","url":"https:\/\/grontkontor.dk\/","name":"Gr\u00f8nt Kontor","description":"Milj\u00f8venlige produkter til kontor og erhverv med fokus p\u00e5 b\u00e6redygtighed, design og fair trade.","publisher":{"@id":"https:\/\/grontkontor.dk\/#organization"},"potentialAction":[{"@type":"SearchAction","target":{"@type":"EntryPoint","urlTemplate":"https:\/\/grontkontor.dk\/?s={search_term_string}"},"query-input":"required name=search_term_string"}],"inLanguage":"de"},{"@type":"Organization","@id":"https:\/\/grontkontor.dk\/#organization","name":"Gr\u00f8nt Kontor","url":"https:\/\/grontkontor.dk\/","logo":{"@type":"ImageObject","inLanguage":"de","@id":"https:\/\/grontkontor.dk\/#\/schema\/logo\/image\/","url":"https:\/\/grontkontor.dk\/wp-content\/uploads\/2014\/02\/Logo_groent_kontor_300x80.png","contentUrl":"https:\/\/grontkontor.dk\/wp-content\/uploads\/2014\/02\/Logo_groent_kontor_300x80.png","width":300,"height":80,"caption":"Gr\u00f8nt Kontor"},"image":{"@id":"https:\/\/grontkontor.dk\/#\/schema\/logo\/image\/"},"sameAs":["https:\/\/www.facebook.com\/grontkontor.dk\/"]}]}},"_links":{"self":[{"href":"https:\/\/grontkontor.dk\/de\/wp-json\/wp\/v2\/product\/88499"}],"collection":[{"href":"https:\/\/grontkontor.dk\/de\/wp-json\/wp\/v2\/product"}],"about":[{"href":"https:\/\/grontkontor.dk\/de\/wp-json\/wp\/v2\/types\/product"}],"replies":[{"embeddable":true,"href":"https:\/\/grontkontor.dk\/de\/wp-json\/wp\/v2\/comments?post=88499"}],"wp:featuredmedia":[{"embeddable":true,"href":"https:\/\/grontkontor.dk\/de\/wp-json\/wp\/v2\/media\/112562"}],"wp:attachment":[{"href":"https:\/\/grontkontor.dk\/de\/wp-json\/wp\/v2\/media?parent=88499"}],"wp:term":[{"taxonomy":"product_cat","embeddable":true,"href":"https:\/\/grontkontor.dk\/de\/wp-json\/wp\/v2\/product_cat?post=88499"},{"taxonomy":"product_tag","embeddable":true,"href":"https:\/\/grontkontor.dk\/de\/wp-json\/wp\/v2\/product_tag?post=88499"}],"curies":[{"name":"wp","href":"https:\/\/api.w.org\/{rel}","templated":true}]}}