{"id":88508,"date":"2023-09-22T13:47:11","date_gmt":"2024-05-29T07:41:20","guid":{"rendered":"https:\/\/grontkontor.dk\/shop\/kasemesser-sattel-edelstahl-bambus\/"},"modified":"2024-05-29T09:41:20","modified_gmt":"2024-05-29T07:41:20","slug":"kasemesser-sattel-edelstahl-bambus","status":"publish","type":"product","link":"https:\/\/grontkontor.dk\/de\/shop\/kasemesser-sattel-edelstahl-bambus\/","title":{"rendered":"K\u00e4semesser-Set aus Edelstahl und Bambus"},"content":{"rendered":"<p><span class=\"VIiyi\" lang=\"da\"><span class=\"JLqJ4b ChMk0b\" data-language-for-alternatives=\"da\" data-language-to-translate-into=\"en\" data-phrase-index=\"0\">Voll ausgestattetes und klimafreundliches K\u00e4seset in 4 Teilen. Das Set ist mit einem s<\/span><span class=\"JLqJ4b ChMk0b\" data-language-for-alternatives=\"da\" data-language-to-translate-into=\"en\" data-phrase-index=\"1\">Anziehungs- und Pr\u00e4sentationstafel aus Schiefer, die zur einfachen Reinigung abnehmbar ist.<\/span> <span class=\"JLqJ4b ChMk0b\" data-language-for-alternatives=\"da\" data-language-to-translate-into=\"en\" data-phrase-index=\"2\">Die Werkzeuge sind aus Edelstahl gefertigt und haben Bambusgriffe.<\/span>  Stellen Sie das gesamte K\u00e4seset zusammen  <span class=\"JLqJ4b ChMk0b\" data-language-for-alternatives=\"da\" data-language-to-translate-into=\"en\" data-phrase-index=\"3\">in einer gestanzten Bambuskiste. Lieferung in einer Einzelbox.<\/span><\/span><\/p>\n<p>[bambus] [staal_s]<\/p>\n<p>&nbsp;<\/p>\n<p>&nbsp;<\/p>\n","protected":false},"excerpt":{"rendered":"<p>Voll ausgestattetes und klimafreundliches K\u00e4seset in 4 Teilen. Das Set ist mit einem sAnziehungs- und Pr\u00e4sentationstafel aus Schiefer, die zur einfachen Reinigung abnehmbar ist. Die Werkzeuge sind aus Edelstahl gefertigt und haben Bambusgriffe. Stellen Sie das gesamte K\u00e4seset zusammen in einer gestanzten Bambuskiste. Lieferung in einer Einzelbox. [bambus] [staal_s] &nbsp; &nbsp;<\/p>\n","protected":false},"featured_media":112526,"comment_status":"closed","ping_status":"closed","template":"","meta":{"_acf_changed":false},"product_cat":[3334,3325,3466,3321,3323],"product_tag":[],"class_list":{"0":"post-88508","1":"product","2":"type-product","3":"status-publish","4":"has-post-thumbnail","6":"product_cat-bambus-de","7":"product_cat-dummy-moq-1-de","8":"product_cat-hotel-restaurant","9":"product_cat-klimafreundliche-werbegeschenke","10":"product_cat-produktserien","11":"tm-has-options","13":"first","14":"instock","15":"taxable","16":"shipping-taxable","17":"purchasable","18":"product-type-simple"},"acf":[],"yoast_head":"<!-- This site is optimized with the Yoast SEO Premium plugin v21.2 (Yoast SEO v21.2) - https:\/\/yoast.com\/wordpress\/plugins\/seo\/ -->\n<title>K\u00e4semesser-Set aus Edelstahl und Bambus - Gr\u00f8nt Kontor<\/title>\n<meta name=\"robots\" content=\"index, follow, max-snippet:-1, max-image-preview:large, max-video-preview:-1\" \/>\n<link rel=\"canonical\" href=\"https:\/\/grontkontor.dk\/de\/shop\/kasemesser-sattel-edelstahl-bambus\/\" \/>\n<meta property=\"og:locale\" content=\"de_DE\" \/>\n<meta property=\"og:type\" content=\"article\" \/>\n<meta property=\"og:title\" content=\"K\u00e4semesser-Set aus Edelstahl und Bambus\" \/>\n<meta property=\"og:description\" content=\"Voll ausgestattetes und klimafreundliches K\u00e4seset in 4 Teilen. Das Set ist mit einem sAnziehungs- und Pr\u00e4sentationstafel aus Schiefer, die zur einfachen Reinigung abnehmbar ist. Die Werkzeuge sind aus Edelstahl gefertigt und haben Bambusgriffe. Stellen Sie das gesamte K\u00e4seset zusammen in einer gestanzten Bambuskiste. Lieferung in einer Einzelbox. [bambus] [staal_s] &nbsp; &nbsp;\" \/>\n<meta property=\"og:url\" content=\"https:\/\/grontkontor.dk\/de\/shop\/kasemesser-sattel-edelstahl-bambus\/\" \/>\n<meta property=\"og:site_name\" content=\"Gr\u00f8nt Kontor\" \/>\n<meta property=\"article:publisher\" content=\"https:\/\/www.facebook.com\/grontkontor.dk\/\" \/>\n<meta property=\"og:image\" content=\"https:\/\/grontkontor.dk\/wp-content\/uploads\/2021\/09\/4-delt-ostesaet-miljoe.jpg\" \/>\n\t<meta property=\"og:image:width\" content=\"900\" \/>\n\t<meta property=\"og:image:height\" content=\"639\" \/>\n\t<meta property=\"og:image:type\" content=\"image\/jpeg\" \/>\n<meta name=\"twitter:card\" content=\"summary_large_image\" \/>\n<script type=\"application\/ld+json\" class=\"yoast-schema-graph\">{\"@context\":\"https:\/\/schema.org\",\"@graph\":[{\"@type\":\"WebPage\",\"@id\":\"https:\/\/grontkontor.dk\/de\/shop\/kasemesser-sattel-edelstahl-bambus\/\",\"url\":\"https:\/\/grontkontor.dk\/de\/shop\/kasemesser-sattel-edelstahl-bambus\/\",\"name\":\"K\u00e4semesser-Set aus Edelstahl und Bambus - Gr\u00f8nt Kontor\",\"isPartOf\":{\"@id\":\"https:\/\/grontkontor.dk\/#website\"},\"datePublished\":\"2024-05-29T07:41:20+00:00\",\"dateModified\":\"2024-05-29T07:41:20+00:00\",\"breadcrumb\":{\"@id\":\"https:\/\/grontkontor.dk\/de\/shop\/kasemesser-sattel-edelstahl-bambus\/#breadcrumb\"},\"inLanguage\":\"de\",\"potentialAction\":[{\"@type\":\"ReadAction\",\"target\":[\"https:\/\/grontkontor.dk\/de\/shop\/kasemesser-sattel-edelstahl-bambus\/\"]}]},{\"@type\":\"BreadcrumbList\",\"@id\":\"https:\/\/grontkontor.dk\/de\/shop\/kasemesser-sattel-edelstahl-bambus\/#breadcrumb\",\"itemListElement\":[{\"@type\":\"ListItem\",\"position\":1,\"name\":\"Forside\",\"item\":\"https:\/\/grontkontor.dk\/de\/\"},{\"@type\":\"ListItem\",\"position\":2,\"name\":\"Laden\",\"item\":\"https:\/\/grontkontor.dk\/de\/laden\/\"},{\"@type\":\"ListItem\",\"position\":3,\"name\":\"Produktserien\",\"item\":\"https:\/\/grontkontor.dk\/de\/produkt-kategori\/produktserien\/\"},{\"@type\":\"ListItem\",\"position\":4,\"name\":\"Bambus\",\"item\":\"https:\/\/grontkontor.dk\/de\/produkt-kategori\/produktserien\/bambus-de\/\"},{\"@type\":\"ListItem\",\"position\":5,\"name\":\"K\u00e4semesser-Set aus Edelstahl und Bambus\"}]},{\"@type\":\"WebSite\",\"@id\":\"https:\/\/grontkontor.dk\/#website\",\"url\":\"https:\/\/grontkontor.dk\/\",\"name\":\"Gr\u00f8nt Kontor\",\"description\":\"Milj\u00f8venlige produkter til kontor og erhverv med fokus p\u00e5 b\u00e6redygtighed, design og fair trade.\",\"publisher\":{\"@id\":\"https:\/\/grontkontor.dk\/#organization\"},\"potentialAction\":[{\"@type\":\"SearchAction\",\"target\":{\"@type\":\"EntryPoint\",\"urlTemplate\":\"https:\/\/grontkontor.dk\/?s={search_term_string}\"},\"query-input\":\"required name=search_term_string\"}],\"inLanguage\":\"de\"},{\"@type\":\"Organization\",\"@id\":\"https:\/\/grontkontor.dk\/#organization\",\"name\":\"Gr\u00f8nt Kontor\",\"url\":\"https:\/\/grontkontor.dk\/\",\"logo\":{\"@type\":\"ImageObject\",\"inLanguage\":\"de\",\"@id\":\"https:\/\/grontkontor.dk\/#\/schema\/logo\/image\/\",\"url\":\"https:\/\/grontkontor.dk\/wp-content\/uploads\/2014\/02\/Logo_groent_kontor_300x80.png\",\"contentUrl\":\"https:\/\/grontkontor.dk\/wp-content\/uploads\/2014\/02\/Logo_groent_kontor_300x80.png\",\"width\":300,\"height\":80,\"caption\":\"Gr\u00f8nt Kontor\"},\"image\":{\"@id\":\"https:\/\/grontkontor.dk\/#\/schema\/logo\/image\/\"},\"sameAs\":[\"https:\/\/www.facebook.com\/grontkontor.dk\/\"]}]}<\/script>\n<!-- \/ Yoast SEO Premium plugin. -->","yoast_head_json":{"title":"K\u00e4semesser-Set aus Edelstahl und Bambus - Gr\u00f8nt Kontor","robots":{"index":"index","follow":"follow","max-snippet":"max-snippet:-1","max-image-preview":"max-image-preview:large","max-video-preview":"max-video-preview:-1"},"canonical":"https:\/\/grontkontor.dk\/de\/shop\/kasemesser-sattel-edelstahl-bambus\/","og_locale":"de_DE","og_type":"article","og_title":"K\u00e4semesser-Set aus Edelstahl und Bambus","og_description":"Voll ausgestattetes und klimafreundliches K\u00e4seset in 4 Teilen. Das Set ist mit einem sAnziehungs- und Pr\u00e4sentationstafel aus Schiefer, die zur einfachen Reinigung abnehmbar ist. Die Werkzeuge sind aus Edelstahl gefertigt und haben Bambusgriffe. Stellen Sie das gesamte K\u00e4seset zusammen in einer gestanzten Bambuskiste. Lieferung in einer Einzelbox. [bambus] [staal_s] &nbsp; &nbsp;","og_url":"https:\/\/grontkontor.dk\/de\/shop\/kasemesser-sattel-edelstahl-bambus\/","og_site_name":"Gr\u00f8nt Kontor","article_publisher":"https:\/\/www.facebook.com\/grontkontor.dk\/","og_image":[{"width":900,"height":639,"url":"https:\/\/grontkontor.dk\/wp-content\/uploads\/2021\/09\/4-delt-ostesaet-miljoe.jpg","type":"image\/jpeg"}],"twitter_card":"summary_large_image","schema":{"@context":"https:\/\/schema.org","@graph":[{"@type":"WebPage","@id":"https:\/\/grontkontor.dk\/de\/shop\/kasemesser-sattel-edelstahl-bambus\/","url":"https:\/\/grontkontor.dk\/de\/shop\/kasemesser-sattel-edelstahl-bambus\/","name":"K\u00e4semesser-Set aus Edelstahl und Bambus - Gr\u00f8nt Kontor","isPartOf":{"@id":"https:\/\/grontkontor.dk\/#website"},"datePublished":"2024-05-29T07:41:20+00:00","dateModified":"2024-05-29T07:41:20+00:00","breadcrumb":{"@id":"https:\/\/grontkontor.dk\/de\/shop\/kasemesser-sattel-edelstahl-bambus\/#breadcrumb"},"inLanguage":"de","potentialAction":[{"@type":"ReadAction","target":["https:\/\/grontkontor.dk\/de\/shop\/kasemesser-sattel-edelstahl-bambus\/"]}]},{"@type":"BreadcrumbList","@id":"https:\/\/grontkontor.dk\/de\/shop\/kasemesser-sattel-edelstahl-bambus\/#breadcrumb","itemListElement":[{"@type":"ListItem","position":1,"name":"Forside","item":"https:\/\/grontkontor.dk\/de\/"},{"@type":"ListItem","position":2,"name":"Laden","item":"https:\/\/grontkontor.dk\/de\/laden\/"},{"@type":"ListItem","position":3,"name":"Produktserien","item":"https:\/\/grontkontor.dk\/de\/produkt-kategori\/produktserien\/"},{"@type":"ListItem","position":4,"name":"Bambus","item":"https:\/\/grontkontor.dk\/de\/produkt-kategori\/produktserien\/bambus-de\/"},{"@type":"ListItem","position":5,"name":"K\u00e4semesser-Set aus Edelstahl und Bambus"}]},{"@type":"WebSite","@id":"https:\/\/grontkontor.dk\/#website","url":"https:\/\/grontkontor.dk\/","name":"Gr\u00f8nt Kontor","description":"Milj\u00f8venlige produkter til kontor og erhverv med fokus p\u00e5 b\u00e6redygtighed, design og fair trade.","publisher":{"@id":"https:\/\/grontkontor.dk\/#organization"},"potentialAction":[{"@type":"SearchAction","target":{"@type":"EntryPoint","urlTemplate":"https:\/\/grontkontor.dk\/?s={search_term_string}"},"query-input":"required name=search_term_string"}],"inLanguage":"de"},{"@type":"Organization","@id":"https:\/\/grontkontor.dk\/#organization","name":"Gr\u00f8nt Kontor","url":"https:\/\/grontkontor.dk\/","logo":{"@type":"ImageObject","inLanguage":"de","@id":"https:\/\/grontkontor.dk\/#\/schema\/logo\/image\/","url":"https:\/\/grontkontor.dk\/wp-content\/uploads\/2014\/02\/Logo_groent_kontor_300x80.png","contentUrl":"https:\/\/grontkontor.dk\/wp-content\/uploads\/2014\/02\/Logo_groent_kontor_300x80.png","width":300,"height":80,"caption":"Gr\u00f8nt Kontor"},"image":{"@id":"https:\/\/grontkontor.dk\/#\/schema\/logo\/image\/"},"sameAs":["https:\/\/www.facebook.com\/grontkontor.dk\/"]}]}},"_links":{"self":[{"href":"https:\/\/grontkontor.dk\/de\/wp-json\/wp\/v2\/product\/88508"}],"collection":[{"href":"https:\/\/grontkontor.dk\/de\/wp-json\/wp\/v2\/product"}],"about":[{"href":"https:\/\/grontkontor.dk\/de\/wp-json\/wp\/v2\/types\/product"}],"replies":[{"embeddable":true,"href":"https:\/\/grontkontor.dk\/de\/wp-json\/wp\/v2\/comments?post=88508"}],"wp:featuredmedia":[{"embeddable":true,"href":"https:\/\/grontkontor.dk\/de\/wp-json\/wp\/v2\/media\/112526"}],"wp:attachment":[{"href":"https:\/\/grontkontor.dk\/de\/wp-json\/wp\/v2\/media?parent=88508"}],"wp:term":[{"taxonomy":"product_cat","embeddable":true,"href":"https:\/\/grontkontor.dk\/de\/wp-json\/wp\/v2\/product_cat?post=88508"},{"taxonomy":"product_tag","embeddable":true,"href":"https:\/\/grontkontor.dk\/de\/wp-json\/wp\/v2\/product_tag?post=88508"}],"curies":[{"name":"wp","href":"https:\/\/api.w.org\/{rel}","templated":true}]}}