{"id":88520,"date":"2023-09-22T13:47:33","date_gmt":"2024-05-29T07:41:25","guid":{"rendered":"https:\/\/grontkontor.dk\/shop\/glasbecher-korkdeckel-easy-opening\/"},"modified":"2024-05-29T09:41:29","modified_gmt":"2024-05-29T07:41:29","slug":"glasbecher-korkdeckel-easy-opening","status":"publish","type":"product","link":"https:\/\/grontkontor.dk\/de\/shop\/glasbecher-korkdeckel-easy-opening\/","title":{"rendered":"To-Go-Becher mit Korkgriff"},"content":{"rendered":"<p><span class=\"VIiyi\" lang=\"da\"><span class=\"JLqJ4b ChMk0b\" data-language-for-alternatives=\"da\" data-language-to-translate-into=\"en\" data-phrase-index=\"0\">Klimafreundlicher Becher, 350 ml, mit umweltfreundlichem, abnehmbarem und w\u00e4rmeisolierendem Korkgriff. Das Glas ist  <\/span><span class=\"JLqJ4b ChMk0b\" data-language-for-alternatives=\"da\" data-language-to-translate-into=\"en\" data-phrase-index=\"1\">Hergestellt aus hochwertigem Borosilikatglas, das eine hohe Festigkeit und Haltbarkeit bietet. Der Becher hat eine lange Lebensdauer und kann unz\u00e4hlige Male wiederverwendet werden.<\/span>  Glas, aber kein Korkteil, empfohlen sowohl f\u00fcr Geschirrsp\u00fcler als auch f\u00fcr Mikrowelle. <span class=\"JLqJ4b ChMk0b\" data-language-for-alternatives=\"da\" data-language-to-translate-into=\"en\" data-phrase-index=\"2\">Silikon-Sicherheitsh\u00fclle mit Spender und einfachem \u00d6ffnen.<\/span> Lieferung in <span class=\"JLqJ4b ChMk0b\" data-language-for-alternatives=\"da\" data-language-to-translate-into=\"en\" data-phrase-index=\"3\">Einzelbox.<\/span><\/span><\/p>\n<p>Der Becher ist  [food-c]<\/p>\n<p>[glas] [kork_s]<\/p>\n<p>&nbsp;<\/p>\n","protected":false},"excerpt":{"rendered":"<p>Klimafreundlicher Becher, 350 ml, mit umweltfreundlichem, abnehmbarem und w\u00e4rmeisolierendem Korkgriff. Das Glas ist Hergestellt aus hochwertigem Borosilikatglas, das eine hohe Festigkeit und Haltbarkeit bietet. Der Becher hat eine lange Lebensdauer und kann unz\u00e4hlige Male wiederverwendet werden. Glas, aber kein Korkteil, empfohlen sowohl f\u00fcr Geschirrsp\u00fcler als auch f\u00fcr Mikrowelle. Silikon-Sicherheitsh\u00fclle mit Spender und einfachem \u00d6ffnen. Lieferung [&hellip;]<\/p>\n","protected":false},"featured_media":112586,"comment_status":"closed","ping_status":"closed","template":"","meta":{"_acf_changed":false},"product_cat":[4489,3465,3325,3339],"product_tag":[3923,4091,3831],"class_list":{"0":"post-88520","1":"product","2":"type-product","3":"status-publish","4":"has-post-thumbnail","6":"product_cat-becher-und-tassen","7":"product_cat-becher-tassen-etc","8":"product_cat-dummy-moq-1-de","9":"product_cat-essen-und-trinken","10":"product_tag-glas-de","11":"product_tag-glasbecher","12":"product_tag-kaffeetassen","13":"tm-has-options","15":"first","16":"onbackorder","17":"sale","18":"taxable","19":"shipping-taxable","20":"purchasable","21":"product-type-simple"},"acf":[],"yoast_head":"<!-- This site is optimized with the Yoast SEO Premium plugin v21.2 (Yoast SEO v21.2) - https:\/\/yoast.com\/wordpress\/plugins\/seo\/ -->\n<title>To-Go-Becher mit Korkgriff - Gr\u00f8nt Kontor<\/title>\n<meta name=\"robots\" content=\"index, follow, max-snippet:-1, max-image-preview:large, max-video-preview:-1\" \/>\n<link rel=\"canonical\" href=\"https:\/\/grontkontor.dk\/de\/shop\/glasbecher-korkdeckel-easy-opening\/\" \/>\n<meta property=\"og:locale\" content=\"de_DE\" \/>\n<meta property=\"og:type\" content=\"article\" \/>\n<meta property=\"og:title\" content=\"To-Go-Becher mit Korkgriff\" \/>\n<meta property=\"og:description\" content=\"Klimafreundlicher Becher, 350 ml, mit umweltfreundlichem, abnehmbarem und w\u00e4rmeisolierendem Korkgriff. Das Glas ist Hergestellt aus hochwertigem Borosilikatglas, das eine hohe Festigkeit und Haltbarkeit bietet. Der Becher hat eine lange Lebensdauer und kann unz\u00e4hlige Male wiederverwendet werden. Glas, aber kein Korkteil, empfohlen sowohl f\u00fcr Geschirrsp\u00fcler als auch f\u00fcr Mikrowelle. Silikon-Sicherheitsh\u00fclle mit Spender und einfachem \u00d6ffnen. Lieferung [&hellip;]\" \/>\n<meta property=\"og:url\" content=\"https:\/\/grontkontor.dk\/de\/shop\/glasbecher-korkdeckel-easy-opening\/\" \/>\n<meta property=\"og:site_name\" content=\"Gr\u00f8nt Kontor\" \/>\n<meta property=\"article:publisher\" content=\"https:\/\/www.facebook.com\/grontkontor.dk\/\" \/>\n<meta property=\"article:modified_time\" content=\"2024-05-29T07:41:29+00:00\" \/>\n<meta property=\"og:image\" content=\"https:\/\/grontkontor.dk\/wp-content\/uploads\/2021\/09\/Glaskrus-med-kork-og-silikone-laag-med-let-aabning.jpg\" \/>\n\t<meta property=\"og:image:width\" content=\"900\" \/>\n\t<meta property=\"og:image:height\" content=\"639\" \/>\n\t<meta property=\"og:image:type\" content=\"image\/jpeg\" \/>\n<meta name=\"twitter:card\" content=\"summary_large_image\" \/>\n<script type=\"application\/ld+json\" class=\"yoast-schema-graph\">{\"@context\":\"https:\/\/schema.org\",\"@graph\":[{\"@type\":\"WebPage\",\"@id\":\"https:\/\/grontkontor.dk\/de\/shop\/glasbecher-korkdeckel-easy-opening\/\",\"url\":\"https:\/\/grontkontor.dk\/de\/shop\/glasbecher-korkdeckel-easy-opening\/\",\"name\":\"To-Go-Becher mit Korkgriff - Gr\u00f8nt Kontor\",\"isPartOf\":{\"@id\":\"https:\/\/grontkontor.dk\/#website\"},\"datePublished\":\"2024-05-29T07:41:25+00:00\",\"dateModified\":\"2024-05-29T07:41:29+00:00\",\"breadcrumb\":{\"@id\":\"https:\/\/grontkontor.dk\/de\/shop\/glasbecher-korkdeckel-easy-opening\/#breadcrumb\"},\"inLanguage\":\"de\",\"potentialAction\":[{\"@type\":\"ReadAction\",\"target\":[\"https:\/\/grontkontor.dk\/de\/shop\/glasbecher-korkdeckel-easy-opening\/\"]}]},{\"@type\":\"BreadcrumbList\",\"@id\":\"https:\/\/grontkontor.dk\/de\/shop\/glasbecher-korkdeckel-easy-opening\/#breadcrumb\",\"itemListElement\":[{\"@type\":\"ListItem\",\"position\":1,\"name\":\"Forside\",\"item\":\"https:\/\/grontkontor.dk\/de\/\"},{\"@type\":\"ListItem\",\"position\":2,\"name\":\"Laden\",\"item\":\"https:\/\/grontkontor.dk\/de\/laden\/\"},{\"@type\":\"ListItem\",\"position\":3,\"name\":\"Essen und Trinken\",\"item\":\"https:\/\/grontkontor.dk\/de\/produkt-kategori\/essen-und-trinken\/\"},{\"@type\":\"ListItem\",\"position\":4,\"name\":\"Becher, Tassen etc.\",\"item\":\"https:\/\/grontkontor.dk\/de\/produkt-kategori\/essen-und-trinken\/becher-tassen-etc\/\"},{\"@type\":\"ListItem\",\"position\":5,\"name\":\"To-Go-Becher mit Korkgriff\"}]},{\"@type\":\"WebSite\",\"@id\":\"https:\/\/grontkontor.dk\/#website\",\"url\":\"https:\/\/grontkontor.dk\/\",\"name\":\"Gr\u00f8nt Kontor\",\"description\":\"Milj\u00f8venlige produkter til kontor og erhverv med fokus p\u00e5 b\u00e6redygtighed, design og fair trade.\",\"publisher\":{\"@id\":\"https:\/\/grontkontor.dk\/#organization\"},\"potentialAction\":[{\"@type\":\"SearchAction\",\"target\":{\"@type\":\"EntryPoint\",\"urlTemplate\":\"https:\/\/grontkontor.dk\/?s={search_term_string}\"},\"query-input\":\"required name=search_term_string\"}],\"inLanguage\":\"de\"},{\"@type\":\"Organization\",\"@id\":\"https:\/\/grontkontor.dk\/#organization\",\"name\":\"Gr\u00f8nt Kontor\",\"url\":\"https:\/\/grontkontor.dk\/\",\"logo\":{\"@type\":\"ImageObject\",\"inLanguage\":\"de\",\"@id\":\"https:\/\/grontkontor.dk\/#\/schema\/logo\/image\/\",\"url\":\"https:\/\/grontkontor.dk\/wp-content\/uploads\/2014\/02\/Logo_groent_kontor_300x80.png\",\"contentUrl\":\"https:\/\/grontkontor.dk\/wp-content\/uploads\/2014\/02\/Logo_groent_kontor_300x80.png\",\"width\":300,\"height\":80,\"caption\":\"Gr\u00f8nt Kontor\"},\"image\":{\"@id\":\"https:\/\/grontkontor.dk\/#\/schema\/logo\/image\/\"},\"sameAs\":[\"https:\/\/www.facebook.com\/grontkontor.dk\/\"]}]}<\/script>\n<!-- \/ Yoast SEO Premium plugin. -->","yoast_head_json":{"title":"To-Go-Becher mit Korkgriff - Gr\u00f8nt Kontor","robots":{"index":"index","follow":"follow","max-snippet":"max-snippet:-1","max-image-preview":"max-image-preview:large","max-video-preview":"max-video-preview:-1"},"canonical":"https:\/\/grontkontor.dk\/de\/shop\/glasbecher-korkdeckel-easy-opening\/","og_locale":"de_DE","og_type":"article","og_title":"To-Go-Becher mit Korkgriff","og_description":"Klimafreundlicher Becher, 350 ml, mit umweltfreundlichem, abnehmbarem und w\u00e4rmeisolierendem Korkgriff. Das Glas ist Hergestellt aus hochwertigem Borosilikatglas, das eine hohe Festigkeit und Haltbarkeit bietet. Der Becher hat eine lange Lebensdauer und kann unz\u00e4hlige Male wiederverwendet werden. Glas, aber kein Korkteil, empfohlen sowohl f\u00fcr Geschirrsp\u00fcler als auch f\u00fcr Mikrowelle. Silikon-Sicherheitsh\u00fclle mit Spender und einfachem \u00d6ffnen. Lieferung [&hellip;]","og_url":"https:\/\/grontkontor.dk\/de\/shop\/glasbecher-korkdeckel-easy-opening\/","og_site_name":"Gr\u00f8nt Kontor","article_publisher":"https:\/\/www.facebook.com\/grontkontor.dk\/","article_modified_time":"2024-05-29T07:41:29+00:00","og_image":[{"width":900,"height":639,"url":"https:\/\/grontkontor.dk\/wp-content\/uploads\/2021\/09\/Glaskrus-med-kork-og-silikone-laag-med-let-aabning.jpg","type":"image\/jpeg"}],"twitter_card":"summary_large_image","schema":{"@context":"https:\/\/schema.org","@graph":[{"@type":"WebPage","@id":"https:\/\/grontkontor.dk\/de\/shop\/glasbecher-korkdeckel-easy-opening\/","url":"https:\/\/grontkontor.dk\/de\/shop\/glasbecher-korkdeckel-easy-opening\/","name":"To-Go-Becher mit Korkgriff - Gr\u00f8nt Kontor","isPartOf":{"@id":"https:\/\/grontkontor.dk\/#website"},"datePublished":"2024-05-29T07:41:25+00:00","dateModified":"2024-05-29T07:41:29+00:00","breadcrumb":{"@id":"https:\/\/grontkontor.dk\/de\/shop\/glasbecher-korkdeckel-easy-opening\/#breadcrumb"},"inLanguage":"de","potentialAction":[{"@type":"ReadAction","target":["https:\/\/grontkontor.dk\/de\/shop\/glasbecher-korkdeckel-easy-opening\/"]}]},{"@type":"BreadcrumbList","@id":"https:\/\/grontkontor.dk\/de\/shop\/glasbecher-korkdeckel-easy-opening\/#breadcrumb","itemListElement":[{"@type":"ListItem","position":1,"name":"Forside","item":"https:\/\/grontkontor.dk\/de\/"},{"@type":"ListItem","position":2,"name":"Laden","item":"https:\/\/grontkontor.dk\/de\/laden\/"},{"@type":"ListItem","position":3,"name":"Essen und Trinken","item":"https:\/\/grontkontor.dk\/de\/produkt-kategori\/essen-und-trinken\/"},{"@type":"ListItem","position":4,"name":"Becher, Tassen etc.","item":"https:\/\/grontkontor.dk\/de\/produkt-kategori\/essen-und-trinken\/becher-tassen-etc\/"},{"@type":"ListItem","position":5,"name":"To-Go-Becher mit Korkgriff"}]},{"@type":"WebSite","@id":"https:\/\/grontkontor.dk\/#website","url":"https:\/\/grontkontor.dk\/","name":"Gr\u00f8nt Kontor","description":"Milj\u00f8venlige produkter til kontor og erhverv med fokus p\u00e5 b\u00e6redygtighed, design og fair trade.","publisher":{"@id":"https:\/\/grontkontor.dk\/#organization"},"potentialAction":[{"@type":"SearchAction","target":{"@type":"EntryPoint","urlTemplate":"https:\/\/grontkontor.dk\/?s={search_term_string}"},"query-input":"required name=search_term_string"}],"inLanguage":"de"},{"@type":"Organization","@id":"https:\/\/grontkontor.dk\/#organization","name":"Gr\u00f8nt Kontor","url":"https:\/\/grontkontor.dk\/","logo":{"@type":"ImageObject","inLanguage":"de","@id":"https:\/\/grontkontor.dk\/#\/schema\/logo\/image\/","url":"https:\/\/grontkontor.dk\/wp-content\/uploads\/2014\/02\/Logo_groent_kontor_300x80.png","contentUrl":"https:\/\/grontkontor.dk\/wp-content\/uploads\/2014\/02\/Logo_groent_kontor_300x80.png","width":300,"height":80,"caption":"Gr\u00f8nt Kontor"},"image":{"@id":"https:\/\/grontkontor.dk\/#\/schema\/logo\/image\/"},"sameAs":["https:\/\/www.facebook.com\/grontkontor.dk\/"]}]}},"_links":{"self":[{"href":"https:\/\/grontkontor.dk\/de\/wp-json\/wp\/v2\/product\/88520"}],"collection":[{"href":"https:\/\/grontkontor.dk\/de\/wp-json\/wp\/v2\/product"}],"about":[{"href":"https:\/\/grontkontor.dk\/de\/wp-json\/wp\/v2\/types\/product"}],"replies":[{"embeddable":true,"href":"https:\/\/grontkontor.dk\/de\/wp-json\/wp\/v2\/comments?post=88520"}],"wp:featuredmedia":[{"embeddable":true,"href":"https:\/\/grontkontor.dk\/de\/wp-json\/wp\/v2\/media\/112586"}],"wp:attachment":[{"href":"https:\/\/grontkontor.dk\/de\/wp-json\/wp\/v2\/media?parent=88520"}],"wp:term":[{"taxonomy":"product_cat","embeddable":true,"href":"https:\/\/grontkontor.dk\/de\/wp-json\/wp\/v2\/product_cat?post=88520"},{"taxonomy":"product_tag","embeddable":true,"href":"https:\/\/grontkontor.dk\/de\/wp-json\/wp\/v2\/product_tag?post=88520"}],"curies":[{"name":"wp","href":"https:\/\/api.w.org\/{rel}","templated":true}]}}