{"id":88544,"date":"2023-09-22T13:46:46","date_gmt":"2024-05-29T07:52:02","guid":{"rendered":"https:\/\/grontkontor.dk\/shop\/pflanzengeschenk-bunte-mini-blumenkugeln\/"},"modified":"2024-05-29T09:52:02","modified_gmt":"2024-05-29T07:52:02","slug":"pflanzengeschenk-bunte-mini-blumenkugeln","status":"publish","type":"product","link":"https:\/\/grontkontor.dk\/de\/shop\/pflanzengeschenk-bunte-mini-blumenkugeln\/","title":{"rendered":"Bunte Mini-Blumenkugeln"},"content":{"rendered":"<div class=\"pk_content\">\n<div align=\"left\"><span class=\"VIiyi\" lang=\"da\"><span class=\"JLqJ4b\" data-language-for-alternatives=\"da\" data-language-to-translate-into=\"en\" data-phrase-index=\"0\">Kleine Samenkugeln bestehend aus ca. 20 verschiedenen Wildblumensamen, Erde und Tonpulver, au\u00dfen gef\u00e4rbt mit lebensmittelzugelassenem Farbpulver in Blau, Gr\u00fcn, Gelb und Rot.<br \/>\nDie klimafreundlichen Kugeln bestehen zu 100% aus nat\u00fcrlicher Maisst\u00e4rke und Lebensmittelfarbe und sind gluten- und allergenfrei.  <\/span><\/span><span class=\"VIiyi\" lang=\"da\"><span class=\"JLqJ4b ChMk0b\" data-language-for-alternatives=\"da\" data-language-to-translate-into=\"en\" data-phrase-index=\"2\">Die Kugeln werden zuf\u00e4llig und direkt auf dem Boden verstreut. Eine Bepflanzung ist nicht erforderlich.<br \/>\nDer Beutel enth\u00e4lt 5 B\u00e4lle, die<\/span><\/span><span class=\"VIiyi\" lang=\"da\"><span class=\"JLqJ4b ChMk0b\" data-language-for-alternatives=\"da\" data-language-to-translate-into=\"en\" data-phrase-index=\"2\">  farblich sortiert und in S\u00e4cken verpackt.  <\/span><\/span><\/div>\n<div align=\"left\"><span class=\"VIiyi\" lang=\"da\"><span class=\"JLqJ4b\" data-language-for-alternatives=\"da\" data-language-to-translate-into=\"en\" data-phrase-index=\"0\"><br \/>\nDruckfl\u00e4che: ca. 8,1 x 9,0 cm<br \/>\n<span class=\"JLqJ4b ChMk0b\" data-language-for-alternatives=\"da\" data-language-to-translate-into=\"en\" data-phrase-index=\"28\">Mindestbestellmenge: <\/span><span class=\"JLqJ4b ChMk0b\" data-language-for-alternatives=\"da\" data-language-to-translate-into=\"en\" data-phrase-index=\"30\">50 Stk<\/span>.<br \/>\n<\/span><\/span><\/div>\n<\/div>\n<div align=\"left\">[tryk]<\/div>\n<div align=\"left\"><\/div>\n<div align=\"left\"><img loading=\"lazy\" decoding=\"async\" class=\"size-medium wp-image-21008\" src=\"https:\/\/grontkontor.dk\/wp-content\/uploads\/2020\/11\/eu-flag_1-300x199.jpg\" alt=\"Fremstillet i EU\" width=\"76\" height=\"50\" srcset=\"https:\/\/grontkontor.dk\/wp-content\/uploads\/2020\/11\/eu-flag_1-300x199.jpg 300w, https:\/\/grontkontor.dk\/wp-content\/uploads\/2020\/11\/eu-flag_1.jpg 530w\" sizes=\"(max-width: 76px) 100vw, 76px\" \/><\/div>\n","protected":false},"excerpt":{"rendered":"<p>Kleine Samenkugeln bestehend aus ca. 20 verschiedenen Wildblumensamen, Erde und Tonpulver, au\u00dfen gef\u00e4rbt mit lebensmittelzugelassenem Farbpulver in Blau, Gr\u00fcn, Gelb und Rot. Die klimafreundlichen Kugeln bestehen zu 100% aus nat\u00fcrlicher Maisst\u00e4rke und Lebensmittelfarbe und sind gluten- und allergenfrei. Die Kugeln werden zuf\u00e4llig und direkt auf dem Boden verstreut. Eine Bepflanzung ist nicht erforderlich. Der Beutel [&hellip;]<\/p>\n","protected":false},"featured_media":112460,"comment_status":"closed","ping_status":"closed","template":"","meta":{"_acf_changed":false},"product_cat":[3644,3321,3323],"product_tag":[3940,3646],"class_list":{"0":"post-88544","1":"product","2":"type-product","3":"status-publish","4":"has-post-thumbnail","6":"product_cat-geschenke-pflanzen","7":"product_cat-klimafreundliche-werbegeschenke","8":"product_cat-produktserien","9":"product_tag-blumentopf","10":"product_tag-pflanzen-geschenk","11":"tm-has-options","13":"first","14":"instock","15":"taxable","16":"shipping-taxable","17":"purchasable","18":"product-type-simple"},"acf":[],"yoast_head":"<!-- This site is optimized with the Yoast SEO Premium plugin v21.2 (Yoast SEO v21.2) - https:\/\/yoast.com\/wordpress\/plugins\/seo\/ -->\n<title>Bunte Mini-Blumenkugeln - Gr\u00f8nt Kontor<\/title>\n<meta name=\"robots\" content=\"index, follow, max-snippet:-1, max-image-preview:large, max-video-preview:-1\" \/>\n<link rel=\"canonical\" href=\"https:\/\/grontkontor.dk\/de\/shop\/pflanzengeschenk-bunte-mini-blumenkugeln\/\" \/>\n<meta property=\"og:locale\" content=\"de_DE\" \/>\n<meta property=\"og:type\" content=\"article\" \/>\n<meta property=\"og:title\" content=\"Bunte Mini-Blumenkugeln\" \/>\n<meta property=\"og:description\" content=\"Kleine Samenkugeln bestehend aus ca. 20 verschiedenen Wildblumensamen, Erde und Tonpulver, au\u00dfen gef\u00e4rbt mit lebensmittelzugelassenem Farbpulver in Blau, Gr\u00fcn, Gelb und Rot. Die klimafreundlichen Kugeln bestehen zu 100% aus nat\u00fcrlicher Maisst\u00e4rke und Lebensmittelfarbe und sind gluten- und allergenfrei. Die Kugeln werden zuf\u00e4llig und direkt auf dem Boden verstreut. Eine Bepflanzung ist nicht erforderlich. Der Beutel [&hellip;]\" \/>\n<meta property=\"og:url\" content=\"https:\/\/grontkontor.dk\/de\/shop\/pflanzengeschenk-bunte-mini-blumenkugeln\/\" \/>\n<meta property=\"og:site_name\" content=\"Gr\u00f8nt Kontor\" \/>\n<meta property=\"article:publisher\" content=\"https:\/\/www.facebook.com\/grontkontor.dk\/\" \/>\n<meta property=\"og:image\" content=\"https:\/\/grontkontor.dk\/wp-content\/uploads\/2021\/09\/Farverige-mini-blomsterbolde-posebolde.jpg\" \/>\n\t<meta property=\"og:image:width\" content=\"900\" \/>\n\t<meta property=\"og:image:height\" content=\"639\" \/>\n\t<meta property=\"og:image:type\" content=\"image\/jpeg\" \/>\n<meta name=\"twitter:card\" content=\"summary_large_image\" \/>\n<script type=\"application\/ld+json\" class=\"yoast-schema-graph\">{\"@context\":\"https:\/\/schema.org\",\"@graph\":[{\"@type\":\"WebPage\",\"@id\":\"https:\/\/grontkontor.dk\/de\/shop\/pflanzengeschenk-bunte-mini-blumenkugeln\/\",\"url\":\"https:\/\/grontkontor.dk\/de\/shop\/pflanzengeschenk-bunte-mini-blumenkugeln\/\",\"name\":\"Bunte Mini-Blumenkugeln - Gr\u00f8nt Kontor\",\"isPartOf\":{\"@id\":\"https:\/\/grontkontor.dk\/#website\"},\"datePublished\":\"2024-05-29T07:52:02+00:00\",\"dateModified\":\"2024-05-29T07:52:02+00:00\",\"breadcrumb\":{\"@id\":\"https:\/\/grontkontor.dk\/de\/shop\/pflanzengeschenk-bunte-mini-blumenkugeln\/#breadcrumb\"},\"inLanguage\":\"de\",\"potentialAction\":[{\"@type\":\"ReadAction\",\"target\":[\"https:\/\/grontkontor.dk\/de\/shop\/pflanzengeschenk-bunte-mini-blumenkugeln\/\"]}]},{\"@type\":\"BreadcrumbList\",\"@id\":\"https:\/\/grontkontor.dk\/de\/shop\/pflanzengeschenk-bunte-mini-blumenkugeln\/#breadcrumb\",\"itemListElement\":[{\"@type\":\"ListItem\",\"position\":1,\"name\":\"Forside\",\"item\":\"https:\/\/grontkontor.dk\/de\/\"},{\"@type\":\"ListItem\",\"position\":2,\"name\":\"Laden\",\"item\":\"https:\/\/grontkontor.dk\/de\/laden\/\"},{\"@type\":\"ListItem\",\"position\":3,\"name\":\"Produktserier\",\"item\":\"https:\/\/grontkontor.dk\/produkt-kategori\/produktserier-da\/\"},{\"@type\":\"ListItem\",\"position\":4,\"name\":\"Plantegaver\",\"item\":\"https:\/\/grontkontor.dk\/produkt-kategori\/produktserier-da\/plantegaver\/\"},{\"@type\":\"ListItem\",\"position\":5,\"name\":\"Bunte Mini-Blumenkugeln\"}]},{\"@type\":\"WebSite\",\"@id\":\"https:\/\/grontkontor.dk\/#website\",\"url\":\"https:\/\/grontkontor.dk\/\",\"name\":\"Gr\u00f8nt Kontor\",\"description\":\"Milj\u00f8venlige produkter til kontor og erhverv med fokus p\u00e5 b\u00e6redygtighed, design og fair trade.\",\"publisher\":{\"@id\":\"https:\/\/grontkontor.dk\/#organization\"},\"potentialAction\":[{\"@type\":\"SearchAction\",\"target\":{\"@type\":\"EntryPoint\",\"urlTemplate\":\"https:\/\/grontkontor.dk\/?s={search_term_string}\"},\"query-input\":\"required name=search_term_string\"}],\"inLanguage\":\"de\"},{\"@type\":\"Organization\",\"@id\":\"https:\/\/grontkontor.dk\/#organization\",\"name\":\"Gr\u00f8nt Kontor\",\"url\":\"https:\/\/grontkontor.dk\/\",\"logo\":{\"@type\":\"ImageObject\",\"inLanguage\":\"de\",\"@id\":\"https:\/\/grontkontor.dk\/#\/schema\/logo\/image\/\",\"url\":\"https:\/\/grontkontor.dk\/wp-content\/uploads\/2014\/02\/Logo_groent_kontor_300x80.png\",\"contentUrl\":\"https:\/\/grontkontor.dk\/wp-content\/uploads\/2014\/02\/Logo_groent_kontor_300x80.png\",\"width\":300,\"height\":80,\"caption\":\"Gr\u00f8nt Kontor\"},\"image\":{\"@id\":\"https:\/\/grontkontor.dk\/#\/schema\/logo\/image\/\"},\"sameAs\":[\"https:\/\/www.facebook.com\/grontkontor.dk\/\"]}]}<\/script>\n<!-- \/ Yoast SEO Premium plugin. -->","yoast_head_json":{"title":"Bunte Mini-Blumenkugeln - Gr\u00f8nt Kontor","robots":{"index":"index","follow":"follow","max-snippet":"max-snippet:-1","max-image-preview":"max-image-preview:large","max-video-preview":"max-video-preview:-1"},"canonical":"https:\/\/grontkontor.dk\/de\/shop\/pflanzengeschenk-bunte-mini-blumenkugeln\/","og_locale":"de_DE","og_type":"article","og_title":"Bunte Mini-Blumenkugeln","og_description":"Kleine Samenkugeln bestehend aus ca. 20 verschiedenen Wildblumensamen, Erde und Tonpulver, au\u00dfen gef\u00e4rbt mit lebensmittelzugelassenem Farbpulver in Blau, Gr\u00fcn, Gelb und Rot. Die klimafreundlichen Kugeln bestehen zu 100% aus nat\u00fcrlicher Maisst\u00e4rke und Lebensmittelfarbe und sind gluten- und allergenfrei. Die Kugeln werden zuf\u00e4llig und direkt auf dem Boden verstreut. Eine Bepflanzung ist nicht erforderlich. Der Beutel [&hellip;]","og_url":"https:\/\/grontkontor.dk\/de\/shop\/pflanzengeschenk-bunte-mini-blumenkugeln\/","og_site_name":"Gr\u00f8nt Kontor","article_publisher":"https:\/\/www.facebook.com\/grontkontor.dk\/","og_image":[{"width":900,"height":639,"url":"https:\/\/grontkontor.dk\/wp-content\/uploads\/2021\/09\/Farverige-mini-blomsterbolde-posebolde.jpg","type":"image\/jpeg"}],"twitter_card":"summary_large_image","schema":{"@context":"https:\/\/schema.org","@graph":[{"@type":"WebPage","@id":"https:\/\/grontkontor.dk\/de\/shop\/pflanzengeschenk-bunte-mini-blumenkugeln\/","url":"https:\/\/grontkontor.dk\/de\/shop\/pflanzengeschenk-bunte-mini-blumenkugeln\/","name":"Bunte Mini-Blumenkugeln - Gr\u00f8nt Kontor","isPartOf":{"@id":"https:\/\/grontkontor.dk\/#website"},"datePublished":"2024-05-29T07:52:02+00:00","dateModified":"2024-05-29T07:52:02+00:00","breadcrumb":{"@id":"https:\/\/grontkontor.dk\/de\/shop\/pflanzengeschenk-bunte-mini-blumenkugeln\/#breadcrumb"},"inLanguage":"de","potentialAction":[{"@type":"ReadAction","target":["https:\/\/grontkontor.dk\/de\/shop\/pflanzengeschenk-bunte-mini-blumenkugeln\/"]}]},{"@type":"BreadcrumbList","@id":"https:\/\/grontkontor.dk\/de\/shop\/pflanzengeschenk-bunte-mini-blumenkugeln\/#breadcrumb","itemListElement":[{"@type":"ListItem","position":1,"name":"Forside","item":"https:\/\/grontkontor.dk\/de\/"},{"@type":"ListItem","position":2,"name":"Laden","item":"https:\/\/grontkontor.dk\/de\/laden\/"},{"@type":"ListItem","position":3,"name":"Produktserier","item":"https:\/\/grontkontor.dk\/produkt-kategori\/produktserier-da\/"},{"@type":"ListItem","position":4,"name":"Plantegaver","item":"https:\/\/grontkontor.dk\/produkt-kategori\/produktserier-da\/plantegaver\/"},{"@type":"ListItem","position":5,"name":"Bunte Mini-Blumenkugeln"}]},{"@type":"WebSite","@id":"https:\/\/grontkontor.dk\/#website","url":"https:\/\/grontkontor.dk\/","name":"Gr\u00f8nt Kontor","description":"Milj\u00f8venlige produkter til kontor og erhverv med fokus p\u00e5 b\u00e6redygtighed, design og fair trade.","publisher":{"@id":"https:\/\/grontkontor.dk\/#organization"},"potentialAction":[{"@type":"SearchAction","target":{"@type":"EntryPoint","urlTemplate":"https:\/\/grontkontor.dk\/?s={search_term_string}"},"query-input":"required name=search_term_string"}],"inLanguage":"de"},{"@type":"Organization","@id":"https:\/\/grontkontor.dk\/#organization","name":"Gr\u00f8nt Kontor","url":"https:\/\/grontkontor.dk\/","logo":{"@type":"ImageObject","inLanguage":"de","@id":"https:\/\/grontkontor.dk\/#\/schema\/logo\/image\/","url":"https:\/\/grontkontor.dk\/wp-content\/uploads\/2014\/02\/Logo_groent_kontor_300x80.png","contentUrl":"https:\/\/grontkontor.dk\/wp-content\/uploads\/2014\/02\/Logo_groent_kontor_300x80.png","width":300,"height":80,"caption":"Gr\u00f8nt Kontor"},"image":{"@id":"https:\/\/grontkontor.dk\/#\/schema\/logo\/image\/"},"sameAs":["https:\/\/www.facebook.com\/grontkontor.dk\/"]}]}},"_links":{"self":[{"href":"https:\/\/grontkontor.dk\/de\/wp-json\/wp\/v2\/product\/88544"}],"collection":[{"href":"https:\/\/grontkontor.dk\/de\/wp-json\/wp\/v2\/product"}],"about":[{"href":"https:\/\/grontkontor.dk\/de\/wp-json\/wp\/v2\/types\/product"}],"replies":[{"embeddable":true,"href":"https:\/\/grontkontor.dk\/de\/wp-json\/wp\/v2\/comments?post=88544"}],"wp:featuredmedia":[{"embeddable":true,"href":"https:\/\/grontkontor.dk\/de\/wp-json\/wp\/v2\/media\/112460"}],"wp:attachment":[{"href":"https:\/\/grontkontor.dk\/de\/wp-json\/wp\/v2\/media?parent=88544"}],"wp:term":[{"taxonomy":"product_cat","embeddable":true,"href":"https:\/\/grontkontor.dk\/de\/wp-json\/wp\/v2\/product_cat?post=88544"},{"taxonomy":"product_tag","embeddable":true,"href":"https:\/\/grontkontor.dk\/de\/wp-json\/wp\/v2\/product_tag?post=88544"}],"curies":[{"name":"wp","href":"https:\/\/api.w.org\/{rel}","templated":true}]}}