{"id":89193,"date":"2023-09-22T13:18:41","date_gmt":"2024-05-29T07:53:34","guid":{"rendered":"https:\/\/grontkontor.dk\/shop\/marzipan-herz-packungen-a-30-tlg\/"},"modified":"2024-05-29T09:53:34","modified_gmt":"2024-05-29T07:53:34","slug":"marzipan-herz-packungen-a-30-tlg","status":"publish","type":"product","link":"https:\/\/grontkontor.dk\/de\/shop\/marzipan-herz-packungen-a-30-tlg\/","title":{"rendered":"Marzipanherz in Packungen mit 30 St\u00fcck."},"content":{"rendered":"<p>Bio-Marzipanherzen sind das perfekte Werbegeschenk, Handout f\u00fcr Messen oder Veranstaltungen. Die klimafreundlichen Marzipanherzen gibt es in drei verschiedenen Sorten: Marzipan pur, Marzipan mit Lakritz oder Marzipan mit Himbeeren. Die Marzipanherzen werden in 30er-Packungen verkauft.<br \/>\nMindestbestellmenge 4 Pakete<\/p>\n<a href=\"https:\/\/www.foedevarestyrelsen.dk\/Leksikon\/Sider\/%C3%98-m%C3%A6rket.aspx\"><img loading=\"lazy\" decoding=\"async\" class=\"size-medium wp-image-24418\" src=\"https:\/\/grontkontor.dk\/wp-content\/uploads\/2024\/05\/statskontrolleret-oekologisk-2.jpg\" alt=\"Statskontrolleret \u00f8kologisk\" width=\"54\" height=\"50\" \/><\/a>\n","protected":false},"excerpt":{"rendered":"<p>Bio-Marzipanherzen sind das perfekte Werbegeschenk, Handout f\u00fcr Messen oder Veranstaltungen. Die klimafreundlichen Marzipanherzen gibt es in drei verschiedenen Sorten: Marzipan pur, Marzipan mit Lakritz oder Marzipan mit Himbeeren. Die Marzipanherzen werden in 30er-Packungen verkauft. Mindestbestellmenge 4 Pakete<\/p>\n","protected":false},"featured_media":112158,"comment_status":"closed","ping_status":"closed","template":"","meta":{"_acf_changed":false},"product_cat":[3822,3325,3420,3824],"product_tag":[3421],"class_list":{"0":"post-89193","1":"product","2":"type-product","3":"status-publish","4":"has-post-thumbnail","6":"product_cat-crunch-und-snacks","7":"product_cat-dummy-moq-1-de","8":"product_cat-suessigkeiten-und-snacks","9":"product_cat-suessigkeiten-snacks-und-snacks","10":"product_tag-schokolade","11":"tm-no-options","13":"first","14":"instock","15":"taxable","16":"shipping-taxable","17":"purchasable","18":"product-type-variable"},"acf":[],"yoast_head":"<!-- This site is optimized with the Yoast SEO Premium plugin v21.2 (Yoast SEO v21.2) - https:\/\/yoast.com\/wordpress\/plugins\/seo\/ -->\n<title>Marzipanherz in Packungen mit 30 St\u00fcck. - Gr\u00f8nt Kontor<\/title>\n<meta name=\"robots\" content=\"index, follow, max-snippet:-1, max-image-preview:large, max-video-preview:-1\" \/>\n<link rel=\"canonical\" href=\"https:\/\/grontkontor.dk\/de\/shop\/marzipan-herz-packungen-a-30-tlg\/\" \/>\n<meta property=\"og:locale\" content=\"de_DE\" \/>\n<meta property=\"og:type\" content=\"article\" \/>\n<meta property=\"og:title\" content=\"Marzipanherz in Packungen mit 30 St\u00fcck.\" \/>\n<meta property=\"og:description\" content=\"Bio-Marzipanherzen sind das perfekte Werbegeschenk, Handout f\u00fcr Messen oder Veranstaltungen. Die klimafreundlichen Marzipanherzen gibt es in drei verschiedenen Sorten: Marzipan pur, Marzipan mit Lakritz oder Marzipan mit Himbeeren. Die Marzipanherzen werden in 30er-Packungen verkauft. Mindestbestellmenge 4 Pakete\" \/>\n<meta property=\"og:url\" content=\"https:\/\/grontkontor.dk\/de\/shop\/marzipan-herz-packungen-a-30-tlg\/\" \/>\n<meta property=\"og:site_name\" content=\"Gr\u00f8nt Kontor\" \/>\n<meta property=\"article:publisher\" content=\"https:\/\/www.facebook.com\/grontkontor.dk\/\" \/>\n<meta property=\"og:image\" content=\"https:\/\/grontkontor.dk\/wp-content\/uploads\/2021\/06\/marcipanhjerter-3-varianter.jpg\" \/>\n\t<meta property=\"og:image:width\" content=\"900\" \/>\n\t<meta property=\"og:image:height\" content=\"639\" \/>\n\t<meta property=\"og:image:type\" content=\"image\/jpeg\" \/>\n<meta name=\"twitter:card\" content=\"summary_large_image\" \/>\n<script type=\"application\/ld+json\" class=\"yoast-schema-graph\">{\"@context\":\"https:\/\/schema.org\",\"@graph\":[{\"@type\":\"WebPage\",\"@id\":\"https:\/\/grontkontor.dk\/de\/shop\/marzipan-herz-packungen-a-30-tlg\/\",\"url\":\"https:\/\/grontkontor.dk\/de\/shop\/marzipan-herz-packungen-a-30-tlg\/\",\"name\":\"Marzipanherz in Packungen mit 30 St\u00fcck. - Gr\u00f8nt Kontor\",\"isPartOf\":{\"@id\":\"https:\/\/grontkontor.dk\/#website\"},\"datePublished\":\"2024-05-29T07:53:34+00:00\",\"dateModified\":\"2024-05-29T07:53:34+00:00\",\"breadcrumb\":{\"@id\":\"https:\/\/grontkontor.dk\/de\/shop\/marzipan-herz-packungen-a-30-tlg\/#breadcrumb\"},\"inLanguage\":\"de\",\"potentialAction\":[{\"@type\":\"ReadAction\",\"target\":[\"https:\/\/grontkontor.dk\/de\/shop\/marzipan-herz-packungen-a-30-tlg\/\"]}]},{\"@type\":\"BreadcrumbList\",\"@id\":\"https:\/\/grontkontor.dk\/de\/shop\/marzipan-herz-packungen-a-30-tlg\/#breadcrumb\",\"itemListElement\":[{\"@type\":\"ListItem\",\"position\":1,\"name\":\"Forside\",\"item\":\"https:\/\/grontkontor.dk\/de\/\"},{\"@type\":\"ListItem\",\"position\":2,\"name\":\"Laden\",\"item\":\"https:\/\/grontkontor.dk\/de\/laden\/\"},{\"@type\":\"ListItem\",\"position\":3,\"name\":\"Mad og drikke\",\"item\":\"https:\/\/grontkontor.dk\/produkt-kategori\/mad-og-drikke\/\"},{\"@type\":\"ListItem\",\"position\":4,\"name\":\"Slik og snacks\",\"item\":\"https:\/\/grontkontor.dk\/produkt-kategori\/mad-og-drikke\/slik-og-snacks\/\"},{\"@type\":\"ListItem\",\"position\":5,\"name\":\"Marzipanherz in Packungen mit 30 St\u00fcck.\"}]},{\"@type\":\"WebSite\",\"@id\":\"https:\/\/grontkontor.dk\/#website\",\"url\":\"https:\/\/grontkontor.dk\/\",\"name\":\"Gr\u00f8nt Kontor\",\"description\":\"Milj\u00f8venlige produkter til kontor og erhverv med fokus p\u00e5 b\u00e6redygtighed, design og fair trade.\",\"publisher\":{\"@id\":\"https:\/\/grontkontor.dk\/#organization\"},\"potentialAction\":[{\"@type\":\"SearchAction\",\"target\":{\"@type\":\"EntryPoint\",\"urlTemplate\":\"https:\/\/grontkontor.dk\/?s={search_term_string}\"},\"query-input\":\"required name=search_term_string\"}],\"inLanguage\":\"de\"},{\"@type\":\"Organization\",\"@id\":\"https:\/\/grontkontor.dk\/#organization\",\"name\":\"Gr\u00f8nt Kontor\",\"url\":\"https:\/\/grontkontor.dk\/\",\"logo\":{\"@type\":\"ImageObject\",\"inLanguage\":\"de\",\"@id\":\"https:\/\/grontkontor.dk\/#\/schema\/logo\/image\/\",\"url\":\"https:\/\/grontkontor.dk\/wp-content\/uploads\/2014\/02\/Logo_groent_kontor_300x80.png\",\"contentUrl\":\"https:\/\/grontkontor.dk\/wp-content\/uploads\/2014\/02\/Logo_groent_kontor_300x80.png\",\"width\":300,\"height\":80,\"caption\":\"Gr\u00f8nt Kontor\"},\"image\":{\"@id\":\"https:\/\/grontkontor.dk\/#\/schema\/logo\/image\/\"},\"sameAs\":[\"https:\/\/www.facebook.com\/grontkontor.dk\/\"]}]}<\/script>\n<!-- \/ Yoast SEO Premium plugin. -->","yoast_head_json":{"title":"Marzipanherz in Packungen mit 30 St\u00fcck. - Gr\u00f8nt Kontor","robots":{"index":"index","follow":"follow","max-snippet":"max-snippet:-1","max-image-preview":"max-image-preview:large","max-video-preview":"max-video-preview:-1"},"canonical":"https:\/\/grontkontor.dk\/de\/shop\/marzipan-herz-packungen-a-30-tlg\/","og_locale":"de_DE","og_type":"article","og_title":"Marzipanherz in Packungen mit 30 St\u00fcck.","og_description":"Bio-Marzipanherzen sind das perfekte Werbegeschenk, Handout f\u00fcr Messen oder Veranstaltungen. Die klimafreundlichen Marzipanherzen gibt es in drei verschiedenen Sorten: Marzipan pur, Marzipan mit Lakritz oder Marzipan mit Himbeeren. Die Marzipanherzen werden in 30er-Packungen verkauft. Mindestbestellmenge 4 Pakete","og_url":"https:\/\/grontkontor.dk\/de\/shop\/marzipan-herz-packungen-a-30-tlg\/","og_site_name":"Gr\u00f8nt Kontor","article_publisher":"https:\/\/www.facebook.com\/grontkontor.dk\/","og_image":[{"width":900,"height":639,"url":"https:\/\/grontkontor.dk\/wp-content\/uploads\/2021\/06\/marcipanhjerter-3-varianter.jpg","type":"image\/jpeg"}],"twitter_card":"summary_large_image","schema":{"@context":"https:\/\/schema.org","@graph":[{"@type":"WebPage","@id":"https:\/\/grontkontor.dk\/de\/shop\/marzipan-herz-packungen-a-30-tlg\/","url":"https:\/\/grontkontor.dk\/de\/shop\/marzipan-herz-packungen-a-30-tlg\/","name":"Marzipanherz in Packungen mit 30 St\u00fcck. - Gr\u00f8nt Kontor","isPartOf":{"@id":"https:\/\/grontkontor.dk\/#website"},"datePublished":"2024-05-29T07:53:34+00:00","dateModified":"2024-05-29T07:53:34+00:00","breadcrumb":{"@id":"https:\/\/grontkontor.dk\/de\/shop\/marzipan-herz-packungen-a-30-tlg\/#breadcrumb"},"inLanguage":"de","potentialAction":[{"@type":"ReadAction","target":["https:\/\/grontkontor.dk\/de\/shop\/marzipan-herz-packungen-a-30-tlg\/"]}]},{"@type":"BreadcrumbList","@id":"https:\/\/grontkontor.dk\/de\/shop\/marzipan-herz-packungen-a-30-tlg\/#breadcrumb","itemListElement":[{"@type":"ListItem","position":1,"name":"Forside","item":"https:\/\/grontkontor.dk\/de\/"},{"@type":"ListItem","position":2,"name":"Laden","item":"https:\/\/grontkontor.dk\/de\/laden\/"},{"@type":"ListItem","position":3,"name":"Mad og drikke","item":"https:\/\/grontkontor.dk\/produkt-kategori\/mad-og-drikke\/"},{"@type":"ListItem","position":4,"name":"Slik og snacks","item":"https:\/\/grontkontor.dk\/produkt-kategori\/mad-og-drikke\/slik-og-snacks\/"},{"@type":"ListItem","position":5,"name":"Marzipanherz in Packungen mit 30 St\u00fcck."}]},{"@type":"WebSite","@id":"https:\/\/grontkontor.dk\/#website","url":"https:\/\/grontkontor.dk\/","name":"Gr\u00f8nt Kontor","description":"Milj\u00f8venlige produkter til kontor og erhverv med fokus p\u00e5 b\u00e6redygtighed, design og fair trade.","publisher":{"@id":"https:\/\/grontkontor.dk\/#organization"},"potentialAction":[{"@type":"SearchAction","target":{"@type":"EntryPoint","urlTemplate":"https:\/\/grontkontor.dk\/?s={search_term_string}"},"query-input":"required name=search_term_string"}],"inLanguage":"de"},{"@type":"Organization","@id":"https:\/\/grontkontor.dk\/#organization","name":"Gr\u00f8nt Kontor","url":"https:\/\/grontkontor.dk\/","logo":{"@type":"ImageObject","inLanguage":"de","@id":"https:\/\/grontkontor.dk\/#\/schema\/logo\/image\/","url":"https:\/\/grontkontor.dk\/wp-content\/uploads\/2014\/02\/Logo_groent_kontor_300x80.png","contentUrl":"https:\/\/grontkontor.dk\/wp-content\/uploads\/2014\/02\/Logo_groent_kontor_300x80.png","width":300,"height":80,"caption":"Gr\u00f8nt Kontor"},"image":{"@id":"https:\/\/grontkontor.dk\/#\/schema\/logo\/image\/"},"sameAs":["https:\/\/www.facebook.com\/grontkontor.dk\/"]}]}},"_links":{"self":[{"href":"https:\/\/grontkontor.dk\/de\/wp-json\/wp\/v2\/product\/89193"}],"collection":[{"href":"https:\/\/grontkontor.dk\/de\/wp-json\/wp\/v2\/product"}],"about":[{"href":"https:\/\/grontkontor.dk\/de\/wp-json\/wp\/v2\/types\/product"}],"replies":[{"embeddable":true,"href":"https:\/\/grontkontor.dk\/de\/wp-json\/wp\/v2\/comments?post=89193"}],"wp:featuredmedia":[{"embeddable":true,"href":"https:\/\/grontkontor.dk\/de\/wp-json\/wp\/v2\/media\/112158"}],"wp:attachment":[{"href":"https:\/\/grontkontor.dk\/de\/wp-json\/wp\/v2\/media?parent=89193"}],"wp:term":[{"taxonomy":"product_cat","embeddable":true,"href":"https:\/\/grontkontor.dk\/de\/wp-json\/wp\/v2\/product_cat?post=89193"},{"taxonomy":"product_tag","embeddable":true,"href":"https:\/\/grontkontor.dk\/de\/wp-json\/wp\/v2\/product_tag?post=89193"}],"curies":[{"name":"wp","href":"https:\/\/api.w.org\/{rel}","templated":true}]}}