{"id":89349,"date":"2023-09-22T13:18:41","date_gmt":"2024-05-29T07:53:42","guid":{"rendered":"https:\/\/grontkontor.dk\/shop\/einen-baum-in-einer-topfpflanze-wachsen-lassen\/"},"modified":"2024-05-29T09:53:42","modified_gmt":"2024-05-29T07:53:42","slug":"einen-baum-in-einer-topfpflanze-wachsen-lassen","status":"publish","type":"product","link":"https:\/\/grontkontor.dk\/de\/shop\/einen-baum-in-einer-topfpflanze-wachsen-lassen\/","title":{"rendered":"Eine Sonnenblume in einem Blumentopf anbauen"},"content":{"rendered":"<p>Blumentopf-Set mit Sonnenblumenkernen. Pflanzen Sie eine klimafreundliche Blume und machen Sie den Planeten gr\u00fcner. Geeignet als umweltfreundliches Werbegeschenk. Perfekt in der Gr\u00f6\u00dfe, um eine gr\u00fcne Atmosph\u00e4re im B\u00fcro zu schaffen.<\/p>\n<p>Das Paket enth\u00e4lt alles, was Sie brauchen, um Ihre eigene kleine Sonnenblume im Topf zu z\u00fcchten. Perfekt f\u00fcr die Fensterbank oder den Schreibtisch. Samen, Torfpellets\/Wachstumsmedium, damit Sie keine Erde ben\u00f6tigen, und Terrakotta-Blumentopf.<\/p>\n<p>Bestellung von mindestens 100 Stk.<\/p>\n<img loading=\"lazy\" decoding=\"async\" class=\"size-medium wp-image-21008\" src=\"https:\/\/grontkontor.dk\/wp-content\/uploads\/2020\/11\/eu-flag_1-300x199.jpg\" alt=\"Fremstillet i EU\" width=\"76\" height=\"50\" srcset=\"https:\/\/grontkontor.dk\/wp-content\/uploads\/2020\/11\/eu-flag_1-300x199.jpg 300w, https:\/\/grontkontor.dk\/wp-content\/uploads\/2020\/11\/eu-flag_1.jpg 530w\" sizes=\"(max-width: 76px) 100vw, 76px\" \/>\n<p>&nbsp;<\/p>\n<p>&nbsp;<\/p>\n<p>&nbsp;<\/p>\n","protected":false},"excerpt":{"rendered":"<p>Blumentopf-Set mit Sonnenblumenkernen. Pflanzen Sie eine klimafreundliche Blume und machen Sie den Planeten gr\u00fcner. Geeignet als umweltfreundliches Werbegeschenk. Perfekt in der Gr\u00f6\u00dfe, um eine gr\u00fcne Atmosph\u00e4re im B\u00fcro zu schaffen. Das Paket enth\u00e4lt alles, was Sie brauchen, um Ihre eigene kleine Sonnenblume im Topf zu z\u00fcchten. Perfekt f\u00fcr die Fensterbank oder den Schreibtisch. Samen, Torfpellets\/Wachstumsmedium, [&hellip;]<\/p>\n","protected":false},"featured_media":112251,"comment_status":"closed","ping_status":"closed","template":"","meta":{"_acf_changed":false},"product_cat":[3517,3644,3321,3323],"product_tag":[3646],"class_list":{"0":"post-89349","1":"product","2":"type-product","3":"status-publish","4":"has-post-thumbnail","6":"product_cat-dummy-moq-50-100-de","7":"product_cat-geschenke-pflanzen","8":"product_cat-klimafreundliche-werbegeschenke","9":"product_cat-produktserien","10":"product_tag-pflanzen-geschenk","11":"tm-has-options","13":"first","14":"instock","15":"taxable","16":"shipping-taxable","17":"purchasable","18":"product-type-simple"},"acf":[],"yoast_head":"<!-- This site is optimized with the Yoast SEO Premium plugin v21.2 (Yoast SEO v21.2) - https:\/\/yoast.com\/wordpress\/plugins\/seo\/ -->\n<title>Eine Sonnenblume in einem Blumentopf anbauen - Gr\u00f8nt Kontor<\/title>\n<meta name=\"robots\" content=\"index, follow, max-snippet:-1, max-image-preview:large, max-video-preview:-1\" \/>\n<link rel=\"canonical\" href=\"https:\/\/grontkontor.dk\/de\/shop\/einen-baum-in-einer-topfpflanze-wachsen-lassen\/\" \/>\n<meta property=\"og:locale\" content=\"de_DE\" \/>\n<meta property=\"og:type\" content=\"article\" \/>\n<meta property=\"og:title\" content=\"Eine Sonnenblume in einem Blumentopf anbauen\" \/>\n<meta property=\"og:description\" content=\"Blumentopf-Set mit Sonnenblumenkernen. Pflanzen Sie eine klimafreundliche Blume und machen Sie den Planeten gr\u00fcner. Geeignet als umweltfreundliches Werbegeschenk. Perfekt in der Gr\u00f6\u00dfe, um eine gr\u00fcne Atmosph\u00e4re im B\u00fcro zu schaffen. Das Paket enth\u00e4lt alles, was Sie brauchen, um Ihre eigene kleine Sonnenblume im Topf zu z\u00fcchten. Perfekt f\u00fcr die Fensterbank oder den Schreibtisch. Samen, Torfpellets\/Wachstumsmedium, [&hellip;]\" \/>\n<meta property=\"og:url\" content=\"https:\/\/grontkontor.dk\/de\/shop\/einen-baum-in-einer-topfpflanze-wachsen-lassen\/\" \/>\n<meta property=\"og:site_name\" content=\"Gr\u00f8nt Kontor\" \/>\n<meta property=\"article:publisher\" content=\"https:\/\/www.facebook.com\/grontkontor.dk\/\" \/>\n<meta property=\"og:image\" content=\"https:\/\/grontkontor.dk\/wp-content\/uploads\/2021\/06\/solsikke-dyrk-selv-miljoevenlig-plantegave.jpg\" \/>\n\t<meta property=\"og:image:width\" content=\"900\" \/>\n\t<meta property=\"og:image:height\" content=\"639\" \/>\n\t<meta property=\"og:image:type\" content=\"image\/jpeg\" \/>\n<meta name=\"twitter:card\" content=\"summary_large_image\" \/>\n<script type=\"application\/ld+json\" class=\"yoast-schema-graph\">{\"@context\":\"https:\/\/schema.org\",\"@graph\":[{\"@type\":\"WebPage\",\"@id\":\"https:\/\/grontkontor.dk\/de\/shop\/einen-baum-in-einer-topfpflanze-wachsen-lassen\/\",\"url\":\"https:\/\/grontkontor.dk\/de\/shop\/einen-baum-in-einer-topfpflanze-wachsen-lassen\/\",\"name\":\"Eine Sonnenblume in einem Blumentopf anbauen - Gr\u00f8nt Kontor\",\"isPartOf\":{\"@id\":\"https:\/\/grontkontor.dk\/#website\"},\"datePublished\":\"2024-05-29T07:53:42+00:00\",\"dateModified\":\"2024-05-29T07:53:42+00:00\",\"breadcrumb\":{\"@id\":\"https:\/\/grontkontor.dk\/de\/shop\/einen-baum-in-einer-topfpflanze-wachsen-lassen\/#breadcrumb\"},\"inLanguage\":\"de\",\"potentialAction\":[{\"@type\":\"ReadAction\",\"target\":[\"https:\/\/grontkontor.dk\/de\/shop\/einen-baum-in-einer-topfpflanze-wachsen-lassen\/\"]}]},{\"@type\":\"BreadcrumbList\",\"@id\":\"https:\/\/grontkontor.dk\/de\/shop\/einen-baum-in-einer-topfpflanze-wachsen-lassen\/#breadcrumb\",\"itemListElement\":[{\"@type\":\"ListItem\",\"position\":1,\"name\":\"Forside\",\"item\":\"https:\/\/grontkontor.dk\/de\/\"},{\"@type\":\"ListItem\",\"position\":2,\"name\":\"Laden\",\"item\":\"https:\/\/grontkontor.dk\/de\/laden\/\"},{\"@type\":\"ListItem\",\"position\":3,\"name\":\"Produktserien\",\"item\":\"https:\/\/grontkontor.dk\/de\/produkt-kategori\/produktserien\/\"},{\"@type\":\"ListItem\",\"position\":4,\"name\":\"Geschenke pflanzen\",\"item\":\"https:\/\/grontkontor.dk\/de\/produkt-kategori\/produktserien\/geschenke-pflanzen\/\"},{\"@type\":\"ListItem\",\"position\":5,\"name\":\"Eine Sonnenblume in einem Blumentopf anbauen\"}]},{\"@type\":\"WebSite\",\"@id\":\"https:\/\/grontkontor.dk\/#website\",\"url\":\"https:\/\/grontkontor.dk\/\",\"name\":\"Gr\u00f8nt Kontor\",\"description\":\"Milj\u00f8venlige produkter til kontor og erhverv med fokus p\u00e5 b\u00e6redygtighed, design og fair trade.\",\"publisher\":{\"@id\":\"https:\/\/grontkontor.dk\/#organization\"},\"potentialAction\":[{\"@type\":\"SearchAction\",\"target\":{\"@type\":\"EntryPoint\",\"urlTemplate\":\"https:\/\/grontkontor.dk\/?s={search_term_string}\"},\"query-input\":\"required name=search_term_string\"}],\"inLanguage\":\"de\"},{\"@type\":\"Organization\",\"@id\":\"https:\/\/grontkontor.dk\/#organization\",\"name\":\"Gr\u00f8nt Kontor\",\"url\":\"https:\/\/grontkontor.dk\/\",\"logo\":{\"@type\":\"ImageObject\",\"inLanguage\":\"de\",\"@id\":\"https:\/\/grontkontor.dk\/#\/schema\/logo\/image\/\",\"url\":\"https:\/\/grontkontor.dk\/wp-content\/uploads\/2014\/02\/Logo_groent_kontor_300x80.png\",\"contentUrl\":\"https:\/\/grontkontor.dk\/wp-content\/uploads\/2014\/02\/Logo_groent_kontor_300x80.png\",\"width\":300,\"height\":80,\"caption\":\"Gr\u00f8nt Kontor\"},\"image\":{\"@id\":\"https:\/\/grontkontor.dk\/#\/schema\/logo\/image\/\"},\"sameAs\":[\"https:\/\/www.facebook.com\/grontkontor.dk\/\"]}]}<\/script>\n<!-- \/ Yoast SEO Premium plugin. -->","yoast_head_json":{"title":"Eine Sonnenblume in einem Blumentopf anbauen - Gr\u00f8nt Kontor","robots":{"index":"index","follow":"follow","max-snippet":"max-snippet:-1","max-image-preview":"max-image-preview:large","max-video-preview":"max-video-preview:-1"},"canonical":"https:\/\/grontkontor.dk\/de\/shop\/einen-baum-in-einer-topfpflanze-wachsen-lassen\/","og_locale":"de_DE","og_type":"article","og_title":"Eine Sonnenblume in einem Blumentopf anbauen","og_description":"Blumentopf-Set mit Sonnenblumenkernen. Pflanzen Sie eine klimafreundliche Blume und machen Sie den Planeten gr\u00fcner. Geeignet als umweltfreundliches Werbegeschenk. Perfekt in der Gr\u00f6\u00dfe, um eine gr\u00fcne Atmosph\u00e4re im B\u00fcro zu schaffen. Das Paket enth\u00e4lt alles, was Sie brauchen, um Ihre eigene kleine Sonnenblume im Topf zu z\u00fcchten. Perfekt f\u00fcr die Fensterbank oder den Schreibtisch. Samen, Torfpellets\/Wachstumsmedium, [&hellip;]","og_url":"https:\/\/grontkontor.dk\/de\/shop\/einen-baum-in-einer-topfpflanze-wachsen-lassen\/","og_site_name":"Gr\u00f8nt Kontor","article_publisher":"https:\/\/www.facebook.com\/grontkontor.dk\/","og_image":[{"width":900,"height":639,"url":"https:\/\/grontkontor.dk\/wp-content\/uploads\/2021\/06\/solsikke-dyrk-selv-miljoevenlig-plantegave.jpg","type":"image\/jpeg"}],"twitter_card":"summary_large_image","schema":{"@context":"https:\/\/schema.org","@graph":[{"@type":"WebPage","@id":"https:\/\/grontkontor.dk\/de\/shop\/einen-baum-in-einer-topfpflanze-wachsen-lassen\/","url":"https:\/\/grontkontor.dk\/de\/shop\/einen-baum-in-einer-topfpflanze-wachsen-lassen\/","name":"Eine Sonnenblume in einem Blumentopf anbauen - Gr\u00f8nt Kontor","isPartOf":{"@id":"https:\/\/grontkontor.dk\/#website"},"datePublished":"2024-05-29T07:53:42+00:00","dateModified":"2024-05-29T07:53:42+00:00","breadcrumb":{"@id":"https:\/\/grontkontor.dk\/de\/shop\/einen-baum-in-einer-topfpflanze-wachsen-lassen\/#breadcrumb"},"inLanguage":"de","potentialAction":[{"@type":"ReadAction","target":["https:\/\/grontkontor.dk\/de\/shop\/einen-baum-in-einer-topfpflanze-wachsen-lassen\/"]}]},{"@type":"BreadcrumbList","@id":"https:\/\/grontkontor.dk\/de\/shop\/einen-baum-in-einer-topfpflanze-wachsen-lassen\/#breadcrumb","itemListElement":[{"@type":"ListItem","position":1,"name":"Forside","item":"https:\/\/grontkontor.dk\/de\/"},{"@type":"ListItem","position":2,"name":"Laden","item":"https:\/\/grontkontor.dk\/de\/laden\/"},{"@type":"ListItem","position":3,"name":"Produktserien","item":"https:\/\/grontkontor.dk\/de\/produkt-kategori\/produktserien\/"},{"@type":"ListItem","position":4,"name":"Geschenke pflanzen","item":"https:\/\/grontkontor.dk\/de\/produkt-kategori\/produktserien\/geschenke-pflanzen\/"},{"@type":"ListItem","position":5,"name":"Eine Sonnenblume in einem Blumentopf anbauen"}]},{"@type":"WebSite","@id":"https:\/\/grontkontor.dk\/#website","url":"https:\/\/grontkontor.dk\/","name":"Gr\u00f8nt Kontor","description":"Milj\u00f8venlige produkter til kontor og erhverv med fokus p\u00e5 b\u00e6redygtighed, design og fair trade.","publisher":{"@id":"https:\/\/grontkontor.dk\/#organization"},"potentialAction":[{"@type":"SearchAction","target":{"@type":"EntryPoint","urlTemplate":"https:\/\/grontkontor.dk\/?s={search_term_string}"},"query-input":"required name=search_term_string"}],"inLanguage":"de"},{"@type":"Organization","@id":"https:\/\/grontkontor.dk\/#organization","name":"Gr\u00f8nt Kontor","url":"https:\/\/grontkontor.dk\/","logo":{"@type":"ImageObject","inLanguage":"de","@id":"https:\/\/grontkontor.dk\/#\/schema\/logo\/image\/","url":"https:\/\/grontkontor.dk\/wp-content\/uploads\/2014\/02\/Logo_groent_kontor_300x80.png","contentUrl":"https:\/\/grontkontor.dk\/wp-content\/uploads\/2014\/02\/Logo_groent_kontor_300x80.png","width":300,"height":80,"caption":"Gr\u00f8nt Kontor"},"image":{"@id":"https:\/\/grontkontor.dk\/#\/schema\/logo\/image\/"},"sameAs":["https:\/\/www.facebook.com\/grontkontor.dk\/"]}]}},"_links":{"self":[{"href":"https:\/\/grontkontor.dk\/de\/wp-json\/wp\/v2\/product\/89349"}],"collection":[{"href":"https:\/\/grontkontor.dk\/de\/wp-json\/wp\/v2\/product"}],"about":[{"href":"https:\/\/grontkontor.dk\/de\/wp-json\/wp\/v2\/types\/product"}],"replies":[{"embeddable":true,"href":"https:\/\/grontkontor.dk\/de\/wp-json\/wp\/v2\/comments?post=89349"}],"wp:featuredmedia":[{"embeddable":true,"href":"https:\/\/grontkontor.dk\/de\/wp-json\/wp\/v2\/media\/112251"}],"wp:attachment":[{"href":"https:\/\/grontkontor.dk\/de\/wp-json\/wp\/v2\/media?parent=89349"}],"wp:term":[{"taxonomy":"product_cat","embeddable":true,"href":"https:\/\/grontkontor.dk\/de\/wp-json\/wp\/v2\/product_cat?post=89349"},{"taxonomy":"product_tag","embeddable":true,"href":"https:\/\/grontkontor.dk\/de\/wp-json\/wp\/v2\/product_tag?post=89349"}],"curies":[{"name":"wp","href":"https:\/\/api.w.org\/{rel}","templated":true}]}}