{"id":89415,"date":"2023-09-22T13:25:20","date_gmt":"2024-05-29T07:53:46","guid":{"rendered":"https:\/\/grontkontor.dk\/shop\/smartphone-hulle-1\/"},"modified":"2024-05-29T09:53:46","modified_gmt":"2024-05-29T07:53:46","slug":"smartphone-hulle-1","status":"publish","type":"product","link":"https:\/\/grontkontor.dk\/de\/shop\/smartphone-hulle-1\/","title":{"rendered":"Smartphone-H\u00fclle #1 ohne Presse"},"content":{"rendered":"<p>Klimafreundliche und handgefertigte Handyh\u00fclle aus 100% nat\u00fcrlicher Merinowolle &#8211; zertifiziert nach \u00d6kotex Standard 100. Kann f\u00fcr iPhone und Android-Smartphones verwendet werden.  <span class=\"VIiyi\" lang=\"da\"><span class=\"JLqJ4b ChMk0b\" data-language-for-alternatives=\"da\" data-language-to-translate-into=\"en\" data-phrase-index=\"2\">Wollfilz ist ein 100% nat\u00fcrlicher und biologisch abbaubarer Rohstoff &#8211; ein liebliches, weiches und angenehmes Material ohne synthetische Zus\u00e4tze jeglicher Art. Mindestbestellmenge: 50 Stk.<br \/>\n<\/span><\/span><\/p>\n<p>4 Gr\u00f6\u00dfen:<br \/>\n8,5 x 15,7 cm (Passend f\u00fcr: iPhone 6\/7\/8)<br \/>\n9,0 x 16,2 cm (Kompatibel mit: iPhone 11 Pro)<br \/>\n9,3 x 16,5 cm (Kompatibel mit: iPhone 12 Pro)<br \/>\n10,3 x 17,9 cm (Kompatibel mit: iPhone 12 Pro Max)<\/p>\n<p>[tekstiltryk]<\/p>\n<p>&nbsp;<\/p>\n<p>[oekotex100_s]<\/p>\n<p>&nbsp;<\/p>\n<p><a href=\"http:\/\/www.okotex.dk\/om-oeko-tex\/\" target=\"window\"><img loading=\"lazy\" decoding=\"async\" class=\"alignnone size-full wp-image-10567\" src=\"https:\/\/grontkontor.dk\/wp-content\/uploads\/2018\/08\/Oeko-Tex-Certificate.jpg\" \n alt=\"OEKO-TEX?-m?rkede tekstiler er sikre tekstiler, der ikke skader kroppen. Klik p? logoet for yderligere information.\" width=\"77\" height=\"50\" border=0 \/><\/a> <img loading=\"lazy\" decoding=\"async\" class=\"size-medium wp-image-21008\" src=\"https:\/\/grontkontor.dk\/wp-content\/uploads\/2020\/11\/eu-flag_1-300x199.jpg\" alt=\"Fremstillet i EU\" width=\"76\" height=\"50\" srcset=\"https:\/\/grontkontor.dk\/wp-content\/uploads\/2020\/11\/eu-flag_1-300x199.jpg 300w, https:\/\/grontkontor.dk\/wp-content\/uploads\/2020\/11\/eu-flag_1.jpg 530w\" sizes=\"(max-width: 76px) 100vw, 76px\" \/><\/p>\n","protected":false},"excerpt":{"rendered":"<p>Klimafreundliche und handgefertigte Handyh\u00fclle aus 100% nat\u00fcrlicher Merinowolle &#8211; zertifiziert nach \u00d6kotex Standard 100. Kann f\u00fcr iPhone und Android-Smartphones verwendet werden. Wollfilz ist ein 100% nat\u00fcrlicher und biologisch abbaubarer Rohstoff &#8211; ein liebliches, weiches und angenehmes Material ohne synthetische Zus\u00e4tze jeglicher Art. Mindestbestellmenge: 50 Stk. 4 Gr\u00f6\u00dfen: 8,5 x 15,7 cm (Passend f\u00fcr: iPhone 6\/7\/8) [&hellip;]<\/p>\n","protected":false},"featured_media":112345,"comment_status":"closed","ping_status":"closed","template":"","meta":{"_acf_changed":false},"product_cat":[3517,3321,4120,3512],"product_tag":[4105,4121],"class_list":{"0":"post-89415","1":"product","2":"type-product","3":"status-publish","4":"has-post-thumbnail","6":"product_cat-dummy-moq-50-100-de","7":"product_cat-klimafreundliche-werbegeschenke","8":"product_cat-smartphone-huellen","9":"product_cat-taschen-tueten-und-huellen","10":"product_tag-beutel","11":"product_tag-mobile-huelle","12":"tm-no-options","14":"first","15":"instock","16":"taxable","17":"shipping-taxable","18":"purchasable","19":"product-type-variable"},"acf":[],"yoast_head":"<!-- This site is optimized with the Yoast SEO Premium plugin v21.2 (Yoast SEO v21.2) - https:\/\/yoast.com\/wordpress\/plugins\/seo\/ -->\n<title>Smartphone-H\u00fclle #1 ohne Presse - Gr\u00f8nt Kontor<\/title>\n<meta name=\"robots\" content=\"index, follow, max-snippet:-1, max-image-preview:large, max-video-preview:-1\" \/>\n<link rel=\"canonical\" href=\"https:\/\/grontkontor.dk\/de\/shop\/smartphone-hulle-1\/\" \/>\n<meta property=\"og:locale\" content=\"de_DE\" \/>\n<meta property=\"og:type\" content=\"article\" \/>\n<meta property=\"og:title\" content=\"Smartphone-H\u00fclle #1 ohne Presse\" \/>\n<meta property=\"og:description\" content=\"Klimafreundliche und handgefertigte Handyh\u00fclle aus 100% nat\u00fcrlicher Merinowolle &#8211; zertifiziert nach \u00d6kotex Standard 100. Kann f\u00fcr iPhone und Android-Smartphones verwendet werden. Wollfilz ist ein 100% nat\u00fcrlicher und biologisch abbaubarer Rohstoff &#8211; ein liebliches, weiches und angenehmes Material ohne synthetische Zus\u00e4tze jeglicher Art. Mindestbestellmenge: 50 Stk. 4 Gr\u00f6\u00dfen: 8,5 x 15,7 cm (Passend f\u00fcr: iPhone 6\/7\/8) [&hellip;]\" \/>\n<meta property=\"og:url\" content=\"https:\/\/grontkontor.dk\/de\/shop\/smartphone-hulle-1\/\" \/>\n<meta property=\"og:site_name\" content=\"Gr\u00f8nt Kontor\" \/>\n<meta property=\"article:publisher\" content=\"https:\/\/www.facebook.com\/grontkontor.dk\/\" \/>\n<meta property=\"og:image\" content=\"https:\/\/grontkontor.dk\/wp-content\/uploads\/2021\/07\/tc13001-Smartphone-cover-filt.jpg\" \/>\n\t<meta property=\"og:image:width\" content=\"900\" \/>\n\t<meta property=\"og:image:height\" content=\"639\" \/>\n\t<meta property=\"og:image:type\" content=\"image\/jpeg\" \/>\n<meta name=\"twitter:card\" content=\"summary_large_image\" \/>\n<script type=\"application\/ld+json\" class=\"yoast-schema-graph\">{\"@context\":\"https:\/\/schema.org\",\"@graph\":[{\"@type\":\"WebPage\",\"@id\":\"https:\/\/grontkontor.dk\/de\/shop\/smartphone-hulle-1\/\",\"url\":\"https:\/\/grontkontor.dk\/de\/shop\/smartphone-hulle-1\/\",\"name\":\"Smartphone-H\u00fclle #1 ohne Presse - Gr\u00f8nt Kontor\",\"isPartOf\":{\"@id\":\"https:\/\/grontkontor.dk\/#website\"},\"datePublished\":\"2024-05-29T07:53:46+00:00\",\"dateModified\":\"2024-05-29T07:53:46+00:00\",\"breadcrumb\":{\"@id\":\"https:\/\/grontkontor.dk\/de\/shop\/smartphone-hulle-1\/#breadcrumb\"},\"inLanguage\":\"de\",\"potentialAction\":[{\"@type\":\"ReadAction\",\"target\":[\"https:\/\/grontkontor.dk\/de\/shop\/smartphone-hulle-1\/\"]}]},{\"@type\":\"BreadcrumbList\",\"@id\":\"https:\/\/grontkontor.dk\/de\/shop\/smartphone-hulle-1\/#breadcrumb\",\"itemListElement\":[{\"@type\":\"ListItem\",\"position\":1,\"name\":\"Forside\",\"item\":\"https:\/\/grontkontor.dk\/de\/\"},{\"@type\":\"ListItem\",\"position\":2,\"name\":\"Laden\",\"item\":\"https:\/\/grontkontor.dk\/de\/laden\/\"},{\"@type\":\"ListItem\",\"position\":3,\"name\":\"Taschen, Taschen und H\u00fcllen\",\"item\":\"https:\/\/grontkontor.dk\/de\/produkt-kategori\/taschen-tueten-und-huellen\/\"},{\"@type\":\"ListItem\",\"position\":4,\"name\":\"Smartphone-H\u00fcllen\",\"item\":\"https:\/\/grontkontor.dk\/de\/produkt-kategori\/smartphone-huellen\/\"},{\"@type\":\"ListItem\",\"position\":5,\"name\":\"Smartphone-H\u00fclle #1 ohne Presse\"}]},{\"@type\":\"WebSite\",\"@id\":\"https:\/\/grontkontor.dk\/#website\",\"url\":\"https:\/\/grontkontor.dk\/\",\"name\":\"Gr\u00f8nt Kontor\",\"description\":\"Milj\u00f8venlige produkter til kontor og erhverv med fokus p\u00e5 b\u00e6redygtighed, design og fair trade.\",\"publisher\":{\"@id\":\"https:\/\/grontkontor.dk\/#organization\"},\"potentialAction\":[{\"@type\":\"SearchAction\",\"target\":{\"@type\":\"EntryPoint\",\"urlTemplate\":\"https:\/\/grontkontor.dk\/?s={search_term_string}\"},\"query-input\":\"required name=search_term_string\"}],\"inLanguage\":\"de\"},{\"@type\":\"Organization\",\"@id\":\"https:\/\/grontkontor.dk\/#organization\",\"name\":\"Gr\u00f8nt Kontor\",\"url\":\"https:\/\/grontkontor.dk\/\",\"logo\":{\"@type\":\"ImageObject\",\"inLanguage\":\"de\",\"@id\":\"https:\/\/grontkontor.dk\/#\/schema\/logo\/image\/\",\"url\":\"https:\/\/grontkontor.dk\/wp-content\/uploads\/2014\/02\/Logo_groent_kontor_300x80.png\",\"contentUrl\":\"https:\/\/grontkontor.dk\/wp-content\/uploads\/2014\/02\/Logo_groent_kontor_300x80.png\",\"width\":300,\"height\":80,\"caption\":\"Gr\u00f8nt Kontor\"},\"image\":{\"@id\":\"https:\/\/grontkontor.dk\/#\/schema\/logo\/image\/\"},\"sameAs\":[\"https:\/\/www.facebook.com\/grontkontor.dk\/\"]}]}<\/script>\n<!-- \/ Yoast SEO Premium plugin. -->","yoast_head_json":{"title":"Smartphone-H\u00fclle #1 ohne Presse - Gr\u00f8nt Kontor","robots":{"index":"index","follow":"follow","max-snippet":"max-snippet:-1","max-image-preview":"max-image-preview:large","max-video-preview":"max-video-preview:-1"},"canonical":"https:\/\/grontkontor.dk\/de\/shop\/smartphone-hulle-1\/","og_locale":"de_DE","og_type":"article","og_title":"Smartphone-H\u00fclle #1 ohne Presse","og_description":"Klimafreundliche und handgefertigte Handyh\u00fclle aus 100% nat\u00fcrlicher Merinowolle &#8211; zertifiziert nach \u00d6kotex Standard 100. Kann f\u00fcr iPhone und Android-Smartphones verwendet werden. Wollfilz ist ein 100% nat\u00fcrlicher und biologisch abbaubarer Rohstoff &#8211; ein liebliches, weiches und angenehmes Material ohne synthetische Zus\u00e4tze jeglicher Art. Mindestbestellmenge: 50 Stk. 4 Gr\u00f6\u00dfen: 8,5 x 15,7 cm (Passend f\u00fcr: iPhone 6\/7\/8) [&hellip;]","og_url":"https:\/\/grontkontor.dk\/de\/shop\/smartphone-hulle-1\/","og_site_name":"Gr\u00f8nt Kontor","article_publisher":"https:\/\/www.facebook.com\/grontkontor.dk\/","og_image":[{"width":900,"height":639,"url":"https:\/\/grontkontor.dk\/wp-content\/uploads\/2021\/07\/tc13001-Smartphone-cover-filt.jpg","type":"image\/jpeg"}],"twitter_card":"summary_large_image","schema":{"@context":"https:\/\/schema.org","@graph":[{"@type":"WebPage","@id":"https:\/\/grontkontor.dk\/de\/shop\/smartphone-hulle-1\/","url":"https:\/\/grontkontor.dk\/de\/shop\/smartphone-hulle-1\/","name":"Smartphone-H\u00fclle #1 ohne Presse - Gr\u00f8nt Kontor","isPartOf":{"@id":"https:\/\/grontkontor.dk\/#website"},"datePublished":"2024-05-29T07:53:46+00:00","dateModified":"2024-05-29T07:53:46+00:00","breadcrumb":{"@id":"https:\/\/grontkontor.dk\/de\/shop\/smartphone-hulle-1\/#breadcrumb"},"inLanguage":"de","potentialAction":[{"@type":"ReadAction","target":["https:\/\/grontkontor.dk\/de\/shop\/smartphone-hulle-1\/"]}]},{"@type":"BreadcrumbList","@id":"https:\/\/grontkontor.dk\/de\/shop\/smartphone-hulle-1\/#breadcrumb","itemListElement":[{"@type":"ListItem","position":1,"name":"Forside","item":"https:\/\/grontkontor.dk\/de\/"},{"@type":"ListItem","position":2,"name":"Laden","item":"https:\/\/grontkontor.dk\/de\/laden\/"},{"@type":"ListItem","position":3,"name":"Taschen, Taschen und H\u00fcllen","item":"https:\/\/grontkontor.dk\/de\/produkt-kategori\/taschen-tueten-und-huellen\/"},{"@type":"ListItem","position":4,"name":"Smartphone-H\u00fcllen","item":"https:\/\/grontkontor.dk\/de\/produkt-kategori\/smartphone-huellen\/"},{"@type":"ListItem","position":5,"name":"Smartphone-H\u00fclle #1 ohne Presse"}]},{"@type":"WebSite","@id":"https:\/\/grontkontor.dk\/#website","url":"https:\/\/grontkontor.dk\/","name":"Gr\u00f8nt Kontor","description":"Milj\u00f8venlige produkter til kontor og erhverv med fokus p\u00e5 b\u00e6redygtighed, design og fair trade.","publisher":{"@id":"https:\/\/grontkontor.dk\/#organization"},"potentialAction":[{"@type":"SearchAction","target":{"@type":"EntryPoint","urlTemplate":"https:\/\/grontkontor.dk\/?s={search_term_string}"},"query-input":"required name=search_term_string"}],"inLanguage":"de"},{"@type":"Organization","@id":"https:\/\/grontkontor.dk\/#organization","name":"Gr\u00f8nt Kontor","url":"https:\/\/grontkontor.dk\/","logo":{"@type":"ImageObject","inLanguage":"de","@id":"https:\/\/grontkontor.dk\/#\/schema\/logo\/image\/","url":"https:\/\/grontkontor.dk\/wp-content\/uploads\/2014\/02\/Logo_groent_kontor_300x80.png","contentUrl":"https:\/\/grontkontor.dk\/wp-content\/uploads\/2014\/02\/Logo_groent_kontor_300x80.png","width":300,"height":80,"caption":"Gr\u00f8nt Kontor"},"image":{"@id":"https:\/\/grontkontor.dk\/#\/schema\/logo\/image\/"},"sameAs":["https:\/\/www.facebook.com\/grontkontor.dk\/"]}]}},"_links":{"self":[{"href":"https:\/\/grontkontor.dk\/de\/wp-json\/wp\/v2\/product\/89415"}],"collection":[{"href":"https:\/\/grontkontor.dk\/de\/wp-json\/wp\/v2\/product"}],"about":[{"href":"https:\/\/grontkontor.dk\/de\/wp-json\/wp\/v2\/types\/product"}],"replies":[{"embeddable":true,"href":"https:\/\/grontkontor.dk\/de\/wp-json\/wp\/v2\/comments?post=89415"}],"wp:featuredmedia":[{"embeddable":true,"href":"https:\/\/grontkontor.dk\/de\/wp-json\/wp\/v2\/media\/112345"}],"wp:attachment":[{"href":"https:\/\/grontkontor.dk\/de\/wp-json\/wp\/v2\/media?parent=89415"}],"wp:term":[{"taxonomy":"product_cat","embeddable":true,"href":"https:\/\/grontkontor.dk\/de\/wp-json\/wp\/v2\/product_cat?post=89415"},{"taxonomy":"product_tag","embeddable":true,"href":"https:\/\/grontkontor.dk\/de\/wp-json\/wp\/v2\/product_tag?post=89415"}],"curies":[{"name":"wp","href":"https:\/\/api.w.org\/{rel}","templated":true}]}}