{"id":89447,"date":"2023-09-22T13:16:37","date_gmt":"2024-05-29T07:54:37","guid":{"rendered":"https:\/\/grontkontor.dk\/shop\/trinkflasche-aus-stahl-und-bambus-800ml-uf\/"},"modified":"2024-05-29T09:54:37","modified_gmt":"2024-05-29T07:54:37","slug":"trinkflasche-aus-stahl-und-bambus-800ml-uf","status":"publish","type":"product","link":"https:\/\/grontkontor.dk\/de\/shop\/trinkflasche-aus-stahl-und-bambus-800ml-uf\/","title":{"rendered":"Wasserflasche aus Stahl und Bambus 800ml"},"content":{"rendered":"<p>Sch\u00f6ne klimafreundliche Edelstahl-Trinkflasche mit Griff. Der Deckel besteht aus Bambus und Edelstahl. Klima- und umweltfreundliche Wasserflasche, perfekt f\u00fcr kalte Getr\u00e4nke.<br \/>\nFassungsverm\u00f6gen: 800 ml. Lieferung in einer Geschenkbox. Abmessungen: \u00f872\u00d7242 mm<br \/>\nAuch in Schwarz, Blau, Wei\u00df oder Rot erh\u00e4ltlich.<\/p>\n<p>Die Wasserflasche ist  [food-cs]<\/p>\n<p>[staal] [bambus_s]<\/p>\n<p>&nbsp;<\/p>\n","protected":false},"excerpt":{"rendered":"<p>Sch\u00f6ne klimafreundliche Edelstahl-Trinkflasche mit Griff. Der Deckel besteht aus Bambus und Edelstahl. Klima- und umweltfreundliche Wasserflasche, perfekt f\u00fcr kalte Getr\u00e4nke. Fassungsverm\u00f6gen: 800 ml. Lieferung in einer Geschenkbox. Abmessungen: \u00f872\u00d7242 mm Auch in Schwarz, Blau, Wei\u00df oder Rot erh\u00e4ltlich. Die Wasserflasche ist [food-cs] [staal] [bambus_s] &nbsp;<\/p>\n","protected":false},"featured_media":112021,"comment_status":"closed","ping_status":"closed","template":"","meta":{"_acf_changed":false},"product_cat":[3325,3339,4411,3338],"product_tag":[3340,3713],"class_list":{"0":"post-89447","1":"product","2":"type-product","3":"status-publish","4":"has-post-thumbnail","6":"product_cat-dummy-moq-1-de","7":"product_cat-essen-und-trinken","8":"product_cat-trinkflaschen-und-thermosflaschen-de","9":"product_cat-trinkflaschen-und-thermosflaschen","10":"product_tag-wasserflasche","11":"product_tag-wasserflasche-de","12":"pa_farve-blau","13":"pa_farve-rot","14":"pa_farve-schwarz","15":"pa_farve-weiss","16":"tm-has-options","18":"first","19":"onbackorder","20":"sale","21":"taxable","22":"shipping-taxable","23":"purchasable","24":"product-type-simple"},"acf":[],"yoast_head":"<!-- This site is optimized with the Yoast SEO Premium plugin v21.2 (Yoast SEO v21.2) - https:\/\/yoast.com\/wordpress\/plugins\/seo\/ -->\n<title>Wasserflasche aus Stahl und Bambus 800ml - Gr\u00f8nt Kontor<\/title>\n<meta name=\"robots\" content=\"index, follow, max-snippet:-1, max-image-preview:large, max-video-preview:-1\" \/>\n<link rel=\"canonical\" href=\"https:\/\/grontkontor.dk\/de\/shop\/trinkflasche-aus-stahl-und-bambus-800ml-uf\/\" \/>\n<meta property=\"og:locale\" content=\"de_DE\" \/>\n<meta property=\"og:type\" content=\"article\" \/>\n<meta property=\"og:title\" content=\"Wasserflasche aus Stahl und Bambus 800ml\" \/>\n<meta property=\"og:description\" content=\"Sch\u00f6ne klimafreundliche Edelstahl-Trinkflasche mit Griff. Der Deckel besteht aus Bambus und Edelstahl. Klima- und umweltfreundliche Wasserflasche, perfekt f\u00fcr kalte Getr\u00e4nke. Fassungsverm\u00f6gen: 800 ml. Lieferung in einer Geschenkbox. Abmessungen: \u00f872\u00d7242 mm Auch in Schwarz, Blau, Wei\u00df oder Rot erh\u00e4ltlich. Die Wasserflasche ist [food-cs] [staal] [bambus_s] &nbsp;\" \/>\n<meta property=\"og:url\" content=\"https:\/\/grontkontor.dk\/de\/shop\/trinkflasche-aus-stahl-und-bambus-800ml-uf\/\" \/>\n<meta property=\"og:site_name\" content=\"Gr\u00f8nt Kontor\" \/>\n<meta property=\"article:publisher\" content=\"https:\/\/www.facebook.com\/grontkontor.dk\/\" \/>\n<meta name=\"twitter:card\" content=\"summary_large_image\" \/>\n<script type=\"application\/ld+json\" class=\"yoast-schema-graph\">{\"@context\":\"https:\/\/schema.org\",\"@graph\":[{\"@type\":\"WebPage\",\"@id\":\"https:\/\/grontkontor.dk\/de\/shop\/trinkflasche-aus-stahl-und-bambus-800ml-uf\/\",\"url\":\"https:\/\/grontkontor.dk\/de\/shop\/trinkflasche-aus-stahl-und-bambus-800ml-uf\/\",\"name\":\"Wasserflasche aus Stahl und Bambus 800ml - Gr\u00f8nt Kontor\",\"isPartOf\":{\"@id\":\"https:\/\/grontkontor.dk\/#website\"},\"datePublished\":\"2024-05-29T07:54:37+00:00\",\"dateModified\":\"2024-05-29T07:54:37+00:00\",\"breadcrumb\":{\"@id\":\"https:\/\/grontkontor.dk\/de\/shop\/trinkflasche-aus-stahl-und-bambus-800ml-uf\/#breadcrumb\"},\"inLanguage\":\"de\",\"potentialAction\":[{\"@type\":\"ReadAction\",\"target\":[\"https:\/\/grontkontor.dk\/de\/shop\/trinkflasche-aus-stahl-und-bambus-800ml-uf\/\"]}]},{\"@type\":\"BreadcrumbList\",\"@id\":\"https:\/\/grontkontor.dk\/de\/shop\/trinkflasche-aus-stahl-und-bambus-800ml-uf\/#breadcrumb\",\"itemListElement\":[{\"@type\":\"ListItem\",\"position\":1,\"name\":\"Forside\",\"item\":\"https:\/\/grontkontor.dk\/de\/\"},{\"@type\":\"ListItem\",\"position\":2,\"name\":\"Laden\",\"item\":\"https:\/\/grontkontor.dk\/de\/laden\/\"},{\"@type\":\"ListItem\",\"position\":3,\"name\":\"Mad og drikke\",\"item\":\"https:\/\/grontkontor.dk\/produkt-kategori\/mad-og-drikke\/\"},{\"@type\":\"ListItem\",\"position\":4,\"name\":\"Drikkedunke og termoflasker\",\"item\":\"https:\/\/grontkontor.dk\/produkt-kategori\/mad-og-drikke\/drikkedunke-og-termoflasker\/\"},{\"@type\":\"ListItem\",\"position\":5,\"name\":\"Wasserflasche aus Stahl und Bambus 800ml\"}]},{\"@type\":\"WebSite\",\"@id\":\"https:\/\/grontkontor.dk\/#website\",\"url\":\"https:\/\/grontkontor.dk\/\",\"name\":\"Gr\u00f8nt Kontor\",\"description\":\"Milj\u00f8venlige produkter til kontor og erhverv med fokus p\u00e5 b\u00e6redygtighed, design og fair trade.\",\"publisher\":{\"@id\":\"https:\/\/grontkontor.dk\/#organization\"},\"potentialAction\":[{\"@type\":\"SearchAction\",\"target\":{\"@type\":\"EntryPoint\",\"urlTemplate\":\"https:\/\/grontkontor.dk\/?s={search_term_string}\"},\"query-input\":\"required name=search_term_string\"}],\"inLanguage\":\"de\"},{\"@type\":\"Organization\",\"@id\":\"https:\/\/grontkontor.dk\/#organization\",\"name\":\"Gr\u00f8nt Kontor\",\"url\":\"https:\/\/grontkontor.dk\/\",\"logo\":{\"@type\":\"ImageObject\",\"inLanguage\":\"de\",\"@id\":\"https:\/\/grontkontor.dk\/#\/schema\/logo\/image\/\",\"url\":\"https:\/\/grontkontor.dk\/wp-content\/uploads\/2014\/02\/Logo_groent_kontor_300x80.png\",\"contentUrl\":\"https:\/\/grontkontor.dk\/wp-content\/uploads\/2014\/02\/Logo_groent_kontor_300x80.png\",\"width\":300,\"height\":80,\"caption\":\"Gr\u00f8nt Kontor\"},\"image\":{\"@id\":\"https:\/\/grontkontor.dk\/#\/schema\/logo\/image\/\"},\"sameAs\":[\"https:\/\/www.facebook.com\/grontkontor.dk\/\"]}]}<\/script>\n<!-- \/ Yoast SEO Premium plugin. -->","yoast_head_json":{"title":"Wasserflasche aus Stahl und Bambus 800ml - Gr\u00f8nt Kontor","robots":{"index":"index","follow":"follow","max-snippet":"max-snippet:-1","max-image-preview":"max-image-preview:large","max-video-preview":"max-video-preview:-1"},"canonical":"https:\/\/grontkontor.dk\/de\/shop\/trinkflasche-aus-stahl-und-bambus-800ml-uf\/","og_locale":"de_DE","og_type":"article","og_title":"Wasserflasche aus Stahl und Bambus 800ml","og_description":"Sch\u00f6ne klimafreundliche Edelstahl-Trinkflasche mit Griff. Der Deckel besteht aus Bambus und Edelstahl. Klima- und umweltfreundliche Wasserflasche, perfekt f\u00fcr kalte Getr\u00e4nke. Fassungsverm\u00f6gen: 800 ml. Lieferung in einer Geschenkbox. Abmessungen: \u00f872\u00d7242 mm Auch in Schwarz, Blau, Wei\u00df oder Rot erh\u00e4ltlich. Die Wasserflasche ist [food-cs] [staal] [bambus_s] &nbsp;","og_url":"https:\/\/grontkontor.dk\/de\/shop\/trinkflasche-aus-stahl-und-bambus-800ml-uf\/","og_site_name":"Gr\u00f8nt Kontor","article_publisher":"https:\/\/www.facebook.com\/grontkontor.dk\/","twitter_card":"summary_large_image","schema":{"@context":"https:\/\/schema.org","@graph":[{"@type":"WebPage","@id":"https:\/\/grontkontor.dk\/de\/shop\/trinkflasche-aus-stahl-und-bambus-800ml-uf\/","url":"https:\/\/grontkontor.dk\/de\/shop\/trinkflasche-aus-stahl-und-bambus-800ml-uf\/","name":"Wasserflasche aus Stahl und Bambus 800ml - Gr\u00f8nt Kontor","isPartOf":{"@id":"https:\/\/grontkontor.dk\/#website"},"datePublished":"2024-05-29T07:54:37+00:00","dateModified":"2024-05-29T07:54:37+00:00","breadcrumb":{"@id":"https:\/\/grontkontor.dk\/de\/shop\/trinkflasche-aus-stahl-und-bambus-800ml-uf\/#breadcrumb"},"inLanguage":"de","potentialAction":[{"@type":"ReadAction","target":["https:\/\/grontkontor.dk\/de\/shop\/trinkflasche-aus-stahl-und-bambus-800ml-uf\/"]}]},{"@type":"BreadcrumbList","@id":"https:\/\/grontkontor.dk\/de\/shop\/trinkflasche-aus-stahl-und-bambus-800ml-uf\/#breadcrumb","itemListElement":[{"@type":"ListItem","position":1,"name":"Forside","item":"https:\/\/grontkontor.dk\/de\/"},{"@type":"ListItem","position":2,"name":"Laden","item":"https:\/\/grontkontor.dk\/de\/laden\/"},{"@type":"ListItem","position":3,"name":"Mad og drikke","item":"https:\/\/grontkontor.dk\/produkt-kategori\/mad-og-drikke\/"},{"@type":"ListItem","position":4,"name":"Drikkedunke og termoflasker","item":"https:\/\/grontkontor.dk\/produkt-kategori\/mad-og-drikke\/drikkedunke-og-termoflasker\/"},{"@type":"ListItem","position":5,"name":"Wasserflasche aus Stahl und Bambus 800ml"}]},{"@type":"WebSite","@id":"https:\/\/grontkontor.dk\/#website","url":"https:\/\/grontkontor.dk\/","name":"Gr\u00f8nt Kontor","description":"Milj\u00f8venlige produkter til kontor og erhverv med fokus p\u00e5 b\u00e6redygtighed, design og fair trade.","publisher":{"@id":"https:\/\/grontkontor.dk\/#organization"},"potentialAction":[{"@type":"SearchAction","target":{"@type":"EntryPoint","urlTemplate":"https:\/\/grontkontor.dk\/?s={search_term_string}"},"query-input":"required name=search_term_string"}],"inLanguage":"de"},{"@type":"Organization","@id":"https:\/\/grontkontor.dk\/#organization","name":"Gr\u00f8nt Kontor","url":"https:\/\/grontkontor.dk\/","logo":{"@type":"ImageObject","inLanguage":"de","@id":"https:\/\/grontkontor.dk\/#\/schema\/logo\/image\/","url":"https:\/\/grontkontor.dk\/wp-content\/uploads\/2014\/02\/Logo_groent_kontor_300x80.png","contentUrl":"https:\/\/grontkontor.dk\/wp-content\/uploads\/2014\/02\/Logo_groent_kontor_300x80.png","width":300,"height":80,"caption":"Gr\u00f8nt Kontor"},"image":{"@id":"https:\/\/grontkontor.dk\/#\/schema\/logo\/image\/"},"sameAs":["https:\/\/www.facebook.com\/grontkontor.dk\/"]}]}},"_links":{"self":[{"href":"https:\/\/grontkontor.dk\/de\/wp-json\/wp\/v2\/product\/89447"}],"collection":[{"href":"https:\/\/grontkontor.dk\/de\/wp-json\/wp\/v2\/product"}],"about":[{"href":"https:\/\/grontkontor.dk\/de\/wp-json\/wp\/v2\/types\/product"}],"replies":[{"embeddable":true,"href":"https:\/\/grontkontor.dk\/de\/wp-json\/wp\/v2\/comments?post=89447"}],"wp:featuredmedia":[{"embeddable":true,"href":"https:\/\/grontkontor.dk\/de\/wp-json\/wp\/v2\/media\/112021"}],"wp:attachment":[{"href":"https:\/\/grontkontor.dk\/de\/wp-json\/wp\/v2\/media?parent=89447"}],"wp:term":[{"taxonomy":"product_cat","embeddable":true,"href":"https:\/\/grontkontor.dk\/de\/wp-json\/wp\/v2\/product_cat?post=89447"},{"taxonomy":"product_tag","embeddable":true,"href":"https:\/\/grontkontor.dk\/de\/wp-json\/wp\/v2\/product_tag?post=89447"}],"curies":[{"name":"wp","href":"https:\/\/api.w.org\/{rel}","templated":true}]}}