{"id":89486,"date":"2023-09-22T13:16:37","date_gmt":"2024-05-29T07:54:41","guid":{"rendered":"https:\/\/grontkontor.dk\/shop\/schreibblock-fsc-recycled-groen\/"},"modified":"2024-05-29T09:54:41","modified_gmt":"2024-05-29T07:54:41","slug":"schreibblock-fsc-recycled-groen","status":"publish","type":"product","link":"https:\/\/grontkontor.dk\/de\/shop\/schreibblock-fsc-recycled-groen\/","title":{"rendered":"Schreibtischunterlage FSC recycelt &#8211; gr\u00fcn"},"content":{"rendered":"<p>Praktische und klimafreundliche Schreibtischunterlage im skandinavischen Design, die Ihren Schreibtisch effektiv vor Kratzern und Bleistiftlinien sch\u00fctzt. Die Unterlage besteht aus naturfarbenem, FSC-zertifiziertem Recyclingpapier in klassischer gr\u00fcner Farbe mit braunen Lederecken. Ein klima- und umweltfreundliches Produkt, das in der EU hergestellt wird.<br \/>\nMa\u00dfe: L59 x B39 x H0,3 cm<br \/>\n<a href=\"https:\/\/ic.fsc.org\/en\/\" target=\"window\"><img loading=\"lazy\" decoding=\"async\" class=\"size-full wp-image-12735\" src=\"https:\/\/grontkontor.dk\/wp-content\/uploads\/2019\/04\/fsc-certificeret.png\" \n\t\t alt=\"FSC-certificeret\" title=\"FSC-certificeret\" width=\"44\" height=\"51\" border=0\/><\/a> [bigso_all]<\/p>\n","protected":false},"excerpt":{"rendered":"<p>Praktische und klimafreundliche Schreibtischunterlage im skandinavischen Design, die Ihren Schreibtisch effektiv vor Kratzern und Bleistiftlinien sch\u00fctzt. Die Unterlage besteht aus naturfarbenem, FSC-zertifiziertem Recyclingpapier in klassischer gr\u00fcner Farbe mit braunen Lederecken. Ein klima- und umweltfreundliches Produkt, das in der EU hergestellt wird. Ma\u00dfe: L59 x B39 x H0,3 cm [bigso_all]<\/p>\n","protected":false},"featured_media":112012,"comment_status":"closed","ping_status":"closed","template":"","meta":{"_acf_changed":false},"product_cat":[3325,3321,3083,3323,3519,3440],"product_tag":[4037],"class_list":{"0":"post-89486","1":"product","2":"type-product","3":"status-publish","4":"has-post-thumbnail","6":"product_cat-dummy-moq-1-de","7":"product_cat-klimafreundliche-werbegeschenke","8":"product_cat-nature-recyclingpapier","9":"product_cat-produktserien","10":"product_cat-schreibtischausstattung","11":"product_cat-sonstiges-fuer-den-schreibtisch","12":"product_tag-schreibblock","13":"tm-has-options","15":"first","16":"onbackorder","17":"taxable","18":"shipping-taxable","19":"purchasable","20":"product-type-simple"},"acf":[],"yoast_head":"<!-- This site is optimized with the Yoast SEO Premium plugin v21.2 (Yoast SEO v21.2) - https:\/\/yoast.com\/wordpress\/plugins\/seo\/ -->\n<title>Schreibtischunterlage FSC recycelt - gr\u00fcn - Gr\u00f8nt Kontor<\/title>\n<meta name=\"robots\" content=\"index, follow, max-snippet:-1, max-image-preview:large, max-video-preview:-1\" \/>\n<link rel=\"canonical\" href=\"https:\/\/grontkontor.dk\/de\/shop\/schreibblock-fsc-recycled-groen\/\" \/>\n<meta property=\"og:locale\" content=\"de_DE\" \/>\n<meta property=\"og:type\" content=\"article\" \/>\n<meta property=\"og:title\" content=\"Schreibtischunterlage FSC recycelt - gr\u00fcn\" \/>\n<meta property=\"og:description\" content=\"Praktische und klimafreundliche Schreibtischunterlage im skandinavischen Design, die Ihren Schreibtisch effektiv vor Kratzern und Bleistiftlinien sch\u00fctzt. Die Unterlage besteht aus naturfarbenem, FSC-zertifiziertem Recyclingpapier in klassischer gr\u00fcner Farbe mit braunen Lederecken. Ein klima- und umweltfreundliches Produkt, das in der EU hergestellt wird. Ma\u00dfe: L59 x B39 x H0,3 cm [bigso_all]\" \/>\n<meta property=\"og:url\" content=\"https:\/\/grontkontor.dk\/de\/shop\/schreibblock-fsc-recycled-groen\/\" \/>\n<meta property=\"og:site_name\" content=\"Gr\u00f8nt Kontor\" \/>\n<meta property=\"article:publisher\" content=\"https:\/\/www.facebook.com\/grontkontor.dk\/\" \/>\n<meta property=\"og:image\" content=\"https:\/\/grontkontor.dk\/wp-content\/uploads\/2021\/03\/skriveunderlag-fsc-recycled-groen-01.jpg\" \/>\n\t<meta property=\"og:image:width\" content=\"900\" \/>\n\t<meta property=\"og:image:height\" content=\"639\" \/>\n\t<meta property=\"og:image:type\" content=\"image\/jpeg\" \/>\n<meta name=\"twitter:card\" content=\"summary_large_image\" \/>\n<script type=\"application\/ld+json\" class=\"yoast-schema-graph\">{\"@context\":\"https:\/\/schema.org\",\"@graph\":[{\"@type\":\"WebPage\",\"@id\":\"https:\/\/grontkontor.dk\/de\/shop\/schreibblock-fsc-recycled-groen\/\",\"url\":\"https:\/\/grontkontor.dk\/de\/shop\/schreibblock-fsc-recycled-groen\/\",\"name\":\"Schreibtischunterlage FSC recycelt - gr\u00fcn - Gr\u00f8nt Kontor\",\"isPartOf\":{\"@id\":\"https:\/\/grontkontor.dk\/#website\"},\"datePublished\":\"2024-05-29T07:54:41+00:00\",\"dateModified\":\"2024-05-29T07:54:41+00:00\",\"breadcrumb\":{\"@id\":\"https:\/\/grontkontor.dk\/de\/shop\/schreibblock-fsc-recycled-groen\/#breadcrumb\"},\"inLanguage\":\"de\",\"potentialAction\":[{\"@type\":\"ReadAction\",\"target\":[\"https:\/\/grontkontor.dk\/de\/shop\/schreibblock-fsc-recycled-groen\/\"]}]},{\"@type\":\"BreadcrumbList\",\"@id\":\"https:\/\/grontkontor.dk\/de\/shop\/schreibblock-fsc-recycled-groen\/#breadcrumb\",\"itemListElement\":[{\"@type\":\"ListItem\",\"position\":1,\"name\":\"Forside\",\"item\":\"https:\/\/grontkontor.dk\/de\/\"},{\"@type\":\"ListItem\",\"position\":2,\"name\":\"Laden\",\"item\":\"https:\/\/grontkontor.dk\/de\/laden\/\"},{\"@type\":\"ListItem\",\"position\":3,\"name\":\"Skrivebordsudstyr\",\"item\":\"https:\/\/grontkontor.dk\/produkt-kategori\/skrivebordsudstyr\/\"},{\"@type\":\"ListItem\",\"position\":4,\"name\":\"Diverse til skrivebordet\",\"item\":\"https:\/\/grontkontor.dk\/produkt-kategori\/skrivebordsudstyr\/diverse-til-skrivebordet\/\"},{\"@type\":\"ListItem\",\"position\":5,\"name\":\"Schreibtischunterlage FSC recycelt &#8211; gr\u00fcn\"}]},{\"@type\":\"WebSite\",\"@id\":\"https:\/\/grontkontor.dk\/#website\",\"url\":\"https:\/\/grontkontor.dk\/\",\"name\":\"Gr\u00f8nt Kontor\",\"description\":\"Milj\u00f8venlige produkter til kontor og erhverv med fokus p\u00e5 b\u00e6redygtighed, design og fair trade.\",\"publisher\":{\"@id\":\"https:\/\/grontkontor.dk\/#organization\"},\"potentialAction\":[{\"@type\":\"SearchAction\",\"target\":{\"@type\":\"EntryPoint\",\"urlTemplate\":\"https:\/\/grontkontor.dk\/?s={search_term_string}\"},\"query-input\":\"required name=search_term_string\"}],\"inLanguage\":\"de\"},{\"@type\":\"Organization\",\"@id\":\"https:\/\/grontkontor.dk\/#organization\",\"name\":\"Gr\u00f8nt Kontor\",\"url\":\"https:\/\/grontkontor.dk\/\",\"logo\":{\"@type\":\"ImageObject\",\"inLanguage\":\"de\",\"@id\":\"https:\/\/grontkontor.dk\/#\/schema\/logo\/image\/\",\"url\":\"https:\/\/grontkontor.dk\/wp-content\/uploads\/2014\/02\/Logo_groent_kontor_300x80.png\",\"contentUrl\":\"https:\/\/grontkontor.dk\/wp-content\/uploads\/2014\/02\/Logo_groent_kontor_300x80.png\",\"width\":300,\"height\":80,\"caption\":\"Gr\u00f8nt Kontor\"},\"image\":{\"@id\":\"https:\/\/grontkontor.dk\/#\/schema\/logo\/image\/\"},\"sameAs\":[\"https:\/\/www.facebook.com\/grontkontor.dk\/\"]}]}<\/script>\n<!-- \/ Yoast SEO Premium plugin. -->","yoast_head_json":{"title":"Schreibtischunterlage FSC recycelt - gr\u00fcn - Gr\u00f8nt Kontor","robots":{"index":"index","follow":"follow","max-snippet":"max-snippet:-1","max-image-preview":"max-image-preview:large","max-video-preview":"max-video-preview:-1"},"canonical":"https:\/\/grontkontor.dk\/de\/shop\/schreibblock-fsc-recycled-groen\/","og_locale":"de_DE","og_type":"article","og_title":"Schreibtischunterlage FSC recycelt - gr\u00fcn","og_description":"Praktische und klimafreundliche Schreibtischunterlage im skandinavischen Design, die Ihren Schreibtisch effektiv vor Kratzern und Bleistiftlinien sch\u00fctzt. Die Unterlage besteht aus naturfarbenem, FSC-zertifiziertem Recyclingpapier in klassischer gr\u00fcner Farbe mit braunen Lederecken. Ein klima- und umweltfreundliches Produkt, das in der EU hergestellt wird. Ma\u00dfe: L59 x B39 x H0,3 cm [bigso_all]","og_url":"https:\/\/grontkontor.dk\/de\/shop\/schreibblock-fsc-recycled-groen\/","og_site_name":"Gr\u00f8nt Kontor","article_publisher":"https:\/\/www.facebook.com\/grontkontor.dk\/","og_image":[{"width":900,"height":639,"url":"https:\/\/grontkontor.dk\/wp-content\/uploads\/2021\/03\/skriveunderlag-fsc-recycled-groen-01.jpg","type":"image\/jpeg"}],"twitter_card":"summary_large_image","schema":{"@context":"https:\/\/schema.org","@graph":[{"@type":"WebPage","@id":"https:\/\/grontkontor.dk\/de\/shop\/schreibblock-fsc-recycled-groen\/","url":"https:\/\/grontkontor.dk\/de\/shop\/schreibblock-fsc-recycled-groen\/","name":"Schreibtischunterlage FSC recycelt - gr\u00fcn - Gr\u00f8nt Kontor","isPartOf":{"@id":"https:\/\/grontkontor.dk\/#website"},"datePublished":"2024-05-29T07:54:41+00:00","dateModified":"2024-05-29T07:54:41+00:00","breadcrumb":{"@id":"https:\/\/grontkontor.dk\/de\/shop\/schreibblock-fsc-recycled-groen\/#breadcrumb"},"inLanguage":"de","potentialAction":[{"@type":"ReadAction","target":["https:\/\/grontkontor.dk\/de\/shop\/schreibblock-fsc-recycled-groen\/"]}]},{"@type":"BreadcrumbList","@id":"https:\/\/grontkontor.dk\/de\/shop\/schreibblock-fsc-recycled-groen\/#breadcrumb","itemListElement":[{"@type":"ListItem","position":1,"name":"Forside","item":"https:\/\/grontkontor.dk\/de\/"},{"@type":"ListItem","position":2,"name":"Laden","item":"https:\/\/grontkontor.dk\/de\/laden\/"},{"@type":"ListItem","position":3,"name":"Skrivebordsudstyr","item":"https:\/\/grontkontor.dk\/produkt-kategori\/skrivebordsudstyr\/"},{"@type":"ListItem","position":4,"name":"Diverse til skrivebordet","item":"https:\/\/grontkontor.dk\/produkt-kategori\/skrivebordsudstyr\/diverse-til-skrivebordet\/"},{"@type":"ListItem","position":5,"name":"Schreibtischunterlage FSC recycelt &#8211; gr\u00fcn"}]},{"@type":"WebSite","@id":"https:\/\/grontkontor.dk\/#website","url":"https:\/\/grontkontor.dk\/","name":"Gr\u00f8nt Kontor","description":"Milj\u00f8venlige produkter til kontor og erhverv med fokus p\u00e5 b\u00e6redygtighed, design og fair trade.","publisher":{"@id":"https:\/\/grontkontor.dk\/#organization"},"potentialAction":[{"@type":"SearchAction","target":{"@type":"EntryPoint","urlTemplate":"https:\/\/grontkontor.dk\/?s={search_term_string}"},"query-input":"required name=search_term_string"}],"inLanguage":"de"},{"@type":"Organization","@id":"https:\/\/grontkontor.dk\/#organization","name":"Gr\u00f8nt Kontor","url":"https:\/\/grontkontor.dk\/","logo":{"@type":"ImageObject","inLanguage":"de","@id":"https:\/\/grontkontor.dk\/#\/schema\/logo\/image\/","url":"https:\/\/grontkontor.dk\/wp-content\/uploads\/2014\/02\/Logo_groent_kontor_300x80.png","contentUrl":"https:\/\/grontkontor.dk\/wp-content\/uploads\/2014\/02\/Logo_groent_kontor_300x80.png","width":300,"height":80,"caption":"Gr\u00f8nt Kontor"},"image":{"@id":"https:\/\/grontkontor.dk\/#\/schema\/logo\/image\/"},"sameAs":["https:\/\/www.facebook.com\/grontkontor.dk\/"]}]}},"_links":{"self":[{"href":"https:\/\/grontkontor.dk\/de\/wp-json\/wp\/v2\/product\/89486"}],"collection":[{"href":"https:\/\/grontkontor.dk\/de\/wp-json\/wp\/v2\/product"}],"about":[{"href":"https:\/\/grontkontor.dk\/de\/wp-json\/wp\/v2\/types\/product"}],"replies":[{"embeddable":true,"href":"https:\/\/grontkontor.dk\/de\/wp-json\/wp\/v2\/comments?post=89486"}],"wp:featuredmedia":[{"embeddable":true,"href":"https:\/\/grontkontor.dk\/de\/wp-json\/wp\/v2\/media\/112012"}],"wp:attachment":[{"href":"https:\/\/grontkontor.dk\/de\/wp-json\/wp\/v2\/media?parent=89486"}],"wp:term":[{"taxonomy":"product_cat","embeddable":true,"href":"https:\/\/grontkontor.dk\/de\/wp-json\/wp\/v2\/product_cat?post=89486"},{"taxonomy":"product_tag","embeddable":true,"href":"https:\/\/grontkontor.dk\/de\/wp-json\/wp\/v2\/product_tag?post=89486"}],"curies":[{"name":"wp","href":"https:\/\/api.w.org\/{rel}","templated":true}]}}