{"id":89490,"date":"2023-09-22T13:17:14","date_gmt":"2024-05-29T07:54:41","guid":{"rendered":"https:\/\/grontkontor.dk\/shop\/flasche-in-stahl-und-bambus-600ml\/"},"modified":"2024-05-29T09:54:41","modified_gmt":"2024-05-29T07:54:41","slug":"flasche-in-stahl-und-bambus-600ml","status":"publish","type":"product","link":"https:\/\/grontkontor.dk\/de\/shop\/flasche-in-stahl-und-bambus-600ml\/","title":{"rendered":"Wasserflasche aus Stahl und Bambus 600ml"},"content":{"rendered":"<p>Sch\u00f6ne klimafreundliche Trinkflasche aus Edelstahl mit Bambusdeckel und praktischem Riemen aus Polyester. Eine klima- und umweltfreundliche Wasserflasche, die sich perfekt f\u00fcr Werbegeschenke oder Werbegeschenke f\u00fcr Messen und Events eignet. Fassungsverm\u00f6gen: 600 ml. Lieferung in einer Geschenkbox. Sp\u00fclmaschinengeeignet, wir empfehlen jedoch Handw\u00e4sche f\u00fcr den Deckel. Nicht f\u00fcr Mikrowellenherde geeignet. Die Wasserflasche ist  [food-cs] [staal] [bambus_s] &nbsp;<\/p>\n","protected":false},"excerpt":{"rendered":"<p>Sch\u00f6ne klimafreundliche Trinkflasche aus Edelstahl mit Bambusdeckel und praktischem Riemen aus Polyester. Eine klima- und umweltfreundliche Wasserflasche, die sich perfekt f\u00fcr Werbegeschenke oder Werbegeschenke f\u00fcr Messen und Events eignet. Fassungsverm\u00f6gen: 600 ml. Lieferung in einer Geschenkbox. Sp\u00fclmaschinengeeignet, wir empfehlen jedoch Handw\u00e4sche f\u00fcr den Deckel. Nicht f\u00fcr Mikrowellenherde geeignet. Die Wasserflasche ist [food-cs] [staal] [bambus_s] &nbsp;<\/p>\n","protected":false},"featured_media":112080,"comment_status":"closed","ping_status":"closed","template":"","meta":{"_acf_changed":false},"product_cat":[3325,3339,4411,3338],"product_tag":[4875,3984,3340,3713,4876,3985,4874],"class_list":{"0":"post-89490","1":"product","2":"type-product","3":"status-publish","4":"has-post-thumbnail","6":"product_cat-dummy-moq-1-de","7":"product_cat-essen-und-trinken","8":"product_cat-trinkflaschen-und-thermosflaschen-de","9":"product_cat-trinkflaschen-und-thermosflaschen","10":"product_tag-trinkflasche-stahl","11":"product_tag-trinkflaschen","12":"product_tag-wasserflasche","13":"product_tag-wasserflasche-de","14":"product_tag-wasserflasche-stahl","15":"product_tag-wasserflaschen","16":"product_tag-wasserkanister","17":"pa_farve-azurblau","18":"pa_farve-beige-de","19":"pa_farve-blau-de","20":"pa_farve-blau","21":"pa_farve-blau-min-15","22":"pa_farve-blau-min-100-stk","23":"pa_farve-blau-min-15-stueck","24":"pa_farve-blau-gelb","25":"pa_farve-blau-gruen-gelb","26":"pa_farve-braun","27":"pa_farve-braun-de","28":"pa_farve-browne-de","29":"pa_farve-dunkelblau","30":"pa_farve-dunkelgrau","31":"pa_farve-dunkelgruen","32":"pa_farve-ed-de","33":"pa_farve-fuchsia-min-100-stk-de","34":"pa_farve-gelb-de","35":"pa_farve-gelb","36":"pa_farve-gemischt","37":"pa_farve-gold-de","38":"pa_farve-graphit","39":"pa_farve-grau","40":"pa_farve-grau-de","41":"pa_farve-grau-min-100-stk","42":"pa_farve-gruen","43":"pa_farve-gruen-de","44":"pa_farve-hellblau","45":"pa_farve-karmesinrot","46":"pa_farve-kastanienbraun","47":"pa_farve-khaki-de","48":"pa_farve-kriegsmarine","49":"pa_farve-koenigsblau","50":"pa_farve-lichtgrau","51":"pa_farve-lichtgruen","52":"pa_farve-lila","53":"pa_farve-limone","54":"pa_farve-minze","55":"pa_farve-mischen","56":"pa_farve-natur-de","57":"pa_farve-natur-min-100-stk-de","58":"pa_farve-olive","59":"pa_farve-orange-de","60":"pa_farve-ozeanblau","61":"pa_farve-rahm","62":"pa_farve-rahm-de","63":"pa_farve-rosa-de","64":"pa_farve-rot","65":"pa_farve-rot-min-15","66":"pa_farve-rot-min-100-stk","67":"pa_farve-rot-min-15-stueck","68":"pa_farve-schwarz-de","69":"pa_farve-schwarz","70":"pa_farve-schwarz-min-100-stk","71":"pa_farve-schwarz-gold-silber","72":"pa_farve-senf","73":"pa_farve-silber","74":"pa_farve-silber-de","75":"pa_farve-silber-de-2","76":"pa_farve-struktur-de","77":"pa_farve-tiefgruen","78":"pa_farve-tuerkis","79":"pa_farve-tuerkis-de","80":"pa_farve-verletzen","81":"pa_farve-viele","82":"pa_farve-violett","83":"pa_farve-weinrot","84":"pa_farve-weiss-de","85":"pa_farve-weiss","86":"tm-has-options","88":"first","89":"instock","90":"sale","91":"taxable","92":"shipping-taxable","93":"purchasable","94":"product-type-simple"},"acf":[],"yoast_head":"<!-- This site is optimized with the Yoast SEO Premium plugin v21.2 (Yoast SEO v21.2) - https:\/\/yoast.com\/wordpress\/plugins\/seo\/ -->\n<title>Wasserflasche aus Stahl und Bambus 600ml - Gr\u00f8nt Kontor<\/title>\n<meta name=\"robots\" content=\"index, follow, max-snippet:-1, max-image-preview:large, max-video-preview:-1\" \/>\n<link rel=\"canonical\" href=\"https:\/\/grontkontor.dk\/de\/shop\/flasche-in-stahl-und-bambus-600ml\/\" \/>\n<meta property=\"og:locale\" content=\"de_DE\" \/>\n<meta property=\"og:type\" content=\"article\" \/>\n<meta property=\"og:title\" content=\"Wasserflasche aus Stahl und Bambus 600ml\" \/>\n<meta property=\"og:description\" content=\"Sch\u00f6ne klimafreundliche Trinkflasche aus Edelstahl mit Bambusdeckel und praktischem Riemen aus Polyester. Eine klima- und umweltfreundliche Wasserflasche, die sich perfekt f\u00fcr Werbegeschenke oder Werbegeschenke f\u00fcr Messen und Events eignet. Fassungsverm\u00f6gen: 600 ml. Lieferung in einer Geschenkbox. Sp\u00fclmaschinengeeignet, wir empfehlen jedoch Handw\u00e4sche f\u00fcr den Deckel. Nicht f\u00fcr Mikrowellenherde geeignet. Die Wasserflasche ist [food-cs] [staal] [bambus_s] &nbsp;\" \/>\n<meta property=\"og:url\" content=\"https:\/\/grontkontor.dk\/de\/shop\/flasche-in-stahl-und-bambus-600ml\/\" \/>\n<meta property=\"og:site_name\" content=\"Gr\u00f8nt Kontor\" \/>\n<meta property=\"article:publisher\" content=\"https:\/\/www.facebook.com\/grontkontor.dk\/\" \/>\n<meta property=\"og:image\" content=\"https:\/\/grontkontor.dk\/wp-content\/uploads\/2021\/04\/vandflaske-staal-bambus-600ml-04.jpg\" \/>\n\t<meta property=\"og:image:width\" content=\"900\" \/>\n\t<meta property=\"og:image:height\" content=\"639\" \/>\n\t<meta property=\"og:image:type\" content=\"image\/jpeg\" \/>\n<meta name=\"twitter:card\" content=\"summary_large_image\" \/>\n<script type=\"application\/ld+json\" class=\"yoast-schema-graph\">{\"@context\":\"https:\/\/schema.org\",\"@graph\":[{\"@type\":\"WebPage\",\"@id\":\"https:\/\/grontkontor.dk\/de\/shop\/flasche-in-stahl-und-bambus-600ml\/\",\"url\":\"https:\/\/grontkontor.dk\/de\/shop\/flasche-in-stahl-und-bambus-600ml\/\",\"name\":\"Wasserflasche aus Stahl und Bambus 600ml - Gr\u00f8nt Kontor\",\"isPartOf\":{\"@id\":\"https:\/\/grontkontor.dk\/#website\"},\"datePublished\":\"2024-05-29T07:54:41+00:00\",\"dateModified\":\"2024-05-29T07:54:41+00:00\",\"breadcrumb\":{\"@id\":\"https:\/\/grontkontor.dk\/de\/shop\/flasche-in-stahl-und-bambus-600ml\/#breadcrumb\"},\"inLanguage\":\"de\",\"potentialAction\":[{\"@type\":\"ReadAction\",\"target\":[\"https:\/\/grontkontor.dk\/de\/shop\/flasche-in-stahl-und-bambus-600ml\/\"]}]},{\"@type\":\"BreadcrumbList\",\"@id\":\"https:\/\/grontkontor.dk\/de\/shop\/flasche-in-stahl-und-bambus-600ml\/#breadcrumb\",\"itemListElement\":[{\"@type\":\"ListItem\",\"position\":1,\"name\":\"Forside\",\"item\":\"https:\/\/grontkontor.dk\/de\/\"},{\"@type\":\"ListItem\",\"position\":2,\"name\":\"Laden\",\"item\":\"https:\/\/grontkontor.dk\/de\/laden\/\"},{\"@type\":\"ListItem\",\"position\":3,\"name\":\"Klimafreundliche Werbegeschenke\",\"item\":\"https:\/\/grontkontor.dk\/de\/produkt-kategori\/klimafreundliche-werbegeschenke\/\"},{\"@type\":\"ListItem\",\"position\":4,\"name\":\"Trinkflaschen und Thermosflaschen\",\"item\":\"https:\/\/grontkontor.dk\/de\/produkt-kategori\/klimafreundliche-werbegeschenke\/trinkflaschen-und-thermosflaschen-de\/\"},{\"@type\":\"ListItem\",\"position\":5,\"name\":\"Wasserflasche aus Stahl und Bambus 600ml\"}]},{\"@type\":\"WebSite\",\"@id\":\"https:\/\/grontkontor.dk\/#website\",\"url\":\"https:\/\/grontkontor.dk\/\",\"name\":\"Gr\u00f8nt Kontor\",\"description\":\"Milj\u00f8venlige produkter til kontor og erhverv med fokus p\u00e5 b\u00e6redygtighed, design og fair trade.\",\"publisher\":{\"@id\":\"https:\/\/grontkontor.dk\/#organization\"},\"potentialAction\":[{\"@type\":\"SearchAction\",\"target\":{\"@type\":\"EntryPoint\",\"urlTemplate\":\"https:\/\/grontkontor.dk\/?s={search_term_string}\"},\"query-input\":\"required name=search_term_string\"}],\"inLanguage\":\"de\"},{\"@type\":\"Organization\",\"@id\":\"https:\/\/grontkontor.dk\/#organization\",\"name\":\"Gr\u00f8nt Kontor\",\"url\":\"https:\/\/grontkontor.dk\/\",\"logo\":{\"@type\":\"ImageObject\",\"inLanguage\":\"de\",\"@id\":\"https:\/\/grontkontor.dk\/#\/schema\/logo\/image\/\",\"url\":\"https:\/\/grontkontor.dk\/wp-content\/uploads\/2014\/02\/Logo_groent_kontor_300x80.png\",\"contentUrl\":\"https:\/\/grontkontor.dk\/wp-content\/uploads\/2014\/02\/Logo_groent_kontor_300x80.png\",\"width\":300,\"height\":80,\"caption\":\"Gr\u00f8nt Kontor\"},\"image\":{\"@id\":\"https:\/\/grontkontor.dk\/#\/schema\/logo\/image\/\"},\"sameAs\":[\"https:\/\/www.facebook.com\/grontkontor.dk\/\"]}]}<\/script>\n<!-- \/ Yoast SEO Premium plugin. -->","yoast_head_json":{"title":"Wasserflasche aus Stahl und Bambus 600ml - Gr\u00f8nt Kontor","robots":{"index":"index","follow":"follow","max-snippet":"max-snippet:-1","max-image-preview":"max-image-preview:large","max-video-preview":"max-video-preview:-1"},"canonical":"https:\/\/grontkontor.dk\/de\/shop\/flasche-in-stahl-und-bambus-600ml\/","og_locale":"de_DE","og_type":"article","og_title":"Wasserflasche aus Stahl und Bambus 600ml","og_description":"Sch\u00f6ne klimafreundliche Trinkflasche aus Edelstahl mit Bambusdeckel und praktischem Riemen aus Polyester. Eine klima- und umweltfreundliche Wasserflasche, die sich perfekt f\u00fcr Werbegeschenke oder Werbegeschenke f\u00fcr Messen und Events eignet. Fassungsverm\u00f6gen: 600 ml. Lieferung in einer Geschenkbox. Sp\u00fclmaschinengeeignet, wir empfehlen jedoch Handw\u00e4sche f\u00fcr den Deckel. Nicht f\u00fcr Mikrowellenherde geeignet. Die Wasserflasche ist [food-cs] [staal] [bambus_s] &nbsp;","og_url":"https:\/\/grontkontor.dk\/de\/shop\/flasche-in-stahl-und-bambus-600ml\/","og_site_name":"Gr\u00f8nt Kontor","article_publisher":"https:\/\/www.facebook.com\/grontkontor.dk\/","og_image":[{"width":900,"height":639,"url":"https:\/\/grontkontor.dk\/wp-content\/uploads\/2021\/04\/vandflaske-staal-bambus-600ml-04.jpg","type":"image\/jpeg"}],"twitter_card":"summary_large_image","schema":{"@context":"https:\/\/schema.org","@graph":[{"@type":"WebPage","@id":"https:\/\/grontkontor.dk\/de\/shop\/flasche-in-stahl-und-bambus-600ml\/","url":"https:\/\/grontkontor.dk\/de\/shop\/flasche-in-stahl-und-bambus-600ml\/","name":"Wasserflasche aus Stahl und Bambus 600ml - Gr\u00f8nt Kontor","isPartOf":{"@id":"https:\/\/grontkontor.dk\/#website"},"datePublished":"2024-05-29T07:54:41+00:00","dateModified":"2024-05-29T07:54:41+00:00","breadcrumb":{"@id":"https:\/\/grontkontor.dk\/de\/shop\/flasche-in-stahl-und-bambus-600ml\/#breadcrumb"},"inLanguage":"de","potentialAction":[{"@type":"ReadAction","target":["https:\/\/grontkontor.dk\/de\/shop\/flasche-in-stahl-und-bambus-600ml\/"]}]},{"@type":"BreadcrumbList","@id":"https:\/\/grontkontor.dk\/de\/shop\/flasche-in-stahl-und-bambus-600ml\/#breadcrumb","itemListElement":[{"@type":"ListItem","position":1,"name":"Forside","item":"https:\/\/grontkontor.dk\/de\/"},{"@type":"ListItem","position":2,"name":"Laden","item":"https:\/\/grontkontor.dk\/de\/laden\/"},{"@type":"ListItem","position":3,"name":"Klimafreundliche Werbegeschenke","item":"https:\/\/grontkontor.dk\/de\/produkt-kategori\/klimafreundliche-werbegeschenke\/"},{"@type":"ListItem","position":4,"name":"Trinkflaschen und Thermosflaschen","item":"https:\/\/grontkontor.dk\/de\/produkt-kategori\/klimafreundliche-werbegeschenke\/trinkflaschen-und-thermosflaschen-de\/"},{"@type":"ListItem","position":5,"name":"Wasserflasche aus Stahl und Bambus 600ml"}]},{"@type":"WebSite","@id":"https:\/\/grontkontor.dk\/#website","url":"https:\/\/grontkontor.dk\/","name":"Gr\u00f8nt Kontor","description":"Milj\u00f8venlige produkter til kontor og erhverv med fokus p\u00e5 b\u00e6redygtighed, design og fair trade.","publisher":{"@id":"https:\/\/grontkontor.dk\/#organization"},"potentialAction":[{"@type":"SearchAction","target":{"@type":"EntryPoint","urlTemplate":"https:\/\/grontkontor.dk\/?s={search_term_string}"},"query-input":"required name=search_term_string"}],"inLanguage":"de"},{"@type":"Organization","@id":"https:\/\/grontkontor.dk\/#organization","name":"Gr\u00f8nt Kontor","url":"https:\/\/grontkontor.dk\/","logo":{"@type":"ImageObject","inLanguage":"de","@id":"https:\/\/grontkontor.dk\/#\/schema\/logo\/image\/","url":"https:\/\/grontkontor.dk\/wp-content\/uploads\/2014\/02\/Logo_groent_kontor_300x80.png","contentUrl":"https:\/\/grontkontor.dk\/wp-content\/uploads\/2014\/02\/Logo_groent_kontor_300x80.png","width":300,"height":80,"caption":"Gr\u00f8nt Kontor"},"image":{"@id":"https:\/\/grontkontor.dk\/#\/schema\/logo\/image\/"},"sameAs":["https:\/\/www.facebook.com\/grontkontor.dk\/"]}]}},"_links":{"self":[{"href":"https:\/\/grontkontor.dk\/de\/wp-json\/wp\/v2\/product\/89490"}],"collection":[{"href":"https:\/\/grontkontor.dk\/de\/wp-json\/wp\/v2\/product"}],"about":[{"href":"https:\/\/grontkontor.dk\/de\/wp-json\/wp\/v2\/types\/product"}],"replies":[{"embeddable":true,"href":"https:\/\/grontkontor.dk\/de\/wp-json\/wp\/v2\/comments?post=89490"}],"wp:featuredmedia":[{"embeddable":true,"href":"https:\/\/grontkontor.dk\/de\/wp-json\/wp\/v2\/media\/112080"}],"wp:attachment":[{"href":"https:\/\/grontkontor.dk\/de\/wp-json\/wp\/v2\/media?parent=89490"}],"wp:term":[{"taxonomy":"product_cat","embeddable":true,"href":"https:\/\/grontkontor.dk\/de\/wp-json\/wp\/v2\/product_cat?post=89490"},{"taxonomy":"product_tag","embeddable":true,"href":"https:\/\/grontkontor.dk\/de\/wp-json\/wp\/v2\/product_tag?post=89490"}],"curies":[{"name":"wp","href":"https:\/\/api.w.org\/{rel}","templated":true}]}}