{"id":89506,"date":"2023-09-22T13:17:41","date_gmt":"2024-05-29T07:54:43","guid":{"rendered":"https:\/\/grontkontor.dk\/shop\/tragetasche-oorganic-cotton-europe\/"},"modified":"2024-05-29T09:54:43","modified_gmt":"2024-05-29T07:54:43","slug":"tragetasche-oorganic-cotton-europe","status":"publish","type":"product","link":"https:\/\/grontkontor.dk\/de\/shop\/tragetasche-oorganic-cotton-europe\/","title":{"rendered":"Tragetasche Bio-Baumwolle EU"},"content":{"rendered":"<p>Klimafreundliche Fair Trade Tragetaschen 38x42cm aus naturfarbener, GOTS-zertifizierter Bio-Baumwolle. W\u00e4hlen Sie zwischen mittlerer 150 g\/m\u00b2 und strapazierf\u00e4higer 220 g\/m\u00b2 Stoffqualit\u00e4t.<\/p>\n<p>Kann in einer ma\u00dfgeschneiderten Version in Sonderabmessungen oder mit besonderen Merkmalen wie Kordelzugverschl\u00fcssen usw. geliefert werden.<\/p>\n<p>M\u00f6glichkeit des Vollfarbdrucks in allen Farben des Regenbogens.<\/p>\n<p>Ein klima- und umweltfreundliches Produkt made in EU, super sch\u00f6n als Handout f\u00fcr Messen und Events.<\/p>\n<p>[oekobomuld] [gots_s] [fairtrade_s]<\/p>\n<p>&nbsp;<\/p>\n<p><img loading=\"lazy\" decoding=\"async\" class=\"size-medium wp-image-21008\" src=\"https:\/\/grontkontor.dk\/wp-content\/uploads\/2020\/11\/eu-flag_1-300x199.jpg\" alt=\"Fremstillet i EU\" width=\"76\" height=\"50\" srcset=\"https:\/\/grontkontor.dk\/wp-content\/uploads\/2020\/11\/eu-flag_1-300x199.jpg 300w, https:\/\/grontkontor.dk\/wp-content\/uploads\/2020\/11\/eu-flag_1.jpg 530w\" sizes=\"(max-width: 76px) 100vw, 76px\" \/><a href=\"http:\/\/www.fairtrade-maerket.dk\/\" target=\"window\"><img loading=\"lazy\" decoding=\"async\" class=\"alignnone size-full\" src=\"https:\/\/grontkontor.dk\/wp-content\/uploads\/2019\/04\/fairtrade-certificeret.jpg\" \n  alt=\"Fair trade certifikatet - din garanti for at arbejdere og b?nder har fair arbejdsforhold og indt?gt\" width=\"49\" height=\"50\" border=0 \/><\/a><a href=\"https:\/\/www.eco-branding.dk\/miljoemaerkning\/gots.aspx\" rel=\"noopener\" target=\"_blank\"><img loading=\"lazy\" decoding=\"async\" class=\"size-full wp-image-12808\" src=\"https:\/\/grontkontor.dk\/wp-content\/uploads\/2019\/04\/gots-certificeret.jpg\" \n   alt=\"Gots certificeret - din garanti for, at produktet indeholder mindst 70% ?kologisk bomuld\"  description=\"Gots certificeret - din garanti for, at produktet indeholder mindst 70% ?kologisk bomuld\" width=\"50\" height=\"50\" \n\t border=0 \/><\/a><\/p>\n","protected":false},"excerpt":{"rendered":"<p>Klimafreundliche Fair Trade Tragetaschen 38x42cm aus naturfarbener, GOTS-zertifizierter Bio-Baumwolle. W\u00e4hlen Sie zwischen mittlerer 150 g\/m\u00b2 und strapazierf\u00e4higer 220 g\/m\u00b2 Stoffqualit\u00e4t. Kann in einer ma\u00dfgeschneiderten Version in Sonderabmessungen oder mit besonderen Merkmalen wie Kordelzugverschl\u00fcssen usw. geliefert werden. M\u00f6glichkeit des Vollfarbdrucks in allen Farben des Regenbogens. Ein klima- und umweltfreundliches Produkt made in EU, super sch\u00f6n als [&hellip;]<\/p>\n","protected":false},"featured_media":111605,"comment_status":"closed","ping_status":"closed","template":"","meta":{"_acf_changed":false},"product_cat":[3517,4449,3512,3341],"product_tag":[3518,3957,4683,3345,3342,4685,4684],"class_list":{"0":"post-89506","1":"product","2":"type-product","3":"status-publish","4":"has-post-thumbnail","6":"product_cat-dummy-moq-50-100-de","7":"product_cat-geschenktueten-und-geschenkboxen","8":"product_cat-taschen-tueten-und-huellen","9":"product_cat-stofftaschen","10":"product_tag-baumwolltasche","11":"product_tag-tasche-aus-bio-baumwolle","12":"product_tag-taschen-aus-baumwolle","13":"product_tag-tragetasche-de","14":"product_tag-tragetasche","15":"product_tag-tragetaschen-de","16":"product_tag-tragetaschen","17":"tm-has-options","19":"first","20":"instock","21":"taxable","22":"shipping-taxable","23":"purchasable","24":"product-type-variable","25":"has-default-attributes"},"acf":[],"yoast_head":"<!-- This site is optimized with the Yoast SEO Premium plugin v21.2 (Yoast SEO v21.2) - https:\/\/yoast.com\/wordpress\/plugins\/seo\/ -->\n<title>Tragetasche Bio-Baumwolle EU - Gr\u00f8nt Kontor<\/title>\n<meta name=\"robots\" content=\"index, follow, max-snippet:-1, max-image-preview:large, max-video-preview:-1\" \/>\n<link rel=\"canonical\" href=\"https:\/\/grontkontor.dk\/de\/shop\/tragetasche-oorganic-cotton-europe\/\" \/>\n<meta property=\"og:locale\" content=\"de_DE\" \/>\n<meta property=\"og:type\" content=\"article\" \/>\n<meta property=\"og:title\" content=\"Tragetasche Bio-Baumwolle EU\" \/>\n<meta property=\"og:description\" content=\"Klimafreundliche Fair Trade Tragetaschen 38x42cm aus naturfarbener, GOTS-zertifizierter Bio-Baumwolle. W\u00e4hlen Sie zwischen mittlerer 150 g\/m\u00b2 und strapazierf\u00e4higer 220 g\/m\u00b2 Stoffqualit\u00e4t. Kann in einer ma\u00dfgeschneiderten Version in Sonderabmessungen oder mit besonderen Merkmalen wie Kordelzugverschl\u00fcssen usw. geliefert werden. M\u00f6glichkeit des Vollfarbdrucks in allen Farben des Regenbogens. Ein klima- und umweltfreundliches Produkt made in EU, super sch\u00f6n als [&hellip;]\" \/>\n<meta property=\"og:url\" content=\"https:\/\/grontkontor.dk\/de\/shop\/tragetasche-oorganic-cotton-europe\/\" \/>\n<meta property=\"og:site_name\" content=\"Gr\u00f8nt Kontor\" \/>\n<meta property=\"article:publisher\" content=\"https:\/\/www.facebook.com\/grontkontor.dk\/\" \/>\n<meta property=\"og:image\" content=\"https:\/\/grontkontor.dk\/wp-content\/uploads\/2020\/10\/oekologisk-mulepose-120gsm-02.jpg\" \/>\n\t<meta property=\"og:image:width\" content=\"900\" \/>\n\t<meta property=\"og:image:height\" content=\"639\" \/>\n\t<meta property=\"og:image:type\" content=\"image\/jpeg\" \/>\n<meta name=\"twitter:card\" content=\"summary_large_image\" \/>\n<script type=\"application\/ld+json\" class=\"yoast-schema-graph\">{\"@context\":\"https:\/\/schema.org\",\"@graph\":[{\"@type\":\"WebPage\",\"@id\":\"https:\/\/grontkontor.dk\/de\/shop\/tragetasche-oorganic-cotton-europe\/\",\"url\":\"https:\/\/grontkontor.dk\/de\/shop\/tragetasche-oorganic-cotton-europe\/\",\"name\":\"Tragetasche Bio-Baumwolle EU - Gr\u00f8nt Kontor\",\"isPartOf\":{\"@id\":\"https:\/\/grontkontor.dk\/#website\"},\"datePublished\":\"2024-05-29T07:54:43+00:00\",\"dateModified\":\"2024-05-29T07:54:43+00:00\",\"breadcrumb\":{\"@id\":\"https:\/\/grontkontor.dk\/de\/shop\/tragetasche-oorganic-cotton-europe\/#breadcrumb\"},\"inLanguage\":\"de\",\"potentialAction\":[{\"@type\":\"ReadAction\",\"target\":[\"https:\/\/grontkontor.dk\/de\/shop\/tragetasche-oorganic-cotton-europe\/\"]}]},{\"@type\":\"BreadcrumbList\",\"@id\":\"https:\/\/grontkontor.dk\/de\/shop\/tragetasche-oorganic-cotton-europe\/#breadcrumb\",\"itemListElement\":[{\"@type\":\"ListItem\",\"position\":1,\"name\":\"Forside\",\"item\":\"https:\/\/grontkontor.dk\/de\/\"},{\"@type\":\"ListItem\",\"position\":2,\"name\":\"Laden\",\"item\":\"https:\/\/grontkontor.dk\/de\/laden\/\"},{\"@type\":\"ListItem\",\"position\":3,\"name\":\"Poser, tasker og covers\",\"item\":\"https:\/\/grontkontor.dk\/produkt-kategori\/poser-tasker-covers\/\"},{\"@type\":\"ListItem\",\"position\":4,\"name\":\"B\u00e6reposer\",\"item\":\"https:\/\/grontkontor.dk\/produkt-kategori\/poser-tasker-covers\/baereposer\/\"},{\"@type\":\"ListItem\",\"position\":5,\"name\":\"Tragetasche Bio-Baumwolle EU\"}]},{\"@type\":\"WebSite\",\"@id\":\"https:\/\/grontkontor.dk\/#website\",\"url\":\"https:\/\/grontkontor.dk\/\",\"name\":\"Gr\u00f8nt Kontor\",\"description\":\"Milj\u00f8venlige produkter til kontor og erhverv med fokus p\u00e5 b\u00e6redygtighed, design og fair trade.\",\"publisher\":{\"@id\":\"https:\/\/grontkontor.dk\/#organization\"},\"potentialAction\":[{\"@type\":\"SearchAction\",\"target\":{\"@type\":\"EntryPoint\",\"urlTemplate\":\"https:\/\/grontkontor.dk\/?s={search_term_string}\"},\"query-input\":\"required name=search_term_string\"}],\"inLanguage\":\"de\"},{\"@type\":\"Organization\",\"@id\":\"https:\/\/grontkontor.dk\/#organization\",\"name\":\"Gr\u00f8nt Kontor\",\"url\":\"https:\/\/grontkontor.dk\/\",\"logo\":{\"@type\":\"ImageObject\",\"inLanguage\":\"de\",\"@id\":\"https:\/\/grontkontor.dk\/#\/schema\/logo\/image\/\",\"url\":\"https:\/\/grontkontor.dk\/wp-content\/uploads\/2014\/02\/Logo_groent_kontor_300x80.png\",\"contentUrl\":\"https:\/\/grontkontor.dk\/wp-content\/uploads\/2014\/02\/Logo_groent_kontor_300x80.png\",\"width\":300,\"height\":80,\"caption\":\"Gr\u00f8nt Kontor\"},\"image\":{\"@id\":\"https:\/\/grontkontor.dk\/#\/schema\/logo\/image\/\"},\"sameAs\":[\"https:\/\/www.facebook.com\/grontkontor.dk\/\"]}]}<\/script>\n<!-- \/ Yoast SEO Premium plugin. -->","yoast_head_json":{"title":"Tragetasche Bio-Baumwolle EU - Gr\u00f8nt Kontor","robots":{"index":"index","follow":"follow","max-snippet":"max-snippet:-1","max-image-preview":"max-image-preview:large","max-video-preview":"max-video-preview:-1"},"canonical":"https:\/\/grontkontor.dk\/de\/shop\/tragetasche-oorganic-cotton-europe\/","og_locale":"de_DE","og_type":"article","og_title":"Tragetasche Bio-Baumwolle EU","og_description":"Klimafreundliche Fair Trade Tragetaschen 38x42cm aus naturfarbener, GOTS-zertifizierter Bio-Baumwolle. W\u00e4hlen Sie zwischen mittlerer 150 g\/m\u00b2 und strapazierf\u00e4higer 220 g\/m\u00b2 Stoffqualit\u00e4t. Kann in einer ma\u00dfgeschneiderten Version in Sonderabmessungen oder mit besonderen Merkmalen wie Kordelzugverschl\u00fcssen usw. geliefert werden. M\u00f6glichkeit des Vollfarbdrucks in allen Farben des Regenbogens. Ein klima- und umweltfreundliches Produkt made in EU, super sch\u00f6n als [&hellip;]","og_url":"https:\/\/grontkontor.dk\/de\/shop\/tragetasche-oorganic-cotton-europe\/","og_site_name":"Gr\u00f8nt Kontor","article_publisher":"https:\/\/www.facebook.com\/grontkontor.dk\/","og_image":[{"width":900,"height":639,"url":"https:\/\/grontkontor.dk\/wp-content\/uploads\/2020\/10\/oekologisk-mulepose-120gsm-02.jpg","type":"image\/jpeg"}],"twitter_card":"summary_large_image","schema":{"@context":"https:\/\/schema.org","@graph":[{"@type":"WebPage","@id":"https:\/\/grontkontor.dk\/de\/shop\/tragetasche-oorganic-cotton-europe\/","url":"https:\/\/grontkontor.dk\/de\/shop\/tragetasche-oorganic-cotton-europe\/","name":"Tragetasche Bio-Baumwolle EU - Gr\u00f8nt Kontor","isPartOf":{"@id":"https:\/\/grontkontor.dk\/#website"},"datePublished":"2024-05-29T07:54:43+00:00","dateModified":"2024-05-29T07:54:43+00:00","breadcrumb":{"@id":"https:\/\/grontkontor.dk\/de\/shop\/tragetasche-oorganic-cotton-europe\/#breadcrumb"},"inLanguage":"de","potentialAction":[{"@type":"ReadAction","target":["https:\/\/grontkontor.dk\/de\/shop\/tragetasche-oorganic-cotton-europe\/"]}]},{"@type":"BreadcrumbList","@id":"https:\/\/grontkontor.dk\/de\/shop\/tragetasche-oorganic-cotton-europe\/#breadcrumb","itemListElement":[{"@type":"ListItem","position":1,"name":"Forside","item":"https:\/\/grontkontor.dk\/de\/"},{"@type":"ListItem","position":2,"name":"Laden","item":"https:\/\/grontkontor.dk\/de\/laden\/"},{"@type":"ListItem","position":3,"name":"Poser, tasker og covers","item":"https:\/\/grontkontor.dk\/produkt-kategori\/poser-tasker-covers\/"},{"@type":"ListItem","position":4,"name":"B\u00e6reposer","item":"https:\/\/grontkontor.dk\/produkt-kategori\/poser-tasker-covers\/baereposer\/"},{"@type":"ListItem","position":5,"name":"Tragetasche Bio-Baumwolle EU"}]},{"@type":"WebSite","@id":"https:\/\/grontkontor.dk\/#website","url":"https:\/\/grontkontor.dk\/","name":"Gr\u00f8nt Kontor","description":"Milj\u00f8venlige produkter til kontor og erhverv med fokus p\u00e5 b\u00e6redygtighed, design og fair trade.","publisher":{"@id":"https:\/\/grontkontor.dk\/#organization"},"potentialAction":[{"@type":"SearchAction","target":{"@type":"EntryPoint","urlTemplate":"https:\/\/grontkontor.dk\/?s={search_term_string}"},"query-input":"required name=search_term_string"}],"inLanguage":"de"},{"@type":"Organization","@id":"https:\/\/grontkontor.dk\/#organization","name":"Gr\u00f8nt Kontor","url":"https:\/\/grontkontor.dk\/","logo":{"@type":"ImageObject","inLanguage":"de","@id":"https:\/\/grontkontor.dk\/#\/schema\/logo\/image\/","url":"https:\/\/grontkontor.dk\/wp-content\/uploads\/2014\/02\/Logo_groent_kontor_300x80.png","contentUrl":"https:\/\/grontkontor.dk\/wp-content\/uploads\/2014\/02\/Logo_groent_kontor_300x80.png","width":300,"height":80,"caption":"Gr\u00f8nt Kontor"},"image":{"@id":"https:\/\/grontkontor.dk\/#\/schema\/logo\/image\/"},"sameAs":["https:\/\/www.facebook.com\/grontkontor.dk\/"]}]}},"_links":{"self":[{"href":"https:\/\/grontkontor.dk\/de\/wp-json\/wp\/v2\/product\/89506"}],"collection":[{"href":"https:\/\/grontkontor.dk\/de\/wp-json\/wp\/v2\/product"}],"about":[{"href":"https:\/\/grontkontor.dk\/de\/wp-json\/wp\/v2\/types\/product"}],"replies":[{"embeddable":true,"href":"https:\/\/grontkontor.dk\/de\/wp-json\/wp\/v2\/comments?post=89506"}],"wp:featuredmedia":[{"embeddable":true,"href":"https:\/\/grontkontor.dk\/de\/wp-json\/wp\/v2\/media\/111605"}],"wp:attachment":[{"href":"https:\/\/grontkontor.dk\/de\/wp-json\/wp\/v2\/media?parent=89506"}],"wp:term":[{"taxonomy":"product_cat","embeddable":true,"href":"https:\/\/grontkontor.dk\/de\/wp-json\/wp\/v2\/product_cat?post=89506"},{"taxonomy":"product_tag","embeddable":true,"href":"https:\/\/grontkontor.dk\/de\/wp-json\/wp\/v2\/product_tag?post=89506"}],"curies":[{"name":"wp","href":"https:\/\/api.w.org\/{rel}","templated":true}]}}