{"id":89575,"date":"2023-09-22T13:16:37","date_gmt":"2024-05-29T07:57:32","guid":{"rendered":"https:\/\/grontkontor.dk\/shop\/journal-halter-fsc-recycled-turkis\/"},"modified":"2024-05-29T09:57:32","modified_gmt":"2024-05-29T07:57:32","slug":"journal-halter-fsc-recycled-turkis","status":"publish","type":"product","link":"https:\/\/grontkontor.dk\/de\/shop\/journal-halter-fsc-recycled-turkis\/","title":{"rendered":"Journalhalter FSC recycelt &#8211; T\u00fcrkis"},"content":{"rendered":"<p>Klimafreundlicher t\u00fcrkisfarbener Magazinsammler im soliden skandinavischen Design. Die Oberfl\u00e4che besteht aus FSC-zertifiziertem Laminatpapier mit Leinenstruktur, handlaminiert mit Kleber auf Wasserbasis auf einem dickeren Kern aus recyceltem Karton. Ein klima- und umweltfreundliches Produkt zur Aufbewahrung Ihrer Dokumente, Zeitschriften und Aktenordner. Hergestellt in der EU.<br \/>\nR\u00fcckenbreite: 10 cm.<br \/>\n<a href=\"https:\/\/ic.fsc.org\/en\/\" target=\"window\"><img loading=\"lazy\" decoding=\"async\" class=\"size-full wp-image-12735\" src=\"https:\/\/grontkontor.dk\/wp-content\/uploads\/2019\/04\/fsc-certificeret.png\" \n\t\t alt=\"FSC-certificeret\" title=\"FSC-certificeret\" width=\"44\" height=\"51\" border=0\/><\/a> [bigso_all]<\/p>\n","protected":false},"excerpt":{"rendered":"<p>Klimafreundlicher t\u00fcrkisfarbener Magazinsammler im soliden skandinavischen Design. Die Oberfl\u00e4che besteht aus FSC-zertifiziertem Laminatpapier mit Leinenstruktur, handlaminiert mit Kleber auf Wasserbasis auf einem dickeren Kern aus recyceltem Karton. Ein klima- und umweltfreundliches Produkt zur Aufbewahrung Ihrer Dokumente, Zeitschriften und Aktenordner. Hergestellt in der EU. R\u00fcckenbreite: 10 cm. [bigso_all]<\/p>\n","protected":false},"featured_media":111979,"comment_status":"closed","ping_status":"closed","template":"","meta":{"_acf_changed":false},"product_cat":[3325,3556,3323,3531,3488,3088],"product_tag":[4128],"class_list":{"0":"post-89575","1":"product","2":"type-product","3":"status-publish","4":"has-post-thumbnail","6":"product_cat-dummy-moq-1-de","7":"product_cat-graues-leinwandpapier","8":"product_cat-produktserien","9":"product_cat-recyclingkarton-fsc-farbig","10":"product_cat-zeitschrifteninhaber","11":"product_cat-arkivering-de","12":"product_tag-zeitschriftenhalter","13":"tm-has-options","15":"first","16":"instock","17":"taxable","18":"shipping-taxable","19":"purchasable","20":"product-type-simple"},"acf":[],"yoast_head":"<!-- This site is optimized with the Yoast SEO Premium plugin v21.2 (Yoast SEO v21.2) - https:\/\/yoast.com\/wordpress\/plugins\/seo\/ -->\n<title>Journalhalter FSC recycelt - T\u00fcrkis - Gr\u00f8nt Kontor<\/title>\n<meta name=\"robots\" content=\"index, follow, max-snippet:-1, max-image-preview:large, max-video-preview:-1\" \/>\n<link rel=\"canonical\" href=\"https:\/\/grontkontor.dk\/de\/shop\/journal-halter-fsc-recycled-turkis\/\" \/>\n<meta property=\"og:locale\" content=\"de_DE\" \/>\n<meta property=\"og:type\" content=\"article\" \/>\n<meta property=\"og:title\" content=\"Journalhalter FSC recycelt - T\u00fcrkis\" \/>\n<meta property=\"og:description\" content=\"Klimafreundlicher t\u00fcrkisfarbener Magazinsammler im soliden skandinavischen Design. Die Oberfl\u00e4che besteht aus FSC-zertifiziertem Laminatpapier mit Leinenstruktur, handlaminiert mit Kleber auf Wasserbasis auf einem dickeren Kern aus recyceltem Karton. Ein klima- und umweltfreundliches Produkt zur Aufbewahrung Ihrer Dokumente, Zeitschriften und Aktenordner. Hergestellt in der EU. R\u00fcckenbreite: 10 cm. [bigso_all]\" \/>\n<meta property=\"og:url\" content=\"https:\/\/grontkontor.dk\/de\/shop\/journal-halter-fsc-recycled-turkis\/\" \/>\n<meta property=\"og:site_name\" content=\"Gr\u00f8nt Kontor\" \/>\n<meta property=\"article:publisher\" content=\"https:\/\/www.facebook.com\/grontkontor.dk\/\" \/>\n<meta property=\"og:image\" content=\"https:\/\/grontkontor.dk\/wp-content\/uploads\/2021\/03\/tidsskriftholder-fsc-genbrug-turkis-01.jpg\" \/>\n\t<meta property=\"og:image:width\" content=\"900\" \/>\n\t<meta property=\"og:image:height\" content=\"639\" \/>\n\t<meta property=\"og:image:type\" content=\"image\/jpeg\" \/>\n<meta name=\"twitter:card\" content=\"summary_large_image\" \/>\n<script type=\"application\/ld+json\" class=\"yoast-schema-graph\">{\"@context\":\"https:\/\/schema.org\",\"@graph\":[{\"@type\":\"WebPage\",\"@id\":\"https:\/\/grontkontor.dk\/de\/shop\/journal-halter-fsc-recycled-turkis\/\",\"url\":\"https:\/\/grontkontor.dk\/de\/shop\/journal-halter-fsc-recycled-turkis\/\",\"name\":\"Journalhalter FSC recycelt - T\u00fcrkis - Gr\u00f8nt Kontor\",\"isPartOf\":{\"@id\":\"https:\/\/grontkontor.dk\/#website\"},\"datePublished\":\"2024-05-29T07:57:32+00:00\",\"dateModified\":\"2024-05-29T07:57:32+00:00\",\"breadcrumb\":{\"@id\":\"https:\/\/grontkontor.dk\/de\/shop\/journal-halter-fsc-recycled-turkis\/#breadcrumb\"},\"inLanguage\":\"de\",\"potentialAction\":[{\"@type\":\"ReadAction\",\"target\":[\"https:\/\/grontkontor.dk\/de\/shop\/journal-halter-fsc-recycled-turkis\/\"]}]},{\"@type\":\"BreadcrumbList\",\"@id\":\"https:\/\/grontkontor.dk\/de\/shop\/journal-halter-fsc-recycled-turkis\/#breadcrumb\",\"itemListElement\":[{\"@type\":\"ListItem\",\"position\":1,\"name\":\"Forside\",\"item\":\"https:\/\/grontkontor.dk\/de\/\"},{\"@type\":\"ListItem\",\"position\":2,\"name\":\"Laden\",\"item\":\"https:\/\/grontkontor.dk\/de\/laden\/\"},{\"@type\":\"ListItem\",\"position\":3,\"name\":\"Arkivering\",\"item\":\"https:\/\/grontkontor.dk\/produkt-kategori\/arkivering\/\"},{\"@type\":\"ListItem\",\"position\":4,\"name\":\"Tidsskriftholdere\",\"item\":\"https:\/\/grontkontor.dk\/produkt-kategori\/arkivering\/tidsskriftholdere\/\"},{\"@type\":\"ListItem\",\"position\":5,\"name\":\"Journalhalter FSC recycelt &#8211; T\u00fcrkis\"}]},{\"@type\":\"WebSite\",\"@id\":\"https:\/\/grontkontor.dk\/#website\",\"url\":\"https:\/\/grontkontor.dk\/\",\"name\":\"Gr\u00f8nt Kontor\",\"description\":\"Milj\u00f8venlige produkter til kontor og erhverv med fokus p\u00e5 b\u00e6redygtighed, design og fair trade.\",\"publisher\":{\"@id\":\"https:\/\/grontkontor.dk\/#organization\"},\"potentialAction\":[{\"@type\":\"SearchAction\",\"target\":{\"@type\":\"EntryPoint\",\"urlTemplate\":\"https:\/\/grontkontor.dk\/?s={search_term_string}\"},\"query-input\":\"required name=search_term_string\"}],\"inLanguage\":\"de\"},{\"@type\":\"Organization\",\"@id\":\"https:\/\/grontkontor.dk\/#organization\",\"name\":\"Gr\u00f8nt Kontor\",\"url\":\"https:\/\/grontkontor.dk\/\",\"logo\":{\"@type\":\"ImageObject\",\"inLanguage\":\"de\",\"@id\":\"https:\/\/grontkontor.dk\/#\/schema\/logo\/image\/\",\"url\":\"https:\/\/grontkontor.dk\/wp-content\/uploads\/2014\/02\/Logo_groent_kontor_300x80.png\",\"contentUrl\":\"https:\/\/grontkontor.dk\/wp-content\/uploads\/2014\/02\/Logo_groent_kontor_300x80.png\",\"width\":300,\"height\":80,\"caption\":\"Gr\u00f8nt Kontor\"},\"image\":{\"@id\":\"https:\/\/grontkontor.dk\/#\/schema\/logo\/image\/\"},\"sameAs\":[\"https:\/\/www.facebook.com\/grontkontor.dk\/\"]}]}<\/script>\n<!-- \/ Yoast SEO Premium plugin. -->","yoast_head_json":{"title":"Journalhalter FSC recycelt - T\u00fcrkis - Gr\u00f8nt Kontor","robots":{"index":"index","follow":"follow","max-snippet":"max-snippet:-1","max-image-preview":"max-image-preview:large","max-video-preview":"max-video-preview:-1"},"canonical":"https:\/\/grontkontor.dk\/de\/shop\/journal-halter-fsc-recycled-turkis\/","og_locale":"de_DE","og_type":"article","og_title":"Journalhalter FSC recycelt - T\u00fcrkis","og_description":"Klimafreundlicher t\u00fcrkisfarbener Magazinsammler im soliden skandinavischen Design. Die Oberfl\u00e4che besteht aus FSC-zertifiziertem Laminatpapier mit Leinenstruktur, handlaminiert mit Kleber auf Wasserbasis auf einem dickeren Kern aus recyceltem Karton. Ein klima- und umweltfreundliches Produkt zur Aufbewahrung Ihrer Dokumente, Zeitschriften und Aktenordner. Hergestellt in der EU. R\u00fcckenbreite: 10 cm. [bigso_all]","og_url":"https:\/\/grontkontor.dk\/de\/shop\/journal-halter-fsc-recycled-turkis\/","og_site_name":"Gr\u00f8nt Kontor","article_publisher":"https:\/\/www.facebook.com\/grontkontor.dk\/","og_image":[{"width":900,"height":639,"url":"https:\/\/grontkontor.dk\/wp-content\/uploads\/2021\/03\/tidsskriftholder-fsc-genbrug-turkis-01.jpg","type":"image\/jpeg"}],"twitter_card":"summary_large_image","schema":{"@context":"https:\/\/schema.org","@graph":[{"@type":"WebPage","@id":"https:\/\/grontkontor.dk\/de\/shop\/journal-halter-fsc-recycled-turkis\/","url":"https:\/\/grontkontor.dk\/de\/shop\/journal-halter-fsc-recycled-turkis\/","name":"Journalhalter FSC recycelt - T\u00fcrkis - Gr\u00f8nt Kontor","isPartOf":{"@id":"https:\/\/grontkontor.dk\/#website"},"datePublished":"2024-05-29T07:57:32+00:00","dateModified":"2024-05-29T07:57:32+00:00","breadcrumb":{"@id":"https:\/\/grontkontor.dk\/de\/shop\/journal-halter-fsc-recycled-turkis\/#breadcrumb"},"inLanguage":"de","potentialAction":[{"@type":"ReadAction","target":["https:\/\/grontkontor.dk\/de\/shop\/journal-halter-fsc-recycled-turkis\/"]}]},{"@type":"BreadcrumbList","@id":"https:\/\/grontkontor.dk\/de\/shop\/journal-halter-fsc-recycled-turkis\/#breadcrumb","itemListElement":[{"@type":"ListItem","position":1,"name":"Forside","item":"https:\/\/grontkontor.dk\/de\/"},{"@type":"ListItem","position":2,"name":"Laden","item":"https:\/\/grontkontor.dk\/de\/laden\/"},{"@type":"ListItem","position":3,"name":"Arkivering","item":"https:\/\/grontkontor.dk\/produkt-kategori\/arkivering\/"},{"@type":"ListItem","position":4,"name":"Tidsskriftholdere","item":"https:\/\/grontkontor.dk\/produkt-kategori\/arkivering\/tidsskriftholdere\/"},{"@type":"ListItem","position":5,"name":"Journalhalter FSC recycelt &#8211; T\u00fcrkis"}]},{"@type":"WebSite","@id":"https:\/\/grontkontor.dk\/#website","url":"https:\/\/grontkontor.dk\/","name":"Gr\u00f8nt Kontor","description":"Milj\u00f8venlige produkter til kontor og erhverv med fokus p\u00e5 b\u00e6redygtighed, design og fair trade.","publisher":{"@id":"https:\/\/grontkontor.dk\/#organization"},"potentialAction":[{"@type":"SearchAction","target":{"@type":"EntryPoint","urlTemplate":"https:\/\/grontkontor.dk\/?s={search_term_string}"},"query-input":"required name=search_term_string"}],"inLanguage":"de"},{"@type":"Organization","@id":"https:\/\/grontkontor.dk\/#organization","name":"Gr\u00f8nt Kontor","url":"https:\/\/grontkontor.dk\/","logo":{"@type":"ImageObject","inLanguage":"de","@id":"https:\/\/grontkontor.dk\/#\/schema\/logo\/image\/","url":"https:\/\/grontkontor.dk\/wp-content\/uploads\/2014\/02\/Logo_groent_kontor_300x80.png","contentUrl":"https:\/\/grontkontor.dk\/wp-content\/uploads\/2014\/02\/Logo_groent_kontor_300x80.png","width":300,"height":80,"caption":"Gr\u00f8nt Kontor"},"image":{"@id":"https:\/\/grontkontor.dk\/#\/schema\/logo\/image\/"},"sameAs":["https:\/\/www.facebook.com\/grontkontor.dk\/"]}]}},"_links":{"self":[{"href":"https:\/\/grontkontor.dk\/de\/wp-json\/wp\/v2\/product\/89575"}],"collection":[{"href":"https:\/\/grontkontor.dk\/de\/wp-json\/wp\/v2\/product"}],"about":[{"href":"https:\/\/grontkontor.dk\/de\/wp-json\/wp\/v2\/types\/product"}],"replies":[{"embeddable":true,"href":"https:\/\/grontkontor.dk\/de\/wp-json\/wp\/v2\/comments?post=89575"}],"wp:featuredmedia":[{"embeddable":true,"href":"https:\/\/grontkontor.dk\/de\/wp-json\/wp\/v2\/media\/111979"}],"wp:attachment":[{"href":"https:\/\/grontkontor.dk\/de\/wp-json\/wp\/v2\/media?parent=89575"}],"wp:term":[{"taxonomy":"product_cat","embeddable":true,"href":"https:\/\/grontkontor.dk\/de\/wp-json\/wp\/v2\/product_cat?post=89575"},{"taxonomy":"product_tag","embeddable":true,"href":"https:\/\/grontkontor.dk\/de\/wp-json\/wp\/v2\/product_tag?post=89575"}],"curies":[{"name":"wp","href":"https:\/\/api.w.org\/{rel}","templated":true}]}}