{"id":89613,"date":"2023-09-22T13:16:20","date_gmt":"2024-05-29T07:59:12","guid":{"rendered":"https:\/\/grontkontor.dk\/shop\/haeftemaskine-kirsebaertrae\/"},"modified":"2024-05-29T09:59:12","modified_gmt":"2024-05-29T07:59:12","slug":"haeftemaskine-kirsebaertrae","status":"publish","type":"product","link":"https:\/\/grontkontor.dk\/de\/shop\/haeftemaskine-kirsebaertrae\/","title":{"rendered":"Tacker Kirschholz"},"content":{"rendered":"<p>Dieser durchdachte und umweltfreundliche Hefter aus ge\u00f6ltem Kirschholz ist sowohl funktional als auch robust. Es ist sowohl f\u00fcr offene als auch f\u00fcr geschlossene Heftungen geeignet und kann Klammern mit den folgenden Abmessungen verwenden: 24\/6, 24\/8, 26\/6 und 26\/8.<br \/>\nEin klima- und umweltfreundliches Produkt, das in der EU von behinderten Menschen in einer gesch\u00fctzten Werkstatt hergestellt wird.<br \/>\n[kjf]<\/p>\n","protected":false},"excerpt":{"rendered":"<p>Dieser durchdachte und umweltfreundliche Hefter aus ge\u00f6ltem Kirschholz ist sowohl funktional als auch robust. Es ist sowohl f\u00fcr offene als auch f\u00fcr geschlossene Heftungen geeignet und kann Klammern mit den folgenden Abmessungen verwenden: 24\/6, 24\/8, 26\/6 und 26\/8. Ein klima- und umweltfreundliches Produkt, das in der EU von behinderten Menschen in einer gesch\u00fctzten Werkstatt hergestellt [&hellip;]<\/p>\n","protected":false},"featured_media":111927,"comment_status":"closed","ping_status":"closed","template":"","meta":{"_acf_changed":false},"product_cat":[3325,3555,3323,3519,3440],"product_tag":[4138],"class_list":{"0":"post-89613","1":"product","2":"type-product","3":"status-publish","4":"has-post-thumbnail","6":"product_cat-dummy-moq-1-de","7":"product_cat-kirschbaum","8":"product_cat-produktserien","9":"product_cat-schreibtischausstattung","10":"product_cat-sonstiges-fuer-den-schreibtisch","11":"product_tag-clip-maschine","12":"tm-has-options","14":"first","15":"instock","16":"taxable","17":"shipping-taxable","18":"purchasable","19":"product-type-simple"},"acf":[],"yoast_head":"<!-- This site is optimized with the Yoast SEO Premium plugin v21.2 (Yoast SEO v21.2) - https:\/\/yoast.com\/wordpress\/plugins\/seo\/ -->\n<title>Tacker Kirschholz - Gr\u00f8nt Kontor<\/title>\n<meta name=\"robots\" content=\"index, follow, max-snippet:-1, max-image-preview:large, max-video-preview:-1\" \/>\n<link rel=\"canonical\" href=\"https:\/\/grontkontor.dk\/de\/shop\/haeftemaskine-kirsebaertrae\/\" \/>\n<meta property=\"og:locale\" content=\"de_DE\" \/>\n<meta property=\"og:type\" content=\"article\" \/>\n<meta property=\"og:title\" content=\"Tacker Kirschholz\" \/>\n<meta property=\"og:description\" content=\"Dieser durchdachte und umweltfreundliche Hefter aus ge\u00f6ltem Kirschholz ist sowohl funktional als auch robust. Es ist sowohl f\u00fcr offene als auch f\u00fcr geschlossene Heftungen geeignet und kann Klammern mit den folgenden Abmessungen verwenden: 24\/6, 24\/8, 26\/6 und 26\/8. Ein klima- und umweltfreundliches Produkt, das in der EU von behinderten Menschen in einer gesch\u00fctzten Werkstatt hergestellt [&hellip;]\" \/>\n<meta property=\"og:url\" content=\"https:\/\/grontkontor.dk\/de\/shop\/haeftemaskine-kirsebaertrae\/\" \/>\n<meta property=\"og:site_name\" content=\"Gr\u00f8nt Kontor\" \/>\n<meta property=\"article:publisher\" content=\"https:\/\/www.facebook.com\/grontkontor.dk\/\" \/>\n<meta property=\"og:image\" content=\"https:\/\/grontkontor.dk\/wp-content\/uploads\/2021\/02\/haeftemaskine-kirsebaertrae.jpg\" \/>\n\t<meta property=\"og:image:width\" content=\"900\" \/>\n\t<meta property=\"og:image:height\" content=\"639\" \/>\n\t<meta property=\"og:image:type\" content=\"image\/jpeg\" \/>\n<meta name=\"twitter:card\" content=\"summary_large_image\" \/>\n<script type=\"application\/ld+json\" class=\"yoast-schema-graph\">{\"@context\":\"https:\/\/schema.org\",\"@graph\":[{\"@type\":\"WebPage\",\"@id\":\"https:\/\/grontkontor.dk\/de\/shop\/haeftemaskine-kirsebaertrae\/\",\"url\":\"https:\/\/grontkontor.dk\/de\/shop\/haeftemaskine-kirsebaertrae\/\",\"name\":\"Tacker Kirschholz - Gr\u00f8nt Kontor\",\"isPartOf\":{\"@id\":\"https:\/\/grontkontor.dk\/#website\"},\"datePublished\":\"2024-05-29T07:59:12+00:00\",\"dateModified\":\"2024-05-29T07:59:12+00:00\",\"breadcrumb\":{\"@id\":\"https:\/\/grontkontor.dk\/de\/shop\/haeftemaskine-kirsebaertrae\/#breadcrumb\"},\"inLanguage\":\"de\",\"potentialAction\":[{\"@type\":\"ReadAction\",\"target\":[\"https:\/\/grontkontor.dk\/de\/shop\/haeftemaskine-kirsebaertrae\/\"]}]},{\"@type\":\"BreadcrumbList\",\"@id\":\"https:\/\/grontkontor.dk\/de\/shop\/haeftemaskine-kirsebaertrae\/#breadcrumb\",\"itemListElement\":[{\"@type\":\"ListItem\",\"position\":1,\"name\":\"Forside\",\"item\":\"https:\/\/grontkontor.dk\/de\/\"},{\"@type\":\"ListItem\",\"position\":2,\"name\":\"Laden\",\"item\":\"https:\/\/grontkontor.dk\/de\/laden\/\"},{\"@type\":\"ListItem\",\"position\":3,\"name\":\"Produktserien\",\"item\":\"https:\/\/grontkontor.dk\/de\/produkt-kategori\/produktserien\/\"},{\"@type\":\"ListItem\",\"position\":4,\"name\":\"Kirschbaum\",\"item\":\"https:\/\/grontkontor.dk\/de\/produkt-kategori\/kirschbaum\/\"},{\"@type\":\"ListItem\",\"position\":5,\"name\":\"Tacker Kirschholz\"}]},{\"@type\":\"WebSite\",\"@id\":\"https:\/\/grontkontor.dk\/#website\",\"url\":\"https:\/\/grontkontor.dk\/\",\"name\":\"Gr\u00f8nt Kontor\",\"description\":\"Milj\u00f8venlige produkter til kontor og erhverv med fokus p\u00e5 b\u00e6redygtighed, design og fair trade.\",\"publisher\":{\"@id\":\"https:\/\/grontkontor.dk\/#organization\"},\"potentialAction\":[{\"@type\":\"SearchAction\",\"target\":{\"@type\":\"EntryPoint\",\"urlTemplate\":\"https:\/\/grontkontor.dk\/?s={search_term_string}\"},\"query-input\":\"required name=search_term_string\"}],\"inLanguage\":\"de\"},{\"@type\":\"Organization\",\"@id\":\"https:\/\/grontkontor.dk\/#organization\",\"name\":\"Gr\u00f8nt Kontor\",\"url\":\"https:\/\/grontkontor.dk\/\",\"logo\":{\"@type\":\"ImageObject\",\"inLanguage\":\"de\",\"@id\":\"https:\/\/grontkontor.dk\/#\/schema\/logo\/image\/\",\"url\":\"https:\/\/grontkontor.dk\/wp-content\/uploads\/2014\/02\/Logo_groent_kontor_300x80.png\",\"contentUrl\":\"https:\/\/grontkontor.dk\/wp-content\/uploads\/2014\/02\/Logo_groent_kontor_300x80.png\",\"width\":300,\"height\":80,\"caption\":\"Gr\u00f8nt Kontor\"},\"image\":{\"@id\":\"https:\/\/grontkontor.dk\/#\/schema\/logo\/image\/\"},\"sameAs\":[\"https:\/\/www.facebook.com\/grontkontor.dk\/\"]}]}<\/script>\n<!-- \/ Yoast SEO Premium plugin. -->","yoast_head_json":{"title":"Tacker Kirschholz - Gr\u00f8nt Kontor","robots":{"index":"index","follow":"follow","max-snippet":"max-snippet:-1","max-image-preview":"max-image-preview:large","max-video-preview":"max-video-preview:-1"},"canonical":"https:\/\/grontkontor.dk\/de\/shop\/haeftemaskine-kirsebaertrae\/","og_locale":"de_DE","og_type":"article","og_title":"Tacker Kirschholz","og_description":"Dieser durchdachte und umweltfreundliche Hefter aus ge\u00f6ltem Kirschholz ist sowohl funktional als auch robust. Es ist sowohl f\u00fcr offene als auch f\u00fcr geschlossene Heftungen geeignet und kann Klammern mit den folgenden Abmessungen verwenden: 24\/6, 24\/8, 26\/6 und 26\/8. Ein klima- und umweltfreundliches Produkt, das in der EU von behinderten Menschen in einer gesch\u00fctzten Werkstatt hergestellt [&hellip;]","og_url":"https:\/\/grontkontor.dk\/de\/shop\/haeftemaskine-kirsebaertrae\/","og_site_name":"Gr\u00f8nt Kontor","article_publisher":"https:\/\/www.facebook.com\/grontkontor.dk\/","og_image":[{"width":900,"height":639,"url":"https:\/\/grontkontor.dk\/wp-content\/uploads\/2021\/02\/haeftemaskine-kirsebaertrae.jpg","type":"image\/jpeg"}],"twitter_card":"summary_large_image","schema":{"@context":"https:\/\/schema.org","@graph":[{"@type":"WebPage","@id":"https:\/\/grontkontor.dk\/de\/shop\/haeftemaskine-kirsebaertrae\/","url":"https:\/\/grontkontor.dk\/de\/shop\/haeftemaskine-kirsebaertrae\/","name":"Tacker Kirschholz - Gr\u00f8nt Kontor","isPartOf":{"@id":"https:\/\/grontkontor.dk\/#website"},"datePublished":"2024-05-29T07:59:12+00:00","dateModified":"2024-05-29T07:59:12+00:00","breadcrumb":{"@id":"https:\/\/grontkontor.dk\/de\/shop\/haeftemaskine-kirsebaertrae\/#breadcrumb"},"inLanguage":"de","potentialAction":[{"@type":"ReadAction","target":["https:\/\/grontkontor.dk\/de\/shop\/haeftemaskine-kirsebaertrae\/"]}]},{"@type":"BreadcrumbList","@id":"https:\/\/grontkontor.dk\/de\/shop\/haeftemaskine-kirsebaertrae\/#breadcrumb","itemListElement":[{"@type":"ListItem","position":1,"name":"Forside","item":"https:\/\/grontkontor.dk\/de\/"},{"@type":"ListItem","position":2,"name":"Laden","item":"https:\/\/grontkontor.dk\/de\/laden\/"},{"@type":"ListItem","position":3,"name":"Produktserien","item":"https:\/\/grontkontor.dk\/de\/produkt-kategori\/produktserien\/"},{"@type":"ListItem","position":4,"name":"Kirschbaum","item":"https:\/\/grontkontor.dk\/de\/produkt-kategori\/kirschbaum\/"},{"@type":"ListItem","position":5,"name":"Tacker Kirschholz"}]},{"@type":"WebSite","@id":"https:\/\/grontkontor.dk\/#website","url":"https:\/\/grontkontor.dk\/","name":"Gr\u00f8nt Kontor","description":"Milj\u00f8venlige produkter til kontor og erhverv med fokus p\u00e5 b\u00e6redygtighed, design og fair trade.","publisher":{"@id":"https:\/\/grontkontor.dk\/#organization"},"potentialAction":[{"@type":"SearchAction","target":{"@type":"EntryPoint","urlTemplate":"https:\/\/grontkontor.dk\/?s={search_term_string}"},"query-input":"required name=search_term_string"}],"inLanguage":"de"},{"@type":"Organization","@id":"https:\/\/grontkontor.dk\/#organization","name":"Gr\u00f8nt Kontor","url":"https:\/\/grontkontor.dk\/","logo":{"@type":"ImageObject","inLanguage":"de","@id":"https:\/\/grontkontor.dk\/#\/schema\/logo\/image\/","url":"https:\/\/grontkontor.dk\/wp-content\/uploads\/2014\/02\/Logo_groent_kontor_300x80.png","contentUrl":"https:\/\/grontkontor.dk\/wp-content\/uploads\/2014\/02\/Logo_groent_kontor_300x80.png","width":300,"height":80,"caption":"Gr\u00f8nt Kontor"},"image":{"@id":"https:\/\/grontkontor.dk\/#\/schema\/logo\/image\/"},"sameAs":["https:\/\/www.facebook.com\/grontkontor.dk\/"]}]}},"_links":{"self":[{"href":"https:\/\/grontkontor.dk\/de\/wp-json\/wp\/v2\/product\/89613"}],"collection":[{"href":"https:\/\/grontkontor.dk\/de\/wp-json\/wp\/v2\/product"}],"about":[{"href":"https:\/\/grontkontor.dk\/de\/wp-json\/wp\/v2\/types\/product"}],"replies":[{"embeddable":true,"href":"https:\/\/grontkontor.dk\/de\/wp-json\/wp\/v2\/comments?post=89613"}],"wp:featuredmedia":[{"embeddable":true,"href":"https:\/\/grontkontor.dk\/de\/wp-json\/wp\/v2\/media\/111927"}],"wp:attachment":[{"href":"https:\/\/grontkontor.dk\/de\/wp-json\/wp\/v2\/media?parent=89613"}],"wp:term":[{"taxonomy":"product_cat","embeddable":true,"href":"https:\/\/grontkontor.dk\/de\/wp-json\/wp\/v2\/product_cat?post=89613"},{"taxonomy":"product_tag","embeddable":true,"href":"https:\/\/grontkontor.dk\/de\/wp-json\/wp\/v2\/product_tag?post=89613"}],"curies":[{"name":"wp","href":"https:\/\/api.w.org\/{rel}","templated":true}]}}