{"id":89639,"date":"2023-09-22T13:16:08","date_gmt":"2024-05-29T08:00:46","guid":{"rendered":"https:\/\/grontkontor.dk\/shop\/pinnwand-fur-magnete-in-stahl\/"},"modified":"2024-05-29T10:00:46","modified_gmt":"2024-05-29T08:00:46","slug":"pinnwand-fur-magnete-in-stahl","status":"publish","type":"product","link":"https:\/\/grontkontor.dk\/de\/shop\/pinnwand-fur-magnete-in-stahl\/","title":{"rendered":"Anschlagtafel f\u00fcr Stahlmagnete"},"content":{"rendered":"<p>Robuste, stilvolle und klimafreundliche Pinnwand f\u00fcr Edelstahlmagnete. Lieferung ohne Magnete &#8211; <a class=\"light\" href=\"https:\/\/grontkontor.dk\/produkt\/magneter-til-opslagstavle\/\">rustikale Eichenmagnete k\u00f6nnen hier separat erworben werden<\/a> und <a class=\"light\" href=\"https:\/\/grontkontor.dk\/produkt\/koeleskabsmagnet-og-navneskilt\/\">Post-it-Magnete k\u00f6nnen hier separat erworben werden<\/a>. Eine praktische und dekorative M\u00f6glichkeit, Nachrichten, Memos, Gr\u00fc\u00dfe usw. zu organisieren. Ein umweltfreundliches und recycelbares Produkt mit nahezu unbegrenzter Haltbarkeit aus Edelstahl.<br \/>\nBestellen Sie ein unverbindliches Angebot f\u00fcr den Druck oder die Lasergravur bei <a class=\"light\" href=\"mailto:jens@grontkontor.dk\">jens@grontkontor.dk<\/a><\/p>\n<p>[staal]<\/p>\n<p>&nbsp;<\/p>\n","protected":false},"excerpt":{"rendered":"<p>Robuste, stilvolle und klimafreundliche Pinnwand f\u00fcr Edelstahlmagnete. Lieferung ohne Magnete &#8211; rustikale Eichenmagnete k\u00f6nnen hier separat erworben werden und Post-it-Magnete k\u00f6nnen hier separat erworben werden. Eine praktische und dekorative M\u00f6glichkeit, Nachrichten, Memos, Gr\u00fc\u00dfe usw. zu organisieren. Ein umweltfreundliches und recycelbares Produkt mit nahezu unbegrenzter Haltbarkeit aus Edelstahl. Bestellen Sie ein unverbindliches Angebot f\u00fcr den Druck [&hellip;]<\/p>\n","protected":false},"featured_media":111873,"comment_status":"closed","ping_status":"closed","template":"","meta":{"_acf_changed":false},"product_cat":[3325,3323,3489],"product_tag":[3583],"class_list":{"0":"post-89639","1":"product","2":"type-product","3":"status-publish","4":"has-post-thumbnail","6":"product_cat-dummy-moq-1-de","7":"product_cat-produktserien","8":"product_cat-sonstige-leuchten","9":"product_tag-schwarzes-brett","10":"tm-has-options","12":"first","13":"onbackorder","14":"taxable","15":"shipping-taxable","16":"purchasable","17":"product-type-simple"},"acf":[],"yoast_head":"<!-- This site is optimized with the Yoast SEO Premium plugin v21.2 (Yoast SEO v21.2) - https:\/\/yoast.com\/wordpress\/plugins\/seo\/ -->\n<title>Anschlagtafel f\u00fcr Stahlmagnete - Gr\u00f8nt Kontor<\/title>\n<meta name=\"robots\" content=\"index, follow, max-snippet:-1, max-image-preview:large, max-video-preview:-1\" \/>\n<link rel=\"canonical\" href=\"https:\/\/grontkontor.dk\/de\/shop\/pinnwand-fur-magnete-in-stahl\/\" \/>\n<meta property=\"og:locale\" content=\"de_DE\" \/>\n<meta property=\"og:type\" content=\"article\" \/>\n<meta property=\"og:title\" content=\"Anschlagtafel f\u00fcr Stahlmagnete\" \/>\n<meta property=\"og:description\" content=\"Robuste, stilvolle und klimafreundliche Pinnwand f\u00fcr Edelstahlmagnete. Lieferung ohne Magnete &#8211; rustikale Eichenmagnete k\u00f6nnen hier separat erworben werden und Post-it-Magnete k\u00f6nnen hier separat erworben werden. Eine praktische und dekorative M\u00f6glichkeit, Nachrichten, Memos, Gr\u00fc\u00dfe usw. zu organisieren. Ein umweltfreundliches und recycelbares Produkt mit nahezu unbegrenzter Haltbarkeit aus Edelstahl. Bestellen Sie ein unverbindliches Angebot f\u00fcr den Druck [&hellip;]\" \/>\n<meta property=\"og:url\" content=\"https:\/\/grontkontor.dk\/de\/shop\/pinnwand-fur-magnete-in-stahl\/\" \/>\n<meta property=\"og:site_name\" content=\"Gr\u00f8nt Kontor\" \/>\n<meta property=\"article:publisher\" content=\"https:\/\/www.facebook.com\/grontkontor.dk\/\" \/>\n<meta property=\"og:image\" content=\"https:\/\/grontkontor.dk\/wp-content\/uploads\/2021\/02\/opslagstavle-large-staal-magnet-50x70cm-03.jpg\" \/>\n\t<meta property=\"og:image:width\" content=\"900\" \/>\n\t<meta property=\"og:image:height\" content=\"639\" \/>\n\t<meta property=\"og:image:type\" content=\"image\/jpeg\" \/>\n<meta name=\"twitter:card\" content=\"summary_large_image\" \/>\n<script type=\"application\/ld+json\" class=\"yoast-schema-graph\">{\"@context\":\"https:\/\/schema.org\",\"@graph\":[{\"@type\":\"WebPage\",\"@id\":\"https:\/\/grontkontor.dk\/de\/shop\/pinnwand-fur-magnete-in-stahl\/\",\"url\":\"https:\/\/grontkontor.dk\/de\/shop\/pinnwand-fur-magnete-in-stahl\/\",\"name\":\"Anschlagtafel f\u00fcr Stahlmagnete - Gr\u00f8nt Kontor\",\"isPartOf\":{\"@id\":\"https:\/\/grontkontor.dk\/#website\"},\"datePublished\":\"2024-05-29T08:00:46+00:00\",\"dateModified\":\"2024-05-29T08:00:46+00:00\",\"breadcrumb\":{\"@id\":\"https:\/\/grontkontor.dk\/de\/shop\/pinnwand-fur-magnete-in-stahl\/#breadcrumb\"},\"inLanguage\":\"de\",\"potentialAction\":[{\"@type\":\"ReadAction\",\"target\":[\"https:\/\/grontkontor.dk\/de\/shop\/pinnwand-fur-magnete-in-stahl\/\"]}]},{\"@type\":\"BreadcrumbList\",\"@id\":\"https:\/\/grontkontor.dk\/de\/shop\/pinnwand-fur-magnete-in-stahl\/#breadcrumb\",\"itemListElement\":[{\"@type\":\"ListItem\",\"position\":1,\"name\":\"Forside\",\"item\":\"https:\/\/grontkontor.dk\/de\/\"},{\"@type\":\"ListItem\",\"position\":2,\"name\":\"Laden\",\"item\":\"https:\/\/grontkontor.dk\/de\/laden\/\"},{\"@type\":\"ListItem\",\"position\":3,\"name\":\"M\u00f8bler og inventar\",\"item\":\"https:\/\/grontkontor.dk\/produkt-kategori\/mobler-og-inventar\/\"},{\"@type\":\"ListItem\",\"position\":4,\"name\":\"Diverse inventar\",\"item\":\"https:\/\/grontkontor.dk\/produkt-kategori\/mobler-og-inventar\/diverse-inventar\/\"},{\"@type\":\"ListItem\",\"position\":5,\"name\":\"Anschlagtafel f\u00fcr Stahlmagnete\"}]},{\"@type\":\"WebSite\",\"@id\":\"https:\/\/grontkontor.dk\/#website\",\"url\":\"https:\/\/grontkontor.dk\/\",\"name\":\"Gr\u00f8nt Kontor\",\"description\":\"Milj\u00f8venlige produkter til kontor og erhverv med fokus p\u00e5 b\u00e6redygtighed, design og fair trade.\",\"publisher\":{\"@id\":\"https:\/\/grontkontor.dk\/#organization\"},\"potentialAction\":[{\"@type\":\"SearchAction\",\"target\":{\"@type\":\"EntryPoint\",\"urlTemplate\":\"https:\/\/grontkontor.dk\/?s={search_term_string}\"},\"query-input\":\"required name=search_term_string\"}],\"inLanguage\":\"de\"},{\"@type\":\"Organization\",\"@id\":\"https:\/\/grontkontor.dk\/#organization\",\"name\":\"Gr\u00f8nt Kontor\",\"url\":\"https:\/\/grontkontor.dk\/\",\"logo\":{\"@type\":\"ImageObject\",\"inLanguage\":\"de\",\"@id\":\"https:\/\/grontkontor.dk\/#\/schema\/logo\/image\/\",\"url\":\"https:\/\/grontkontor.dk\/wp-content\/uploads\/2014\/02\/Logo_groent_kontor_300x80.png\",\"contentUrl\":\"https:\/\/grontkontor.dk\/wp-content\/uploads\/2014\/02\/Logo_groent_kontor_300x80.png\",\"width\":300,\"height\":80,\"caption\":\"Gr\u00f8nt Kontor\"},\"image\":{\"@id\":\"https:\/\/grontkontor.dk\/#\/schema\/logo\/image\/\"},\"sameAs\":[\"https:\/\/www.facebook.com\/grontkontor.dk\/\"]}]}<\/script>\n<!-- \/ Yoast SEO Premium plugin. -->","yoast_head_json":{"title":"Anschlagtafel f\u00fcr Stahlmagnete - Gr\u00f8nt Kontor","robots":{"index":"index","follow":"follow","max-snippet":"max-snippet:-1","max-image-preview":"max-image-preview:large","max-video-preview":"max-video-preview:-1"},"canonical":"https:\/\/grontkontor.dk\/de\/shop\/pinnwand-fur-magnete-in-stahl\/","og_locale":"de_DE","og_type":"article","og_title":"Anschlagtafel f\u00fcr Stahlmagnete","og_description":"Robuste, stilvolle und klimafreundliche Pinnwand f\u00fcr Edelstahlmagnete. Lieferung ohne Magnete &#8211; rustikale Eichenmagnete k\u00f6nnen hier separat erworben werden und Post-it-Magnete k\u00f6nnen hier separat erworben werden. Eine praktische und dekorative M\u00f6glichkeit, Nachrichten, Memos, Gr\u00fc\u00dfe usw. zu organisieren. Ein umweltfreundliches und recycelbares Produkt mit nahezu unbegrenzter Haltbarkeit aus Edelstahl. Bestellen Sie ein unverbindliches Angebot f\u00fcr den Druck [&hellip;]","og_url":"https:\/\/grontkontor.dk\/de\/shop\/pinnwand-fur-magnete-in-stahl\/","og_site_name":"Gr\u00f8nt Kontor","article_publisher":"https:\/\/www.facebook.com\/grontkontor.dk\/","og_image":[{"width":900,"height":639,"url":"https:\/\/grontkontor.dk\/wp-content\/uploads\/2021\/02\/opslagstavle-large-staal-magnet-50x70cm-03.jpg","type":"image\/jpeg"}],"twitter_card":"summary_large_image","schema":{"@context":"https:\/\/schema.org","@graph":[{"@type":"WebPage","@id":"https:\/\/grontkontor.dk\/de\/shop\/pinnwand-fur-magnete-in-stahl\/","url":"https:\/\/grontkontor.dk\/de\/shop\/pinnwand-fur-magnete-in-stahl\/","name":"Anschlagtafel f\u00fcr Stahlmagnete - Gr\u00f8nt Kontor","isPartOf":{"@id":"https:\/\/grontkontor.dk\/#website"},"datePublished":"2024-05-29T08:00:46+00:00","dateModified":"2024-05-29T08:00:46+00:00","breadcrumb":{"@id":"https:\/\/grontkontor.dk\/de\/shop\/pinnwand-fur-magnete-in-stahl\/#breadcrumb"},"inLanguage":"de","potentialAction":[{"@type":"ReadAction","target":["https:\/\/grontkontor.dk\/de\/shop\/pinnwand-fur-magnete-in-stahl\/"]}]},{"@type":"BreadcrumbList","@id":"https:\/\/grontkontor.dk\/de\/shop\/pinnwand-fur-magnete-in-stahl\/#breadcrumb","itemListElement":[{"@type":"ListItem","position":1,"name":"Forside","item":"https:\/\/grontkontor.dk\/de\/"},{"@type":"ListItem","position":2,"name":"Laden","item":"https:\/\/grontkontor.dk\/de\/laden\/"},{"@type":"ListItem","position":3,"name":"M\u00f8bler og inventar","item":"https:\/\/grontkontor.dk\/produkt-kategori\/mobler-og-inventar\/"},{"@type":"ListItem","position":4,"name":"Diverse inventar","item":"https:\/\/grontkontor.dk\/produkt-kategori\/mobler-og-inventar\/diverse-inventar\/"},{"@type":"ListItem","position":5,"name":"Anschlagtafel f\u00fcr Stahlmagnete"}]},{"@type":"WebSite","@id":"https:\/\/grontkontor.dk\/#website","url":"https:\/\/grontkontor.dk\/","name":"Gr\u00f8nt Kontor","description":"Milj\u00f8venlige produkter til kontor og erhverv med fokus p\u00e5 b\u00e6redygtighed, design og fair trade.","publisher":{"@id":"https:\/\/grontkontor.dk\/#organization"},"potentialAction":[{"@type":"SearchAction","target":{"@type":"EntryPoint","urlTemplate":"https:\/\/grontkontor.dk\/?s={search_term_string}"},"query-input":"required name=search_term_string"}],"inLanguage":"de"},{"@type":"Organization","@id":"https:\/\/grontkontor.dk\/#organization","name":"Gr\u00f8nt Kontor","url":"https:\/\/grontkontor.dk\/","logo":{"@type":"ImageObject","inLanguage":"de","@id":"https:\/\/grontkontor.dk\/#\/schema\/logo\/image\/","url":"https:\/\/grontkontor.dk\/wp-content\/uploads\/2014\/02\/Logo_groent_kontor_300x80.png","contentUrl":"https:\/\/grontkontor.dk\/wp-content\/uploads\/2014\/02\/Logo_groent_kontor_300x80.png","width":300,"height":80,"caption":"Gr\u00f8nt Kontor"},"image":{"@id":"https:\/\/grontkontor.dk\/#\/schema\/logo\/image\/"},"sameAs":["https:\/\/www.facebook.com\/grontkontor.dk\/"]}]}},"_links":{"self":[{"href":"https:\/\/grontkontor.dk\/de\/wp-json\/wp\/v2\/product\/89639"}],"collection":[{"href":"https:\/\/grontkontor.dk\/de\/wp-json\/wp\/v2\/product"}],"about":[{"href":"https:\/\/grontkontor.dk\/de\/wp-json\/wp\/v2\/types\/product"}],"replies":[{"embeddable":true,"href":"https:\/\/grontkontor.dk\/de\/wp-json\/wp\/v2\/comments?post=89639"}],"wp:featuredmedia":[{"embeddable":true,"href":"https:\/\/grontkontor.dk\/de\/wp-json\/wp\/v2\/media\/111873"}],"wp:attachment":[{"href":"https:\/\/grontkontor.dk\/de\/wp-json\/wp\/v2\/media?parent=89639"}],"wp:term":[{"taxonomy":"product_cat","embeddable":true,"href":"https:\/\/grontkontor.dk\/de\/wp-json\/wp\/v2\/product_cat?post=89639"},{"taxonomy":"product_tag","embeddable":true,"href":"https:\/\/grontkontor.dk\/de\/wp-json\/wp\/v2\/product_tag?post=89639"}],"curies":[{"name":"wp","href":"https:\/\/api.w.org\/{rel}","templated":true}]}}