{"id":89653,"date":"2023-09-22T13:16:08","date_gmt":"2024-05-29T08:00:48","guid":{"rendered":"https:\/\/grontkontor.dk\/shop\/stiftablage-beton\/"},"modified":"2024-05-29T10:00:48","modified_gmt":"2024-05-29T08:00:48","slug":"stiftablage-beton","status":"publish","type":"product","link":"https:\/\/grontkontor.dk\/de\/shop\/stiftablage-beton\/","title":{"rendered":"Stiftablage \/ Cliphalter aus Beton"},"content":{"rendered":"<p>Exklusive und rustikale Organizer-\/Stiftablage aus umweltfreundlichem Beton, ideal f\u00fcr Handys, A4-Dokumente, Stifte, Punkte und Liedchen wie Heftklammern, Stecknadeln und dergleichen. Ein klimafreundliches Produkt aus Beton.<br \/>\nBeton zeichnet sich dadurch aus, dass er eine praktisch unersch\u00f6pfliche Ressource ist, die nahezu unzerst\u00f6rbar ist. Bei verantwortungsvoller Entsorgung kommt es zu keiner Kontamination durch das Produkt. Auf der anderen Seite gibt es einen relativ hohen Energieverbrauch, der mit der Produktion verbunden ist.<br \/>\n[tryk]<\/p>\n","protected":false},"excerpt":{"rendered":"<p>Exklusive und rustikale Organizer-\/Stiftablage aus umweltfreundlichem Beton, ideal f\u00fcr Handys, A4-Dokumente, Stifte, Punkte und Liedchen wie Heftklammern, Stecknadeln und dergleichen. Ein klimafreundliches Produkt aus Beton. Beton zeichnet sich dadurch aus, dass er eine praktisch unersch\u00f6pfliche Ressource ist, die nahezu unzerst\u00f6rbar ist. Bei verantwortungsvoller Entsorgung kommt es zu keiner Kontamination durch das Produkt. Auf der anderen [&hellip;]<\/p>\n","protected":false},"featured_media":111864,"comment_status":"closed","ping_status":"closed","template":"","meta":{"_acf_changed":false},"product_cat":[3325,4134,3738,3323,3423,3519,3956,3843],"product_tag":[3756],"class_list":{"0":"post-89653","1":"product","2":"type-product","3":"status-publish","4":"has-post-thumbnail","6":"product_cat-dummy-moq-1-de","7":"product_cat-konkrete-produkte","8":"product_cat-organisatoren","9":"product_cat-produktserien","10":"product_cat-schreib-und-zeigegeraete","11":"product_cat-schreibtischausstattung","12":"product_cat-stiftehalter-de","13":"product_cat-stiftehalter","14":"product_tag-organisator","15":"tm-has-options","17":"first","18":"instock","19":"taxable","20":"shipping-taxable","21":"purchasable","22":"product-type-simple"},"acf":[],"yoast_head":"<!-- This site is optimized with the Yoast SEO Premium plugin v21.2 (Yoast SEO v21.2) - https:\/\/yoast.com\/wordpress\/plugins\/seo\/ -->\n<title>Stiftablage \/ Cliphalter aus Beton - Gr\u00f8nt Kontor<\/title>\n<meta name=\"robots\" content=\"index, follow, max-snippet:-1, max-image-preview:large, max-video-preview:-1\" \/>\n<link rel=\"canonical\" href=\"https:\/\/grontkontor.dk\/de\/shop\/stiftablage-beton\/\" \/>\n<meta property=\"og:locale\" content=\"de_DE\" \/>\n<meta property=\"og:type\" content=\"article\" \/>\n<meta property=\"og:title\" content=\"Stiftablage \/ Cliphalter aus Beton\" \/>\n<meta property=\"og:description\" content=\"Exklusive und rustikale Organizer-\/Stiftablage aus umweltfreundlichem Beton, ideal f\u00fcr Handys, A4-Dokumente, Stifte, Punkte und Liedchen wie Heftklammern, Stecknadeln und dergleichen. Ein klimafreundliches Produkt aus Beton. Beton zeichnet sich dadurch aus, dass er eine praktisch unersch\u00f6pfliche Ressource ist, die nahezu unzerst\u00f6rbar ist. Bei verantwortungsvoller Entsorgung kommt es zu keiner Kontamination durch das Produkt. Auf der anderen [&hellip;]\" \/>\n<meta property=\"og:url\" content=\"https:\/\/grontkontor.dk\/de\/shop\/stiftablage-beton\/\" \/>\n<meta property=\"og:site_name\" content=\"Gr\u00f8nt Kontor\" \/>\n<meta property=\"article:publisher\" content=\"https:\/\/www.facebook.com\/grontkontor.dk\/\" \/>\n<meta property=\"og:image\" content=\"https:\/\/grontkontor.dk\/wp-content\/uploads\/2021\/02\/pennebakke-beton.jpg\" \/>\n\t<meta property=\"og:image:width\" content=\"900\" \/>\n\t<meta property=\"og:image:height\" content=\"639\" \/>\n\t<meta property=\"og:image:type\" content=\"image\/jpeg\" \/>\n<meta name=\"twitter:card\" content=\"summary_large_image\" \/>\n<script type=\"application\/ld+json\" class=\"yoast-schema-graph\">{\"@context\":\"https:\/\/schema.org\",\"@graph\":[{\"@type\":\"WebPage\",\"@id\":\"https:\/\/grontkontor.dk\/de\/shop\/stiftablage-beton\/\",\"url\":\"https:\/\/grontkontor.dk\/de\/shop\/stiftablage-beton\/\",\"name\":\"Stiftablage \/ Cliphalter aus Beton - Gr\u00f8nt Kontor\",\"isPartOf\":{\"@id\":\"https:\/\/grontkontor.dk\/#website\"},\"datePublished\":\"2024-05-29T08:00:48+00:00\",\"dateModified\":\"2024-05-29T08:00:48+00:00\",\"breadcrumb\":{\"@id\":\"https:\/\/grontkontor.dk\/de\/shop\/stiftablage-beton\/#breadcrumb\"},\"inLanguage\":\"de\",\"potentialAction\":[{\"@type\":\"ReadAction\",\"target\":[\"https:\/\/grontkontor.dk\/de\/shop\/stiftablage-beton\/\"]}]},{\"@type\":\"BreadcrumbList\",\"@id\":\"https:\/\/grontkontor.dk\/de\/shop\/stiftablage-beton\/#breadcrumb\",\"itemListElement\":[{\"@type\":\"ListItem\",\"position\":1,\"name\":\"Forside\",\"item\":\"https:\/\/grontkontor.dk\/de\/\"},{\"@type\":\"ListItem\",\"position\":2,\"name\":\"Laden\",\"item\":\"https:\/\/grontkontor.dk\/de\/laden\/\"},{\"@type\":\"ListItem\",\"position\":3,\"name\":\"Skrive- og pegeudstyr\",\"item\":\"https:\/\/grontkontor.dk\/produkt-kategori\/skrive-og-pegeudstyr\/\"},{\"@type\":\"ListItem\",\"position\":4,\"name\":\"Penneholdere\",\"item\":\"https:\/\/grontkontor.dk\/produkt-kategori\/skrive-og-pegeudstyr\/penneholdere\/\"},{\"@type\":\"ListItem\",\"position\":5,\"name\":\"Stiftablage \/ Cliphalter aus Beton\"}]},{\"@type\":\"WebSite\",\"@id\":\"https:\/\/grontkontor.dk\/#website\",\"url\":\"https:\/\/grontkontor.dk\/\",\"name\":\"Gr\u00f8nt Kontor\",\"description\":\"Milj\u00f8venlige produkter til kontor og erhverv med fokus p\u00e5 b\u00e6redygtighed, design og fair trade.\",\"publisher\":{\"@id\":\"https:\/\/grontkontor.dk\/#organization\"},\"potentialAction\":[{\"@type\":\"SearchAction\",\"target\":{\"@type\":\"EntryPoint\",\"urlTemplate\":\"https:\/\/grontkontor.dk\/?s={search_term_string}\"},\"query-input\":\"required name=search_term_string\"}],\"inLanguage\":\"de\"},{\"@type\":\"Organization\",\"@id\":\"https:\/\/grontkontor.dk\/#organization\",\"name\":\"Gr\u00f8nt Kontor\",\"url\":\"https:\/\/grontkontor.dk\/\",\"logo\":{\"@type\":\"ImageObject\",\"inLanguage\":\"de\",\"@id\":\"https:\/\/grontkontor.dk\/#\/schema\/logo\/image\/\",\"url\":\"https:\/\/grontkontor.dk\/wp-content\/uploads\/2014\/02\/Logo_groent_kontor_300x80.png\",\"contentUrl\":\"https:\/\/grontkontor.dk\/wp-content\/uploads\/2014\/02\/Logo_groent_kontor_300x80.png\",\"width\":300,\"height\":80,\"caption\":\"Gr\u00f8nt Kontor\"},\"image\":{\"@id\":\"https:\/\/grontkontor.dk\/#\/schema\/logo\/image\/\"},\"sameAs\":[\"https:\/\/www.facebook.com\/grontkontor.dk\/\"]}]}<\/script>\n<!-- \/ Yoast SEO Premium plugin. -->","yoast_head_json":{"title":"Stiftablage \/ Cliphalter aus Beton - Gr\u00f8nt Kontor","robots":{"index":"index","follow":"follow","max-snippet":"max-snippet:-1","max-image-preview":"max-image-preview:large","max-video-preview":"max-video-preview:-1"},"canonical":"https:\/\/grontkontor.dk\/de\/shop\/stiftablage-beton\/","og_locale":"de_DE","og_type":"article","og_title":"Stiftablage \/ Cliphalter aus Beton","og_description":"Exklusive und rustikale Organizer-\/Stiftablage aus umweltfreundlichem Beton, ideal f\u00fcr Handys, A4-Dokumente, Stifte, Punkte und Liedchen wie Heftklammern, Stecknadeln und dergleichen. Ein klimafreundliches Produkt aus Beton. Beton zeichnet sich dadurch aus, dass er eine praktisch unersch\u00f6pfliche Ressource ist, die nahezu unzerst\u00f6rbar ist. Bei verantwortungsvoller Entsorgung kommt es zu keiner Kontamination durch das Produkt. Auf der anderen [&hellip;]","og_url":"https:\/\/grontkontor.dk\/de\/shop\/stiftablage-beton\/","og_site_name":"Gr\u00f8nt Kontor","article_publisher":"https:\/\/www.facebook.com\/grontkontor.dk\/","og_image":[{"width":900,"height":639,"url":"https:\/\/grontkontor.dk\/wp-content\/uploads\/2021\/02\/pennebakke-beton.jpg","type":"image\/jpeg"}],"twitter_card":"summary_large_image","schema":{"@context":"https:\/\/schema.org","@graph":[{"@type":"WebPage","@id":"https:\/\/grontkontor.dk\/de\/shop\/stiftablage-beton\/","url":"https:\/\/grontkontor.dk\/de\/shop\/stiftablage-beton\/","name":"Stiftablage \/ Cliphalter aus Beton - Gr\u00f8nt Kontor","isPartOf":{"@id":"https:\/\/grontkontor.dk\/#website"},"datePublished":"2024-05-29T08:00:48+00:00","dateModified":"2024-05-29T08:00:48+00:00","breadcrumb":{"@id":"https:\/\/grontkontor.dk\/de\/shop\/stiftablage-beton\/#breadcrumb"},"inLanguage":"de","potentialAction":[{"@type":"ReadAction","target":["https:\/\/grontkontor.dk\/de\/shop\/stiftablage-beton\/"]}]},{"@type":"BreadcrumbList","@id":"https:\/\/grontkontor.dk\/de\/shop\/stiftablage-beton\/#breadcrumb","itemListElement":[{"@type":"ListItem","position":1,"name":"Forside","item":"https:\/\/grontkontor.dk\/de\/"},{"@type":"ListItem","position":2,"name":"Laden","item":"https:\/\/grontkontor.dk\/de\/laden\/"},{"@type":"ListItem","position":3,"name":"Skrive- og pegeudstyr","item":"https:\/\/grontkontor.dk\/produkt-kategori\/skrive-og-pegeudstyr\/"},{"@type":"ListItem","position":4,"name":"Penneholdere","item":"https:\/\/grontkontor.dk\/produkt-kategori\/skrive-og-pegeudstyr\/penneholdere\/"},{"@type":"ListItem","position":5,"name":"Stiftablage \/ Cliphalter aus Beton"}]},{"@type":"WebSite","@id":"https:\/\/grontkontor.dk\/#website","url":"https:\/\/grontkontor.dk\/","name":"Gr\u00f8nt Kontor","description":"Milj\u00f8venlige produkter til kontor og erhverv med fokus p\u00e5 b\u00e6redygtighed, design og fair trade.","publisher":{"@id":"https:\/\/grontkontor.dk\/#organization"},"potentialAction":[{"@type":"SearchAction","target":{"@type":"EntryPoint","urlTemplate":"https:\/\/grontkontor.dk\/?s={search_term_string}"},"query-input":"required name=search_term_string"}],"inLanguage":"de"},{"@type":"Organization","@id":"https:\/\/grontkontor.dk\/#organization","name":"Gr\u00f8nt Kontor","url":"https:\/\/grontkontor.dk\/","logo":{"@type":"ImageObject","inLanguage":"de","@id":"https:\/\/grontkontor.dk\/#\/schema\/logo\/image\/","url":"https:\/\/grontkontor.dk\/wp-content\/uploads\/2014\/02\/Logo_groent_kontor_300x80.png","contentUrl":"https:\/\/grontkontor.dk\/wp-content\/uploads\/2014\/02\/Logo_groent_kontor_300x80.png","width":300,"height":80,"caption":"Gr\u00f8nt Kontor"},"image":{"@id":"https:\/\/grontkontor.dk\/#\/schema\/logo\/image\/"},"sameAs":["https:\/\/www.facebook.com\/grontkontor.dk\/"]}]}},"_links":{"self":[{"href":"https:\/\/grontkontor.dk\/de\/wp-json\/wp\/v2\/product\/89653"}],"collection":[{"href":"https:\/\/grontkontor.dk\/de\/wp-json\/wp\/v2\/product"}],"about":[{"href":"https:\/\/grontkontor.dk\/de\/wp-json\/wp\/v2\/types\/product"}],"replies":[{"embeddable":true,"href":"https:\/\/grontkontor.dk\/de\/wp-json\/wp\/v2\/comments?post=89653"}],"wp:featuredmedia":[{"embeddable":true,"href":"https:\/\/grontkontor.dk\/de\/wp-json\/wp\/v2\/media\/111864"}],"wp:attachment":[{"href":"https:\/\/grontkontor.dk\/de\/wp-json\/wp\/v2\/media?parent=89653"}],"wp:term":[{"taxonomy":"product_cat","embeddable":true,"href":"https:\/\/grontkontor.dk\/de\/wp-json\/wp\/v2\/product_cat?post=89653"},{"taxonomy":"product_tag","embeddable":true,"href":"https:\/\/grontkontor.dk\/de\/wp-json\/wp\/v2\/product_tag?post=89653"}],"curies":[{"name":"wp","href":"https:\/\/api.w.org\/{rel}","templated":true}]}}