{"id":89678,"date":"2023-09-22T13:16:08","date_gmt":"2024-05-29T08:00:52","guid":{"rendered":"https:\/\/grontkontor.dk\/shop\/organizer-stiftablage-beton\/"},"modified":"2024-05-29T10:00:52","modified_gmt":"2024-05-29T08:00:52","slug":"organizer-stiftablage-beton","status":"publish","type":"product","link":"https:\/\/grontkontor.dk\/de\/shop\/organizer-stiftablage-beton\/","title":{"rendered":"Organizer \/ Stiftablage Beton"},"content":{"rendered":"<p>Exklusive und rustikale Organizer-\/Stiftablage aus umweltfreundlichem Beton, ideal f\u00fcr Handys, A4-Dokumente, Stifte, Punkte und Liedchen wie Heftklammern, Stecknadeln und dergleichen. Ein klimafreundliches Produkt aus Beton.<br \/>\nBeton zeichnet sich dadurch aus, dass er eine praktisch unersch\u00f6pfliche Ressource ist, die nahezu unzerst\u00f6rbar ist. Bei verantwortungsvoller Entsorgung kommt es zu keiner Kontamination durch das Produkt. Auf der anderen Seite gibt es einen relativ hohen Energieverbrauch, der mit der Produktion verbunden ist.<br \/>\nErh\u00e4ltlich mit Druck oder Lasergravur.<\/p>\n","protected":false},"excerpt":{"rendered":"<p>Exklusive und rustikale Organizer-\/Stiftablage aus umweltfreundlichem Beton, ideal f\u00fcr Handys, A4-Dokumente, Stifte, Punkte und Liedchen wie Heftklammern, Stecknadeln und dergleichen. Ein klimafreundliches Produkt aus Beton. Beton zeichnet sich dadurch aus, dass er eine praktisch unersch\u00f6pfliche Ressource ist, die nahezu unzerst\u00f6rbar ist. Bei verantwortungsvoller Entsorgung kommt es zu keiner Kontamination durch das Produkt. Auf der anderen [&hellip;]<\/p>\n","protected":false},"featured_media":111865,"comment_status":"closed","ping_status":"closed","template":"","meta":{"_acf_changed":false},"product_cat":[3325,4134,3738,3323,3519],"product_tag":[3756],"class_list":{"0":"post-89678","1":"product","2":"type-product","3":"status-publish","4":"has-post-thumbnail","6":"product_cat-dummy-moq-1-de","7":"product_cat-konkrete-produkte","8":"product_cat-organisatoren","9":"product_cat-produktserien","10":"product_cat-schreibtischausstattung","11":"product_tag-organisator","12":"tm-has-options","14":"first","15":"instock","16":"taxable","17":"shipping-taxable","18":"purchasable","19":"product-type-simple"},"acf":[],"yoast_head":"<!-- This site is optimized with the Yoast SEO Premium plugin v21.2 (Yoast SEO v21.2) - https:\/\/yoast.com\/wordpress\/plugins\/seo\/ -->\n<title>Organizer \/ Stiftablage Beton - Gr\u00f8nt Kontor<\/title>\n<meta name=\"robots\" content=\"index, follow, max-snippet:-1, max-image-preview:large, max-video-preview:-1\" \/>\n<link rel=\"canonical\" href=\"https:\/\/grontkontor.dk\/de\/shop\/organizer-stiftablage-beton\/\" \/>\n<meta property=\"og:locale\" content=\"de_DE\" \/>\n<meta property=\"og:type\" content=\"article\" \/>\n<meta property=\"og:title\" content=\"Organizer \/ Stiftablage Beton\" \/>\n<meta property=\"og:description\" content=\"Exklusive und rustikale Organizer-\/Stiftablage aus umweltfreundlichem Beton, ideal f\u00fcr Handys, A4-Dokumente, Stifte, Punkte und Liedchen wie Heftklammern, Stecknadeln und dergleichen. Ein klimafreundliches Produkt aus Beton. Beton zeichnet sich dadurch aus, dass er eine praktisch unersch\u00f6pfliche Ressource ist, die nahezu unzerst\u00f6rbar ist. Bei verantwortungsvoller Entsorgung kommt es zu keiner Kontamination durch das Produkt. Auf der anderen [&hellip;]\" \/>\n<meta property=\"og:url\" content=\"https:\/\/grontkontor.dk\/de\/shop\/organizer-stiftablage-beton\/\" \/>\n<meta property=\"og:site_name\" content=\"Gr\u00f8nt Kontor\" \/>\n<meta property=\"article:publisher\" content=\"https:\/\/www.facebook.com\/grontkontor.dk\/\" \/>\n<meta property=\"og:image\" content=\"https:\/\/grontkontor.dk\/wp-content\/uploads\/2021\/02\/pennebakke-organizer-beton.jpg\" \/>\n\t<meta property=\"og:image:width\" content=\"900\" \/>\n\t<meta property=\"og:image:height\" content=\"639\" \/>\n\t<meta property=\"og:image:type\" content=\"image\/jpeg\" \/>\n<meta name=\"twitter:card\" content=\"summary_large_image\" \/>\n<script type=\"application\/ld+json\" class=\"yoast-schema-graph\">{\"@context\":\"https:\/\/schema.org\",\"@graph\":[{\"@type\":\"WebPage\",\"@id\":\"https:\/\/grontkontor.dk\/de\/shop\/organizer-stiftablage-beton\/\",\"url\":\"https:\/\/grontkontor.dk\/de\/shop\/organizer-stiftablage-beton\/\",\"name\":\"Organizer \/ Stiftablage Beton - Gr\u00f8nt Kontor\",\"isPartOf\":{\"@id\":\"https:\/\/grontkontor.dk\/#website\"},\"datePublished\":\"2024-05-29T08:00:52+00:00\",\"dateModified\":\"2024-05-29T08:00:52+00:00\",\"breadcrumb\":{\"@id\":\"https:\/\/grontkontor.dk\/de\/shop\/organizer-stiftablage-beton\/#breadcrumb\"},\"inLanguage\":\"de\",\"potentialAction\":[{\"@type\":\"ReadAction\",\"target\":[\"https:\/\/grontkontor.dk\/de\/shop\/organizer-stiftablage-beton\/\"]}]},{\"@type\":\"BreadcrumbList\",\"@id\":\"https:\/\/grontkontor.dk\/de\/shop\/organizer-stiftablage-beton\/#breadcrumb\",\"itemListElement\":[{\"@type\":\"ListItem\",\"position\":1,\"name\":\"Forside\",\"item\":\"https:\/\/grontkontor.dk\/de\/\"},{\"@type\":\"ListItem\",\"position\":2,\"name\":\"Laden\",\"item\":\"https:\/\/grontkontor.dk\/de\/laden\/\"},{\"@type\":\"ListItem\",\"position\":3,\"name\":\"Skrivebordsudstyr\",\"item\":\"https:\/\/grontkontor.dk\/produkt-kategori\/skrivebordsudstyr\/\"},{\"@type\":\"ListItem\",\"position\":4,\"name\":\"Organizere\",\"item\":\"https:\/\/grontkontor.dk\/produkt-kategori\/skrivebordsudstyr\/organizere\/\"},{\"@type\":\"ListItem\",\"position\":5,\"name\":\"Organizer \/ Stiftablage Beton\"}]},{\"@type\":\"WebSite\",\"@id\":\"https:\/\/grontkontor.dk\/#website\",\"url\":\"https:\/\/grontkontor.dk\/\",\"name\":\"Gr\u00f8nt Kontor\",\"description\":\"Milj\u00f8venlige produkter til kontor og erhverv med fokus p\u00e5 b\u00e6redygtighed, design og fair trade.\",\"publisher\":{\"@id\":\"https:\/\/grontkontor.dk\/#organization\"},\"potentialAction\":[{\"@type\":\"SearchAction\",\"target\":{\"@type\":\"EntryPoint\",\"urlTemplate\":\"https:\/\/grontkontor.dk\/?s={search_term_string}\"},\"query-input\":\"required name=search_term_string\"}],\"inLanguage\":\"de\"},{\"@type\":\"Organization\",\"@id\":\"https:\/\/grontkontor.dk\/#organization\",\"name\":\"Gr\u00f8nt Kontor\",\"url\":\"https:\/\/grontkontor.dk\/\",\"logo\":{\"@type\":\"ImageObject\",\"inLanguage\":\"de\",\"@id\":\"https:\/\/grontkontor.dk\/#\/schema\/logo\/image\/\",\"url\":\"https:\/\/grontkontor.dk\/wp-content\/uploads\/2014\/02\/Logo_groent_kontor_300x80.png\",\"contentUrl\":\"https:\/\/grontkontor.dk\/wp-content\/uploads\/2014\/02\/Logo_groent_kontor_300x80.png\",\"width\":300,\"height\":80,\"caption\":\"Gr\u00f8nt Kontor\"},\"image\":{\"@id\":\"https:\/\/grontkontor.dk\/#\/schema\/logo\/image\/\"},\"sameAs\":[\"https:\/\/www.facebook.com\/grontkontor.dk\/\"]}]}<\/script>\n<!-- \/ Yoast SEO Premium plugin. -->","yoast_head_json":{"title":"Organizer \/ Stiftablage Beton - Gr\u00f8nt Kontor","robots":{"index":"index","follow":"follow","max-snippet":"max-snippet:-1","max-image-preview":"max-image-preview:large","max-video-preview":"max-video-preview:-1"},"canonical":"https:\/\/grontkontor.dk\/de\/shop\/organizer-stiftablage-beton\/","og_locale":"de_DE","og_type":"article","og_title":"Organizer \/ Stiftablage Beton","og_description":"Exklusive und rustikale Organizer-\/Stiftablage aus umweltfreundlichem Beton, ideal f\u00fcr Handys, A4-Dokumente, Stifte, Punkte und Liedchen wie Heftklammern, Stecknadeln und dergleichen. Ein klimafreundliches Produkt aus Beton. Beton zeichnet sich dadurch aus, dass er eine praktisch unersch\u00f6pfliche Ressource ist, die nahezu unzerst\u00f6rbar ist. Bei verantwortungsvoller Entsorgung kommt es zu keiner Kontamination durch das Produkt. Auf der anderen [&hellip;]","og_url":"https:\/\/grontkontor.dk\/de\/shop\/organizer-stiftablage-beton\/","og_site_name":"Gr\u00f8nt Kontor","article_publisher":"https:\/\/www.facebook.com\/grontkontor.dk\/","og_image":[{"width":900,"height":639,"url":"https:\/\/grontkontor.dk\/wp-content\/uploads\/2021\/02\/pennebakke-organizer-beton.jpg","type":"image\/jpeg"}],"twitter_card":"summary_large_image","schema":{"@context":"https:\/\/schema.org","@graph":[{"@type":"WebPage","@id":"https:\/\/grontkontor.dk\/de\/shop\/organizer-stiftablage-beton\/","url":"https:\/\/grontkontor.dk\/de\/shop\/organizer-stiftablage-beton\/","name":"Organizer \/ Stiftablage Beton - Gr\u00f8nt Kontor","isPartOf":{"@id":"https:\/\/grontkontor.dk\/#website"},"datePublished":"2024-05-29T08:00:52+00:00","dateModified":"2024-05-29T08:00:52+00:00","breadcrumb":{"@id":"https:\/\/grontkontor.dk\/de\/shop\/organizer-stiftablage-beton\/#breadcrumb"},"inLanguage":"de","potentialAction":[{"@type":"ReadAction","target":["https:\/\/grontkontor.dk\/de\/shop\/organizer-stiftablage-beton\/"]}]},{"@type":"BreadcrumbList","@id":"https:\/\/grontkontor.dk\/de\/shop\/organizer-stiftablage-beton\/#breadcrumb","itemListElement":[{"@type":"ListItem","position":1,"name":"Forside","item":"https:\/\/grontkontor.dk\/de\/"},{"@type":"ListItem","position":2,"name":"Laden","item":"https:\/\/grontkontor.dk\/de\/laden\/"},{"@type":"ListItem","position":3,"name":"Skrivebordsudstyr","item":"https:\/\/grontkontor.dk\/produkt-kategori\/skrivebordsudstyr\/"},{"@type":"ListItem","position":4,"name":"Organizere","item":"https:\/\/grontkontor.dk\/produkt-kategori\/skrivebordsudstyr\/organizere\/"},{"@type":"ListItem","position":5,"name":"Organizer \/ Stiftablage Beton"}]},{"@type":"WebSite","@id":"https:\/\/grontkontor.dk\/#website","url":"https:\/\/grontkontor.dk\/","name":"Gr\u00f8nt Kontor","description":"Milj\u00f8venlige produkter til kontor og erhverv med fokus p\u00e5 b\u00e6redygtighed, design og fair trade.","publisher":{"@id":"https:\/\/grontkontor.dk\/#organization"},"potentialAction":[{"@type":"SearchAction","target":{"@type":"EntryPoint","urlTemplate":"https:\/\/grontkontor.dk\/?s={search_term_string}"},"query-input":"required name=search_term_string"}],"inLanguage":"de"},{"@type":"Organization","@id":"https:\/\/grontkontor.dk\/#organization","name":"Gr\u00f8nt Kontor","url":"https:\/\/grontkontor.dk\/","logo":{"@type":"ImageObject","inLanguage":"de","@id":"https:\/\/grontkontor.dk\/#\/schema\/logo\/image\/","url":"https:\/\/grontkontor.dk\/wp-content\/uploads\/2014\/02\/Logo_groent_kontor_300x80.png","contentUrl":"https:\/\/grontkontor.dk\/wp-content\/uploads\/2014\/02\/Logo_groent_kontor_300x80.png","width":300,"height":80,"caption":"Gr\u00f8nt Kontor"},"image":{"@id":"https:\/\/grontkontor.dk\/#\/schema\/logo\/image\/"},"sameAs":["https:\/\/www.facebook.com\/grontkontor.dk\/"]}]}},"_links":{"self":[{"href":"https:\/\/grontkontor.dk\/de\/wp-json\/wp\/v2\/product\/89678"}],"collection":[{"href":"https:\/\/grontkontor.dk\/de\/wp-json\/wp\/v2\/product"}],"about":[{"href":"https:\/\/grontkontor.dk\/de\/wp-json\/wp\/v2\/types\/product"}],"replies":[{"embeddable":true,"href":"https:\/\/grontkontor.dk\/de\/wp-json\/wp\/v2\/comments?post=89678"}],"wp:featuredmedia":[{"embeddable":true,"href":"https:\/\/grontkontor.dk\/de\/wp-json\/wp\/v2\/media\/111865"}],"wp:attachment":[{"href":"https:\/\/grontkontor.dk\/de\/wp-json\/wp\/v2\/media?parent=89678"}],"wp:term":[{"taxonomy":"product_cat","embeddable":true,"href":"https:\/\/grontkontor.dk\/de\/wp-json\/wp\/v2\/product_cat?post=89678"},{"taxonomy":"product_tag","embeddable":true,"href":"https:\/\/grontkontor.dk\/de\/wp-json\/wp\/v2\/product_tag?post=89678"}],"curies":[{"name":"wp","href":"https:\/\/api.w.org\/{rel}","templated":true}]}}