{"id":89714,"date":"2023-09-22T13:14:27","date_gmt":"2024-05-29T08:02:01","guid":{"rendered":"https:\/\/grontkontor.dk\/shop\/usb-stick-bambus-16gb-m-u-druck\/"},"modified":"2024-05-29T10:02:01","modified_gmt":"2024-05-29T08:02:01","slug":"usb-stick-bambus-16gb-m-u-druck","status":"publish","type":"product","link":"https:\/\/grontkontor.dk\/de\/shop\/usb-stick-bambus-16gb-m-u-druck\/","title":{"rendered":"USB Stick Bambus 16GB ohne Tap"},"content":{"rendered":"<p>Einfacher und gut gestalteter USB-Stift aus umweltfreundlichen Materialien. Mit praktischer Haube, die die empfindlichen Teile vor Staub und Schmutz sch\u00fctzt. Wird einzeln verpackt in einem recycelten Karton geliefert. Ein wirklich sch\u00f6nes und klimafreundliches Firmengeschenk oder Giveaway f\u00fcr Messen und Veranstaltungen. Kapazit\u00e4t: 16 GB. Erh\u00e4ltlich mit Lasergravur bis zu 24x13mm.  [bambus] &nbsp;<\/p>\n","protected":false},"excerpt":{"rendered":"<p>Einfacher und gut gestalteter USB-Stift aus umweltfreundlichen Materialien. Mit praktischer Haube, die die empfindlichen Teile vor Staub und Schmutz sch\u00fctzt. Wird einzeln verpackt in einem recycelten Karton geliefert. Ein wirklich sch\u00f6nes und klimafreundliches Firmengeschenk oder Giveaway f\u00fcr Messen und Veranstaltungen. Kapazit\u00e4t: 16 GB. Erh\u00e4ltlich mit Lasergravur bis zu 24x13mm. [bambus] &nbsp;<\/p>\n","protected":false},"featured_media":111698,"comment_status":"closed","ping_status":"closed","template":"","meta":{"_acf_changed":false},"product_cat":[3325,4397,3331],"product_tag":[4145],"class_list":{"0":"post-89714","1":"product","2":"type-product","3":"status-publish","4":"has-post-thumbnail","6":"product_cat-dummy-moq-1-de","7":"product_cat-elektronik-gadgets-de","8":"product_cat-elektronik-gadgets","9":"product_tag-usb-de","10":"tm-has-options","12":"first","13":"instock","14":"taxable","15":"shipping-taxable","16":"purchasable","17":"product-type-simple"},"acf":[],"yoast_head":"<!-- This site is optimized with the Yoast SEO Premium plugin v21.2 (Yoast SEO v21.2) - https:\/\/yoast.com\/wordpress\/plugins\/seo\/ -->\n<title>USB Stick Bambus 16GB ohne Tap - Gr\u00f8nt Kontor<\/title>\n<meta name=\"robots\" content=\"index, follow, max-snippet:-1, max-image-preview:large, max-video-preview:-1\" \/>\n<link rel=\"canonical\" href=\"https:\/\/grontkontor.dk\/de\/shop\/usb-stick-bambus-16gb-m-u-druck\/\" \/>\n<meta property=\"og:locale\" content=\"de_DE\" \/>\n<meta property=\"og:type\" content=\"article\" \/>\n<meta property=\"og:title\" content=\"USB Stick Bambus 16GB ohne Tap\" \/>\n<meta property=\"og:description\" content=\"Einfacher und gut gestalteter USB-Stift aus umweltfreundlichen Materialien. Mit praktischer Haube, die die empfindlichen Teile vor Staub und Schmutz sch\u00fctzt. Wird einzeln verpackt in einem recycelten Karton geliefert. Ein wirklich sch\u00f6nes und klimafreundliches Firmengeschenk oder Giveaway f\u00fcr Messen und Veranstaltungen. Kapazit\u00e4t: 16 GB. Erh\u00e4ltlich mit Lasergravur bis zu 24x13mm. [bambus] &nbsp;\" \/>\n<meta property=\"og:url\" content=\"https:\/\/grontkontor.dk\/de\/shop\/usb-stick-bambus-16gb-m-u-druck\/\" \/>\n<meta property=\"og:site_name\" content=\"Gr\u00f8nt Kontor\" \/>\n<meta property=\"article:publisher\" content=\"https:\/\/www.facebook.com\/grontkontor.dk\/\" \/>\n<meta name=\"twitter:card\" content=\"summary_large_image\" \/>\n<script type=\"application\/ld+json\" class=\"yoast-schema-graph\">{\"@context\":\"https:\/\/schema.org\",\"@graph\":[{\"@type\":\"WebPage\",\"@id\":\"https:\/\/grontkontor.dk\/de\/shop\/usb-stick-bambus-16gb-m-u-druck\/\",\"url\":\"https:\/\/grontkontor.dk\/de\/shop\/usb-stick-bambus-16gb-m-u-druck\/\",\"name\":\"USB Stick Bambus 16GB ohne Tap - Gr\u00f8nt Kontor\",\"isPartOf\":{\"@id\":\"https:\/\/grontkontor.dk\/#website\"},\"datePublished\":\"2024-05-29T08:02:01+00:00\",\"dateModified\":\"2024-05-29T08:02:01+00:00\",\"breadcrumb\":{\"@id\":\"https:\/\/grontkontor.dk\/de\/shop\/usb-stick-bambus-16gb-m-u-druck\/#breadcrumb\"},\"inLanguage\":\"de\",\"potentialAction\":[{\"@type\":\"ReadAction\",\"target\":[\"https:\/\/grontkontor.dk\/de\/shop\/usb-stick-bambus-16gb-m-u-druck\/\"]}]},{\"@type\":\"BreadcrumbList\",\"@id\":\"https:\/\/grontkontor.dk\/de\/shop\/usb-stick-bambus-16gb-m-u-druck\/#breadcrumb\",\"itemListElement\":[{\"@type\":\"ListItem\",\"position\":1,\"name\":\"Forside\",\"item\":\"https:\/\/grontkontor.dk\/de\/\"},{\"@type\":\"ListItem\",\"position\":2,\"name\":\"Laden\",\"item\":\"https:\/\/grontkontor.dk\/de\/laden\/\"},{\"@type\":\"ListItem\",\"position\":3,\"name\":\"Elektronik og gadgets\",\"item\":\"https:\/\/grontkontor.dk\/produkt-kategori\/elektronik-og-gadgets\/\"},{\"@type\":\"ListItem\",\"position\":4,\"name\":\"USB Stick Bambus 16GB ohne Tap\"}]},{\"@type\":\"WebSite\",\"@id\":\"https:\/\/grontkontor.dk\/#website\",\"url\":\"https:\/\/grontkontor.dk\/\",\"name\":\"Gr\u00f8nt Kontor\",\"description\":\"Milj\u00f8venlige produkter til kontor og erhverv med fokus p\u00e5 b\u00e6redygtighed, design og fair trade.\",\"publisher\":{\"@id\":\"https:\/\/grontkontor.dk\/#organization\"},\"potentialAction\":[{\"@type\":\"SearchAction\",\"target\":{\"@type\":\"EntryPoint\",\"urlTemplate\":\"https:\/\/grontkontor.dk\/?s={search_term_string}\"},\"query-input\":\"required name=search_term_string\"}],\"inLanguage\":\"de\"},{\"@type\":\"Organization\",\"@id\":\"https:\/\/grontkontor.dk\/#organization\",\"name\":\"Gr\u00f8nt Kontor\",\"url\":\"https:\/\/grontkontor.dk\/\",\"logo\":{\"@type\":\"ImageObject\",\"inLanguage\":\"de\",\"@id\":\"https:\/\/grontkontor.dk\/#\/schema\/logo\/image\/\",\"url\":\"https:\/\/grontkontor.dk\/wp-content\/uploads\/2014\/02\/Logo_groent_kontor_300x80.png\",\"contentUrl\":\"https:\/\/grontkontor.dk\/wp-content\/uploads\/2014\/02\/Logo_groent_kontor_300x80.png\",\"width\":300,\"height\":80,\"caption\":\"Gr\u00f8nt Kontor\"},\"image\":{\"@id\":\"https:\/\/grontkontor.dk\/#\/schema\/logo\/image\/\"},\"sameAs\":[\"https:\/\/www.facebook.com\/grontkontor.dk\/\"]}]}<\/script>\n<!-- \/ Yoast SEO Premium plugin. -->","yoast_head_json":{"title":"USB Stick Bambus 16GB ohne Tap - Gr\u00f8nt Kontor","robots":{"index":"index","follow":"follow","max-snippet":"max-snippet:-1","max-image-preview":"max-image-preview:large","max-video-preview":"max-video-preview:-1"},"canonical":"https:\/\/grontkontor.dk\/de\/shop\/usb-stick-bambus-16gb-m-u-druck\/","og_locale":"de_DE","og_type":"article","og_title":"USB Stick Bambus 16GB ohne Tap","og_description":"Einfacher und gut gestalteter USB-Stift aus umweltfreundlichen Materialien. Mit praktischer Haube, die die empfindlichen Teile vor Staub und Schmutz sch\u00fctzt. Wird einzeln verpackt in einem recycelten Karton geliefert. Ein wirklich sch\u00f6nes und klimafreundliches Firmengeschenk oder Giveaway f\u00fcr Messen und Veranstaltungen. Kapazit\u00e4t: 16 GB. Erh\u00e4ltlich mit Lasergravur bis zu 24x13mm. [bambus] &nbsp;","og_url":"https:\/\/grontkontor.dk\/de\/shop\/usb-stick-bambus-16gb-m-u-druck\/","og_site_name":"Gr\u00f8nt Kontor","article_publisher":"https:\/\/www.facebook.com\/grontkontor.dk\/","twitter_card":"summary_large_image","schema":{"@context":"https:\/\/schema.org","@graph":[{"@type":"WebPage","@id":"https:\/\/grontkontor.dk\/de\/shop\/usb-stick-bambus-16gb-m-u-druck\/","url":"https:\/\/grontkontor.dk\/de\/shop\/usb-stick-bambus-16gb-m-u-druck\/","name":"USB Stick Bambus 16GB ohne Tap - Gr\u00f8nt Kontor","isPartOf":{"@id":"https:\/\/grontkontor.dk\/#website"},"datePublished":"2024-05-29T08:02:01+00:00","dateModified":"2024-05-29T08:02:01+00:00","breadcrumb":{"@id":"https:\/\/grontkontor.dk\/de\/shop\/usb-stick-bambus-16gb-m-u-druck\/#breadcrumb"},"inLanguage":"de","potentialAction":[{"@type":"ReadAction","target":["https:\/\/grontkontor.dk\/de\/shop\/usb-stick-bambus-16gb-m-u-druck\/"]}]},{"@type":"BreadcrumbList","@id":"https:\/\/grontkontor.dk\/de\/shop\/usb-stick-bambus-16gb-m-u-druck\/#breadcrumb","itemListElement":[{"@type":"ListItem","position":1,"name":"Forside","item":"https:\/\/grontkontor.dk\/de\/"},{"@type":"ListItem","position":2,"name":"Laden","item":"https:\/\/grontkontor.dk\/de\/laden\/"},{"@type":"ListItem","position":3,"name":"Elektronik og gadgets","item":"https:\/\/grontkontor.dk\/produkt-kategori\/elektronik-og-gadgets\/"},{"@type":"ListItem","position":4,"name":"USB Stick Bambus 16GB ohne Tap"}]},{"@type":"WebSite","@id":"https:\/\/grontkontor.dk\/#website","url":"https:\/\/grontkontor.dk\/","name":"Gr\u00f8nt Kontor","description":"Milj\u00f8venlige produkter til kontor og erhverv med fokus p\u00e5 b\u00e6redygtighed, design og fair trade.","publisher":{"@id":"https:\/\/grontkontor.dk\/#organization"},"potentialAction":[{"@type":"SearchAction","target":{"@type":"EntryPoint","urlTemplate":"https:\/\/grontkontor.dk\/?s={search_term_string}"},"query-input":"required name=search_term_string"}],"inLanguage":"de"},{"@type":"Organization","@id":"https:\/\/grontkontor.dk\/#organization","name":"Gr\u00f8nt Kontor","url":"https:\/\/grontkontor.dk\/","logo":{"@type":"ImageObject","inLanguage":"de","@id":"https:\/\/grontkontor.dk\/#\/schema\/logo\/image\/","url":"https:\/\/grontkontor.dk\/wp-content\/uploads\/2014\/02\/Logo_groent_kontor_300x80.png","contentUrl":"https:\/\/grontkontor.dk\/wp-content\/uploads\/2014\/02\/Logo_groent_kontor_300x80.png","width":300,"height":80,"caption":"Gr\u00f8nt Kontor"},"image":{"@id":"https:\/\/grontkontor.dk\/#\/schema\/logo\/image\/"},"sameAs":["https:\/\/www.facebook.com\/grontkontor.dk\/"]}]}},"_links":{"self":[{"href":"https:\/\/grontkontor.dk\/de\/wp-json\/wp\/v2\/product\/89714"}],"collection":[{"href":"https:\/\/grontkontor.dk\/de\/wp-json\/wp\/v2\/product"}],"about":[{"href":"https:\/\/grontkontor.dk\/de\/wp-json\/wp\/v2\/types\/product"}],"replies":[{"embeddable":true,"href":"https:\/\/grontkontor.dk\/de\/wp-json\/wp\/v2\/comments?post=89714"}],"wp:featuredmedia":[{"embeddable":true,"href":"https:\/\/grontkontor.dk\/de\/wp-json\/wp\/v2\/media\/111698"}],"wp:attachment":[{"href":"https:\/\/grontkontor.dk\/de\/wp-json\/wp\/v2\/media?parent=89714"}],"wp:term":[{"taxonomy":"product_cat","embeddable":true,"href":"https:\/\/grontkontor.dk\/de\/wp-json\/wp\/v2\/product_cat?post=89714"},{"taxonomy":"product_tag","embeddable":true,"href":"https:\/\/grontkontor.dk\/de\/wp-json\/wp\/v2\/product_tag?post=89714"}],"curies":[{"name":"wp","href":"https:\/\/api.w.org\/{rel}","templated":true}]}}