{"id":89749,"date":"2023-09-22T13:14:27","date_gmt":"2024-05-29T08:02:05","guid":{"rendered":"https:\/\/grontkontor.dk\/shop\/stift-in-kork-weizenfaser-und-pp-1\/"},"modified":"2024-05-29T10:02:05","modified_gmt":"2024-05-29T08:02:05","slug":"stift-in-kork-weizenfaser-und-pp-1","status":"publish","type":"product","link":"https:\/\/grontkontor.dk\/de\/shop\/stift-in-kork-weizenfaser-und-pp-1\/","title":{"rendered":"Kugelschreiber aus Kork, Weizenfaser und PP #1"},"content":{"rendered":"<p>Rustikaler und flippiger Kugelschreiber mit Korkk\u00f6rper mit Oberteil, Fu\u00df und Clip aus Weizenfasermaterial (Weizen + PP) in Pastellfarben. Das Design + die zugesetzten Naturfasern begrenzen den Kunststoffverbrauch in diesem robusten und umweltfreundlichen Stift erheblich. Das Weizenfasermaterial enth\u00e4lt Polypropylen, das nicht biologisch abbaubar ist. Wenn Sie auf Klimafreundlichkeit setzen m\u00f6chten, empfehlen wir <a class=\"light\" href=\"https:\/\/grontkontor.dk\/produkt\/kuglepen-bioplast-genbrugspap\/\">Ihnen diesen Kugelschreiber aus recyceltem Karton\/Biokunststoff<\/a> oder <a class=\"light\" href=\"https:\/\/grontkontor.dk\/produkt\/kuglepen-refill-kork-m-u-tryk\/\">diesen exklusiven Nachf\u00fcllstift aus Kork<\/a><\/p>\n<p>Wird standardm\u00e4\u00dfig mit blauer Tinte und Kunststoffpatrone geliefert.<\/p>\n<p>[kork]<\/p>\n<p>&nbsp;<\/p>\n<p>&nbsp;<\/p>\n","protected":false},"excerpt":{"rendered":"<p>Rustikaler und flippiger Kugelschreiber mit Korkk\u00f6rper mit Oberteil, Fu\u00df und Clip aus Weizenfasermaterial (Weizen + PP) in Pastellfarben. Das Design + die zugesetzten Naturfasern begrenzen den Kunststoffverbrauch in diesem robusten und umweltfreundlichen Stift erheblich. Das Weizenfasermaterial enth\u00e4lt Polypropylen, das nicht biologisch abbaubar ist. Wenn Sie auf Klimafreundlichkeit setzen m\u00f6chten, empfehlen wir Ihnen diesen Kugelschreiber aus [&hellip;]<\/p>\n","protected":false},"featured_media":111708,"comment_status":"closed","ping_status":"closed","template":"","meta":{"_acf_changed":false},"product_cat":[3325,4403,3423,3424],"product_tag":[3427],"class_list":{"0":"post-89749","1":"product","2":"type-product","3":"status-publish","4":"has-post-thumbnail","6":"product_cat-dummy-moq-1-de","7":"product_cat-kugelschreiber-und-bleistifte","8":"product_cat-schreib-und-zeigegeraete","9":"product_cat-stifte","10":"product_tag-kugelschreiber","11":"tm-has-options","13":"first","14":"instock","15":"taxable","16":"shipping-taxable","17":"purchasable","18":"product-type-variable","19":"has-default-attributes"},"acf":[],"yoast_head":"<!-- This site is optimized with the Yoast SEO Premium plugin v21.2 (Yoast SEO v21.2) - https:\/\/yoast.com\/wordpress\/plugins\/seo\/ -->\n<title>Kugelschreiber aus Kork, Weizenfaser und PP #1 - Gr\u00f8nt Kontor<\/title>\n<meta name=\"robots\" content=\"index, follow, max-snippet:-1, max-image-preview:large, max-video-preview:-1\" \/>\n<link rel=\"canonical\" href=\"https:\/\/grontkontor.dk\/de\/shop\/stift-in-kork-weizenfaser-und-pp-1\/\" \/>\n<meta property=\"og:locale\" content=\"de_DE\" \/>\n<meta property=\"og:type\" content=\"article\" \/>\n<meta property=\"og:title\" content=\"Kugelschreiber aus Kork, Weizenfaser und PP #1\" \/>\n<meta property=\"og:description\" content=\"Rustikaler und flippiger Kugelschreiber mit Korkk\u00f6rper mit Oberteil, Fu\u00df und Clip aus Weizenfasermaterial (Weizen + PP) in Pastellfarben. Das Design + die zugesetzten Naturfasern begrenzen den Kunststoffverbrauch in diesem robusten und umweltfreundlichen Stift erheblich. Das Weizenfasermaterial enth\u00e4lt Polypropylen, das nicht biologisch abbaubar ist. Wenn Sie auf Klimafreundlichkeit setzen m\u00f6chten, empfehlen wir Ihnen diesen Kugelschreiber aus [&hellip;]\" \/>\n<meta property=\"og:url\" content=\"https:\/\/grontkontor.dk\/de\/shop\/stift-in-kork-weizenfaser-und-pp-1\/\" \/>\n<meta property=\"og:site_name\" content=\"Gr\u00f8nt Kontor\" \/>\n<meta property=\"article:publisher\" content=\"https:\/\/www.facebook.com\/grontkontor.dk\/\" \/>\n<meta name=\"twitter:card\" content=\"summary_large_image\" \/>\n<script type=\"application\/ld+json\" class=\"yoast-schema-graph\">{\"@context\":\"https:\/\/schema.org\",\"@graph\":[{\"@type\":\"WebPage\",\"@id\":\"https:\/\/grontkontor.dk\/de\/shop\/stift-in-kork-weizenfaser-und-pp-1\/\",\"url\":\"https:\/\/grontkontor.dk\/de\/shop\/stift-in-kork-weizenfaser-und-pp-1\/\",\"name\":\"Kugelschreiber aus Kork, Weizenfaser und PP #1 - Gr\u00f8nt Kontor\",\"isPartOf\":{\"@id\":\"https:\/\/grontkontor.dk\/#website\"},\"datePublished\":\"2024-05-29T08:02:05+00:00\",\"dateModified\":\"2024-05-29T08:02:05+00:00\",\"breadcrumb\":{\"@id\":\"https:\/\/grontkontor.dk\/de\/shop\/stift-in-kork-weizenfaser-und-pp-1\/#breadcrumb\"},\"inLanguage\":\"de\",\"potentialAction\":[{\"@type\":\"ReadAction\",\"target\":[\"https:\/\/grontkontor.dk\/de\/shop\/stift-in-kork-weizenfaser-und-pp-1\/\"]}]},{\"@type\":\"BreadcrumbList\",\"@id\":\"https:\/\/grontkontor.dk\/de\/shop\/stift-in-kork-weizenfaser-und-pp-1\/#breadcrumb\",\"itemListElement\":[{\"@type\":\"ListItem\",\"position\":1,\"name\":\"Forside\",\"item\":\"https:\/\/grontkontor.dk\/de\/\"},{\"@type\":\"ListItem\",\"position\":2,\"name\":\"Laden\",\"item\":\"https:\/\/grontkontor.dk\/de\/laden\/\"},{\"@type\":\"ListItem\",\"position\":3,\"name\":\"Skrive- og pegeudstyr\",\"item\":\"https:\/\/grontkontor.dk\/produkt-kategori\/skrive-og-pegeudstyr\/\"},{\"@type\":\"ListItem\",\"position\":4,\"name\":\"Kuglepenne\",\"item\":\"https:\/\/grontkontor.dk\/produkt-kategori\/skrive-og-pegeudstyr\/kuglepenne\/\"},{\"@type\":\"ListItem\",\"position\":5,\"name\":\"Kugelschreiber aus Kork, Weizenfaser und PP #1\"}]},{\"@type\":\"WebSite\",\"@id\":\"https:\/\/grontkontor.dk\/#website\",\"url\":\"https:\/\/grontkontor.dk\/\",\"name\":\"Gr\u00f8nt Kontor\",\"description\":\"Milj\u00f8venlige produkter til kontor og erhverv med fokus p\u00e5 b\u00e6redygtighed, design og fair trade.\",\"publisher\":{\"@id\":\"https:\/\/grontkontor.dk\/#organization\"},\"potentialAction\":[{\"@type\":\"SearchAction\",\"target\":{\"@type\":\"EntryPoint\",\"urlTemplate\":\"https:\/\/grontkontor.dk\/?s={search_term_string}\"},\"query-input\":\"required name=search_term_string\"}],\"inLanguage\":\"de\"},{\"@type\":\"Organization\",\"@id\":\"https:\/\/grontkontor.dk\/#organization\",\"name\":\"Gr\u00f8nt Kontor\",\"url\":\"https:\/\/grontkontor.dk\/\",\"logo\":{\"@type\":\"ImageObject\",\"inLanguage\":\"de\",\"@id\":\"https:\/\/grontkontor.dk\/#\/schema\/logo\/image\/\",\"url\":\"https:\/\/grontkontor.dk\/wp-content\/uploads\/2014\/02\/Logo_groent_kontor_300x80.png\",\"contentUrl\":\"https:\/\/grontkontor.dk\/wp-content\/uploads\/2014\/02\/Logo_groent_kontor_300x80.png\",\"width\":300,\"height\":80,\"caption\":\"Gr\u00f8nt Kontor\"},\"image\":{\"@id\":\"https:\/\/grontkontor.dk\/#\/schema\/logo\/image\/\"},\"sameAs\":[\"https:\/\/www.facebook.com\/grontkontor.dk\/\"]}]}<\/script>\n<!-- \/ Yoast SEO Premium plugin. -->","yoast_head_json":{"title":"Kugelschreiber aus Kork, Weizenfaser und PP #1 - Gr\u00f8nt Kontor","robots":{"index":"index","follow":"follow","max-snippet":"max-snippet:-1","max-image-preview":"max-image-preview:large","max-video-preview":"max-video-preview:-1"},"canonical":"https:\/\/grontkontor.dk\/de\/shop\/stift-in-kork-weizenfaser-und-pp-1\/","og_locale":"de_DE","og_type":"article","og_title":"Kugelschreiber aus Kork, Weizenfaser und PP #1","og_description":"Rustikaler und flippiger Kugelschreiber mit Korkk\u00f6rper mit Oberteil, Fu\u00df und Clip aus Weizenfasermaterial (Weizen + PP) in Pastellfarben. Das Design + die zugesetzten Naturfasern begrenzen den Kunststoffverbrauch in diesem robusten und umweltfreundlichen Stift erheblich. Das Weizenfasermaterial enth\u00e4lt Polypropylen, das nicht biologisch abbaubar ist. Wenn Sie auf Klimafreundlichkeit setzen m\u00f6chten, empfehlen wir Ihnen diesen Kugelschreiber aus [&hellip;]","og_url":"https:\/\/grontkontor.dk\/de\/shop\/stift-in-kork-weizenfaser-und-pp-1\/","og_site_name":"Gr\u00f8nt Kontor","article_publisher":"https:\/\/www.facebook.com\/grontkontor.dk\/","twitter_card":"summary_large_image","schema":{"@context":"https:\/\/schema.org","@graph":[{"@type":"WebPage","@id":"https:\/\/grontkontor.dk\/de\/shop\/stift-in-kork-weizenfaser-und-pp-1\/","url":"https:\/\/grontkontor.dk\/de\/shop\/stift-in-kork-weizenfaser-und-pp-1\/","name":"Kugelschreiber aus Kork, Weizenfaser und PP #1 - Gr\u00f8nt Kontor","isPartOf":{"@id":"https:\/\/grontkontor.dk\/#website"},"datePublished":"2024-05-29T08:02:05+00:00","dateModified":"2024-05-29T08:02:05+00:00","breadcrumb":{"@id":"https:\/\/grontkontor.dk\/de\/shop\/stift-in-kork-weizenfaser-und-pp-1\/#breadcrumb"},"inLanguage":"de","potentialAction":[{"@type":"ReadAction","target":["https:\/\/grontkontor.dk\/de\/shop\/stift-in-kork-weizenfaser-und-pp-1\/"]}]},{"@type":"BreadcrumbList","@id":"https:\/\/grontkontor.dk\/de\/shop\/stift-in-kork-weizenfaser-und-pp-1\/#breadcrumb","itemListElement":[{"@type":"ListItem","position":1,"name":"Forside","item":"https:\/\/grontkontor.dk\/de\/"},{"@type":"ListItem","position":2,"name":"Laden","item":"https:\/\/grontkontor.dk\/de\/laden\/"},{"@type":"ListItem","position":3,"name":"Skrive- og pegeudstyr","item":"https:\/\/grontkontor.dk\/produkt-kategori\/skrive-og-pegeudstyr\/"},{"@type":"ListItem","position":4,"name":"Kuglepenne","item":"https:\/\/grontkontor.dk\/produkt-kategori\/skrive-og-pegeudstyr\/kuglepenne\/"},{"@type":"ListItem","position":5,"name":"Kugelschreiber aus Kork, Weizenfaser und PP #1"}]},{"@type":"WebSite","@id":"https:\/\/grontkontor.dk\/#website","url":"https:\/\/grontkontor.dk\/","name":"Gr\u00f8nt Kontor","description":"Milj\u00f8venlige produkter til kontor og erhverv med fokus p\u00e5 b\u00e6redygtighed, design og fair trade.","publisher":{"@id":"https:\/\/grontkontor.dk\/#organization"},"potentialAction":[{"@type":"SearchAction","target":{"@type":"EntryPoint","urlTemplate":"https:\/\/grontkontor.dk\/?s={search_term_string}"},"query-input":"required name=search_term_string"}],"inLanguage":"de"},{"@type":"Organization","@id":"https:\/\/grontkontor.dk\/#organization","name":"Gr\u00f8nt Kontor","url":"https:\/\/grontkontor.dk\/","logo":{"@type":"ImageObject","inLanguage":"de","@id":"https:\/\/grontkontor.dk\/#\/schema\/logo\/image\/","url":"https:\/\/grontkontor.dk\/wp-content\/uploads\/2014\/02\/Logo_groent_kontor_300x80.png","contentUrl":"https:\/\/grontkontor.dk\/wp-content\/uploads\/2014\/02\/Logo_groent_kontor_300x80.png","width":300,"height":80,"caption":"Gr\u00f8nt Kontor"},"image":{"@id":"https:\/\/grontkontor.dk\/#\/schema\/logo\/image\/"},"sameAs":["https:\/\/www.facebook.com\/grontkontor.dk\/"]}]}},"_links":{"self":[{"href":"https:\/\/grontkontor.dk\/de\/wp-json\/wp\/v2\/product\/89749"}],"collection":[{"href":"https:\/\/grontkontor.dk\/de\/wp-json\/wp\/v2\/product"}],"about":[{"href":"https:\/\/grontkontor.dk\/de\/wp-json\/wp\/v2\/types\/product"}],"replies":[{"embeddable":true,"href":"https:\/\/grontkontor.dk\/de\/wp-json\/wp\/v2\/comments?post=89749"}],"wp:featuredmedia":[{"embeddable":true,"href":"https:\/\/grontkontor.dk\/de\/wp-json\/wp\/v2\/media\/111708"}],"wp:attachment":[{"href":"https:\/\/grontkontor.dk\/de\/wp-json\/wp\/v2\/media?parent=89749"}],"wp:term":[{"taxonomy":"product_cat","embeddable":true,"href":"https:\/\/grontkontor.dk\/de\/wp-json\/wp\/v2\/product_cat?post=89749"},{"taxonomy":"product_tag","embeddable":true,"href":"https:\/\/grontkontor.dk\/de\/wp-json\/wp\/v2\/product_tag?post=89749"}],"curies":[{"name":"wp","href":"https:\/\/api.w.org\/{rel}","templated":true}]}}