{"id":89762,"date":"2023-09-22T13:14:06","date_gmt":"2024-05-29T08:02:58","guid":{"rendered":"https:\/\/grontkontor.dk\/shop\/teekanne-in-borosilikatglas-mit-bambusdeckel\/"},"modified":"2024-05-29T10:02:58","modified_gmt":"2024-05-29T08:02:58","slug":"teekanne-in-borosilikatglas-mit-bambusdeckel","status":"publish","type":"product","link":"https:\/\/grontkontor.dk\/de\/shop\/teekanne-in-borosilikatglas-mit-bambusdeckel\/","title":{"rendered":"Teekanne aus Glas mit Bambusdeckel ohne Aufdruck"},"content":{"rendered":"<p>Klimafreundliche Teekanne aus Glas mit Bambusdeckel und eingebautem Teefilter. Der Deckel besteht aus Bambus mit einem Silikonring, der daf\u00fcr sorgt, dass der Deckel fest sitzt.<\/p>\n<p>Eine langlebige und umweltfreundliche Teekanne, die sich als Werbegeschenk eignet. Einzeln verpackt in einer Geschenkbox aus Karton.<br \/>\nDie Teekanne ist  [food-c]<\/p>\n<p>Der Glasteil ist f\u00fcr Geschirrsp\u00fcler und Mikrowelle geeignet. Fassungsverm\u00f6gen: 850 ml<\/p>\n<p>[glas] [bambus_s]<\/p>\n<p>&nbsp;<\/p>\n","protected":false},"excerpt":{"rendered":"<p>Klimafreundliche Teekanne aus Glas mit Bambusdeckel und eingebautem Teefilter. Der Deckel besteht aus Bambus mit einem Silikonring, der daf\u00fcr sorgt, dass der Deckel fest sitzt. Eine langlebige und umweltfreundliche Teekanne, die sich als Werbegeschenk eignet. Einzeln verpackt in einer Geschenkbox aus Karton. Die Teekanne ist [food-c] Der Glasteil ist f\u00fcr Geschirrsp\u00fcler und Mikrowelle geeignet. Fassungsverm\u00f6gen: [&hellip;]<\/p>\n","protected":false},"featured_media":89764,"comment_status":"closed","ping_status":"closed","template":"","meta":{"_acf_changed":false},"product_cat":[3465,3325,3339,3783,3321],"product_tag":[3789,4151],"class_list":{"0":"post-89762","1":"product","2":"type-product","3":"status-publish","4":"has-post-thumbnail","6":"product_cat-becher-tassen-etc","7":"product_cat-dummy-moq-1-de","8":"product_cat-essen-und-trinken","9":"product_cat-kaffee-und-tee","10":"product_cat-klimafreundliche-werbegeschenke","11":"product_tag-tee","12":"product_tag-teekanne","13":"tm-has-options","15":"first","16":"instock","17":"sale","18":"taxable","19":"shipping-taxable","20":"purchasable","21":"product-type-simple"},"acf":[],"yoast_head":"<!-- This site is optimized with the Yoast SEO Premium plugin v21.2 (Yoast SEO v21.2) - https:\/\/yoast.com\/wordpress\/plugins\/seo\/ -->\n<title>Teekanne aus Glas mit Bambusdeckel ohne Aufdruck - Gr\u00f8nt Kontor<\/title>\n<meta name=\"robots\" content=\"index, follow, max-snippet:-1, max-image-preview:large, max-video-preview:-1\" \/>\n<link rel=\"canonical\" href=\"https:\/\/grontkontor.dk\/de\/shop\/teekanne-in-borosilikatglas-mit-bambusdeckel\/\" \/>\n<meta property=\"og:locale\" content=\"de_DE\" \/>\n<meta property=\"og:type\" content=\"article\" \/>\n<meta property=\"og:title\" content=\"Teekanne aus Glas mit Bambusdeckel ohne Aufdruck\" \/>\n<meta property=\"og:description\" content=\"Klimafreundliche Teekanne aus Glas mit Bambusdeckel und eingebautem Teefilter. Der Deckel besteht aus Bambus mit einem Silikonring, der daf\u00fcr sorgt, dass der Deckel fest sitzt. Eine langlebige und umweltfreundliche Teekanne, die sich als Werbegeschenk eignet. Einzeln verpackt in einer Geschenkbox aus Karton. Die Teekanne ist [food-c] Der Glasteil ist f\u00fcr Geschirrsp\u00fcler und Mikrowelle geeignet. Fassungsverm\u00f6gen: [&hellip;]\" \/>\n<meta property=\"og:url\" content=\"https:\/\/grontkontor.dk\/de\/shop\/teekanne-in-borosilikatglas-mit-bambusdeckel\/\" \/>\n<meta property=\"og:site_name\" content=\"Gr\u00f8nt Kontor\" \/>\n<meta property=\"article:publisher\" content=\"https:\/\/www.facebook.com\/grontkontor.dk\/\" \/>\n<meta property=\"og:image\" content=\"https:\/\/grontkontor.dk\/wp-content\/uploads\/2023\/09\/Miljoevenlig-tepotte-i-glas-og-bambus.jpg\" \/>\n\t<meta property=\"og:image:width\" content=\"900\" \/>\n\t<meta property=\"og:image:height\" content=\"639\" \/>\n\t<meta property=\"og:image:type\" content=\"image\/jpeg\" \/>\n<meta name=\"twitter:card\" content=\"summary_large_image\" \/>\n<script type=\"application\/ld+json\" class=\"yoast-schema-graph\">{\"@context\":\"https:\/\/schema.org\",\"@graph\":[{\"@type\":\"WebPage\",\"@id\":\"https:\/\/grontkontor.dk\/de\/shop\/teekanne-in-borosilikatglas-mit-bambusdeckel\/\",\"url\":\"https:\/\/grontkontor.dk\/de\/shop\/teekanne-in-borosilikatglas-mit-bambusdeckel\/\",\"name\":\"Teekanne aus Glas mit Bambusdeckel ohne Aufdruck - Gr\u00f8nt Kontor\",\"isPartOf\":{\"@id\":\"https:\/\/grontkontor.dk\/#website\"},\"datePublished\":\"2024-05-29T08:02:58+00:00\",\"dateModified\":\"2024-05-29T08:02:58+00:00\",\"breadcrumb\":{\"@id\":\"https:\/\/grontkontor.dk\/de\/shop\/teekanne-in-borosilikatglas-mit-bambusdeckel\/#breadcrumb\"},\"inLanguage\":\"de\",\"potentialAction\":[{\"@type\":\"ReadAction\",\"target\":[\"https:\/\/grontkontor.dk\/de\/shop\/teekanne-in-borosilikatglas-mit-bambusdeckel\/\"]}]},{\"@type\":\"BreadcrumbList\",\"@id\":\"https:\/\/grontkontor.dk\/de\/shop\/teekanne-in-borosilikatglas-mit-bambusdeckel\/#breadcrumb\",\"itemListElement\":[{\"@type\":\"ListItem\",\"position\":1,\"name\":\"Forside\",\"item\":\"https:\/\/grontkontor.dk\/de\/\"},{\"@type\":\"ListItem\",\"position\":2,\"name\":\"Laden\",\"item\":\"https:\/\/grontkontor.dk\/de\/laden\/\"},{\"@type\":\"ListItem\",\"position\":3,\"name\":\"Mad og drikke\",\"item\":\"https:\/\/grontkontor.dk\/produkt-kategori\/mad-og-drikke\/\"},{\"@type\":\"ListItem\",\"position\":4,\"name\":\"Krus, kopper mm.\",\"item\":\"https:\/\/grontkontor.dk\/produkt-kategori\/mad-og-drikke\/to-go-krus-og-kopper\/\"},{\"@type\":\"ListItem\",\"position\":5,\"name\":\"Teekanne aus Glas mit Bambusdeckel ohne Aufdruck\"}]},{\"@type\":\"WebSite\",\"@id\":\"https:\/\/grontkontor.dk\/#website\",\"url\":\"https:\/\/grontkontor.dk\/\",\"name\":\"Gr\u00f8nt Kontor\",\"description\":\"Milj\u00f8venlige produkter til kontor og erhverv med fokus p\u00e5 b\u00e6redygtighed, design og fair trade.\",\"publisher\":{\"@id\":\"https:\/\/grontkontor.dk\/#organization\"},\"potentialAction\":[{\"@type\":\"SearchAction\",\"target\":{\"@type\":\"EntryPoint\",\"urlTemplate\":\"https:\/\/grontkontor.dk\/?s={search_term_string}\"},\"query-input\":\"required name=search_term_string\"}],\"inLanguage\":\"de\"},{\"@type\":\"Organization\",\"@id\":\"https:\/\/grontkontor.dk\/#organization\",\"name\":\"Gr\u00f8nt Kontor\",\"url\":\"https:\/\/grontkontor.dk\/\",\"logo\":{\"@type\":\"ImageObject\",\"inLanguage\":\"de\",\"@id\":\"https:\/\/grontkontor.dk\/#\/schema\/logo\/image\/\",\"url\":\"https:\/\/grontkontor.dk\/wp-content\/uploads\/2014\/02\/Logo_groent_kontor_300x80.png\",\"contentUrl\":\"https:\/\/grontkontor.dk\/wp-content\/uploads\/2014\/02\/Logo_groent_kontor_300x80.png\",\"width\":300,\"height\":80,\"caption\":\"Gr\u00f8nt Kontor\"},\"image\":{\"@id\":\"https:\/\/grontkontor.dk\/#\/schema\/logo\/image\/\"},\"sameAs\":[\"https:\/\/www.facebook.com\/grontkontor.dk\/\"]}]}<\/script>\n<!-- \/ Yoast SEO Premium plugin. -->","yoast_head_json":{"title":"Teekanne aus Glas mit Bambusdeckel ohne Aufdruck - Gr\u00f8nt Kontor","robots":{"index":"index","follow":"follow","max-snippet":"max-snippet:-1","max-image-preview":"max-image-preview:large","max-video-preview":"max-video-preview:-1"},"canonical":"https:\/\/grontkontor.dk\/de\/shop\/teekanne-in-borosilikatglas-mit-bambusdeckel\/","og_locale":"de_DE","og_type":"article","og_title":"Teekanne aus Glas mit Bambusdeckel ohne Aufdruck","og_description":"Klimafreundliche Teekanne aus Glas mit Bambusdeckel und eingebautem Teefilter. Der Deckel besteht aus Bambus mit einem Silikonring, der daf\u00fcr sorgt, dass der Deckel fest sitzt. Eine langlebige und umweltfreundliche Teekanne, die sich als Werbegeschenk eignet. Einzeln verpackt in einer Geschenkbox aus Karton. Die Teekanne ist [food-c] Der Glasteil ist f\u00fcr Geschirrsp\u00fcler und Mikrowelle geeignet. Fassungsverm\u00f6gen: [&hellip;]","og_url":"https:\/\/grontkontor.dk\/de\/shop\/teekanne-in-borosilikatglas-mit-bambusdeckel\/","og_site_name":"Gr\u00f8nt Kontor","article_publisher":"https:\/\/www.facebook.com\/grontkontor.dk\/","og_image":[{"width":900,"height":639,"url":"https:\/\/grontkontor.dk\/wp-content\/uploads\/2023\/09\/Miljoevenlig-tepotte-i-glas-og-bambus.jpg","type":"image\/jpeg"}],"twitter_card":"summary_large_image","schema":{"@context":"https:\/\/schema.org","@graph":[{"@type":"WebPage","@id":"https:\/\/grontkontor.dk\/de\/shop\/teekanne-in-borosilikatglas-mit-bambusdeckel\/","url":"https:\/\/grontkontor.dk\/de\/shop\/teekanne-in-borosilikatglas-mit-bambusdeckel\/","name":"Teekanne aus Glas mit Bambusdeckel ohne Aufdruck - Gr\u00f8nt Kontor","isPartOf":{"@id":"https:\/\/grontkontor.dk\/#website"},"datePublished":"2024-05-29T08:02:58+00:00","dateModified":"2024-05-29T08:02:58+00:00","breadcrumb":{"@id":"https:\/\/grontkontor.dk\/de\/shop\/teekanne-in-borosilikatglas-mit-bambusdeckel\/#breadcrumb"},"inLanguage":"de","potentialAction":[{"@type":"ReadAction","target":["https:\/\/grontkontor.dk\/de\/shop\/teekanne-in-borosilikatglas-mit-bambusdeckel\/"]}]},{"@type":"BreadcrumbList","@id":"https:\/\/grontkontor.dk\/de\/shop\/teekanne-in-borosilikatglas-mit-bambusdeckel\/#breadcrumb","itemListElement":[{"@type":"ListItem","position":1,"name":"Forside","item":"https:\/\/grontkontor.dk\/de\/"},{"@type":"ListItem","position":2,"name":"Laden","item":"https:\/\/grontkontor.dk\/de\/laden\/"},{"@type":"ListItem","position":3,"name":"Mad og drikke","item":"https:\/\/grontkontor.dk\/produkt-kategori\/mad-og-drikke\/"},{"@type":"ListItem","position":4,"name":"Krus, kopper mm.","item":"https:\/\/grontkontor.dk\/produkt-kategori\/mad-og-drikke\/to-go-krus-og-kopper\/"},{"@type":"ListItem","position":5,"name":"Teekanne aus Glas mit Bambusdeckel ohne Aufdruck"}]},{"@type":"WebSite","@id":"https:\/\/grontkontor.dk\/#website","url":"https:\/\/grontkontor.dk\/","name":"Gr\u00f8nt Kontor","description":"Milj\u00f8venlige produkter til kontor og erhverv med fokus p\u00e5 b\u00e6redygtighed, design og fair trade.","publisher":{"@id":"https:\/\/grontkontor.dk\/#organization"},"potentialAction":[{"@type":"SearchAction","target":{"@type":"EntryPoint","urlTemplate":"https:\/\/grontkontor.dk\/?s={search_term_string}"},"query-input":"required name=search_term_string"}],"inLanguage":"de"},{"@type":"Organization","@id":"https:\/\/grontkontor.dk\/#organization","name":"Gr\u00f8nt Kontor","url":"https:\/\/grontkontor.dk\/","logo":{"@type":"ImageObject","inLanguage":"de","@id":"https:\/\/grontkontor.dk\/#\/schema\/logo\/image\/","url":"https:\/\/grontkontor.dk\/wp-content\/uploads\/2014\/02\/Logo_groent_kontor_300x80.png","contentUrl":"https:\/\/grontkontor.dk\/wp-content\/uploads\/2014\/02\/Logo_groent_kontor_300x80.png","width":300,"height":80,"caption":"Gr\u00f8nt Kontor"},"image":{"@id":"https:\/\/grontkontor.dk\/#\/schema\/logo\/image\/"},"sameAs":["https:\/\/www.facebook.com\/grontkontor.dk\/"]}]}},"_links":{"self":[{"href":"https:\/\/grontkontor.dk\/de\/wp-json\/wp\/v2\/product\/89762"}],"collection":[{"href":"https:\/\/grontkontor.dk\/de\/wp-json\/wp\/v2\/product"}],"about":[{"href":"https:\/\/grontkontor.dk\/de\/wp-json\/wp\/v2\/types\/product"}],"replies":[{"embeddable":true,"href":"https:\/\/grontkontor.dk\/de\/wp-json\/wp\/v2\/comments?post=89762"}],"wp:featuredmedia":[{"embeddable":true,"href":"https:\/\/grontkontor.dk\/de\/wp-json\/wp\/v2\/media\/89764"}],"wp:attachment":[{"href":"https:\/\/grontkontor.dk\/de\/wp-json\/wp\/v2\/media?parent=89762"}],"wp:term":[{"taxonomy":"product_cat","embeddable":true,"href":"https:\/\/grontkontor.dk\/de\/wp-json\/wp\/v2\/product_cat?post=89762"},{"taxonomy":"product_tag","embeddable":true,"href":"https:\/\/grontkontor.dk\/de\/wp-json\/wp\/v2\/product_tag?post=89762"}],"curies":[{"name":"wp","href":"https:\/\/api.w.org\/{rel}","templated":true}]}}