{"id":89827,"date":"2023-09-22T13:13:28","date_gmt":"2024-05-29T09:01:30","guid":{"rendered":"https:\/\/grontkontor.dk\/shop\/retro-emaille-becher-vollfarbdruck\/"},"modified":"2024-05-29T11:01:30","modified_gmt":"2024-05-29T09:01:30","slug":"retro-emaille-becher-vollfarbdruck","status":"publish","type":"product","link":"https:\/\/grontkontor.dk\/de\/shop\/retro-emaille-becher-vollfarbdruck\/","title":{"rendered":"Retro-Emaille-Becher &#8211; mit Vollfarbdruck"},"content":{"rendered":"<p>Gut robuster Emaille-Becher im Retro-Stil mit Henkel, geeignet f\u00fcr den Vollfarbdruck in allen Farben des Regenbogens. Der Becher besteht aus Eisen mit wei\u00dfer Emaillebeschichtung mit optionalem farbigem Rand.<br \/>\nDer Becher ist sp\u00fclmaschinengeeignet, aber nicht f\u00fcr die Mikrowelle. Ein wirklich sch\u00f6nes Handout der alten Schule f\u00fcr Messen und Events.<br \/>\nDer Becher ist  [food-c]<\/p>\n<p><a class=\"light\" href=\"https:\/\/grontkontor.dk\/produkt\/retro-emaljekrus-farvet-kant\/\">Auch in einer g\u00fcnstigeren Version mit verschiedenfarbigen Kanten ohne Siebdruck erh\u00e4ltlich.<\/a><br \/>\nGr\u00f6\u00dfe: 350 ml.<\/p>\n<p>[staal_s]<\/p>\n","protected":false},"excerpt":{"rendered":"<p>Gut robuster Emaille-Becher im Retro-Stil mit Henkel, geeignet f\u00fcr den Vollfarbdruck in allen Farben des Regenbogens. Der Becher besteht aus Eisen mit wei\u00dfer Emaillebeschichtung mit optionalem farbigem Rand. Der Becher ist sp\u00fclmaschinengeeignet, aber nicht f\u00fcr die Mikrowelle. Ein wirklich sch\u00f6nes Handout der alten Schule f\u00fcr Messen und Events. Der Becher ist [food-c] Auch in einer [&hellip;]<\/p>\n","protected":false},"featured_media":111538,"comment_status":"closed","ping_status":"closed","template":"","meta":{"_acf_changed":false},"product_cat":[4489,3465,3517,3339],"product_tag":[3663,3831],"class_list":{"0":"post-89827","1":"product","2":"type-product","3":"status-publish","4":"has-post-thumbnail","6":"product_cat-becher-und-tassen","7":"product_cat-becher-tassen-etc","8":"product_cat-dummy-moq-50-100-de","9":"product_cat-essen-und-trinken","10":"product_tag-becher","11":"product_tag-kaffeetassen","12":"tm-has-options","14":"first","15":"instock","16":"sale","17":"taxable","18":"shipping-taxable","19":"purchasable","20":"product-type-simple"},"acf":[],"yoast_head":"<!-- This site is optimized with the Yoast SEO Premium plugin v21.2 (Yoast SEO v21.2) - https:\/\/yoast.com\/wordpress\/plugins\/seo\/ -->\n<title>Retro-Emaille-Becher - mit Vollfarbdruck - Gr\u00f8nt Kontor<\/title>\n<meta name=\"robots\" content=\"index, follow, max-snippet:-1, max-image-preview:large, max-video-preview:-1\" \/>\n<link rel=\"canonical\" href=\"https:\/\/grontkontor.dk\/de\/shop\/retro-emaille-becher-vollfarbdruck\/\" \/>\n<meta property=\"og:locale\" content=\"de_DE\" \/>\n<meta property=\"og:type\" content=\"article\" \/>\n<meta property=\"og:title\" content=\"Retro-Emaille-Becher - mit Vollfarbdruck\" \/>\n<meta property=\"og:description\" content=\"Gut robuster Emaille-Becher im Retro-Stil mit Henkel, geeignet f\u00fcr den Vollfarbdruck in allen Farben des Regenbogens. Der Becher besteht aus Eisen mit wei\u00dfer Emaillebeschichtung mit optionalem farbigem Rand. Der Becher ist sp\u00fclmaschinengeeignet, aber nicht f\u00fcr die Mikrowelle. Ein wirklich sch\u00f6nes Handout der alten Schule f\u00fcr Messen und Events. Der Becher ist [food-c] Auch in einer [&hellip;]\" \/>\n<meta property=\"og:url\" content=\"https:\/\/grontkontor.dk\/de\/shop\/retro-emaille-becher-vollfarbdruck\/\" \/>\n<meta property=\"og:site_name\" content=\"Gr\u00f8nt Kontor\" \/>\n<meta property=\"article:publisher\" content=\"https:\/\/www.facebook.com\/grontkontor.dk\/\" \/>\n<meta name=\"twitter:card\" content=\"summary_large_image\" \/>\n<script type=\"application\/ld+json\" class=\"yoast-schema-graph\">{\"@context\":\"https:\/\/schema.org\",\"@graph\":[{\"@type\":\"WebPage\",\"@id\":\"https:\/\/grontkontor.dk\/de\/shop\/retro-emaille-becher-vollfarbdruck\/\",\"url\":\"https:\/\/grontkontor.dk\/de\/shop\/retro-emaille-becher-vollfarbdruck\/\",\"name\":\"Retro-Emaille-Becher - mit Vollfarbdruck - Gr\u00f8nt Kontor\",\"isPartOf\":{\"@id\":\"https:\/\/grontkontor.dk\/#website\"},\"datePublished\":\"2024-05-29T09:01:30+00:00\",\"dateModified\":\"2024-05-29T09:01:30+00:00\",\"breadcrumb\":{\"@id\":\"https:\/\/grontkontor.dk\/de\/shop\/retro-emaille-becher-vollfarbdruck\/#breadcrumb\"},\"inLanguage\":\"de\",\"potentialAction\":[{\"@type\":\"ReadAction\",\"target\":[\"https:\/\/grontkontor.dk\/de\/shop\/retro-emaille-becher-vollfarbdruck\/\"]}]},{\"@type\":\"BreadcrumbList\",\"@id\":\"https:\/\/grontkontor.dk\/de\/shop\/retro-emaille-becher-vollfarbdruck\/#breadcrumb\",\"itemListElement\":[{\"@type\":\"ListItem\",\"position\":1,\"name\":\"Forside\",\"item\":\"https:\/\/grontkontor.dk\/de\/\"},{\"@type\":\"ListItem\",\"position\":2,\"name\":\"Laden\",\"item\":\"https:\/\/grontkontor.dk\/de\/laden\/\"},{\"@type\":\"ListItem\",\"position\":3,\"name\":\"Mad og drikke\",\"item\":\"https:\/\/grontkontor.dk\/produkt-kategori\/mad-og-drikke\/\"},{\"@type\":\"ListItem\",\"position\":4,\"name\":\"Krus, kopper mm.\",\"item\":\"https:\/\/grontkontor.dk\/produkt-kategori\/mad-og-drikke\/to-go-krus-og-kopper\/\"},{\"@type\":\"ListItem\",\"position\":5,\"name\":\"Retro-Emaille-Becher &#8211; mit Vollfarbdruck\"}]},{\"@type\":\"WebSite\",\"@id\":\"https:\/\/grontkontor.dk\/#website\",\"url\":\"https:\/\/grontkontor.dk\/\",\"name\":\"Gr\u00f8nt Kontor\",\"description\":\"Milj\u00f8venlige produkter til kontor og erhverv med fokus p\u00e5 b\u00e6redygtighed, design og fair trade.\",\"publisher\":{\"@id\":\"https:\/\/grontkontor.dk\/#organization\"},\"potentialAction\":[{\"@type\":\"SearchAction\",\"target\":{\"@type\":\"EntryPoint\",\"urlTemplate\":\"https:\/\/grontkontor.dk\/?s={search_term_string}\"},\"query-input\":\"required name=search_term_string\"}],\"inLanguage\":\"de\"},{\"@type\":\"Organization\",\"@id\":\"https:\/\/grontkontor.dk\/#organization\",\"name\":\"Gr\u00f8nt Kontor\",\"url\":\"https:\/\/grontkontor.dk\/\",\"logo\":{\"@type\":\"ImageObject\",\"inLanguage\":\"de\",\"@id\":\"https:\/\/grontkontor.dk\/#\/schema\/logo\/image\/\",\"url\":\"https:\/\/grontkontor.dk\/wp-content\/uploads\/2014\/02\/Logo_groent_kontor_300x80.png\",\"contentUrl\":\"https:\/\/grontkontor.dk\/wp-content\/uploads\/2014\/02\/Logo_groent_kontor_300x80.png\",\"width\":300,\"height\":80,\"caption\":\"Gr\u00f8nt Kontor\"},\"image\":{\"@id\":\"https:\/\/grontkontor.dk\/#\/schema\/logo\/image\/\"},\"sameAs\":[\"https:\/\/www.facebook.com\/grontkontor.dk\/\"]}]}<\/script>\n<!-- \/ Yoast SEO Premium plugin. -->","yoast_head_json":{"title":"Retro-Emaille-Becher - mit Vollfarbdruck - Gr\u00f8nt Kontor","robots":{"index":"index","follow":"follow","max-snippet":"max-snippet:-1","max-image-preview":"max-image-preview:large","max-video-preview":"max-video-preview:-1"},"canonical":"https:\/\/grontkontor.dk\/de\/shop\/retro-emaille-becher-vollfarbdruck\/","og_locale":"de_DE","og_type":"article","og_title":"Retro-Emaille-Becher - mit Vollfarbdruck","og_description":"Gut robuster Emaille-Becher im Retro-Stil mit Henkel, geeignet f\u00fcr den Vollfarbdruck in allen Farben des Regenbogens. Der Becher besteht aus Eisen mit wei\u00dfer Emaillebeschichtung mit optionalem farbigem Rand. Der Becher ist sp\u00fclmaschinengeeignet, aber nicht f\u00fcr die Mikrowelle. Ein wirklich sch\u00f6nes Handout der alten Schule f\u00fcr Messen und Events. Der Becher ist [food-c] Auch in einer [&hellip;]","og_url":"https:\/\/grontkontor.dk\/de\/shop\/retro-emaille-becher-vollfarbdruck\/","og_site_name":"Gr\u00f8nt Kontor","article_publisher":"https:\/\/www.facebook.com\/grontkontor.dk\/","twitter_card":"summary_large_image","schema":{"@context":"https:\/\/schema.org","@graph":[{"@type":"WebPage","@id":"https:\/\/grontkontor.dk\/de\/shop\/retro-emaille-becher-vollfarbdruck\/","url":"https:\/\/grontkontor.dk\/de\/shop\/retro-emaille-becher-vollfarbdruck\/","name":"Retro-Emaille-Becher - mit Vollfarbdruck - Gr\u00f8nt Kontor","isPartOf":{"@id":"https:\/\/grontkontor.dk\/#website"},"datePublished":"2024-05-29T09:01:30+00:00","dateModified":"2024-05-29T09:01:30+00:00","breadcrumb":{"@id":"https:\/\/grontkontor.dk\/de\/shop\/retro-emaille-becher-vollfarbdruck\/#breadcrumb"},"inLanguage":"de","potentialAction":[{"@type":"ReadAction","target":["https:\/\/grontkontor.dk\/de\/shop\/retro-emaille-becher-vollfarbdruck\/"]}]},{"@type":"BreadcrumbList","@id":"https:\/\/grontkontor.dk\/de\/shop\/retro-emaille-becher-vollfarbdruck\/#breadcrumb","itemListElement":[{"@type":"ListItem","position":1,"name":"Forside","item":"https:\/\/grontkontor.dk\/de\/"},{"@type":"ListItem","position":2,"name":"Laden","item":"https:\/\/grontkontor.dk\/de\/laden\/"},{"@type":"ListItem","position":3,"name":"Mad og drikke","item":"https:\/\/grontkontor.dk\/produkt-kategori\/mad-og-drikke\/"},{"@type":"ListItem","position":4,"name":"Krus, kopper mm.","item":"https:\/\/grontkontor.dk\/produkt-kategori\/mad-og-drikke\/to-go-krus-og-kopper\/"},{"@type":"ListItem","position":5,"name":"Retro-Emaille-Becher &#8211; mit Vollfarbdruck"}]},{"@type":"WebSite","@id":"https:\/\/grontkontor.dk\/#website","url":"https:\/\/grontkontor.dk\/","name":"Gr\u00f8nt Kontor","description":"Milj\u00f8venlige produkter til kontor og erhverv med fokus p\u00e5 b\u00e6redygtighed, design og fair trade.","publisher":{"@id":"https:\/\/grontkontor.dk\/#organization"},"potentialAction":[{"@type":"SearchAction","target":{"@type":"EntryPoint","urlTemplate":"https:\/\/grontkontor.dk\/?s={search_term_string}"},"query-input":"required name=search_term_string"}],"inLanguage":"de"},{"@type":"Organization","@id":"https:\/\/grontkontor.dk\/#organization","name":"Gr\u00f8nt Kontor","url":"https:\/\/grontkontor.dk\/","logo":{"@type":"ImageObject","inLanguage":"de","@id":"https:\/\/grontkontor.dk\/#\/schema\/logo\/image\/","url":"https:\/\/grontkontor.dk\/wp-content\/uploads\/2014\/02\/Logo_groent_kontor_300x80.png","contentUrl":"https:\/\/grontkontor.dk\/wp-content\/uploads\/2014\/02\/Logo_groent_kontor_300x80.png","width":300,"height":80,"caption":"Gr\u00f8nt Kontor"},"image":{"@id":"https:\/\/grontkontor.dk\/#\/schema\/logo\/image\/"},"sameAs":["https:\/\/www.facebook.com\/grontkontor.dk\/"]}]}},"_links":{"self":[{"href":"https:\/\/grontkontor.dk\/de\/wp-json\/wp\/v2\/product\/89827"}],"collection":[{"href":"https:\/\/grontkontor.dk\/de\/wp-json\/wp\/v2\/product"}],"about":[{"href":"https:\/\/grontkontor.dk\/de\/wp-json\/wp\/v2\/types\/product"}],"replies":[{"embeddable":true,"href":"https:\/\/grontkontor.dk\/de\/wp-json\/wp\/v2\/comments?post=89827"}],"wp:featuredmedia":[{"embeddable":true,"href":"https:\/\/grontkontor.dk\/de\/wp-json\/wp\/v2\/media\/111538"}],"wp:attachment":[{"href":"https:\/\/grontkontor.dk\/de\/wp-json\/wp\/v2\/media?parent=89827"}],"wp:term":[{"taxonomy":"product_cat","embeddable":true,"href":"https:\/\/grontkontor.dk\/de\/wp-json\/wp\/v2\/product_cat?post=89827"},{"taxonomy":"product_tag","embeddable":true,"href":"https:\/\/grontkontor.dk\/de\/wp-json\/wp\/v2\/product_tag?post=89827"}],"curies":[{"name":"wp","href":"https:\/\/api.w.org\/{rel}","templated":true}]}}