{"id":89875,"date":"2023-09-22T13:12:37","date_gmt":"2024-05-29T09:02:32","guid":{"rendered":"https:\/\/grontkontor.dk\/shop\/untersetzer-recycling-daek-oelbrik\/"},"modified":"2024-05-29T11:02:32","modified_gmt":"2024-05-29T09:02:32","slug":"untersetzer-recycling-daek-oelbrik","status":"publish","type":"product","link":"https:\/\/grontkontor.dk\/de\/shop\/untersetzer-recycling-daek-oelbrik\/","title":{"rendered":"Untersetzer aus recycelten Reifen"},"content":{"rendered":"<p>Bierdeckel\/Kekse\/Untersetzer aus recycelten, britischen Autoreifen in 2mm St\u00e4rke in rund oder eckig. Ein rustikales Recyclingprodukt, perfekt als umweltfreundliches Werbegeschenk, Werbegeschenk oder f\u00fcr ein Restaurant oder Caf\u00e9.<\/p>\n<p>Erh\u00e4ltlich mit Druck in bis zu drei Sonderfarben.<\/p>\n<p>Rund: \u00d8100 mm, Druckbereich \u00d890mm<\/p>\n<p>Quadratisch: 100 x 100 mm, Druckbereich 90 x 90 mm<\/p>\n<p>Hergestellt in Europa<\/p>\n<img loading=\"lazy\" decoding=\"async\" class=\"size-medium wp-image-21008\" src=\"https:\/\/grontkontor.dk\/wp-content\/uploads\/2020\/11\/eu-flag_1-300x199.jpg\" alt=\"Fremstillet i EU\" width=\"76\" height=\"50\" srcset=\"https:\/\/grontkontor.dk\/wp-content\/uploads\/2020\/11\/eu-flag_1-300x199.jpg 300w, https:\/\/grontkontor.dk\/wp-content\/uploads\/2020\/11\/eu-flag_1.jpg 530w\" sizes=\"(max-width: 76px) 100vw, 76px\" \/>\n","protected":false},"excerpt":{"rendered":"<p>Bierdeckel\/Kekse\/Untersetzer aus recycelten, britischen Autoreifen in 2mm St\u00e4rke in rund oder eckig. Ein rustikales Recyclingprodukt, perfekt als umweltfreundliches Werbegeschenk, Werbegeschenk oder f\u00fcr ein Restaurant oder Caf\u00e9. Erh\u00e4ltlich mit Druck in bis zu drei Sonderfarben. Rund: \u00d8100 mm, Druckbereich \u00d890mm Quadratisch: 100 x 100 mm, Druckbereich 90 x 90 mm Hergestellt in Europa<\/p>\n","protected":false},"featured_media":89884,"comment_status":"closed","ping_status":"closed","template":"","meta":{"_acf_changed":false},"product_cat":[3321],"product_tag":[3774,3777,3709,4175,3757],"class_list":{"0":"post-89875","1":"product","2":"type-product","3":"status-publish","4":"has-post-thumbnail","6":"product_cat-klimafreundliche-werbegeschenke","7":"product_tag-bier-tablett","8":"product_tag-flasche","9":"product_tag-kalte-getraenke","10":"product_tag-kniff","11":"product_tag-untersetzer","12":"tm-has-options","14":"first","15":"instock","16":"taxable","17":"shipping-taxable","18":"purchasable","19":"product-type-simple"},"acf":[],"yoast_head":"<!-- This site is optimized with the Yoast SEO Premium plugin v21.2 (Yoast SEO v21.2) - https:\/\/yoast.com\/wordpress\/plugins\/seo\/ -->\n<title>Untersetzer aus recycelten Reifen - Gr\u00f8nt Kontor<\/title>\n<meta name=\"robots\" content=\"index, follow, max-snippet:-1, max-image-preview:large, max-video-preview:-1\" \/>\n<link rel=\"canonical\" href=\"https:\/\/grontkontor.dk\/shop\/untersetzer-recycling-daek-oelbrik\/\" \/>\n<meta property=\"og:locale\" content=\"de_DE\" \/>\n<meta property=\"og:type\" content=\"article\" \/>\n<meta property=\"og:title\" content=\"Untersetzer aus recycelten Reifen\" \/>\n<meta property=\"og:description\" content=\"Bierdeckel\/Kekse\/Untersetzer aus recycelten, britischen Autoreifen in 2mm St\u00e4rke in rund oder eckig. Ein rustikales Recyclingprodukt, perfekt als umweltfreundliches Werbegeschenk, Werbegeschenk oder f\u00fcr ein Restaurant oder Caf\u00e9. Erh\u00e4ltlich mit Druck in bis zu drei Sonderfarben. Rund: \u00d8100 mm, Druckbereich \u00d890mm Quadratisch: 100 x 100 mm, Druckbereich 90 x 90 mm Hergestellt in Europa\" \/>\n<meta property=\"og:url\" content=\"https:\/\/grontkontor.dk\/shop\/untersetzer-recycling-daek-oelbrik\/\" \/>\n<meta property=\"og:site_name\" content=\"Gr\u00f8nt Kontor\" \/>\n<meta property=\"article:publisher\" content=\"https:\/\/www.facebook.com\/grontkontor.dk\/\" \/>\n<meta name=\"twitter:card\" content=\"summary_large_image\" \/>\n<script type=\"application\/ld+json\" class=\"yoast-schema-graph\">{\"@context\":\"https:\/\/schema.org\",\"@graph\":[{\"@type\":\"WebPage\",\"@id\":\"https:\/\/grontkontor.dk\/shop\/untersetzer-recycling-daek-oelbrik\/\",\"url\":\"https:\/\/grontkontor.dk\/shop\/untersetzer-recycling-daek-oelbrik\/\",\"name\":\"Untersetzer aus recycelten Reifen - Gr\u00f8nt Kontor\",\"isPartOf\":{\"@id\":\"https:\/\/grontkontor.dk\/#website\"},\"datePublished\":\"2024-05-29T09:02:32+00:00\",\"dateModified\":\"2024-05-29T09:02:32+00:00\",\"breadcrumb\":{\"@id\":\"https:\/\/grontkontor.dk\/shop\/untersetzer-recycling-daek-oelbrik\/#breadcrumb\"},\"inLanguage\":\"de\",\"potentialAction\":[{\"@type\":\"ReadAction\",\"target\":[\"https:\/\/grontkontor.dk\/shop\/untersetzer-recycling-daek-oelbrik\/\"]}]},{\"@type\":\"BreadcrumbList\",\"@id\":\"https:\/\/grontkontor.dk\/shop\/untersetzer-recycling-daek-oelbrik\/#breadcrumb\",\"itemListElement\":[{\"@type\":\"ListItem\",\"position\":1,\"name\":\"Forside\",\"item\":\"https:\/\/grontkontor.dk\/de\/\"},{\"@type\":\"ListItem\",\"position\":2,\"name\":\"Laden\",\"item\":\"https:\/\/grontkontor.dk\/de\/laden\/\"},{\"@type\":\"ListItem\",\"position\":3,\"name\":\"Untersetzer aus recycelten Reifen\"}]},{\"@type\":\"WebSite\",\"@id\":\"https:\/\/grontkontor.dk\/#website\",\"url\":\"https:\/\/grontkontor.dk\/\",\"name\":\"Gr\u00f8nt Kontor\",\"description\":\"Milj\u00f8venlige produkter til kontor og erhverv med fokus p\u00e5 b\u00e6redygtighed, design og fair trade.\",\"publisher\":{\"@id\":\"https:\/\/grontkontor.dk\/#organization\"},\"potentialAction\":[{\"@type\":\"SearchAction\",\"target\":{\"@type\":\"EntryPoint\",\"urlTemplate\":\"https:\/\/grontkontor.dk\/?s={search_term_string}\"},\"query-input\":\"required name=search_term_string\"}],\"inLanguage\":\"de\"},{\"@type\":\"Organization\",\"@id\":\"https:\/\/grontkontor.dk\/#organization\",\"name\":\"Gr\u00f8nt Kontor\",\"url\":\"https:\/\/grontkontor.dk\/\",\"logo\":{\"@type\":\"ImageObject\",\"inLanguage\":\"de\",\"@id\":\"https:\/\/grontkontor.dk\/#\/schema\/logo\/image\/\",\"url\":\"https:\/\/grontkontor.dk\/wp-content\/uploads\/2014\/02\/Logo_groent_kontor_300x80.png\",\"contentUrl\":\"https:\/\/grontkontor.dk\/wp-content\/uploads\/2014\/02\/Logo_groent_kontor_300x80.png\",\"width\":300,\"height\":80,\"caption\":\"Gr\u00f8nt Kontor\"},\"image\":{\"@id\":\"https:\/\/grontkontor.dk\/#\/schema\/logo\/image\/\"},\"sameAs\":[\"https:\/\/www.facebook.com\/grontkontor.dk\/\"]}]}<\/script>\n<!-- \/ Yoast SEO Premium plugin. -->","yoast_head_json":{"title":"Untersetzer aus recycelten Reifen - Gr\u00f8nt Kontor","robots":{"index":"index","follow":"follow","max-snippet":"max-snippet:-1","max-image-preview":"max-image-preview:large","max-video-preview":"max-video-preview:-1"},"canonical":"https:\/\/grontkontor.dk\/shop\/untersetzer-recycling-daek-oelbrik\/","og_locale":"de_DE","og_type":"article","og_title":"Untersetzer aus recycelten Reifen","og_description":"Bierdeckel\/Kekse\/Untersetzer aus recycelten, britischen Autoreifen in 2mm St\u00e4rke in rund oder eckig. Ein rustikales Recyclingprodukt, perfekt als umweltfreundliches Werbegeschenk, Werbegeschenk oder f\u00fcr ein Restaurant oder Caf\u00e9. Erh\u00e4ltlich mit Druck in bis zu drei Sonderfarben. Rund: \u00d8100 mm, Druckbereich \u00d890mm Quadratisch: 100 x 100 mm, Druckbereich 90 x 90 mm Hergestellt in Europa","og_url":"https:\/\/grontkontor.dk\/shop\/untersetzer-recycling-daek-oelbrik\/","og_site_name":"Gr\u00f8nt Kontor","article_publisher":"https:\/\/www.facebook.com\/grontkontor.dk\/","twitter_card":"summary_large_image","schema":{"@context":"https:\/\/schema.org","@graph":[{"@type":"WebPage","@id":"https:\/\/grontkontor.dk\/shop\/untersetzer-recycling-daek-oelbrik\/","url":"https:\/\/grontkontor.dk\/shop\/untersetzer-recycling-daek-oelbrik\/","name":"Untersetzer aus recycelten Reifen - Gr\u00f8nt Kontor","isPartOf":{"@id":"https:\/\/grontkontor.dk\/#website"},"datePublished":"2024-05-29T09:02:32+00:00","dateModified":"2024-05-29T09:02:32+00:00","breadcrumb":{"@id":"https:\/\/grontkontor.dk\/shop\/untersetzer-recycling-daek-oelbrik\/#breadcrumb"},"inLanguage":"de","potentialAction":[{"@type":"ReadAction","target":["https:\/\/grontkontor.dk\/shop\/untersetzer-recycling-daek-oelbrik\/"]}]},{"@type":"BreadcrumbList","@id":"https:\/\/grontkontor.dk\/shop\/untersetzer-recycling-daek-oelbrik\/#breadcrumb","itemListElement":[{"@type":"ListItem","position":1,"name":"Forside","item":"https:\/\/grontkontor.dk\/de\/"},{"@type":"ListItem","position":2,"name":"Laden","item":"https:\/\/grontkontor.dk\/de\/laden\/"},{"@type":"ListItem","position":3,"name":"Untersetzer aus recycelten Reifen"}]},{"@type":"WebSite","@id":"https:\/\/grontkontor.dk\/#website","url":"https:\/\/grontkontor.dk\/","name":"Gr\u00f8nt Kontor","description":"Milj\u00f8venlige produkter til kontor og erhverv med fokus p\u00e5 b\u00e6redygtighed, design og fair trade.","publisher":{"@id":"https:\/\/grontkontor.dk\/#organization"},"potentialAction":[{"@type":"SearchAction","target":{"@type":"EntryPoint","urlTemplate":"https:\/\/grontkontor.dk\/?s={search_term_string}"},"query-input":"required name=search_term_string"}],"inLanguage":"de"},{"@type":"Organization","@id":"https:\/\/grontkontor.dk\/#organization","name":"Gr\u00f8nt Kontor","url":"https:\/\/grontkontor.dk\/","logo":{"@type":"ImageObject","inLanguage":"de","@id":"https:\/\/grontkontor.dk\/#\/schema\/logo\/image\/","url":"https:\/\/grontkontor.dk\/wp-content\/uploads\/2014\/02\/Logo_groent_kontor_300x80.png","contentUrl":"https:\/\/grontkontor.dk\/wp-content\/uploads\/2014\/02\/Logo_groent_kontor_300x80.png","width":300,"height":80,"caption":"Gr\u00f8nt Kontor"},"image":{"@id":"https:\/\/grontkontor.dk\/#\/schema\/logo\/image\/"},"sameAs":["https:\/\/www.facebook.com\/grontkontor.dk\/"]}]}},"_links":{"self":[{"href":"https:\/\/grontkontor.dk\/de\/wp-json\/wp\/v2\/product\/89875"}],"collection":[{"href":"https:\/\/grontkontor.dk\/de\/wp-json\/wp\/v2\/product"}],"about":[{"href":"https:\/\/grontkontor.dk\/de\/wp-json\/wp\/v2\/types\/product"}],"replies":[{"embeddable":true,"href":"https:\/\/grontkontor.dk\/de\/wp-json\/wp\/v2\/comments?post=89875"}],"wp:featuredmedia":[{"embeddable":true,"href":"https:\/\/grontkontor.dk\/de\/wp-json\/wp\/v2\/media\/89884"}],"wp:attachment":[{"href":"https:\/\/grontkontor.dk\/de\/wp-json\/wp\/v2\/media?parent=89875"}],"wp:term":[{"taxonomy":"product_cat","embeddable":true,"href":"https:\/\/grontkontor.dk\/de\/wp-json\/wp\/v2\/product_cat?post=89875"},{"taxonomy":"product_tag","embeddable":true,"href":"https:\/\/grontkontor.dk\/de\/wp-json\/wp\/v2\/product_tag?post=89875"}],"curies":[{"name":"wp","href":"https:\/\/api.w.org\/{rel}","templated":true}]}}