{"id":89880,"date":"2023-09-22T13:13:04","date_gmt":"2024-05-29T09:02:32","guid":{"rendered":"https:\/\/grontkontor.dk\/shop\/regenschutz-biokunststoff-pla\/"},"modified":"2025-11-06T11:19:07","modified_gmt":"2025-11-06T10:19:07","slug":"regenschutz-biokunststoff-pla","status":"publish","type":"product","link":"https:\/\/grontkontor.dk\/de\/shop\/regenschutz-biokunststoff-pla\/","title":{"rendered":"Regenh\u00fclle aus Biokunststoff ohne Aufdruck"},"content":{"rendered":"<p>100% biologisch abbaubarer Biokunststoff (PLA) Regenschutz aus Mais. Ein super sch\u00f6ner und umweltfreundlicher Poncho f\u00fcr Events und Festivals.<\/p>\n<p>Lieferbar mit 4-farbigem Druck auf Tasche oder Regenh\u00fclle &#8211; letzteres jedoch mit 2-3 Monaten Lieferzeit.<\/p>\n<p>HINWEIS: Die Regenh\u00fcllen bestehen aus biologisch abbaubarem Biokunststoff, der eine begrenzte Lebensdauer hat &#8211; gesch\u00e4tzte Funktionsdauer ca. 1 Jahr.<\/p>\n<p>&nbsp;<\/p>\n<img loading=\"lazy\" decoding=\"async\" class=\"size-full wp-image-21443\" src=\"https:\/\/grontkontor.dk\/wp-content\/uploads\/2020\/12\/compostable-2.jpg\" alt=\"100% komposterbar\" width=\"44\" height=\"50\" \/>\n","protected":false},"excerpt":{"rendered":"<p>100% biologisch abbaubarer Biokunststoff (PLA) Regenschutz aus Mais. Ein super sch\u00f6ner und umweltfreundlicher Poncho f\u00fcr Events und Festivals. Lieferbar mit 4-farbigem Druck auf Tasche oder Regenh\u00fclle &#8211; letzteres jedoch mit 2-3 Monaten Lieferzeit. HINWEIS: Die Regenh\u00fcllen bestehen aus biologisch abbaubarem Biokunststoff, der eine begrenzte Lebensdauer hat &#8211; gesch\u00e4tzte Funktionsdauer ca. 1 Jahr. &nbsp;<\/p>\n","protected":false},"featured_media":111504,"comment_status":"closed","ping_status":"closed","template":"","meta":{"_acf_changed":false},"product_cat":[3325,3458,3321,3418,3327],"product_tag":[3964,4181],"class_list":{"0":"post-89880","1":"product","2":"type-product","3":"status-publish","4":"has-post-thumbnail","6":"product_cat-dummy-moq-1-de","7":"product_cat-kleidung","8":"product_cat-klimafreundliche-werbegeschenke","9":"product_cat-messe-und-event","10":"product_cat-sport-und-freizeit","11":"product_tag-kleidung","12":"product_tag-regenhuelle","13":"pa_farve-blau","14":"pa_farve-kriegsmarine","15":"pa_farve-rot","16":"pa_farve-schwarz","17":"tm-has-options","19":"first","20":"instock","21":"taxable","22":"shipping-taxable","23":"purchasable","24":"product-type-simple"},"acf":[],"yoast_head":"<!-- This site is optimized with the Yoast SEO Premium plugin v21.2 (Yoast SEO v21.2) - https:\/\/yoast.com\/wordpress\/plugins\/seo\/ -->\n<title>Regenh\u00fclle aus Biokunststoff ohne Aufdruck - Gr\u00f8nt Kontor<\/title>\n<meta name=\"robots\" content=\"index, follow, max-snippet:-1, max-image-preview:large, max-video-preview:-1\" \/>\n<link rel=\"canonical\" href=\"https:\/\/grontkontor.dk\/de\/shop\/regenschutz-biokunststoff-pla\/\" \/>\n<meta property=\"og:locale\" content=\"de_DE\" \/>\n<meta property=\"og:type\" content=\"article\" \/>\n<meta property=\"og:title\" content=\"Regenh\u00fclle aus Biokunststoff ohne Aufdruck\" \/>\n<meta property=\"og:description\" content=\"100% biologisch abbaubarer Biokunststoff (PLA) Regenschutz aus Mais. Ein super sch\u00f6ner und umweltfreundlicher Poncho f\u00fcr Events und Festivals. Lieferbar mit 4-farbigem Druck auf Tasche oder Regenh\u00fclle &#8211; letzteres jedoch mit 2-3 Monaten Lieferzeit. HINWEIS: Die Regenh\u00fcllen bestehen aus biologisch abbaubarem Biokunststoff, der eine begrenzte Lebensdauer hat &#8211; gesch\u00e4tzte Funktionsdauer ca. 1 Jahr. &nbsp;\" \/>\n<meta property=\"og:url\" content=\"https:\/\/grontkontor.dk\/de\/shop\/regenschutz-biokunststoff-pla\/\" \/>\n<meta property=\"og:site_name\" content=\"Gr\u00f8nt Kontor\" \/>\n<meta property=\"article:publisher\" content=\"https:\/\/www.facebook.com\/grontkontor.dk\/\" \/>\n<meta property=\"article:modified_time\" content=\"2025-11-06T10:19:07+00:00\" \/>\n<meta property=\"og:image\" content=\"https:\/\/grontkontor.dk\/wp-content\/uploads\/2020\/08\/regnslag-bioplast-logotryk-536-01.jpg\" \/>\n\t<meta property=\"og:image:width\" content=\"900\" \/>\n\t<meta property=\"og:image:height\" content=\"639\" \/>\n\t<meta property=\"og:image:type\" content=\"image\/jpeg\" \/>\n<meta name=\"twitter:card\" content=\"summary_large_image\" \/>\n<script type=\"application\/ld+json\" class=\"yoast-schema-graph\">{\"@context\":\"https:\/\/schema.org\",\"@graph\":[{\"@type\":\"WebPage\",\"@id\":\"https:\/\/grontkontor.dk\/de\/shop\/regenschutz-biokunststoff-pla\/\",\"url\":\"https:\/\/grontkontor.dk\/de\/shop\/regenschutz-biokunststoff-pla\/\",\"name\":\"Regenh\u00fclle aus Biokunststoff ohne Aufdruck - Gr\u00f8nt Kontor\",\"isPartOf\":{\"@id\":\"https:\/\/grontkontor.dk\/#website\"},\"datePublished\":\"2024-05-29T09:02:32+00:00\",\"dateModified\":\"2025-11-06T10:19:07+00:00\",\"breadcrumb\":{\"@id\":\"https:\/\/grontkontor.dk\/de\/shop\/regenschutz-biokunststoff-pla\/#breadcrumb\"},\"inLanguage\":\"de\",\"potentialAction\":[{\"@type\":\"ReadAction\",\"target\":[\"https:\/\/grontkontor.dk\/de\/shop\/regenschutz-biokunststoff-pla\/\"]}]},{\"@type\":\"BreadcrumbList\",\"@id\":\"https:\/\/grontkontor.dk\/de\/shop\/regenschutz-biokunststoff-pla\/#breadcrumb\",\"itemListElement\":[{\"@type\":\"ListItem\",\"position\":1,\"name\":\"Forside\",\"item\":\"https:\/\/grontkontor.dk\/de\/\"},{\"@type\":\"ListItem\",\"position\":2,\"name\":\"Laden\",\"item\":\"https:\/\/grontkontor.dk\/de\/laden\/\"},{\"@type\":\"ListItem\",\"position\":3,\"name\":\"Bekl\u00e6dning\",\"item\":\"https:\/\/grontkontor.dk\/produkt-kategori\/beklaedning\/\"},{\"@type\":\"ListItem\",\"position\":4,\"name\":\"Regenh\u00fclle aus Biokunststoff ohne Aufdruck\"}]},{\"@type\":\"WebSite\",\"@id\":\"https:\/\/grontkontor.dk\/#website\",\"url\":\"https:\/\/grontkontor.dk\/\",\"name\":\"Gr\u00f8nt Kontor\",\"description\":\"Milj\u00f8venlige produkter til kontor og erhverv med fokus p\u00e5 b\u00e6redygtighed, design og fair trade.\",\"publisher\":{\"@id\":\"https:\/\/grontkontor.dk\/#organization\"},\"potentialAction\":[{\"@type\":\"SearchAction\",\"target\":{\"@type\":\"EntryPoint\",\"urlTemplate\":\"https:\/\/grontkontor.dk\/?s={search_term_string}\"},\"query-input\":\"required name=search_term_string\"}],\"inLanguage\":\"de\"},{\"@type\":\"Organization\",\"@id\":\"https:\/\/grontkontor.dk\/#organization\",\"name\":\"Gr\u00f8nt Kontor\",\"url\":\"https:\/\/grontkontor.dk\/\",\"logo\":{\"@type\":\"ImageObject\",\"inLanguage\":\"de\",\"@id\":\"https:\/\/grontkontor.dk\/#\/schema\/logo\/image\/\",\"url\":\"https:\/\/grontkontor.dk\/wp-content\/uploads\/2014\/02\/Logo_groent_kontor_300x80.png\",\"contentUrl\":\"https:\/\/grontkontor.dk\/wp-content\/uploads\/2014\/02\/Logo_groent_kontor_300x80.png\",\"width\":300,\"height\":80,\"caption\":\"Gr\u00f8nt Kontor\"},\"image\":{\"@id\":\"https:\/\/grontkontor.dk\/#\/schema\/logo\/image\/\"},\"sameAs\":[\"https:\/\/www.facebook.com\/grontkontor.dk\/\"]}]}<\/script>\n<!-- \/ Yoast SEO Premium plugin. -->","yoast_head_json":{"title":"Regenh\u00fclle aus Biokunststoff ohne Aufdruck - Gr\u00f8nt Kontor","robots":{"index":"index","follow":"follow","max-snippet":"max-snippet:-1","max-image-preview":"max-image-preview:large","max-video-preview":"max-video-preview:-1"},"canonical":"https:\/\/grontkontor.dk\/de\/shop\/regenschutz-biokunststoff-pla\/","og_locale":"de_DE","og_type":"article","og_title":"Regenh\u00fclle aus Biokunststoff ohne Aufdruck","og_description":"100% biologisch abbaubarer Biokunststoff (PLA) Regenschutz aus Mais. Ein super sch\u00f6ner und umweltfreundlicher Poncho f\u00fcr Events und Festivals. Lieferbar mit 4-farbigem Druck auf Tasche oder Regenh\u00fclle &#8211; letzteres jedoch mit 2-3 Monaten Lieferzeit. HINWEIS: Die Regenh\u00fcllen bestehen aus biologisch abbaubarem Biokunststoff, der eine begrenzte Lebensdauer hat &#8211; gesch\u00e4tzte Funktionsdauer ca. 1 Jahr. &nbsp;","og_url":"https:\/\/grontkontor.dk\/de\/shop\/regenschutz-biokunststoff-pla\/","og_site_name":"Gr\u00f8nt Kontor","article_publisher":"https:\/\/www.facebook.com\/grontkontor.dk\/","article_modified_time":"2025-11-06T10:19:07+00:00","og_image":[{"width":900,"height":639,"url":"https:\/\/grontkontor.dk\/wp-content\/uploads\/2020\/08\/regnslag-bioplast-logotryk-536-01.jpg","type":"image\/jpeg"}],"twitter_card":"summary_large_image","schema":{"@context":"https:\/\/schema.org","@graph":[{"@type":"WebPage","@id":"https:\/\/grontkontor.dk\/de\/shop\/regenschutz-biokunststoff-pla\/","url":"https:\/\/grontkontor.dk\/de\/shop\/regenschutz-biokunststoff-pla\/","name":"Regenh\u00fclle aus Biokunststoff ohne Aufdruck - Gr\u00f8nt Kontor","isPartOf":{"@id":"https:\/\/grontkontor.dk\/#website"},"datePublished":"2024-05-29T09:02:32+00:00","dateModified":"2025-11-06T10:19:07+00:00","breadcrumb":{"@id":"https:\/\/grontkontor.dk\/de\/shop\/regenschutz-biokunststoff-pla\/#breadcrumb"},"inLanguage":"de","potentialAction":[{"@type":"ReadAction","target":["https:\/\/grontkontor.dk\/de\/shop\/regenschutz-biokunststoff-pla\/"]}]},{"@type":"BreadcrumbList","@id":"https:\/\/grontkontor.dk\/de\/shop\/regenschutz-biokunststoff-pla\/#breadcrumb","itemListElement":[{"@type":"ListItem","position":1,"name":"Forside","item":"https:\/\/grontkontor.dk\/de\/"},{"@type":"ListItem","position":2,"name":"Laden","item":"https:\/\/grontkontor.dk\/de\/laden\/"},{"@type":"ListItem","position":3,"name":"Bekl\u00e6dning","item":"https:\/\/grontkontor.dk\/produkt-kategori\/beklaedning\/"},{"@type":"ListItem","position":4,"name":"Regenh\u00fclle aus Biokunststoff ohne Aufdruck"}]},{"@type":"WebSite","@id":"https:\/\/grontkontor.dk\/#website","url":"https:\/\/grontkontor.dk\/","name":"Gr\u00f8nt Kontor","description":"Milj\u00f8venlige produkter til kontor og erhverv med fokus p\u00e5 b\u00e6redygtighed, design og fair trade.","publisher":{"@id":"https:\/\/grontkontor.dk\/#organization"},"potentialAction":[{"@type":"SearchAction","target":{"@type":"EntryPoint","urlTemplate":"https:\/\/grontkontor.dk\/?s={search_term_string}"},"query-input":"required name=search_term_string"}],"inLanguage":"de"},{"@type":"Organization","@id":"https:\/\/grontkontor.dk\/#organization","name":"Gr\u00f8nt Kontor","url":"https:\/\/grontkontor.dk\/","logo":{"@type":"ImageObject","inLanguage":"de","@id":"https:\/\/grontkontor.dk\/#\/schema\/logo\/image\/","url":"https:\/\/grontkontor.dk\/wp-content\/uploads\/2014\/02\/Logo_groent_kontor_300x80.png","contentUrl":"https:\/\/grontkontor.dk\/wp-content\/uploads\/2014\/02\/Logo_groent_kontor_300x80.png","width":300,"height":80,"caption":"Gr\u00f8nt Kontor"},"image":{"@id":"https:\/\/grontkontor.dk\/#\/schema\/logo\/image\/"},"sameAs":["https:\/\/www.facebook.com\/grontkontor.dk\/"]}]}},"_links":{"self":[{"href":"https:\/\/grontkontor.dk\/de\/wp-json\/wp\/v2\/product\/89880"}],"collection":[{"href":"https:\/\/grontkontor.dk\/de\/wp-json\/wp\/v2\/product"}],"about":[{"href":"https:\/\/grontkontor.dk\/de\/wp-json\/wp\/v2\/types\/product"}],"replies":[{"embeddable":true,"href":"https:\/\/grontkontor.dk\/de\/wp-json\/wp\/v2\/comments?post=89880"}],"wp:featuredmedia":[{"embeddable":true,"href":"https:\/\/grontkontor.dk\/de\/wp-json\/wp\/v2\/media\/111504"}],"wp:attachment":[{"href":"https:\/\/grontkontor.dk\/de\/wp-json\/wp\/v2\/media?parent=89880"}],"wp:term":[{"taxonomy":"product_cat","embeddable":true,"href":"https:\/\/grontkontor.dk\/de\/wp-json\/wp\/v2\/product_cat?post=89880"},{"taxonomy":"product_tag","embeddable":true,"href":"https:\/\/grontkontor.dk\/de\/wp-json\/wp\/v2\/product_tag?post=89880"}],"curies":[{"name":"wp","href":"https:\/\/api.w.org\/{rel}","templated":true}]}}