{"id":89889,"date":"2023-09-22T13:12:13","date_gmt":"2024-05-29T09:02:34","guid":{"rendered":"https:\/\/grontkontor.dk\/shop\/grosser-rustikaler-becher-lebensmittelporzellan\/"},"modified":"2024-05-29T11:02:34","modified_gmt":"2024-05-29T09:02:34","slug":"grosser-rustikaler-becher-lebensmittelporzellan","status":"publish","type":"product","link":"https:\/\/grontkontor.dk\/de\/shop\/grosser-rustikaler-becher-lebensmittelporzellan\/","title":{"rendered":"Gro\u00dfer rustikaler Becher aus matter Keramik"},"content":{"rendered":"<p>Sch\u00f6ner exklusiver Becher aus klimafreundlicher Keramik mit optionaler, matter Farbe auf der Au\u00dfenseite und wei\u00dfer, matter Glasur auf der Innenseite. Gut f\u00fcr das B\u00fcro, Firmengeschenk oder f\u00fcr ein Restaurant oder Caf\u00e9.<\/p>\n<p>Der Becher ist  [food-c]<br \/>\nVolumen: 440 ml<br \/>\nErh\u00e4ltlich mit Tampondruck in bis zu 4 Sonderfarben<br \/>\nDruckbereich: 38 x 50 mm auf beiden Seiten.<\/p>\n<p>Einzeln verpackt in einem wei\u00dfen Karton.<\/p>\n<p>[keramik]<\/p>\n<p>&nbsp;<\/p>\n","protected":false},"excerpt":{"rendered":"<p>Sch\u00f6ner exklusiver Becher aus klimafreundlicher Keramik mit optionaler, matter Farbe auf der Au\u00dfenseite und wei\u00dfer, matter Glasur auf der Innenseite. Gut f\u00fcr das B\u00fcro, Firmengeschenk oder f\u00fcr ein Restaurant oder Caf\u00e9. Der Becher ist [food-c] Volumen: 440 ml Erh\u00e4ltlich mit Tampondruck in bis zu 4 Sonderfarben Druckbereich: 38 x 50 mm auf beiden Seiten. Einzeln [&hellip;]<\/p>\n","protected":false},"featured_media":111454,"comment_status":"closed","ping_status":"closed","template":"","meta":{"_acf_changed":false},"product_cat":[4489,3465,3517,3339],"product_tag":[3663,3831],"class_list":{"0":"post-89889","1":"product","2":"type-product","3":"status-publish","4":"has-post-thumbnail","6":"product_cat-becher-und-tassen","7":"product_cat-becher-tassen-etc","8":"product_cat-dummy-moq-50-100-de","9":"product_cat-essen-und-trinken","10":"product_tag-becher","11":"product_tag-kaffeetassen","12":"pa_farve-blau","13":"pa_farve-gelb-de","14":"pa_farve-gruen","15":"pa_farve-rot","16":"pa_farve-schwarz","17":"pa_farve-weiss","18":"tm-has-options","20":"first","21":"onbackorder","22":"taxable","23":"shipping-taxable","24":"purchasable","25":"product-type-variable","26":"has-default-attributes"},"acf":[],"yoast_head":"<!-- This site is optimized with the Yoast SEO Premium plugin v21.2 (Yoast SEO v21.2) - https:\/\/yoast.com\/wordpress\/plugins\/seo\/ -->\n<title>Gro\u00dfer rustikaler Becher aus matter Keramik - Gr\u00f8nt Kontor<\/title>\n<meta name=\"robots\" content=\"index, follow, max-snippet:-1, max-image-preview:large, max-video-preview:-1\" \/>\n<link rel=\"canonical\" href=\"https:\/\/grontkontor.dk\/de\/shop\/grosser-rustikaler-becher-lebensmittelporzellan\/\" \/>\n<meta property=\"og:locale\" content=\"de_DE\" \/>\n<meta property=\"og:type\" content=\"article\" \/>\n<meta property=\"og:title\" content=\"Gro\u00dfer rustikaler Becher aus matter Keramik\" \/>\n<meta property=\"og:description\" content=\"Sch\u00f6ner exklusiver Becher aus klimafreundlicher Keramik mit optionaler, matter Farbe auf der Au\u00dfenseite und wei\u00dfer, matter Glasur auf der Innenseite. Gut f\u00fcr das B\u00fcro, Firmengeschenk oder f\u00fcr ein Restaurant oder Caf\u00e9. Der Becher ist [food-c] Volumen: 440 ml Erh\u00e4ltlich mit Tampondruck in bis zu 4 Sonderfarben Druckbereich: 38 x 50 mm auf beiden Seiten. Einzeln [&hellip;]\" \/>\n<meta property=\"og:url\" content=\"https:\/\/grontkontor.dk\/de\/shop\/grosser-rustikaler-becher-lebensmittelporzellan\/\" \/>\n<meta property=\"og:site_name\" content=\"Gr\u00f8nt Kontor\" \/>\n<meta property=\"article:publisher\" content=\"https:\/\/www.facebook.com\/grontkontor.dk\/\" \/>\n<meta property=\"og:image\" content=\"https:\/\/grontkontor.dk\/wp-content\/uploads\/2020\/06\/krus_med_logo_sort.jpg\" \/>\n\t<meta property=\"og:image:width\" content=\"900\" \/>\n\t<meta property=\"og:image:height\" content=\"639\" \/>\n\t<meta property=\"og:image:type\" content=\"image\/jpeg\" \/>\n<meta name=\"twitter:card\" content=\"summary_large_image\" \/>\n<script type=\"application\/ld+json\" class=\"yoast-schema-graph\">{\"@context\":\"https:\/\/schema.org\",\"@graph\":[{\"@type\":\"WebPage\",\"@id\":\"https:\/\/grontkontor.dk\/de\/shop\/grosser-rustikaler-becher-lebensmittelporzellan\/\",\"url\":\"https:\/\/grontkontor.dk\/de\/shop\/grosser-rustikaler-becher-lebensmittelporzellan\/\",\"name\":\"Gro\u00dfer rustikaler Becher aus matter Keramik - Gr\u00f8nt Kontor\",\"isPartOf\":{\"@id\":\"https:\/\/grontkontor.dk\/#website\"},\"datePublished\":\"2024-05-29T09:02:34+00:00\",\"dateModified\":\"2024-05-29T09:02:34+00:00\",\"breadcrumb\":{\"@id\":\"https:\/\/grontkontor.dk\/de\/shop\/grosser-rustikaler-becher-lebensmittelporzellan\/#breadcrumb\"},\"inLanguage\":\"de\",\"potentialAction\":[{\"@type\":\"ReadAction\",\"target\":[\"https:\/\/grontkontor.dk\/de\/shop\/grosser-rustikaler-becher-lebensmittelporzellan\/\"]}]},{\"@type\":\"BreadcrumbList\",\"@id\":\"https:\/\/grontkontor.dk\/de\/shop\/grosser-rustikaler-becher-lebensmittelporzellan\/#breadcrumb\",\"itemListElement\":[{\"@type\":\"ListItem\",\"position\":1,\"name\":\"Forside\",\"item\":\"https:\/\/grontkontor.dk\/de\/\"},{\"@type\":\"ListItem\",\"position\":2,\"name\":\"Laden\",\"item\":\"https:\/\/grontkontor.dk\/de\/laden\/\"},{\"@type\":\"ListItem\",\"position\":3,\"name\":\"Essen und Trinken\",\"item\":\"https:\/\/grontkontor.dk\/de\/produkt-kategori\/essen-und-trinken\/\"},{\"@type\":\"ListItem\",\"position\":4,\"name\":\"Becher, Tassen etc.\",\"item\":\"https:\/\/grontkontor.dk\/de\/produkt-kategori\/essen-und-trinken\/becher-tassen-etc\/\"},{\"@type\":\"ListItem\",\"position\":5,\"name\":\"Gro\u00dfer rustikaler Becher aus matter Keramik\"}]},{\"@type\":\"WebSite\",\"@id\":\"https:\/\/grontkontor.dk\/#website\",\"url\":\"https:\/\/grontkontor.dk\/\",\"name\":\"Gr\u00f8nt Kontor\",\"description\":\"Milj\u00f8venlige produkter til kontor og erhverv med fokus p\u00e5 b\u00e6redygtighed, design og fair trade.\",\"publisher\":{\"@id\":\"https:\/\/grontkontor.dk\/#organization\"},\"potentialAction\":[{\"@type\":\"SearchAction\",\"target\":{\"@type\":\"EntryPoint\",\"urlTemplate\":\"https:\/\/grontkontor.dk\/?s={search_term_string}\"},\"query-input\":\"required name=search_term_string\"}],\"inLanguage\":\"de\"},{\"@type\":\"Organization\",\"@id\":\"https:\/\/grontkontor.dk\/#organization\",\"name\":\"Gr\u00f8nt Kontor\",\"url\":\"https:\/\/grontkontor.dk\/\",\"logo\":{\"@type\":\"ImageObject\",\"inLanguage\":\"de\",\"@id\":\"https:\/\/grontkontor.dk\/#\/schema\/logo\/image\/\",\"url\":\"https:\/\/grontkontor.dk\/wp-content\/uploads\/2014\/02\/Logo_groent_kontor_300x80.png\",\"contentUrl\":\"https:\/\/grontkontor.dk\/wp-content\/uploads\/2014\/02\/Logo_groent_kontor_300x80.png\",\"width\":300,\"height\":80,\"caption\":\"Gr\u00f8nt Kontor\"},\"image\":{\"@id\":\"https:\/\/grontkontor.dk\/#\/schema\/logo\/image\/\"},\"sameAs\":[\"https:\/\/www.facebook.com\/grontkontor.dk\/\"]}]}<\/script>\n<!-- \/ Yoast SEO Premium plugin. -->","yoast_head_json":{"title":"Gro\u00dfer rustikaler Becher aus matter Keramik - Gr\u00f8nt Kontor","robots":{"index":"index","follow":"follow","max-snippet":"max-snippet:-1","max-image-preview":"max-image-preview:large","max-video-preview":"max-video-preview:-1"},"canonical":"https:\/\/grontkontor.dk\/de\/shop\/grosser-rustikaler-becher-lebensmittelporzellan\/","og_locale":"de_DE","og_type":"article","og_title":"Gro\u00dfer rustikaler Becher aus matter Keramik","og_description":"Sch\u00f6ner exklusiver Becher aus klimafreundlicher Keramik mit optionaler, matter Farbe auf der Au\u00dfenseite und wei\u00dfer, matter Glasur auf der Innenseite. Gut f\u00fcr das B\u00fcro, Firmengeschenk oder f\u00fcr ein Restaurant oder Caf\u00e9. Der Becher ist [food-c] Volumen: 440 ml Erh\u00e4ltlich mit Tampondruck in bis zu 4 Sonderfarben Druckbereich: 38 x 50 mm auf beiden Seiten. Einzeln [&hellip;]","og_url":"https:\/\/grontkontor.dk\/de\/shop\/grosser-rustikaler-becher-lebensmittelporzellan\/","og_site_name":"Gr\u00f8nt Kontor","article_publisher":"https:\/\/www.facebook.com\/grontkontor.dk\/","og_image":[{"width":900,"height":639,"url":"https:\/\/grontkontor.dk\/wp-content\/uploads\/2020\/06\/krus_med_logo_sort.jpg","type":"image\/jpeg"}],"twitter_card":"summary_large_image","schema":{"@context":"https:\/\/schema.org","@graph":[{"@type":"WebPage","@id":"https:\/\/grontkontor.dk\/de\/shop\/grosser-rustikaler-becher-lebensmittelporzellan\/","url":"https:\/\/grontkontor.dk\/de\/shop\/grosser-rustikaler-becher-lebensmittelporzellan\/","name":"Gro\u00dfer rustikaler Becher aus matter Keramik - Gr\u00f8nt Kontor","isPartOf":{"@id":"https:\/\/grontkontor.dk\/#website"},"datePublished":"2024-05-29T09:02:34+00:00","dateModified":"2024-05-29T09:02:34+00:00","breadcrumb":{"@id":"https:\/\/grontkontor.dk\/de\/shop\/grosser-rustikaler-becher-lebensmittelporzellan\/#breadcrumb"},"inLanguage":"de","potentialAction":[{"@type":"ReadAction","target":["https:\/\/grontkontor.dk\/de\/shop\/grosser-rustikaler-becher-lebensmittelporzellan\/"]}]},{"@type":"BreadcrumbList","@id":"https:\/\/grontkontor.dk\/de\/shop\/grosser-rustikaler-becher-lebensmittelporzellan\/#breadcrumb","itemListElement":[{"@type":"ListItem","position":1,"name":"Forside","item":"https:\/\/grontkontor.dk\/de\/"},{"@type":"ListItem","position":2,"name":"Laden","item":"https:\/\/grontkontor.dk\/de\/laden\/"},{"@type":"ListItem","position":3,"name":"Essen und Trinken","item":"https:\/\/grontkontor.dk\/de\/produkt-kategori\/essen-und-trinken\/"},{"@type":"ListItem","position":4,"name":"Becher, Tassen etc.","item":"https:\/\/grontkontor.dk\/de\/produkt-kategori\/essen-und-trinken\/becher-tassen-etc\/"},{"@type":"ListItem","position":5,"name":"Gro\u00dfer rustikaler Becher aus matter Keramik"}]},{"@type":"WebSite","@id":"https:\/\/grontkontor.dk\/#website","url":"https:\/\/grontkontor.dk\/","name":"Gr\u00f8nt Kontor","description":"Milj\u00f8venlige produkter til kontor og erhverv med fokus p\u00e5 b\u00e6redygtighed, design og fair trade.","publisher":{"@id":"https:\/\/grontkontor.dk\/#organization"},"potentialAction":[{"@type":"SearchAction","target":{"@type":"EntryPoint","urlTemplate":"https:\/\/grontkontor.dk\/?s={search_term_string}"},"query-input":"required name=search_term_string"}],"inLanguage":"de"},{"@type":"Organization","@id":"https:\/\/grontkontor.dk\/#organization","name":"Gr\u00f8nt Kontor","url":"https:\/\/grontkontor.dk\/","logo":{"@type":"ImageObject","inLanguage":"de","@id":"https:\/\/grontkontor.dk\/#\/schema\/logo\/image\/","url":"https:\/\/grontkontor.dk\/wp-content\/uploads\/2014\/02\/Logo_groent_kontor_300x80.png","contentUrl":"https:\/\/grontkontor.dk\/wp-content\/uploads\/2014\/02\/Logo_groent_kontor_300x80.png","width":300,"height":80,"caption":"Gr\u00f8nt Kontor"},"image":{"@id":"https:\/\/grontkontor.dk\/#\/schema\/logo\/image\/"},"sameAs":["https:\/\/www.facebook.com\/grontkontor.dk\/"]}]}},"_links":{"self":[{"href":"https:\/\/grontkontor.dk\/de\/wp-json\/wp\/v2\/product\/89889"}],"collection":[{"href":"https:\/\/grontkontor.dk\/de\/wp-json\/wp\/v2\/product"}],"about":[{"href":"https:\/\/grontkontor.dk\/de\/wp-json\/wp\/v2\/types\/product"}],"replies":[{"embeddable":true,"href":"https:\/\/grontkontor.dk\/de\/wp-json\/wp\/v2\/comments?post=89889"}],"wp:featuredmedia":[{"embeddable":true,"href":"https:\/\/grontkontor.dk\/de\/wp-json\/wp\/v2\/media\/111454"}],"wp:attachment":[{"href":"https:\/\/grontkontor.dk\/de\/wp-json\/wp\/v2\/media?parent=89889"}],"wp:term":[{"taxonomy":"product_cat","embeddable":true,"href":"https:\/\/grontkontor.dk\/de\/wp-json\/wp\/v2\/product_cat?post=89889"},{"taxonomy":"product_tag","embeddable":true,"href":"https:\/\/grontkontor.dk\/de\/wp-json\/wp\/v2\/product_tag?post=89889"}],"curies":[{"name":"wp","href":"https:\/\/api.w.org\/{rel}","templated":true}]}}