{"id":89893,"date":"2023-09-22T13:11:48","date_gmt":"2024-05-29T09:02:35","guid":{"rendered":"https:\/\/grontkontor.dk\/shop\/pasta-optionales-design-logo\/"},"modified":"2024-05-29T11:02:35","modified_gmt":"2024-05-29T09:02:35","slug":"pasta-optionales-design-logo","status":"publish","type":"product","link":"https:\/\/grontkontor.dk\/de\/shop\/pasta-optionales-design-logo\/","title":{"rendered":"Pasta in Form und Logo Ihrer Wahl"},"content":{"rendered":"<p>Eine wunderbare und flippige Pr\u00e4sentationsm\u00f6glichkeit f\u00fcr Ihre Organisation oder Ihr Unternehmen. W\u00e4hlen Sie aus einer Vielzahl von Designs, die zum Profil Ihres Unternehmens passen. Die Nudelnudeln sind von hoher Qualit\u00e4t und bestehen ausschlie\u00dflich aus bestem Hartweizen. Zur Auswahl stehen die Varianten Vollkorn, Dinkel, glutenfrei und Low-Carb. Sie sind in einer Reihe k\u00f6stlicher Geschmacksrichtungen erh\u00e4ltlich, die nicht nur gut schmecken, sondern auch die Nudeln f\u00e4rben: B\u00e4rlauch, Chili, Oliven, Basilikum, Kr\u00e4uter, Tomate, Paprika und Spinat. Gro\u00df- und Kleinbuchstaben von A-Z und die Zahlen 0-9 sind pro Tasche frei kombinierbar und Sie k\u00f6nnen aus einer Vielzahl von Standardformen w\u00e4hlen (siehe unten). Als besonders exklusives Angebot bieten wir auch an, die Paste in Ihr Firmenlogo oder Ihre Botschaft zu stanzen &#8211; kontaktieren Sie uns f\u00fcr ein Angebot. Die Nudelnudeln k\u00f6nnen in Beutelgr\u00f6\u00dfen von 125 g, 250 g und 500 g mit eigenem Etikett oder in einem Sparbeutel von 5 kg verpackt werden. Selbstverst\u00e4ndlich k\u00fcmmern wir uns um die gesetzlichen Vorgaben bez\u00fcglich Zutatenliste, Allergene und Verfallsdatum.  <strong>STANDARD-DESIGNS:<\/strong> <strong>Jubil\u00e4umsnummern:<\/strong> 18, 20, 30, 40, 50, 60, 70, 80, 150.  <strong>Fahrzeuge:<\/strong> Auto, Fahrrad, Bus, Segelschiff, Flugzeug, Motorrad, Feuerwehrauto, LKW, Tankwagen, Gabelstapler, Formel 1, Lokomotive, Schnellzug, Oldtimer, Wohnmobil, Betonmischwagen, Containerschiff, Traktor, Krankenwagen, Schlitten, Polizeiauto, Volkswagenblase.  <strong>Tier:<\/strong> B\u00e4r, Biene, Einhorn, Elefant, Eule, Fabeltier, Fisch, Flamingo, Fledermaus, Gans, Hahn, Hahnkamm, Hund, Katze, Lama, Pferd, Riesenmuschel, Schaf, Schildkr\u00f6te, Schmetterling, Schwein\/Schwein, Steinbock, Stier, Widder, Mammut, Rentier, Kaninchen.  <strong>Tierkreis:<\/strong> Widder, Stier, Zwillinge, Krebs, L\u00f6we, Jungfrau, Waage, Skorpion, Sch\u00fctze, Steinbock, Wassermann, Fische.  <strong>Natur und Garten:<\/strong> Ahornblatt, Laubbaum, Nadelbaum, Blume, Chilischote, Ginkgoblatt, Lilie (K\u00f6nigslilie), Trauben, Wolke, Komet, Schaufel, Gie\u00dfkanne.  <strong>Sport:<\/strong> Bogensch\u00fctze, Fu\u00dfball, Fu\u00dfballer, Fu\u00dfballschuhe, Troph\u00e4e, Golfer, Tennisschl\u00e4ger, Pistole, Wanderer (Wanderer\/Backpacker), L\u00e4ufer (Sprint\/Marathon), Fahrrad (mit oder ohne Speichen) <strong>Weihnachten:<\/strong> Weihnachtsherz, Engel, Geschenk, Glocke, Stern, Weihnachtsbaum, Schneemann, Brezel.  <strong>Halloween:<\/strong> Fledermaus\/Vampir, Monstergesicht, Totenkopf.  <strong>Valentinstag:<\/strong> Herz, Doppelherz, Amor, Prinzessin.  <strong>K\u00f6rper und Gesundheit:<\/strong> Zahn, Lippe, Brille, Kontaktlinse, rotes Kreuz, Penis, verschiedene Medizinlogos.  <strong>Finanzen, Versicherungen, Recht:<\/strong> \u20ac (Eurozeichen), \u00a7 (Absatz), Sparschwein, Grafik mit Erfolgskurve, Haus, Schloss\/Schloss, Tipi, Windm\u00fchle.  <strong>Logos:<\/strong> BASF, BROTHER, DEKRA, Jaguar, Landrover, ORACLE, Sparekasse, Thermomix, Tupperware, VARTA, Bauknecht und viele andere &#8211; kontaktieren Sie uns, wenn Ihnen ein Logo fehlt. Mein. Minimum der Bestellmenge: Bis zu 500 g: 48 Beutel 5 kg: 10 Kartons<\/p>\n","protected":false},"excerpt":{"rendered":"<p>Eine wunderbare und flippige Pr\u00e4sentationsm\u00f6glichkeit f\u00fcr Ihre Organisation oder Ihr Unternehmen. W\u00e4hlen Sie aus einer Vielzahl von Designs, die zum Profil Ihres Unternehmens passen. Die Nudelnudeln sind von hoher Qualit\u00e4t und bestehen ausschlie\u00dflich aus bestem Hartweizen. Zur Auswahl stehen die Varianten Vollkorn, Dinkel, glutenfrei und Low-Carb. Sie sind in einer Reihe k\u00f6stlicher Geschmacksrichtungen erh\u00e4ltlich, die [&hellip;]<\/p>\n","protected":false},"featured_media":89907,"comment_status":"closed","ping_status":"closed","template":"","meta":{"_acf_changed":false},"product_cat":[3321],"product_tag":[4185,4184,4175],"class_list":{"0":"post-89893","1":"product","2":"type-product","3":"status-publish","4":"has-post-thumbnail","6":"product_cat-klimafreundliche-werbegeschenke","7":"product_tag-essen-de","8":"product_tag-essen","9":"product_tag-kniff","10":"tm-has-options","12":"first","13":"instock","14":"taxable","15":"shipping-taxable","16":"purchasable","17":"product-type-variable","18":"has-default-attributes"},"acf":[],"yoast_head":"<!-- This site is optimized with the Yoast SEO Premium plugin v21.2 (Yoast SEO v21.2) - https:\/\/yoast.com\/wordpress\/plugins\/seo\/ -->\n<title>Pasta in Form und Logo Ihrer Wahl - Gr\u00f8nt Kontor<\/title>\n<meta name=\"robots\" content=\"index, follow, max-snippet:-1, max-image-preview:large, max-video-preview:-1\" \/>\n<link rel=\"canonical\" href=\"https:\/\/grontkontor.dk\/?post_type=product&p=67206\" \/>\n<meta property=\"og:locale\" content=\"de_DE\" \/>\n<meta property=\"og:type\" content=\"article\" \/>\n<meta property=\"og:title\" content=\"Pasta in Form und Logo Ihrer Wahl\" \/>\n<meta property=\"og:description\" content=\"Eine wunderbare und flippige Pr\u00e4sentationsm\u00f6glichkeit f\u00fcr Ihre Organisation oder Ihr Unternehmen. W\u00e4hlen Sie aus einer Vielzahl von Designs, die zum Profil Ihres Unternehmens passen. Die Nudelnudeln sind von hoher Qualit\u00e4t und bestehen ausschlie\u00dflich aus bestem Hartweizen. Zur Auswahl stehen die Varianten Vollkorn, Dinkel, glutenfrei und Low-Carb. Sie sind in einer Reihe k\u00f6stlicher Geschmacksrichtungen erh\u00e4ltlich, die [&hellip;]\" \/>\n<meta property=\"og:url\" content=\"https:\/\/grontkontor.dk\/?post_type=product&amp;p=67206\" \/>\n<meta property=\"og:site_name\" content=\"Gr\u00f8nt Kontor\" \/>\n<meta property=\"article:publisher\" content=\"https:\/\/www.facebook.com\/grontkontor.dk\/\" \/>\n<meta property=\"og:image\" content=\"https:\/\/grontkontor.dk\/wp-content\/uploads\/2020\/05\/pasta_med_logo_001.jpg\" \/>\n\t<meta property=\"og:image:width\" content=\"900\" \/>\n\t<meta property=\"og:image:height\" content=\"639\" \/>\n\t<meta property=\"og:image:type\" content=\"image\/jpeg\" \/>\n<meta name=\"twitter:card\" content=\"summary_large_image\" \/>\n<meta name=\"twitter:label1\" content=\"Gesch\u00e4tzte Lesezeit\" \/>\n\t<meta name=\"twitter:data1\" content=\"2\u00a0Minuten\" \/>\n<script type=\"application\/ld+json\" class=\"yoast-schema-graph\">{\"@context\":\"https:\/\/schema.org\",\"@graph\":[{\"@type\":\"WebPage\",\"@id\":\"https:\/\/grontkontor.dk\/?post_type=product&p=67206\",\"url\":\"https:\/\/grontkontor.dk\/?post_type=product&p=67206\",\"name\":\"Pasta in Form und Logo Ihrer Wahl - Gr\u00f8nt Kontor\",\"isPartOf\":{\"@id\":\"https:\/\/grontkontor.dk\/#website\"},\"datePublished\":\"2024-05-29T09:02:35+00:00\",\"dateModified\":\"2024-05-29T09:02:35+00:00\",\"breadcrumb\":{\"@id\":\"https:\/\/grontkontor.dk\/?post_type=product&p=67206#breadcrumb\"},\"inLanguage\":\"de\",\"potentialAction\":[{\"@type\":\"ReadAction\",\"target\":[\"https:\/\/grontkontor.dk\/?post_type=product&p=67206\"]}]},{\"@type\":\"BreadcrumbList\",\"@id\":\"https:\/\/grontkontor.dk\/?post_type=product&p=67206#breadcrumb\",\"itemListElement\":[{\"@type\":\"ListItem\",\"position\":1,\"name\":\"Forside\",\"item\":\"https:\/\/grontkontor.dk\/de\/\"},{\"@type\":\"ListItem\",\"position\":2,\"name\":\"Laden\",\"item\":\"https:\/\/grontkontor.dk\/de\/laden\/\"},{\"@type\":\"ListItem\",\"position\":3,\"name\":\"Klimafreundliche Werbegeschenke\",\"item\":\"https:\/\/grontkontor.dk\/de\/produkt-kategori\/klimafreundliche-werbegeschenke\/\"},{\"@type\":\"ListItem\",\"position\":4,\"name\":\"Pasta in Form und Logo Ihrer Wahl\"}]},{\"@type\":\"WebSite\",\"@id\":\"https:\/\/grontkontor.dk\/#website\",\"url\":\"https:\/\/grontkontor.dk\/\",\"name\":\"Gr\u00f8nt Kontor\",\"description\":\"Milj\u00f8venlige produkter til kontor og erhverv med fokus p\u00e5 b\u00e6redygtighed, design og fair trade.\",\"publisher\":{\"@id\":\"https:\/\/grontkontor.dk\/#organization\"},\"potentialAction\":[{\"@type\":\"SearchAction\",\"target\":{\"@type\":\"EntryPoint\",\"urlTemplate\":\"https:\/\/grontkontor.dk\/?s={search_term_string}\"},\"query-input\":\"required name=search_term_string\"}],\"inLanguage\":\"de\"},{\"@type\":\"Organization\",\"@id\":\"https:\/\/grontkontor.dk\/#organization\",\"name\":\"Gr\u00f8nt Kontor\",\"url\":\"https:\/\/grontkontor.dk\/\",\"logo\":{\"@type\":\"ImageObject\",\"inLanguage\":\"de\",\"@id\":\"https:\/\/grontkontor.dk\/#\/schema\/logo\/image\/\",\"url\":\"https:\/\/grontkontor.dk\/wp-content\/uploads\/2014\/02\/Logo_groent_kontor_300x80.png\",\"contentUrl\":\"https:\/\/grontkontor.dk\/wp-content\/uploads\/2014\/02\/Logo_groent_kontor_300x80.png\",\"width\":300,\"height\":80,\"caption\":\"Gr\u00f8nt Kontor\"},\"image\":{\"@id\":\"https:\/\/grontkontor.dk\/#\/schema\/logo\/image\/\"},\"sameAs\":[\"https:\/\/www.facebook.com\/grontkontor.dk\/\"]}]}<\/script>\n<!-- \/ Yoast SEO Premium plugin. -->","yoast_head_json":{"title":"Pasta in Form und Logo Ihrer Wahl - Gr\u00f8nt Kontor","robots":{"index":"index","follow":"follow","max-snippet":"max-snippet:-1","max-image-preview":"max-image-preview:large","max-video-preview":"max-video-preview:-1"},"canonical":"https:\/\/grontkontor.dk\/?post_type=product&p=67206","og_locale":"de_DE","og_type":"article","og_title":"Pasta in Form und Logo Ihrer Wahl","og_description":"Eine wunderbare und flippige Pr\u00e4sentationsm\u00f6glichkeit f\u00fcr Ihre Organisation oder Ihr Unternehmen. W\u00e4hlen Sie aus einer Vielzahl von Designs, die zum Profil Ihres Unternehmens passen. Die Nudelnudeln sind von hoher Qualit\u00e4t und bestehen ausschlie\u00dflich aus bestem Hartweizen. Zur Auswahl stehen die Varianten Vollkorn, Dinkel, glutenfrei und Low-Carb. Sie sind in einer Reihe k\u00f6stlicher Geschmacksrichtungen erh\u00e4ltlich, die [&hellip;]","og_url":"https:\/\/grontkontor.dk\/?post_type=product&p=67206","og_site_name":"Gr\u00f8nt Kontor","article_publisher":"https:\/\/www.facebook.com\/grontkontor.dk\/","og_image":[{"width":900,"height":639,"url":"https:\/\/grontkontor.dk\/wp-content\/uploads\/2020\/05\/pasta_med_logo_001.jpg","type":"image\/jpeg"}],"twitter_card":"summary_large_image","twitter_misc":{"Gesch\u00e4tzte Lesezeit":"2\u00a0Minuten"},"schema":{"@context":"https:\/\/schema.org","@graph":[{"@type":"WebPage","@id":"https:\/\/grontkontor.dk\/?post_type=product&p=67206","url":"https:\/\/grontkontor.dk\/?post_type=product&p=67206","name":"Pasta in Form und Logo Ihrer Wahl - Gr\u00f8nt Kontor","isPartOf":{"@id":"https:\/\/grontkontor.dk\/#website"},"datePublished":"2024-05-29T09:02:35+00:00","dateModified":"2024-05-29T09:02:35+00:00","breadcrumb":{"@id":"https:\/\/grontkontor.dk\/?post_type=product&p=67206#breadcrumb"},"inLanguage":"de","potentialAction":[{"@type":"ReadAction","target":["https:\/\/grontkontor.dk\/?post_type=product&p=67206"]}]},{"@type":"BreadcrumbList","@id":"https:\/\/grontkontor.dk\/?post_type=product&p=67206#breadcrumb","itemListElement":[{"@type":"ListItem","position":1,"name":"Forside","item":"https:\/\/grontkontor.dk\/de\/"},{"@type":"ListItem","position":2,"name":"Laden","item":"https:\/\/grontkontor.dk\/de\/laden\/"},{"@type":"ListItem","position":3,"name":"Klimafreundliche Werbegeschenke","item":"https:\/\/grontkontor.dk\/de\/produkt-kategori\/klimafreundliche-werbegeschenke\/"},{"@type":"ListItem","position":4,"name":"Pasta in Form und Logo Ihrer Wahl"}]},{"@type":"WebSite","@id":"https:\/\/grontkontor.dk\/#website","url":"https:\/\/grontkontor.dk\/","name":"Gr\u00f8nt Kontor","description":"Milj\u00f8venlige produkter til kontor og erhverv med fokus p\u00e5 b\u00e6redygtighed, design og fair trade.","publisher":{"@id":"https:\/\/grontkontor.dk\/#organization"},"potentialAction":[{"@type":"SearchAction","target":{"@type":"EntryPoint","urlTemplate":"https:\/\/grontkontor.dk\/?s={search_term_string}"},"query-input":"required name=search_term_string"}],"inLanguage":"de"},{"@type":"Organization","@id":"https:\/\/grontkontor.dk\/#organization","name":"Gr\u00f8nt Kontor","url":"https:\/\/grontkontor.dk\/","logo":{"@type":"ImageObject","inLanguage":"de","@id":"https:\/\/grontkontor.dk\/#\/schema\/logo\/image\/","url":"https:\/\/grontkontor.dk\/wp-content\/uploads\/2014\/02\/Logo_groent_kontor_300x80.png","contentUrl":"https:\/\/grontkontor.dk\/wp-content\/uploads\/2014\/02\/Logo_groent_kontor_300x80.png","width":300,"height":80,"caption":"Gr\u00f8nt Kontor"},"image":{"@id":"https:\/\/grontkontor.dk\/#\/schema\/logo\/image\/"},"sameAs":["https:\/\/www.facebook.com\/grontkontor.dk\/"]}]}},"_links":{"self":[{"href":"https:\/\/grontkontor.dk\/de\/wp-json\/wp\/v2\/product\/89893"}],"collection":[{"href":"https:\/\/grontkontor.dk\/de\/wp-json\/wp\/v2\/product"}],"about":[{"href":"https:\/\/grontkontor.dk\/de\/wp-json\/wp\/v2\/types\/product"}],"replies":[{"embeddable":true,"href":"https:\/\/grontkontor.dk\/de\/wp-json\/wp\/v2\/comments?post=89893"}],"wp:featuredmedia":[{"embeddable":true,"href":"https:\/\/grontkontor.dk\/de\/wp-json\/wp\/v2\/media\/89907"}],"wp:attachment":[{"href":"https:\/\/grontkontor.dk\/de\/wp-json\/wp\/v2\/media?parent=89893"}],"wp:term":[{"taxonomy":"product_cat","embeddable":true,"href":"https:\/\/grontkontor.dk\/de\/wp-json\/wp\/v2\/product_cat?post=89893"},{"taxonomy":"product_tag","embeddable":true,"href":"https:\/\/grontkontor.dk\/de\/wp-json\/wp\/v2\/product_tag?post=89893"}],"curies":[{"name":"wp","href":"https:\/\/api.w.org\/{rel}","templated":true}]}}