{"id":89920,"date":"2023-09-22T13:12:37","date_gmt":"2024-05-29T09:02:36","guid":{"rendered":"https:\/\/grontkontor.dk\/shop\/kompaktschirm-aus-recyceltem-kunststoff\/"},"modified":"2025-11-06T11:27:18","modified_gmt":"2025-11-06T10:27:18","slug":"kompaktschirm-aus-recyceltem-kunststoff","status":"publish","type":"product","link":"https:\/\/grontkontor.dk\/de\/shop\/kompaktschirm-aus-recyceltem-kunststoff\/","title":{"rendered":"Kompakter Regenschirm aus recyceltem Kunststoff"},"content":{"rendered":"<p data-start=\"74\" data-end=\"542\">Dieser klimafreundliche Regenschirm verbindet praktisches Design mit Schonung der Umwelt. Es hat ein kompaktes Format, das es einfach macht, es in der Tasche zu transportieren, und einen Durchmesser von 95 cm, der einen guten Schutz vor Regen und Wind bietet. Bei der Herstellung des Regenschirms wird auf Recycling und verantwortungsvolle Materialauswahl geachtet \u2013 der Schirm, das Schl\u00fcsselband und die Aufbewahrungstasche bestehen alle aus rPET, das aus recyceltem Kunststoff gewonnen wird. Auf diese Weise erhalten bestehende Materialien neues Leben, anstatt als Abfall zu enden.   <\/p>\n<p data-start=\"544\" data-end=\"775\">Die robusten Stangen und der manuelle Klappmechanismus aus Metall sorgen f\u00fcr eine lange Haltbarkeit, w\u00e4hrend der Holzgriff f\u00fcr ein nat\u00fcrliches und elegantes Aussehen sorgt. Die Kombination dieser Elemente macht den Schirm sowohl funktional als auch \u00e4sthetisch ansprechend. <\/p>\n<p data-start=\"777\" data-end=\"1121\">Indem Sie sich f\u00fcr diesen umweltfreundlichen Regenschirm entscheiden, tragen Sie aktiv dazu bei, den Ressourcenverbrauch und das Abfallaufkommen zu reduzieren. Es ist eine gute Wahl f\u00fcr alle, die sich vor Witterungseinfl\u00fcssen sch\u00fctzen wollen \u2013 und gleichzeitig das Klima ber\u00fccksichtigen wollen. Ein kleines, aber wichtiges Detail im Alltag, das es einfacher macht, Produkte auszuw\u00e4hlen, die Verantwortung f\u00fcr unsere gemeinsame Zukunft \u00fcbernehmen.  <\/p>\n<p>[rpet]<\/p>\n<p>&nbsp;<\/p>\n<img loading=\"lazy\" decoding=\"async\" src=\"https:\/\/grontkontor.dk\/wp-content\/uploads\/2021\/02\/genbrug.jpg\" alt=\"Fremstillet af genbrugsmaterialer\" width=\"50\" height=\"50\" class=\"size-full wp-image-23031\" srcset=\"https:\/\/grontkontor.dk\/wp-content\/uploads\/2021\/02\/genbrug.jpg 199w, https:\/\/grontkontor.dk\/wp-content\/uploads\/2021\/02\/genbrug-100x100.jpg 100w\" sizes=\"(max-width: 50px) 100vw, 50px\" \/>\n","protected":false},"excerpt":{"rendered":"<p>Dieser klimafreundliche Regenschirm verbindet praktisches Design mit Schonung der Umwelt. Es hat ein kompaktes Format, das es einfach macht, es in der Tasche zu transportieren, und einen Durchmesser von 95 cm, der einen guten Schutz vor Regen und Wind bietet. Bei der Herstellung des Regenschirms wird auf Recycling und verantwortungsvolle Materialauswahl geachtet \u2013 der Schirm, [&hellip;]<\/p>\n","protected":false},"featured_media":111472,"comment_status":"closed","ping_status":"closed","template":"","meta":{"_acf_changed":false},"product_cat":[3325,3458,3321,3418],"product_tag":[3874],"class_list":{"0":"post-89920","1":"product","2":"type-product","3":"status-publish","4":"has-post-thumbnail","6":"product_cat-dummy-moq-1-de","7":"product_cat-kleidung","8":"product_cat-klimafreundliche-werbegeschenke","9":"product_cat-messe-und-event","10":"product_tag-regenschirm","11":"pa_farve-blau","12":"pa_farve-kriegsmarine","13":"pa_farve-rot","14":"pa_farve-schwarz","15":"tm-has-options","17":"first","18":"instock","19":"sale","20":"taxable","21":"shipping-taxable","22":"purchasable","23":"product-type-variable","24":"has-default-attributes"},"acf":[],"yoast_head":"<!-- This site is optimized with the Yoast SEO Premium plugin v21.2 (Yoast SEO v21.2) - https:\/\/yoast.com\/wordpress\/plugins\/seo\/ -->\n<title>Kompakter Regenschirm aus recyceltem Kunststoff - Gr\u00f8nt Kontor<\/title>\n<meta name=\"robots\" content=\"index, follow, max-snippet:-1, max-image-preview:large, max-video-preview:-1\" \/>\n<link rel=\"canonical\" href=\"https:\/\/grontkontor.dk\/de\/shop\/kompaktschirm-aus-recyceltem-kunststoff\/\" \/>\n<meta property=\"og:locale\" content=\"de_DE\" \/>\n<meta property=\"og:type\" content=\"article\" \/>\n<meta property=\"og:title\" content=\"Kompakter Regenschirm aus recyceltem Kunststoff\" \/>\n<meta property=\"og:description\" content=\"Dieser klimafreundliche Regenschirm verbindet praktisches Design mit Schonung der Umwelt. Es hat ein kompaktes Format, das es einfach macht, es in der Tasche zu transportieren, und einen Durchmesser von 95 cm, der einen guten Schutz vor Regen und Wind bietet. Bei der Herstellung des Regenschirms wird auf Recycling und verantwortungsvolle Materialauswahl geachtet \u2013 der Schirm, [&hellip;]\" \/>\n<meta property=\"og:url\" content=\"https:\/\/grontkontor.dk\/de\/shop\/kompaktschirm-aus-recyceltem-kunststoff\/\" \/>\n<meta property=\"og:site_name\" content=\"Gr\u00f8nt Kontor\" \/>\n<meta property=\"article:publisher\" content=\"https:\/\/www.facebook.com\/grontkontor.dk\/\" \/>\n<meta property=\"article:modified_time\" content=\"2025-11-06T10:27:18+00:00\" \/>\n<meta property=\"og:image\" content=\"https:\/\/grontkontor.dk\/wp-content\/uploads\/2020\/06\/paraply_rpet_logo_sort.jpg\" \/>\n\t<meta property=\"og:image:width\" content=\"1080\" \/>\n\t<meta property=\"og:image:height\" content=\"766\" \/>\n\t<meta property=\"og:image:type\" content=\"image\/jpeg\" \/>\n<meta name=\"twitter:card\" content=\"summary_large_image\" \/>\n<meta name=\"twitter:label1\" content=\"Gesch\u00e4tzte Lesezeit\" \/>\n\t<meta name=\"twitter:data1\" content=\"1\u00a0Minute\" \/>\n<script type=\"application\/ld+json\" class=\"yoast-schema-graph\">{\"@context\":\"https:\/\/schema.org\",\"@graph\":[{\"@type\":\"WebPage\",\"@id\":\"https:\/\/grontkontor.dk\/de\/shop\/kompaktschirm-aus-recyceltem-kunststoff\/\",\"url\":\"https:\/\/grontkontor.dk\/de\/shop\/kompaktschirm-aus-recyceltem-kunststoff\/\",\"name\":\"Kompakter Regenschirm aus recyceltem Kunststoff - Gr\u00f8nt Kontor\",\"isPartOf\":{\"@id\":\"https:\/\/grontkontor.dk\/#website\"},\"datePublished\":\"2024-05-29T09:02:36+00:00\",\"dateModified\":\"2025-11-06T10:27:18+00:00\",\"breadcrumb\":{\"@id\":\"https:\/\/grontkontor.dk\/de\/shop\/kompaktschirm-aus-recyceltem-kunststoff\/#breadcrumb\"},\"inLanguage\":\"de\",\"potentialAction\":[{\"@type\":\"ReadAction\",\"target\":[\"https:\/\/grontkontor.dk\/de\/shop\/kompaktschirm-aus-recyceltem-kunststoff\/\"]}]},{\"@type\":\"BreadcrumbList\",\"@id\":\"https:\/\/grontkontor.dk\/de\/shop\/kompaktschirm-aus-recyceltem-kunststoff\/#breadcrumb\",\"itemListElement\":[{\"@type\":\"ListItem\",\"position\":1,\"name\":\"Forside\",\"item\":\"https:\/\/grontkontor.dk\/de\/\"},{\"@type\":\"ListItem\",\"position\":2,\"name\":\"Laden\",\"item\":\"https:\/\/grontkontor.dk\/de\/laden\/\"},{\"@type\":\"ListItem\",\"position\":3,\"name\":\"Bekl\u00e6dning\",\"item\":\"https:\/\/grontkontor.dk\/produkt-kategori\/beklaedning\/\"},{\"@type\":\"ListItem\",\"position\":4,\"name\":\"Kompakter Regenschirm aus recyceltem Kunststoff\"}]},{\"@type\":\"WebSite\",\"@id\":\"https:\/\/grontkontor.dk\/#website\",\"url\":\"https:\/\/grontkontor.dk\/\",\"name\":\"Gr\u00f8nt Kontor\",\"description\":\"Milj\u00f8venlige produkter til kontor og erhverv med fokus p\u00e5 b\u00e6redygtighed, design og fair trade.\",\"publisher\":{\"@id\":\"https:\/\/grontkontor.dk\/#organization\"},\"potentialAction\":[{\"@type\":\"SearchAction\",\"target\":{\"@type\":\"EntryPoint\",\"urlTemplate\":\"https:\/\/grontkontor.dk\/?s={search_term_string}\"},\"query-input\":\"required name=search_term_string\"}],\"inLanguage\":\"de\"},{\"@type\":\"Organization\",\"@id\":\"https:\/\/grontkontor.dk\/#organization\",\"name\":\"Gr\u00f8nt Kontor\",\"url\":\"https:\/\/grontkontor.dk\/\",\"logo\":{\"@type\":\"ImageObject\",\"inLanguage\":\"de\",\"@id\":\"https:\/\/grontkontor.dk\/#\/schema\/logo\/image\/\",\"url\":\"https:\/\/grontkontor.dk\/wp-content\/uploads\/2014\/02\/Logo_groent_kontor_300x80.png\",\"contentUrl\":\"https:\/\/grontkontor.dk\/wp-content\/uploads\/2014\/02\/Logo_groent_kontor_300x80.png\",\"width\":300,\"height\":80,\"caption\":\"Gr\u00f8nt Kontor\"},\"image\":{\"@id\":\"https:\/\/grontkontor.dk\/#\/schema\/logo\/image\/\"},\"sameAs\":[\"https:\/\/www.facebook.com\/grontkontor.dk\/\"]}]}<\/script>\n<!-- \/ Yoast SEO Premium plugin. -->","yoast_head_json":{"title":"Kompakter Regenschirm aus recyceltem Kunststoff - Gr\u00f8nt Kontor","robots":{"index":"index","follow":"follow","max-snippet":"max-snippet:-1","max-image-preview":"max-image-preview:large","max-video-preview":"max-video-preview:-1"},"canonical":"https:\/\/grontkontor.dk\/de\/shop\/kompaktschirm-aus-recyceltem-kunststoff\/","og_locale":"de_DE","og_type":"article","og_title":"Kompakter Regenschirm aus recyceltem Kunststoff","og_description":"Dieser klimafreundliche Regenschirm verbindet praktisches Design mit Schonung der Umwelt. Es hat ein kompaktes Format, das es einfach macht, es in der Tasche zu transportieren, und einen Durchmesser von 95 cm, der einen guten Schutz vor Regen und Wind bietet. Bei der Herstellung des Regenschirms wird auf Recycling und verantwortungsvolle Materialauswahl geachtet \u2013 der Schirm, [&hellip;]","og_url":"https:\/\/grontkontor.dk\/de\/shop\/kompaktschirm-aus-recyceltem-kunststoff\/","og_site_name":"Gr\u00f8nt Kontor","article_publisher":"https:\/\/www.facebook.com\/grontkontor.dk\/","article_modified_time":"2025-11-06T10:27:18+00:00","og_image":[{"width":1080,"height":766,"url":"https:\/\/grontkontor.dk\/wp-content\/uploads\/2020\/06\/paraply_rpet_logo_sort.jpg","type":"image\/jpeg"}],"twitter_card":"summary_large_image","twitter_misc":{"Gesch\u00e4tzte Lesezeit":"1\u00a0Minute"},"schema":{"@context":"https:\/\/schema.org","@graph":[{"@type":"WebPage","@id":"https:\/\/grontkontor.dk\/de\/shop\/kompaktschirm-aus-recyceltem-kunststoff\/","url":"https:\/\/grontkontor.dk\/de\/shop\/kompaktschirm-aus-recyceltem-kunststoff\/","name":"Kompakter Regenschirm aus recyceltem Kunststoff - Gr\u00f8nt Kontor","isPartOf":{"@id":"https:\/\/grontkontor.dk\/#website"},"datePublished":"2024-05-29T09:02:36+00:00","dateModified":"2025-11-06T10:27:18+00:00","breadcrumb":{"@id":"https:\/\/grontkontor.dk\/de\/shop\/kompaktschirm-aus-recyceltem-kunststoff\/#breadcrumb"},"inLanguage":"de","potentialAction":[{"@type":"ReadAction","target":["https:\/\/grontkontor.dk\/de\/shop\/kompaktschirm-aus-recyceltem-kunststoff\/"]}]},{"@type":"BreadcrumbList","@id":"https:\/\/grontkontor.dk\/de\/shop\/kompaktschirm-aus-recyceltem-kunststoff\/#breadcrumb","itemListElement":[{"@type":"ListItem","position":1,"name":"Forside","item":"https:\/\/grontkontor.dk\/de\/"},{"@type":"ListItem","position":2,"name":"Laden","item":"https:\/\/grontkontor.dk\/de\/laden\/"},{"@type":"ListItem","position":3,"name":"Bekl\u00e6dning","item":"https:\/\/grontkontor.dk\/produkt-kategori\/beklaedning\/"},{"@type":"ListItem","position":4,"name":"Kompakter Regenschirm aus recyceltem Kunststoff"}]},{"@type":"WebSite","@id":"https:\/\/grontkontor.dk\/#website","url":"https:\/\/grontkontor.dk\/","name":"Gr\u00f8nt Kontor","description":"Milj\u00f8venlige produkter til kontor og erhverv med fokus p\u00e5 b\u00e6redygtighed, design og fair trade.","publisher":{"@id":"https:\/\/grontkontor.dk\/#organization"},"potentialAction":[{"@type":"SearchAction","target":{"@type":"EntryPoint","urlTemplate":"https:\/\/grontkontor.dk\/?s={search_term_string}"},"query-input":"required name=search_term_string"}],"inLanguage":"de"},{"@type":"Organization","@id":"https:\/\/grontkontor.dk\/#organization","name":"Gr\u00f8nt Kontor","url":"https:\/\/grontkontor.dk\/","logo":{"@type":"ImageObject","inLanguage":"de","@id":"https:\/\/grontkontor.dk\/#\/schema\/logo\/image\/","url":"https:\/\/grontkontor.dk\/wp-content\/uploads\/2014\/02\/Logo_groent_kontor_300x80.png","contentUrl":"https:\/\/grontkontor.dk\/wp-content\/uploads\/2014\/02\/Logo_groent_kontor_300x80.png","width":300,"height":80,"caption":"Gr\u00f8nt Kontor"},"image":{"@id":"https:\/\/grontkontor.dk\/#\/schema\/logo\/image\/"},"sameAs":["https:\/\/www.facebook.com\/grontkontor.dk\/"]}]}},"_links":{"self":[{"href":"https:\/\/grontkontor.dk\/de\/wp-json\/wp\/v2\/product\/89920"}],"collection":[{"href":"https:\/\/grontkontor.dk\/de\/wp-json\/wp\/v2\/product"}],"about":[{"href":"https:\/\/grontkontor.dk\/de\/wp-json\/wp\/v2\/types\/product"}],"replies":[{"embeddable":true,"href":"https:\/\/grontkontor.dk\/de\/wp-json\/wp\/v2\/comments?post=89920"}],"wp:featuredmedia":[{"embeddable":true,"href":"https:\/\/grontkontor.dk\/de\/wp-json\/wp\/v2\/media\/111472"}],"wp:attachment":[{"href":"https:\/\/grontkontor.dk\/de\/wp-json\/wp\/v2\/media?parent=89920"}],"wp:term":[{"taxonomy":"product_cat","embeddable":true,"href":"https:\/\/grontkontor.dk\/de\/wp-json\/wp\/v2\/product_cat?post=89920"},{"taxonomy":"product_tag","embeddable":true,"href":"https:\/\/grontkontor.dk\/de\/wp-json\/wp\/v2\/product_tag?post=89920"}],"curies":[{"name":"wp","href":"https:\/\/api.w.org\/{rel}","templated":true}]}}