{"id":89997,"date":"2023-09-22T13:13:04","date_gmt":"2024-05-29T09:02:41","guid":{"rendered":"https:\/\/grontkontor.dk\/shop\/thermoskanne-in-staal-850ml\/"},"modified":"2024-05-29T11:02:41","modified_gmt":"2024-05-29T09:02:41","slug":"thermoskanne-in-staal-850ml","status":"publish","type":"product","link":"https:\/\/grontkontor.dk\/de\/shop\/thermoskanne-in-staal-850ml\/","title":{"rendered":"Thermosflasche aus Stahl 850ml"},"content":{"rendered":"<p>Ger\u00e4umige und klimafreundliche Thermoskanne aus Edelstahl. Der Deckel besteht aus Stahl mit einer PP-Buchse (Polypropylen). Ein super langlebiges und umweltfreundliches Produkt, perfekt f\u00fcr den Camp-Ausflug oder als Werbegeschenk f\u00fcr Messen und Veranstaltungen.<br \/>\nF\u00fcr die Sp\u00fclmaschine geeignet, nicht f\u00fcr die Mikrowelle geeignet. Die Thermoskanne ist  [food-cs]<br \/>\nGr\u00f6\u00dfe: 850 ml<\/p>\n<p>[staal]<\/p>\n<p>&nbsp;<\/p>\n","protected":false},"excerpt":{"rendered":"<p>Ger\u00e4umige und klimafreundliche Thermoskanne aus Edelstahl. Der Deckel besteht aus Stahl mit einer PP-Buchse (Polypropylen). Ein super langlebiges und umweltfreundliches Produkt, perfekt f\u00fcr den Camp-Ausflug oder als Werbegeschenk f\u00fcr Messen und Veranstaltungen. F\u00fcr die Sp\u00fclmaschine geeignet, nicht f\u00fcr die Mikrowelle geeignet. Die Thermoskanne ist [food-cs] Gr\u00f6\u00dfe: 850 ml [staal] &nbsp;<\/p>\n","protected":false},"featured_media":111495,"comment_status":"closed","ping_status":"closed","template":"","meta":{"_acf_changed":false},"product_cat":[3325,3339,3338,4411],"product_tag":[3417],"class_list":{"0":"post-89997","1":"product","2":"type-product","3":"status-publish","4":"has-post-thumbnail","6":"product_cat-dummy-moq-1-de","7":"product_cat-essen-und-trinken","8":"product_cat-trinkflaschen-und-thermosflaschen","9":"product_cat-trinkflaschen-und-thermosflaschen-de","10":"product_tag-thermosflasche","11":"tm-has-options","13":"first","14":"onbackorder","15":"sale","16":"taxable","17":"shipping-taxable","18":"purchasable","19":"product-type-simple"},"acf":[],"yoast_head":"<!-- This site is optimized with the Yoast SEO Premium plugin v21.2 (Yoast SEO v21.2) - https:\/\/yoast.com\/wordpress\/plugins\/seo\/ -->\n<title>Thermosflasche aus Stahl 850ml - Gr\u00f8nt Kontor<\/title>\n<meta name=\"robots\" content=\"index, follow, max-snippet:-1, max-image-preview:large, max-video-preview:-1\" \/>\n<link rel=\"canonical\" href=\"https:\/\/grontkontor.dk\/de\/shop\/thermoskanne-in-staal-850ml\/\" \/>\n<meta property=\"og:locale\" content=\"de_DE\" \/>\n<meta property=\"og:type\" content=\"article\" \/>\n<meta property=\"og:title\" content=\"Thermosflasche aus Stahl 850ml\" \/>\n<meta property=\"og:description\" content=\"Ger\u00e4umige und klimafreundliche Thermoskanne aus Edelstahl. Der Deckel besteht aus Stahl mit einer PP-Buchse (Polypropylen). Ein super langlebiges und umweltfreundliches Produkt, perfekt f\u00fcr den Camp-Ausflug oder als Werbegeschenk f\u00fcr Messen und Veranstaltungen. F\u00fcr die Sp\u00fclmaschine geeignet, nicht f\u00fcr die Mikrowelle geeignet. Die Thermoskanne ist [food-cs] Gr\u00f6\u00dfe: 850 ml [staal] &nbsp;\" \/>\n<meta property=\"og:url\" content=\"https:\/\/grontkontor.dk\/de\/shop\/thermoskanne-in-staal-850ml\/\" \/>\n<meta property=\"og:site_name\" content=\"Gr\u00f8nt Kontor\" \/>\n<meta property=\"article:publisher\" content=\"https:\/\/www.facebook.com\/grontkontor.dk\/\" \/>\n<meta property=\"og:image\" content=\"https:\/\/grontkontor.dk\/wp-content\/uploads\/2020\/08\/termoflaske-staal-001.jpg\" \/>\n\t<meta property=\"og:image:width\" content=\"900\" \/>\n\t<meta property=\"og:image:height\" content=\"639\" \/>\n\t<meta property=\"og:image:type\" content=\"image\/jpeg\" \/>\n<meta name=\"twitter:card\" content=\"summary_large_image\" \/>\n<script type=\"application\/ld+json\" class=\"yoast-schema-graph\">{\"@context\":\"https:\/\/schema.org\",\"@graph\":[{\"@type\":\"WebPage\",\"@id\":\"https:\/\/grontkontor.dk\/de\/shop\/thermoskanne-in-staal-850ml\/\",\"url\":\"https:\/\/grontkontor.dk\/de\/shop\/thermoskanne-in-staal-850ml\/\",\"name\":\"Thermosflasche aus Stahl 850ml - Gr\u00f8nt Kontor\",\"isPartOf\":{\"@id\":\"https:\/\/grontkontor.dk\/#website\"},\"datePublished\":\"2024-05-29T09:02:41+00:00\",\"dateModified\":\"2024-05-29T09:02:41+00:00\",\"breadcrumb\":{\"@id\":\"https:\/\/grontkontor.dk\/de\/shop\/thermoskanne-in-staal-850ml\/#breadcrumb\"},\"inLanguage\":\"de\",\"potentialAction\":[{\"@type\":\"ReadAction\",\"target\":[\"https:\/\/grontkontor.dk\/de\/shop\/thermoskanne-in-staal-850ml\/\"]}]},{\"@type\":\"BreadcrumbList\",\"@id\":\"https:\/\/grontkontor.dk\/de\/shop\/thermoskanne-in-staal-850ml\/#breadcrumb\",\"itemListElement\":[{\"@type\":\"ListItem\",\"position\":1,\"name\":\"Forside\",\"item\":\"https:\/\/grontkontor.dk\/de\/\"},{\"@type\":\"ListItem\",\"position\":2,\"name\":\"Laden\",\"item\":\"https:\/\/grontkontor.dk\/de\/laden\/\"},{\"@type\":\"ListItem\",\"position\":3,\"name\":\"Klimafreundliche Werbegeschenke\",\"item\":\"https:\/\/grontkontor.dk\/de\/produkt-kategori\/klimafreundliche-werbegeschenke\/\"},{\"@type\":\"ListItem\",\"position\":4,\"name\":\"Trinkflaschen und Thermosflaschen\",\"item\":\"https:\/\/grontkontor.dk\/de\/produkt-kategori\/klimafreundliche-werbegeschenke\/trinkflaschen-und-thermosflaschen-de\/\"},{\"@type\":\"ListItem\",\"position\":5,\"name\":\"Thermosflasche aus Stahl 850ml\"}]},{\"@type\":\"WebSite\",\"@id\":\"https:\/\/grontkontor.dk\/#website\",\"url\":\"https:\/\/grontkontor.dk\/\",\"name\":\"Gr\u00f8nt Kontor\",\"description\":\"Milj\u00f8venlige produkter til kontor og erhverv med fokus p\u00e5 b\u00e6redygtighed, design og fair trade.\",\"publisher\":{\"@id\":\"https:\/\/grontkontor.dk\/#organization\"},\"potentialAction\":[{\"@type\":\"SearchAction\",\"target\":{\"@type\":\"EntryPoint\",\"urlTemplate\":\"https:\/\/grontkontor.dk\/?s={search_term_string}\"},\"query-input\":\"required name=search_term_string\"}],\"inLanguage\":\"de\"},{\"@type\":\"Organization\",\"@id\":\"https:\/\/grontkontor.dk\/#organization\",\"name\":\"Gr\u00f8nt Kontor\",\"url\":\"https:\/\/grontkontor.dk\/\",\"logo\":{\"@type\":\"ImageObject\",\"inLanguage\":\"de\",\"@id\":\"https:\/\/grontkontor.dk\/#\/schema\/logo\/image\/\",\"url\":\"https:\/\/grontkontor.dk\/wp-content\/uploads\/2014\/02\/Logo_groent_kontor_300x80.png\",\"contentUrl\":\"https:\/\/grontkontor.dk\/wp-content\/uploads\/2014\/02\/Logo_groent_kontor_300x80.png\",\"width\":300,\"height\":80,\"caption\":\"Gr\u00f8nt Kontor\"},\"image\":{\"@id\":\"https:\/\/grontkontor.dk\/#\/schema\/logo\/image\/\"},\"sameAs\":[\"https:\/\/www.facebook.com\/grontkontor.dk\/\"]}]}<\/script>\n<!-- \/ Yoast SEO Premium plugin. -->","yoast_head_json":{"title":"Thermosflasche aus Stahl 850ml - Gr\u00f8nt Kontor","robots":{"index":"index","follow":"follow","max-snippet":"max-snippet:-1","max-image-preview":"max-image-preview:large","max-video-preview":"max-video-preview:-1"},"canonical":"https:\/\/grontkontor.dk\/de\/shop\/thermoskanne-in-staal-850ml\/","og_locale":"de_DE","og_type":"article","og_title":"Thermosflasche aus Stahl 850ml","og_description":"Ger\u00e4umige und klimafreundliche Thermoskanne aus Edelstahl. Der Deckel besteht aus Stahl mit einer PP-Buchse (Polypropylen). Ein super langlebiges und umweltfreundliches Produkt, perfekt f\u00fcr den Camp-Ausflug oder als Werbegeschenk f\u00fcr Messen und Veranstaltungen. F\u00fcr die Sp\u00fclmaschine geeignet, nicht f\u00fcr die Mikrowelle geeignet. Die Thermoskanne ist [food-cs] Gr\u00f6\u00dfe: 850 ml [staal] &nbsp;","og_url":"https:\/\/grontkontor.dk\/de\/shop\/thermoskanne-in-staal-850ml\/","og_site_name":"Gr\u00f8nt Kontor","article_publisher":"https:\/\/www.facebook.com\/grontkontor.dk\/","og_image":[{"width":900,"height":639,"url":"https:\/\/grontkontor.dk\/wp-content\/uploads\/2020\/08\/termoflaske-staal-001.jpg","type":"image\/jpeg"}],"twitter_card":"summary_large_image","schema":{"@context":"https:\/\/schema.org","@graph":[{"@type":"WebPage","@id":"https:\/\/grontkontor.dk\/de\/shop\/thermoskanne-in-staal-850ml\/","url":"https:\/\/grontkontor.dk\/de\/shop\/thermoskanne-in-staal-850ml\/","name":"Thermosflasche aus Stahl 850ml - Gr\u00f8nt Kontor","isPartOf":{"@id":"https:\/\/grontkontor.dk\/#website"},"datePublished":"2024-05-29T09:02:41+00:00","dateModified":"2024-05-29T09:02:41+00:00","breadcrumb":{"@id":"https:\/\/grontkontor.dk\/de\/shop\/thermoskanne-in-staal-850ml\/#breadcrumb"},"inLanguage":"de","potentialAction":[{"@type":"ReadAction","target":["https:\/\/grontkontor.dk\/de\/shop\/thermoskanne-in-staal-850ml\/"]}]},{"@type":"BreadcrumbList","@id":"https:\/\/grontkontor.dk\/de\/shop\/thermoskanne-in-staal-850ml\/#breadcrumb","itemListElement":[{"@type":"ListItem","position":1,"name":"Forside","item":"https:\/\/grontkontor.dk\/de\/"},{"@type":"ListItem","position":2,"name":"Laden","item":"https:\/\/grontkontor.dk\/de\/laden\/"},{"@type":"ListItem","position":3,"name":"Klimafreundliche Werbegeschenke","item":"https:\/\/grontkontor.dk\/de\/produkt-kategori\/klimafreundliche-werbegeschenke\/"},{"@type":"ListItem","position":4,"name":"Trinkflaschen und Thermosflaschen","item":"https:\/\/grontkontor.dk\/de\/produkt-kategori\/klimafreundliche-werbegeschenke\/trinkflaschen-und-thermosflaschen-de\/"},{"@type":"ListItem","position":5,"name":"Thermosflasche aus Stahl 850ml"}]},{"@type":"WebSite","@id":"https:\/\/grontkontor.dk\/#website","url":"https:\/\/grontkontor.dk\/","name":"Gr\u00f8nt Kontor","description":"Milj\u00f8venlige produkter til kontor og erhverv med fokus p\u00e5 b\u00e6redygtighed, design og fair trade.","publisher":{"@id":"https:\/\/grontkontor.dk\/#organization"},"potentialAction":[{"@type":"SearchAction","target":{"@type":"EntryPoint","urlTemplate":"https:\/\/grontkontor.dk\/?s={search_term_string}"},"query-input":"required name=search_term_string"}],"inLanguage":"de"},{"@type":"Organization","@id":"https:\/\/grontkontor.dk\/#organization","name":"Gr\u00f8nt Kontor","url":"https:\/\/grontkontor.dk\/","logo":{"@type":"ImageObject","inLanguage":"de","@id":"https:\/\/grontkontor.dk\/#\/schema\/logo\/image\/","url":"https:\/\/grontkontor.dk\/wp-content\/uploads\/2014\/02\/Logo_groent_kontor_300x80.png","contentUrl":"https:\/\/grontkontor.dk\/wp-content\/uploads\/2014\/02\/Logo_groent_kontor_300x80.png","width":300,"height":80,"caption":"Gr\u00f8nt Kontor"},"image":{"@id":"https:\/\/grontkontor.dk\/#\/schema\/logo\/image\/"},"sameAs":["https:\/\/www.facebook.com\/grontkontor.dk\/"]}]}},"_links":{"self":[{"href":"https:\/\/grontkontor.dk\/de\/wp-json\/wp\/v2\/product\/89997"}],"collection":[{"href":"https:\/\/grontkontor.dk\/de\/wp-json\/wp\/v2\/product"}],"about":[{"href":"https:\/\/grontkontor.dk\/de\/wp-json\/wp\/v2\/types\/product"}],"replies":[{"embeddable":true,"href":"https:\/\/grontkontor.dk\/de\/wp-json\/wp\/v2\/comments?post=89997"}],"wp:featuredmedia":[{"embeddable":true,"href":"https:\/\/grontkontor.dk\/de\/wp-json\/wp\/v2\/media\/111495"}],"wp:attachment":[{"href":"https:\/\/grontkontor.dk\/de\/wp-json\/wp\/v2\/media?parent=89997"}],"wp:term":[{"taxonomy":"product_cat","embeddable":true,"href":"https:\/\/grontkontor.dk\/de\/wp-json\/wp\/v2\/product_cat?post=89997"},{"taxonomy":"product_tag","embeddable":true,"href":"https:\/\/grontkontor.dk\/de\/wp-json\/wp\/v2\/product_tag?post=89997"}],"curies":[{"name":"wp","href":"https:\/\/api.w.org\/{rel}","templated":true}]}}