{"id":90044,"date":"2023-09-22T13:11:30","date_gmt":"2024-05-29T09:03:33","guid":{"rendered":"https:\/\/grontkontor.dk\/shop\/zahnburste-bambus-auf-fuss\/"},"modified":"2024-05-29T11:03:33","modified_gmt":"2024-05-29T09:03:33","slug":"zahnburste-bambus-auf-fuss","status":"publish","type":"product","link":"https:\/\/grontkontor.dk\/de\/shop\/zahnburste-bambus-auf-fuss\/","title":{"rendered":"Bambuszahnb\u00fcrste zu Fu\u00df"},"content":{"rendered":"<p>Klimafreundliche Zahnb\u00fcrste zu Fu\u00df f\u00fcr ein Firmengeschenk oder eine Gesch\u00e4ftsreise. Hergestellt aus Bambus.<\/p>\n<p>Einzeln verpackt in einem umweltfreundlichen Karton. Erh\u00e4ltlich mit Logodruck oder Lasergravur. Ein super sch\u00f6nes und umweltfreundliches Handout f\u00fcr Messen und Events.<\/p>\n<p>[bambus]<\/p>\n<p>&nbsp;<\/p>\n","protected":false},"excerpt":{"rendered":"<p>Klimafreundliche Zahnb\u00fcrste zu Fu\u00df f\u00fcr ein Firmengeschenk oder eine Gesch\u00e4ftsreise. Hergestellt aus Bambus. Einzeln verpackt in einem umweltfreundlichen Karton. Erh\u00e4ltlich mit Logodruck oder Lasergravur. Ein super sch\u00f6nes und umweltfreundliches Handout f\u00fcr Messen und Events. [bambus] &nbsp;<\/p>\n","protected":false},"featured_media":111383,"comment_status":"closed","ping_status":"closed","template":"","meta":{"_acf_changed":false},"product_cat":[3517,3321],"product_tag":[4205],"class_list":{"0":"post-90044","1":"product","2":"type-product","3":"status-publish","4":"has-post-thumbnail","6":"product_cat-dummy-moq-50-100-de","7":"product_cat-klimafreundliche-werbegeschenke","8":"product_tag-zahnbuerste","9":"tm-has-options","11":"first","12":"instock","13":"sale","14":"taxable","15":"shipping-taxable","16":"purchasable","17":"product-type-simple"},"acf":[],"yoast_head":"<!-- This site is optimized with the Yoast SEO Premium plugin v21.2 (Yoast SEO v21.2) - https:\/\/yoast.com\/wordpress\/plugins\/seo\/ -->\n<title>Bambuszahnb\u00fcrste zu Fu\u00df - Gr\u00f8nt Kontor<\/title>\n<meta name=\"robots\" content=\"index, follow, max-snippet:-1, max-image-preview:large, max-video-preview:-1\" \/>\n<link rel=\"canonical\" href=\"https:\/\/grontkontor.dk\/de\/shop\/zahnburste-bambus-auf-fuss\/\" \/>\n<meta property=\"og:locale\" content=\"de_DE\" \/>\n<meta property=\"og:type\" content=\"article\" \/>\n<meta property=\"og:title\" content=\"Bambuszahnb\u00fcrste zu Fu\u00df\" \/>\n<meta property=\"og:description\" content=\"Klimafreundliche Zahnb\u00fcrste zu Fu\u00df f\u00fcr ein Firmengeschenk oder eine Gesch\u00e4ftsreise. Hergestellt aus Bambus. Einzeln verpackt in einem umweltfreundlichen Karton. Erh\u00e4ltlich mit Logodruck oder Lasergravur. Ein super sch\u00f6nes und umweltfreundliches Handout f\u00fcr Messen und Events. [bambus] &nbsp;\" \/>\n<meta property=\"og:url\" content=\"https:\/\/grontkontor.dk\/de\/shop\/zahnburste-bambus-auf-fuss\/\" \/>\n<meta property=\"og:site_name\" content=\"Gr\u00f8nt Kontor\" \/>\n<meta property=\"article:publisher\" content=\"https:\/\/www.facebook.com\/grontkontor.dk\/\" \/>\n<meta property=\"og:image\" content=\"https:\/\/grontkontor.dk\/wp-content\/uploads\/2020\/05\/tandboerste-bambus-fod-01.jpg\" \/>\n\t<meta property=\"og:image:width\" content=\"900\" \/>\n\t<meta property=\"og:image:height\" content=\"639\" \/>\n\t<meta property=\"og:image:type\" content=\"image\/jpeg\" \/>\n<meta name=\"twitter:card\" content=\"summary_large_image\" \/>\n<script type=\"application\/ld+json\" class=\"yoast-schema-graph\">{\"@context\":\"https:\/\/schema.org\",\"@graph\":[{\"@type\":\"WebPage\",\"@id\":\"https:\/\/grontkontor.dk\/de\/shop\/zahnburste-bambus-auf-fuss\/\",\"url\":\"https:\/\/grontkontor.dk\/de\/shop\/zahnburste-bambus-auf-fuss\/\",\"name\":\"Bambuszahnb\u00fcrste zu Fu\u00df - Gr\u00f8nt Kontor\",\"isPartOf\":{\"@id\":\"https:\/\/grontkontor.dk\/#website\"},\"datePublished\":\"2024-05-29T09:03:33+00:00\",\"dateModified\":\"2024-05-29T09:03:33+00:00\",\"breadcrumb\":{\"@id\":\"https:\/\/grontkontor.dk\/de\/shop\/zahnburste-bambus-auf-fuss\/#breadcrumb\"},\"inLanguage\":\"de\",\"potentialAction\":[{\"@type\":\"ReadAction\",\"target\":[\"https:\/\/grontkontor.dk\/de\/shop\/zahnburste-bambus-auf-fuss\/\"]}]},{\"@type\":\"BreadcrumbList\",\"@id\":\"https:\/\/grontkontor.dk\/de\/shop\/zahnburste-bambus-auf-fuss\/#breadcrumb\",\"itemListElement\":[{\"@type\":\"ListItem\",\"position\":1,\"name\":\"Forside\",\"item\":\"https:\/\/grontkontor.dk\/de\/\"},{\"@type\":\"ListItem\",\"position\":2,\"name\":\"Laden\",\"item\":\"https:\/\/grontkontor.dk\/de\/laden\/\"},{\"@type\":\"ListItem\",\"position\":3,\"name\":\"Bambuszahnb\u00fcrste zu Fu\u00df\"}]},{\"@type\":\"WebSite\",\"@id\":\"https:\/\/grontkontor.dk\/#website\",\"url\":\"https:\/\/grontkontor.dk\/\",\"name\":\"Gr\u00f8nt Kontor\",\"description\":\"Milj\u00f8venlige produkter til kontor og erhverv med fokus p\u00e5 b\u00e6redygtighed, design og fair trade.\",\"publisher\":{\"@id\":\"https:\/\/grontkontor.dk\/#organization\"},\"potentialAction\":[{\"@type\":\"SearchAction\",\"target\":{\"@type\":\"EntryPoint\",\"urlTemplate\":\"https:\/\/grontkontor.dk\/?s={search_term_string}\"},\"query-input\":\"required name=search_term_string\"}],\"inLanguage\":\"de\"},{\"@type\":\"Organization\",\"@id\":\"https:\/\/grontkontor.dk\/#organization\",\"name\":\"Gr\u00f8nt Kontor\",\"url\":\"https:\/\/grontkontor.dk\/\",\"logo\":{\"@type\":\"ImageObject\",\"inLanguage\":\"de\",\"@id\":\"https:\/\/grontkontor.dk\/#\/schema\/logo\/image\/\",\"url\":\"https:\/\/grontkontor.dk\/wp-content\/uploads\/2014\/02\/Logo_groent_kontor_300x80.png\",\"contentUrl\":\"https:\/\/grontkontor.dk\/wp-content\/uploads\/2014\/02\/Logo_groent_kontor_300x80.png\",\"width\":300,\"height\":80,\"caption\":\"Gr\u00f8nt Kontor\"},\"image\":{\"@id\":\"https:\/\/grontkontor.dk\/#\/schema\/logo\/image\/\"},\"sameAs\":[\"https:\/\/www.facebook.com\/grontkontor.dk\/\"]}]}<\/script>\n<!-- \/ Yoast SEO Premium plugin. -->","yoast_head_json":{"title":"Bambuszahnb\u00fcrste zu Fu\u00df - Gr\u00f8nt Kontor","robots":{"index":"index","follow":"follow","max-snippet":"max-snippet:-1","max-image-preview":"max-image-preview:large","max-video-preview":"max-video-preview:-1"},"canonical":"https:\/\/grontkontor.dk\/de\/shop\/zahnburste-bambus-auf-fuss\/","og_locale":"de_DE","og_type":"article","og_title":"Bambuszahnb\u00fcrste zu Fu\u00df","og_description":"Klimafreundliche Zahnb\u00fcrste zu Fu\u00df f\u00fcr ein Firmengeschenk oder eine Gesch\u00e4ftsreise. Hergestellt aus Bambus. Einzeln verpackt in einem umweltfreundlichen Karton. Erh\u00e4ltlich mit Logodruck oder Lasergravur. Ein super sch\u00f6nes und umweltfreundliches Handout f\u00fcr Messen und Events. [bambus] &nbsp;","og_url":"https:\/\/grontkontor.dk\/de\/shop\/zahnburste-bambus-auf-fuss\/","og_site_name":"Gr\u00f8nt Kontor","article_publisher":"https:\/\/www.facebook.com\/grontkontor.dk\/","og_image":[{"width":900,"height":639,"url":"https:\/\/grontkontor.dk\/wp-content\/uploads\/2020\/05\/tandboerste-bambus-fod-01.jpg","type":"image\/jpeg"}],"twitter_card":"summary_large_image","schema":{"@context":"https:\/\/schema.org","@graph":[{"@type":"WebPage","@id":"https:\/\/grontkontor.dk\/de\/shop\/zahnburste-bambus-auf-fuss\/","url":"https:\/\/grontkontor.dk\/de\/shop\/zahnburste-bambus-auf-fuss\/","name":"Bambuszahnb\u00fcrste zu Fu\u00df - Gr\u00f8nt Kontor","isPartOf":{"@id":"https:\/\/grontkontor.dk\/#website"},"datePublished":"2024-05-29T09:03:33+00:00","dateModified":"2024-05-29T09:03:33+00:00","breadcrumb":{"@id":"https:\/\/grontkontor.dk\/de\/shop\/zahnburste-bambus-auf-fuss\/#breadcrumb"},"inLanguage":"de","potentialAction":[{"@type":"ReadAction","target":["https:\/\/grontkontor.dk\/de\/shop\/zahnburste-bambus-auf-fuss\/"]}]},{"@type":"BreadcrumbList","@id":"https:\/\/grontkontor.dk\/de\/shop\/zahnburste-bambus-auf-fuss\/#breadcrumb","itemListElement":[{"@type":"ListItem","position":1,"name":"Forside","item":"https:\/\/grontkontor.dk\/de\/"},{"@type":"ListItem","position":2,"name":"Laden","item":"https:\/\/grontkontor.dk\/de\/laden\/"},{"@type":"ListItem","position":3,"name":"Bambuszahnb\u00fcrste zu Fu\u00df"}]},{"@type":"WebSite","@id":"https:\/\/grontkontor.dk\/#website","url":"https:\/\/grontkontor.dk\/","name":"Gr\u00f8nt Kontor","description":"Milj\u00f8venlige produkter til kontor og erhverv med fokus p\u00e5 b\u00e6redygtighed, design og fair trade.","publisher":{"@id":"https:\/\/grontkontor.dk\/#organization"},"potentialAction":[{"@type":"SearchAction","target":{"@type":"EntryPoint","urlTemplate":"https:\/\/grontkontor.dk\/?s={search_term_string}"},"query-input":"required name=search_term_string"}],"inLanguage":"de"},{"@type":"Organization","@id":"https:\/\/grontkontor.dk\/#organization","name":"Gr\u00f8nt Kontor","url":"https:\/\/grontkontor.dk\/","logo":{"@type":"ImageObject","inLanguage":"de","@id":"https:\/\/grontkontor.dk\/#\/schema\/logo\/image\/","url":"https:\/\/grontkontor.dk\/wp-content\/uploads\/2014\/02\/Logo_groent_kontor_300x80.png","contentUrl":"https:\/\/grontkontor.dk\/wp-content\/uploads\/2014\/02\/Logo_groent_kontor_300x80.png","width":300,"height":80,"caption":"Gr\u00f8nt Kontor"},"image":{"@id":"https:\/\/grontkontor.dk\/#\/schema\/logo\/image\/"},"sameAs":["https:\/\/www.facebook.com\/grontkontor.dk\/"]}]}},"_links":{"self":[{"href":"https:\/\/grontkontor.dk\/de\/wp-json\/wp\/v2\/product\/90044"}],"collection":[{"href":"https:\/\/grontkontor.dk\/de\/wp-json\/wp\/v2\/product"}],"about":[{"href":"https:\/\/grontkontor.dk\/de\/wp-json\/wp\/v2\/types\/product"}],"replies":[{"embeddable":true,"href":"https:\/\/grontkontor.dk\/de\/wp-json\/wp\/v2\/comments?post=90044"}],"wp:featuredmedia":[{"embeddable":true,"href":"https:\/\/grontkontor.dk\/de\/wp-json\/wp\/v2\/media\/111383"}],"wp:attachment":[{"href":"https:\/\/grontkontor.dk\/de\/wp-json\/wp\/v2\/media?parent=90044"}],"wp:term":[{"taxonomy":"product_cat","embeddable":true,"href":"https:\/\/grontkontor.dk\/de\/wp-json\/wp\/v2\/product_cat?post=90044"},{"taxonomy":"product_tag","embeddable":true,"href":"https:\/\/grontkontor.dk\/de\/wp-json\/wp\/v2\/product_tag?post=90044"}],"curies":[{"name":"wp","href":"https:\/\/api.w.org\/{rel}","templated":true}]}}