{"id":90054,"date":"2023-09-22T13:11:30","date_gmt":"2024-05-29T09:03:35","guid":{"rendered":"https:\/\/grontkontor.dk\/shop\/regenschirm-holz-recycelter-kunststoff\/"},"modified":"2025-11-06T11:27:48","modified_gmt":"2025-11-06T10:27:48","slug":"regenschirm-holz-recycelter-kunststoff","status":"publish","type":"product","link":"https:\/\/grontkontor.dk\/de\/shop\/regenschirm-holz-recycelter-kunststoff\/","title":{"rendered":"Regenschirm aus Holz und recyceltem Kunststoff"},"content":{"rendered":"<p>Klimafreundlicher Regenschirm im klassischen Design. Recyceltes Kunststoffsieb aus recycelten Wasserflaschen (rPET) mit Metallst\u00e4ben. Der Griff ist aus Holz mit automatischer \u00d6ffnung. Ein tolles Firmengeschenk, Giveaway f\u00fcr eine Messe, ein Event oder eine Konferenz.  <\/p>\n<p>Eukalyptusholz kann als nachhaltige Holzart angesehen werden. Der Eukalyptusbaum ist ein kr\u00e4ftiger Baum, der schnell w\u00e4chst und in nur wenigen Jahren reift, was ihn zu einem schnell nachwachsenden Rohstoff macht. Seine schnelle Wachstumsrate erm\u00f6glicht eine schnelle Ernte und reduziert den Druck auf die nat\u00fcrlichen W\u00e4lder.  <\/p>\n<p>[rpet] &nbsp;<\/p>\n<img loading=\"lazy\" decoding=\"async\" src=\"https:\/\/grontkontor.dk\/wp-content\/uploads\/2021\/02\/genbrug.jpg\" alt=\"Fremstillet af genbrugsmaterialer\" width=\"50\" height=\"50\" class=\"size-full wp-image-23031\" srcset=\"https:\/\/grontkontor.dk\/wp-content\/uploads\/2021\/02\/genbrug.jpg 199w, https:\/\/grontkontor.dk\/wp-content\/uploads\/2021\/02\/genbrug-100x100.jpg 100w\" sizes=\"(max-width: 50px) 100vw, 50px\" \/>\n","protected":false},"excerpt":{"rendered":"<p>Klimafreundlicher Regenschirm im klassischen Design. Recyceltes Kunststoffsieb aus recycelten Wasserflaschen (rPET) mit Metallst\u00e4ben. Der Griff ist aus Holz mit automatischer \u00d6ffnung. Ein tolles Firmengeschenk, Giveaway f\u00fcr eine Messe, ein Event oder eine Konferenz. Eukalyptusholz kann als nachhaltige Holzart angesehen werden. Der Eukalyptusbaum ist ein kr\u00e4ftiger Baum, der schnell w\u00e4chst und in nur wenigen Jahren reift, [&hellip;]<\/p>\n","protected":false},"featured_media":111403,"comment_status":"closed","ping_status":"closed","template":"","meta":{"_acf_changed":false},"product_cat":[3089,3458,3321,3418],"product_tag":[3964,3874,4127],"class_list":{"0":"post-90054","1":"product","2":"type-product","3":"status-publish","4":"has-post-thumbnail","6":"product_cat-dummy-moq-10-50-de","7":"product_cat-kleidung","8":"product_cat-klimafreundliche-werbegeschenke","9":"product_cat-messe-und-event","10":"product_tag-kleidung","11":"product_tag-regenschirm","12":"product_tag-werbegeschenke","13":"tm-has-options","15":"first","16":"instock","17":"sale","18":"taxable","19":"shipping-taxable","20":"purchasable","21":"product-type-variable","22":"has-default-attributes"},"acf":[],"yoast_head":"<!-- This site is optimized with the Yoast SEO Premium plugin v21.2 (Yoast SEO v21.2) - https:\/\/yoast.com\/wordpress\/plugins\/seo\/ -->\n<title>Regenschirm aus Holz und recyceltem Kunststoff - Gr\u00f8nt Kontor<\/title>\n<meta name=\"robots\" content=\"index, follow, max-snippet:-1, max-image-preview:large, max-video-preview:-1\" \/>\n<link rel=\"canonical\" href=\"https:\/\/grontkontor.dk\/de\/shop\/regenschirm-holz-recycelter-kunststoff\/\" \/>\n<meta property=\"og:locale\" content=\"de_DE\" \/>\n<meta property=\"og:type\" content=\"article\" \/>\n<meta property=\"og:title\" content=\"Regenschirm aus Holz und recyceltem Kunststoff\" \/>\n<meta property=\"og:description\" content=\"Klimafreundlicher Regenschirm im klassischen Design. Recyceltes Kunststoffsieb aus recycelten Wasserflaschen (rPET) mit Metallst\u00e4ben. Der Griff ist aus Holz mit automatischer \u00d6ffnung. Ein tolles Firmengeschenk, Giveaway f\u00fcr eine Messe, ein Event oder eine Konferenz. Eukalyptusholz kann als nachhaltige Holzart angesehen werden. Der Eukalyptusbaum ist ein kr\u00e4ftiger Baum, der schnell w\u00e4chst und in nur wenigen Jahren reift, [&hellip;]\" \/>\n<meta property=\"og:url\" content=\"https:\/\/grontkontor.dk\/de\/shop\/regenschirm-holz-recycelter-kunststoff\/\" \/>\n<meta property=\"og:site_name\" content=\"Gr\u00f8nt Kontor\" \/>\n<meta property=\"article:publisher\" content=\"https:\/\/www.facebook.com\/grontkontor.dk\/\" \/>\n<meta property=\"article:modified_time\" content=\"2025-11-06T10:27:48+00:00\" \/>\n<meta property=\"og:image\" content=\"https:\/\/grontkontor.dk\/wp-content\/uploads\/2020\/05\/paraply-rpet-001.jpg\" \/>\n\t<meta property=\"og:image:width\" content=\"900\" \/>\n\t<meta property=\"og:image:height\" content=\"639\" \/>\n\t<meta property=\"og:image:type\" content=\"image\/jpeg\" \/>\n<meta name=\"twitter:card\" content=\"summary_large_image\" \/>\n<script type=\"application\/ld+json\" class=\"yoast-schema-graph\">{\"@context\":\"https:\/\/schema.org\",\"@graph\":[{\"@type\":\"WebPage\",\"@id\":\"https:\/\/grontkontor.dk\/de\/shop\/regenschirm-holz-recycelter-kunststoff\/\",\"url\":\"https:\/\/grontkontor.dk\/de\/shop\/regenschirm-holz-recycelter-kunststoff\/\",\"name\":\"Regenschirm aus Holz und recyceltem Kunststoff - Gr\u00f8nt Kontor\",\"isPartOf\":{\"@id\":\"https:\/\/grontkontor.dk\/#website\"},\"datePublished\":\"2024-05-29T09:03:35+00:00\",\"dateModified\":\"2025-11-06T10:27:48+00:00\",\"breadcrumb\":{\"@id\":\"https:\/\/grontkontor.dk\/de\/shop\/regenschirm-holz-recycelter-kunststoff\/#breadcrumb\"},\"inLanguage\":\"de\",\"potentialAction\":[{\"@type\":\"ReadAction\",\"target\":[\"https:\/\/grontkontor.dk\/de\/shop\/regenschirm-holz-recycelter-kunststoff\/\"]}]},{\"@type\":\"BreadcrumbList\",\"@id\":\"https:\/\/grontkontor.dk\/de\/shop\/regenschirm-holz-recycelter-kunststoff\/#breadcrumb\",\"itemListElement\":[{\"@type\":\"ListItem\",\"position\":1,\"name\":\"Forside\",\"item\":\"https:\/\/grontkontor.dk\/de\/\"},{\"@type\":\"ListItem\",\"position\":2,\"name\":\"Laden\",\"item\":\"https:\/\/grontkontor.dk\/de\/laden\/\"},{\"@type\":\"ListItem\",\"position\":3,\"name\":\"Bekl\u00e6dning\",\"item\":\"https:\/\/grontkontor.dk\/produkt-kategori\/beklaedning\/\"},{\"@type\":\"ListItem\",\"position\":4,\"name\":\"Regenschirm aus Holz und recyceltem Kunststoff\"}]},{\"@type\":\"WebSite\",\"@id\":\"https:\/\/grontkontor.dk\/#website\",\"url\":\"https:\/\/grontkontor.dk\/\",\"name\":\"Gr\u00f8nt Kontor\",\"description\":\"Milj\u00f8venlige produkter til kontor og erhverv med fokus p\u00e5 b\u00e6redygtighed, design og fair trade.\",\"publisher\":{\"@id\":\"https:\/\/grontkontor.dk\/#organization\"},\"potentialAction\":[{\"@type\":\"SearchAction\",\"target\":{\"@type\":\"EntryPoint\",\"urlTemplate\":\"https:\/\/grontkontor.dk\/?s={search_term_string}\"},\"query-input\":\"required name=search_term_string\"}],\"inLanguage\":\"de\"},{\"@type\":\"Organization\",\"@id\":\"https:\/\/grontkontor.dk\/#organization\",\"name\":\"Gr\u00f8nt Kontor\",\"url\":\"https:\/\/grontkontor.dk\/\",\"logo\":{\"@type\":\"ImageObject\",\"inLanguage\":\"de\",\"@id\":\"https:\/\/grontkontor.dk\/#\/schema\/logo\/image\/\",\"url\":\"https:\/\/grontkontor.dk\/wp-content\/uploads\/2014\/02\/Logo_groent_kontor_300x80.png\",\"contentUrl\":\"https:\/\/grontkontor.dk\/wp-content\/uploads\/2014\/02\/Logo_groent_kontor_300x80.png\",\"width\":300,\"height\":80,\"caption\":\"Gr\u00f8nt Kontor\"},\"image\":{\"@id\":\"https:\/\/grontkontor.dk\/#\/schema\/logo\/image\/\"},\"sameAs\":[\"https:\/\/www.facebook.com\/grontkontor.dk\/\"]}]}<\/script>\n<!-- \/ Yoast SEO Premium plugin. -->","yoast_head_json":{"title":"Regenschirm aus Holz und recyceltem Kunststoff - Gr\u00f8nt Kontor","robots":{"index":"index","follow":"follow","max-snippet":"max-snippet:-1","max-image-preview":"max-image-preview:large","max-video-preview":"max-video-preview:-1"},"canonical":"https:\/\/grontkontor.dk\/de\/shop\/regenschirm-holz-recycelter-kunststoff\/","og_locale":"de_DE","og_type":"article","og_title":"Regenschirm aus Holz und recyceltem Kunststoff","og_description":"Klimafreundlicher Regenschirm im klassischen Design. Recyceltes Kunststoffsieb aus recycelten Wasserflaschen (rPET) mit Metallst\u00e4ben. Der Griff ist aus Holz mit automatischer \u00d6ffnung. Ein tolles Firmengeschenk, Giveaway f\u00fcr eine Messe, ein Event oder eine Konferenz. Eukalyptusholz kann als nachhaltige Holzart angesehen werden. Der Eukalyptusbaum ist ein kr\u00e4ftiger Baum, der schnell w\u00e4chst und in nur wenigen Jahren reift, [&hellip;]","og_url":"https:\/\/grontkontor.dk\/de\/shop\/regenschirm-holz-recycelter-kunststoff\/","og_site_name":"Gr\u00f8nt Kontor","article_publisher":"https:\/\/www.facebook.com\/grontkontor.dk\/","article_modified_time":"2025-11-06T10:27:48+00:00","og_image":[{"width":900,"height":639,"url":"https:\/\/grontkontor.dk\/wp-content\/uploads\/2020\/05\/paraply-rpet-001.jpg","type":"image\/jpeg"}],"twitter_card":"summary_large_image","schema":{"@context":"https:\/\/schema.org","@graph":[{"@type":"WebPage","@id":"https:\/\/grontkontor.dk\/de\/shop\/regenschirm-holz-recycelter-kunststoff\/","url":"https:\/\/grontkontor.dk\/de\/shop\/regenschirm-holz-recycelter-kunststoff\/","name":"Regenschirm aus Holz und recyceltem Kunststoff - Gr\u00f8nt Kontor","isPartOf":{"@id":"https:\/\/grontkontor.dk\/#website"},"datePublished":"2024-05-29T09:03:35+00:00","dateModified":"2025-11-06T10:27:48+00:00","breadcrumb":{"@id":"https:\/\/grontkontor.dk\/de\/shop\/regenschirm-holz-recycelter-kunststoff\/#breadcrumb"},"inLanguage":"de","potentialAction":[{"@type":"ReadAction","target":["https:\/\/grontkontor.dk\/de\/shop\/regenschirm-holz-recycelter-kunststoff\/"]}]},{"@type":"BreadcrumbList","@id":"https:\/\/grontkontor.dk\/de\/shop\/regenschirm-holz-recycelter-kunststoff\/#breadcrumb","itemListElement":[{"@type":"ListItem","position":1,"name":"Forside","item":"https:\/\/grontkontor.dk\/de\/"},{"@type":"ListItem","position":2,"name":"Laden","item":"https:\/\/grontkontor.dk\/de\/laden\/"},{"@type":"ListItem","position":3,"name":"Bekl\u00e6dning","item":"https:\/\/grontkontor.dk\/produkt-kategori\/beklaedning\/"},{"@type":"ListItem","position":4,"name":"Regenschirm aus Holz und recyceltem Kunststoff"}]},{"@type":"WebSite","@id":"https:\/\/grontkontor.dk\/#website","url":"https:\/\/grontkontor.dk\/","name":"Gr\u00f8nt Kontor","description":"Milj\u00f8venlige produkter til kontor og erhverv med fokus p\u00e5 b\u00e6redygtighed, design og fair trade.","publisher":{"@id":"https:\/\/grontkontor.dk\/#organization"},"potentialAction":[{"@type":"SearchAction","target":{"@type":"EntryPoint","urlTemplate":"https:\/\/grontkontor.dk\/?s={search_term_string}"},"query-input":"required name=search_term_string"}],"inLanguage":"de"},{"@type":"Organization","@id":"https:\/\/grontkontor.dk\/#organization","name":"Gr\u00f8nt Kontor","url":"https:\/\/grontkontor.dk\/","logo":{"@type":"ImageObject","inLanguage":"de","@id":"https:\/\/grontkontor.dk\/#\/schema\/logo\/image\/","url":"https:\/\/grontkontor.dk\/wp-content\/uploads\/2014\/02\/Logo_groent_kontor_300x80.png","contentUrl":"https:\/\/grontkontor.dk\/wp-content\/uploads\/2014\/02\/Logo_groent_kontor_300x80.png","width":300,"height":80,"caption":"Gr\u00f8nt Kontor"},"image":{"@id":"https:\/\/grontkontor.dk\/#\/schema\/logo\/image\/"},"sameAs":["https:\/\/www.facebook.com\/grontkontor.dk\/"]}]}},"_links":{"self":[{"href":"https:\/\/grontkontor.dk\/de\/wp-json\/wp\/v2\/product\/90054"}],"collection":[{"href":"https:\/\/grontkontor.dk\/de\/wp-json\/wp\/v2\/product"}],"about":[{"href":"https:\/\/grontkontor.dk\/de\/wp-json\/wp\/v2\/types\/product"}],"replies":[{"embeddable":true,"href":"https:\/\/grontkontor.dk\/de\/wp-json\/wp\/v2\/comments?post=90054"}],"wp:featuredmedia":[{"embeddable":true,"href":"https:\/\/grontkontor.dk\/de\/wp-json\/wp\/v2\/media\/111403"}],"wp:attachment":[{"href":"https:\/\/grontkontor.dk\/de\/wp-json\/wp\/v2\/media?parent=90054"}],"wp:term":[{"taxonomy":"product_cat","embeddable":true,"href":"https:\/\/grontkontor.dk\/de\/wp-json\/wp\/v2\/product_cat?post=90054"},{"taxonomy":"product_tag","embeddable":true,"href":"https:\/\/grontkontor.dk\/de\/wp-json\/wp\/v2\/product_tag?post=90054"}],"curies":[{"name":"wp","href":"https:\/\/api.w.org\/{rel}","templated":true}]}}