{"id":90067,"date":"2025-03-03T13:11:15","date_gmt":"2024-05-29T09:03:36","guid":{"rendered":"https:\/\/grontkontor.dk\/shop\/t-shirt-oorganic-baumwolle\/"},"modified":"2025-11-06T10:07:56","modified_gmt":"2025-11-06T09:07:56","slug":"t-shirt-oorganic-baumwolle","status":"publish","type":"product","link":"https:\/\/grontkontor.dk\/de\/shop\/t-shirt-oorganic-baumwolle\/","title":{"rendered":"T-Shirt aus Bio-Baumwolle ohne Print"},"content":{"rendered":"<p>Ein leichtes T-Shirt aus 100% GOTS-zertifizierter Bio-Baumwolle ist die perfekte Wahl, wenn Sie Komfort, Qualit\u00e4t und Aufmerksamkeit kombinieren m\u00f6chten. Dieses klimafreundliche T-Shirt ist mit einem GOTS-Label versehen, das sowohl eine umweltfreundliche Produktion als auch soziale Standards dokumentiert. Mit seiner weichen Qualit\u00e4t von 150 g\/m\u00b2 ist er angenehm zu tragen und gleichzeitig robust genug f\u00fcr den t\u00e4glichen Gebrauch.<br \/>\nDas T-Shirt kann mit Logodruck geliefert werden, wobei der Druck doppelt erfolgt, um eine scharfe und dauerhafte Qualit\u00e4t zu gew\u00e4hrleisten, insbesondere bei dunkleren Farben. Dar\u00fcber hinaus k\u00f6nnen Sie sich f\u00fcr eine Stickerei entscheiden, wenn Sie einen exklusiveren Look w\u00fcnschen. Die Mindestbestellmenge betr\u00e4gt 50 St\u00fcck, und es steht Ihnen frei, Gr\u00f6\u00dfen und Farben nach Ihren Bed\u00fcrfnissen zu mischen.<br \/>\nAls Werbeartikel eignet sich ein T-Shirt ideal f\u00fcr Events, Messen und Promotionen. Es kann problemlos mit einem Poloshirt oder einer anderen Profilkleidung kombiniert werden, um Ihrem Unternehmen einen einheitlichen und professionellen Look zu verleihen. Das T-Shirt dient sowohl als praktisches Giveaway als auch als Teil der Garderobe der Mitarbeiter, wo es klima- und umweltfreundliche Werte signalisiert.<x id=\"gid_2\"><\/x>Mit einem leichten und zeitlosen T-Shirt aus Bio-Baumwolle erhalten Sie ein Produkt, das immer wieder verwendet werden kann und das eine klare Botschaft von Verantwortung und Qualit\u00e4t aussendet. Es ist die klassische L\u00f6sung f\u00fcr Unternehmen, die Funktionalit\u00e4t, Branding und gr\u00fcne Betrachtung vereinen wollen.<br \/>\n[oekobomuld_s] [gots_s] <a href=\"https:\/\/www.eco-branding.dk\/miljoemaerkning\/gots.aspx\" rel=\"noopener\" target=\"_blank\"><img loading=\"lazy\" decoding=\"async\" class=\"size-full wp-image-12808\" src=\"https:\/\/grontkontor.dk\/wp-content\/uploads\/2019\/04\/gots-certificeret.jpg\" \n   alt=\"Gots certificeret - din garanti for, at produktet indeholder mindst 70% ?kologisk bomuld\"  description=\"Gots certificeret - din garanti for, at produktet indeholder mindst 70% ?kologisk bomuld\" width=\"50\" height=\"50\" \n\t border=0 \/><\/a><\/p>\n","protected":false},"excerpt":{"rendered":"<p>Ein leichtes T-Shirt aus 100% GOTS-zertifizierter Bio-Baumwolle ist die perfekte Wahl, wenn Sie Komfort, Qualit\u00e4t und Aufmerksamkeit kombinieren m\u00f6chten. Dieses klimafreundliche T-Shirt ist mit einem GOTS-Label versehen, das sowohl eine umweltfreundliche Produktion als auch soziale Standards dokumentiert. Mit seiner weichen Qualit\u00e4t von 150 g\/m\u00b2 ist er angenehm zu tragen und gleichzeitig robust genug f\u00fcr den [&hellip;]<\/p>\n","protected":false},"featured_media":113002,"comment_status":"closed","ping_status":"closed","template":"","meta":{"_acf_changed":false},"product_cat":[3517,3321,4842],"product_tag":[4814,4815,3460,4817,4816],"class_list":{"0":"post-90067","1":"product","2":"type-product","3":"status-publish","4":"has-post-thumbnail","6":"product_cat-dummy-moq-50-100-de","7":"product_cat-klimafreundliche-werbegeschenke","8":"product_cat-t-shirts-sweatshirts-und-poloshirts","9":"product_tag-hemd","10":"product_tag-t-shirt-de-2","11":"product_tag-t-shirt-de","12":"product_tag-t-shirts-de-2","13":"product_tag-t-shirts-de","14":"pa_farve-blau","15":"pa_farve-grau-de","16":"pa_farve-gruen","17":"pa_farve-rot","18":"pa_farve-schwarz","19":"pa_farve-weiss","20":"tm-has-styled-variations","21":"tm-has-options","23":"first","24":"instock","25":"sale","26":"taxable","27":"shipping-taxable","28":"purchasable","29":"product-type-simple"},"acf":[],"yoast_head":"<!-- This site is optimized with the Yoast SEO Premium plugin v21.2 (Yoast SEO v21.2) - https:\/\/yoast.com\/wordpress\/plugins\/seo\/ -->\n<title>T-Shirt aus Bio-Baumwolle ohne Print - Gr\u00f8nt Kontor<\/title>\n<meta name=\"description\" content=\"Klimafreundliches T-Shirt aus 100% GOTS-zertifizierter Bio-Baumwolle. Umweltfreundliches Giveaway f\u00fcr Veranstaltungen und Messen. Erh\u00e4ltlich mit Logodruck und Stickerei.\" \/>\n<meta name=\"robots\" content=\"index, follow, max-snippet:-1, max-image-preview:large, max-video-preview:-1\" \/>\n<link rel=\"canonical\" href=\"https:\/\/grontkontor.dk\/de\/shop\/t-shirt-oorganic-baumwolle\/\" \/>\n<meta property=\"og:locale\" content=\"de_DE\" \/>\n<meta property=\"og:type\" content=\"article\" \/>\n<meta property=\"og:title\" content=\"T-Shirt aus Bio-Baumwolle ohne Print\" \/>\n<meta property=\"og:description\" content=\"Klimafreundliches T-Shirt aus 100% GOTS-zertifizierter Bio-Baumwolle. Umweltfreundliches Giveaway f\u00fcr Veranstaltungen und Messen. Erh\u00e4ltlich mit Logodruck und Stickerei.\" \/>\n<meta property=\"og:url\" content=\"https:\/\/grontkontor.dk\/de\/shop\/t-shirt-oorganic-baumwolle\/\" \/>\n<meta property=\"og:site_name\" content=\"Gr\u00f8nt Kontor\" \/>\n<meta property=\"article:publisher\" content=\"https:\/\/www.facebook.com\/grontkontor.dk\/\" \/>\n<meta property=\"article:modified_time\" content=\"2025-11-06T09:07:56+00:00\" \/>\n<meta property=\"og:image\" content=\"https:\/\/grontkontor.dk\/wp-content\/uploads\/2020\/05\/t-shirt-oekologisk-bomuld-groen.jpg\" \/>\n\t<meta property=\"og:image:width\" content=\"900\" \/>\n\t<meta property=\"og:image:height\" content=\"639\" \/>\n\t<meta property=\"og:image:type\" content=\"image\/jpeg\" \/>\n<meta name=\"twitter:card\" content=\"summary_large_image\" \/>\n<meta name=\"twitter:label1\" content=\"Gesch\u00e4tzte Lesezeit\" \/>\n\t<meta name=\"twitter:data1\" content=\"1\u00a0Minute\" \/>\n<script type=\"application\/ld+json\" class=\"yoast-schema-graph\">{\"@context\":\"https:\/\/schema.org\",\"@graph\":[{\"@type\":\"WebPage\",\"@id\":\"https:\/\/grontkontor.dk\/de\/shop\/t-shirt-oorganic-baumwolle\/\",\"url\":\"https:\/\/grontkontor.dk\/de\/shop\/t-shirt-oorganic-baumwolle\/\",\"name\":\"T-Shirt aus Bio-Baumwolle ohne Print - Gr\u00f8nt Kontor\",\"isPartOf\":{\"@id\":\"https:\/\/grontkontor.dk\/#website\"},\"datePublished\":\"2024-05-29T09:03:36+00:00\",\"dateModified\":\"2025-11-06T09:07:56+00:00\",\"description\":\"Klimafreundliches T-Shirt aus 100% GOTS-zertifizierter Bio-Baumwolle. Umweltfreundliches Giveaway f\u00fcr Veranstaltungen und Messen. Erh\u00e4ltlich mit Logodruck und Stickerei.\",\"breadcrumb\":{\"@id\":\"https:\/\/grontkontor.dk\/de\/shop\/t-shirt-oorganic-baumwolle\/#breadcrumb\"},\"inLanguage\":\"de\",\"potentialAction\":[{\"@type\":\"ReadAction\",\"target\":[\"https:\/\/grontkontor.dk\/de\/shop\/t-shirt-oorganic-baumwolle\/\"]}]},{\"@type\":\"BreadcrumbList\",\"@id\":\"https:\/\/grontkontor.dk\/de\/shop\/t-shirt-oorganic-baumwolle\/#breadcrumb\",\"itemListElement\":[{\"@type\":\"ListItem\",\"position\":1,\"name\":\"Forside\",\"item\":\"https:\/\/grontkontor.dk\/de\/\"},{\"@type\":\"ListItem\",\"position\":2,\"name\":\"Laden\",\"item\":\"https:\/\/grontkontor.dk\/de\/laden\/\"},{\"@type\":\"ListItem\",\"position\":3,\"name\":\"Kleidung\",\"item\":\"https:\/\/grontkontor.dk\/de\/produkt-kategori\/kleidung\/\"},{\"@type\":\"ListItem\",\"position\":4,\"name\":\"T-Shirts, Sweatshirts und Poloshirts\",\"item\":\"https:\/\/grontkontor.dk\/de\/produkt-kategori\/kleidung\/t-shirts-sweatshirts-und-poloshirts\/\"},{\"@type\":\"ListItem\",\"position\":5,\"name\":\"T-Shirt aus Bio-Baumwolle ohne Print\"}]},{\"@type\":\"WebSite\",\"@id\":\"https:\/\/grontkontor.dk\/#website\",\"url\":\"https:\/\/grontkontor.dk\/\",\"name\":\"Gr\u00f8nt Kontor\",\"description\":\"Milj\u00f8venlige produkter til kontor og erhverv med fokus p\u00e5 b\u00e6redygtighed, design og fair trade.\",\"publisher\":{\"@id\":\"https:\/\/grontkontor.dk\/#organization\"},\"potentialAction\":[{\"@type\":\"SearchAction\",\"target\":{\"@type\":\"EntryPoint\",\"urlTemplate\":\"https:\/\/grontkontor.dk\/?s={search_term_string}\"},\"query-input\":\"required name=search_term_string\"}],\"inLanguage\":\"de\"},{\"@type\":\"Organization\",\"@id\":\"https:\/\/grontkontor.dk\/#organization\",\"name\":\"Gr\u00f8nt Kontor\",\"url\":\"https:\/\/grontkontor.dk\/\",\"logo\":{\"@type\":\"ImageObject\",\"inLanguage\":\"de\",\"@id\":\"https:\/\/grontkontor.dk\/#\/schema\/logo\/image\/\",\"url\":\"https:\/\/grontkontor.dk\/wp-content\/uploads\/2014\/02\/Logo_groent_kontor_300x80.png\",\"contentUrl\":\"https:\/\/grontkontor.dk\/wp-content\/uploads\/2014\/02\/Logo_groent_kontor_300x80.png\",\"width\":300,\"height\":80,\"caption\":\"Gr\u00f8nt Kontor\"},\"image\":{\"@id\":\"https:\/\/grontkontor.dk\/#\/schema\/logo\/image\/\"},\"sameAs\":[\"https:\/\/www.facebook.com\/grontkontor.dk\/\"]}]}<\/script>\n<!-- \/ Yoast SEO Premium plugin. -->","yoast_head_json":{"title":"T-Shirt aus Bio-Baumwolle ohne Print - Gr\u00f8nt Kontor","description":"Klimafreundliches T-Shirt aus 100% GOTS-zertifizierter Bio-Baumwolle. Umweltfreundliches Giveaway f\u00fcr Veranstaltungen und Messen. Erh\u00e4ltlich mit Logodruck und Stickerei.","robots":{"index":"index","follow":"follow","max-snippet":"max-snippet:-1","max-image-preview":"max-image-preview:large","max-video-preview":"max-video-preview:-1"},"canonical":"https:\/\/grontkontor.dk\/de\/shop\/t-shirt-oorganic-baumwolle\/","og_locale":"de_DE","og_type":"article","og_title":"T-Shirt aus Bio-Baumwolle ohne Print","og_description":"Klimafreundliches T-Shirt aus 100% GOTS-zertifizierter Bio-Baumwolle. Umweltfreundliches Giveaway f\u00fcr Veranstaltungen und Messen. Erh\u00e4ltlich mit Logodruck und Stickerei.","og_url":"https:\/\/grontkontor.dk\/de\/shop\/t-shirt-oorganic-baumwolle\/","og_site_name":"Gr\u00f8nt Kontor","article_publisher":"https:\/\/www.facebook.com\/grontkontor.dk\/","article_modified_time":"2025-11-06T09:07:56+00:00","og_image":[{"width":900,"height":639,"url":"https:\/\/grontkontor.dk\/wp-content\/uploads\/2020\/05\/t-shirt-oekologisk-bomuld-groen.jpg","type":"image\/jpeg"}],"twitter_card":"summary_large_image","twitter_misc":{"Gesch\u00e4tzte Lesezeit":"1\u00a0Minute"},"schema":{"@context":"https:\/\/schema.org","@graph":[{"@type":"WebPage","@id":"https:\/\/grontkontor.dk\/de\/shop\/t-shirt-oorganic-baumwolle\/","url":"https:\/\/grontkontor.dk\/de\/shop\/t-shirt-oorganic-baumwolle\/","name":"T-Shirt aus Bio-Baumwolle ohne Print - Gr\u00f8nt Kontor","isPartOf":{"@id":"https:\/\/grontkontor.dk\/#website"},"datePublished":"2024-05-29T09:03:36+00:00","dateModified":"2025-11-06T09:07:56+00:00","description":"Klimafreundliches T-Shirt aus 100% GOTS-zertifizierter Bio-Baumwolle. Umweltfreundliches Giveaway f\u00fcr Veranstaltungen und Messen. Erh\u00e4ltlich mit Logodruck und Stickerei.","breadcrumb":{"@id":"https:\/\/grontkontor.dk\/de\/shop\/t-shirt-oorganic-baumwolle\/#breadcrumb"},"inLanguage":"de","potentialAction":[{"@type":"ReadAction","target":["https:\/\/grontkontor.dk\/de\/shop\/t-shirt-oorganic-baumwolle\/"]}]},{"@type":"BreadcrumbList","@id":"https:\/\/grontkontor.dk\/de\/shop\/t-shirt-oorganic-baumwolle\/#breadcrumb","itemListElement":[{"@type":"ListItem","position":1,"name":"Forside","item":"https:\/\/grontkontor.dk\/de\/"},{"@type":"ListItem","position":2,"name":"Laden","item":"https:\/\/grontkontor.dk\/de\/laden\/"},{"@type":"ListItem","position":3,"name":"Kleidung","item":"https:\/\/grontkontor.dk\/de\/produkt-kategori\/kleidung\/"},{"@type":"ListItem","position":4,"name":"T-Shirts, Sweatshirts und Poloshirts","item":"https:\/\/grontkontor.dk\/de\/produkt-kategori\/kleidung\/t-shirts-sweatshirts-und-poloshirts\/"},{"@type":"ListItem","position":5,"name":"T-Shirt aus Bio-Baumwolle ohne Print"}]},{"@type":"WebSite","@id":"https:\/\/grontkontor.dk\/#website","url":"https:\/\/grontkontor.dk\/","name":"Gr\u00f8nt Kontor","description":"Milj\u00f8venlige produkter til kontor og erhverv med fokus p\u00e5 b\u00e6redygtighed, design og fair trade.","publisher":{"@id":"https:\/\/grontkontor.dk\/#organization"},"potentialAction":[{"@type":"SearchAction","target":{"@type":"EntryPoint","urlTemplate":"https:\/\/grontkontor.dk\/?s={search_term_string}"},"query-input":"required name=search_term_string"}],"inLanguage":"de"},{"@type":"Organization","@id":"https:\/\/grontkontor.dk\/#organization","name":"Gr\u00f8nt Kontor","url":"https:\/\/grontkontor.dk\/","logo":{"@type":"ImageObject","inLanguage":"de","@id":"https:\/\/grontkontor.dk\/#\/schema\/logo\/image\/","url":"https:\/\/grontkontor.dk\/wp-content\/uploads\/2014\/02\/Logo_groent_kontor_300x80.png","contentUrl":"https:\/\/grontkontor.dk\/wp-content\/uploads\/2014\/02\/Logo_groent_kontor_300x80.png","width":300,"height":80,"caption":"Gr\u00f8nt Kontor"},"image":{"@id":"https:\/\/grontkontor.dk\/#\/schema\/logo\/image\/"},"sameAs":["https:\/\/www.facebook.com\/grontkontor.dk\/"]}]}},"_links":{"self":[{"href":"https:\/\/grontkontor.dk\/de\/wp-json\/wp\/v2\/product\/90067"}],"collection":[{"href":"https:\/\/grontkontor.dk\/de\/wp-json\/wp\/v2\/product"}],"about":[{"href":"https:\/\/grontkontor.dk\/de\/wp-json\/wp\/v2\/types\/product"}],"replies":[{"embeddable":true,"href":"https:\/\/grontkontor.dk\/de\/wp-json\/wp\/v2\/comments?post=90067"}],"wp:featuredmedia":[{"embeddable":true,"href":"https:\/\/grontkontor.dk\/de\/wp-json\/wp\/v2\/media\/113002"}],"wp:attachment":[{"href":"https:\/\/grontkontor.dk\/de\/wp-json\/wp\/v2\/media?parent=90067"}],"wp:term":[{"taxonomy":"product_cat","embeddable":true,"href":"https:\/\/grontkontor.dk\/de\/wp-json\/wp\/v2\/product_cat?post=90067"},{"taxonomy":"product_tag","embeddable":true,"href":"https:\/\/grontkontor.dk\/de\/wp-json\/wp\/v2\/product_tag?post=90067"}],"curies":[{"name":"wp","href":"https:\/\/api.w.org\/{rel}","templated":true}]}}