{"id":90129,"date":"2023-09-22T13:11:15","date_gmt":"2024-05-29T09:04:30","guid":{"rendered":"https:\/\/grontkontor.dk\/shop\/to-go-glasbecher-mit-bambusdeckel\/"},"modified":"2024-05-29T11:04:30","modified_gmt":"2024-05-29T09:04:30","slug":"to-go-glasbecher-mit-bambusdeckel","status":"publish","type":"product","link":"https:\/\/grontkontor.dk\/de\/shop\/to-go-glasbecher-mit-bambusdeckel\/","title":{"rendered":"To go Glasbecher mit Bambusdeckel 420ml"},"content":{"rendered":"<p>Einfacher, gut gestalteter und umweltfreundlicher Becher aus Borosilikatglas von h\u00f6chster Qualit\u00e4t. Der Deckel besteht aus Bambus (da Bambus ein nat\u00fcrliches Material ist, kann die Farbe bei den einzelnen Produkten variieren). Ein wirklich sch\u00f6nes Handout \/ Giveaway f\u00fcr Messe und Event. Erh\u00e4ltlich mit Druck oder Gravur.<\/p>\n<p>Der Becher ist sp\u00fclmaschinen- und mikrowellengeeignet, Bambusdeckel und L\u00f6ffel werden zum manuellen Waschen empfohlen.<br \/>\nBecher, Deckel und L\u00f6ffel sind  [food-c]<\/p>\n<p>Inhalt: 420 ml.<\/p>\n<p>[glas]<\/p>\n<p>&nbsp;<\/p>\n<p>[bambus]<\/p>\n<p>&nbsp;<\/p>\n","protected":false},"excerpt":{"rendered":"<p>Einfacher, gut gestalteter und umweltfreundlicher Becher aus Borosilikatglas von h\u00f6chster Qualit\u00e4t. Der Deckel besteht aus Bambus (da Bambus ein nat\u00fcrliches Material ist, kann die Farbe bei den einzelnen Produkten variieren). Ein wirklich sch\u00f6nes Handout \/ Giveaway f\u00fcr Messe und Event. Erh\u00e4ltlich mit Druck oder Gravur. Der Becher ist sp\u00fclmaschinen- und mikrowellengeeignet, Bambusdeckel und L\u00f6ffel werden [&hellip;]<\/p>\n","protected":false},"featured_media":90133,"comment_status":"closed","ping_status":"closed","template":"","meta":{"_acf_changed":false},"product_cat":[4489,3465,3325,3339],"product_tag":[3663],"class_list":{"0":"post-90129","1":"product","2":"type-product","3":"status-publish","4":"has-post-thumbnail","6":"product_cat-becher-und-tassen","7":"product_cat-becher-tassen-etc","8":"product_cat-dummy-moq-1-de","9":"product_cat-essen-und-trinken","10":"product_tag-becher","11":"tm-has-options","13":"first","14":"instock","15":"sale","16":"taxable","17":"shipping-taxable","18":"purchasable","19":"product-type-simple"},"acf":[],"yoast_head":"<!-- This site is optimized with the Yoast SEO Premium plugin v21.2 (Yoast SEO v21.2) - https:\/\/yoast.com\/wordpress\/plugins\/seo\/ -->\n<title>To go Glasbecher mit Bambusdeckel 420ml - Gr\u00f8nt Kontor<\/title>\n<meta name=\"robots\" content=\"index, follow, max-snippet:-1, max-image-preview:large, max-video-preview:-1\" \/>\n<link rel=\"canonical\" href=\"https:\/\/grontkontor.dk\/shop\/to-go-glaskrus-med-bambuslaag\/\" \/>\n<meta property=\"og:locale\" content=\"de_DE\" \/>\n<meta property=\"og:type\" content=\"article\" \/>\n<meta property=\"og:title\" content=\"To go Glasbecher mit Bambusdeckel 420ml\" \/>\n<meta property=\"og:description\" content=\"Einfacher, gut gestalteter und umweltfreundlicher Becher aus Borosilikatglas von h\u00f6chster Qualit\u00e4t. Der Deckel besteht aus Bambus (da Bambus ein nat\u00fcrliches Material ist, kann die Farbe bei den einzelnen Produkten variieren). Ein wirklich sch\u00f6nes Handout \/ Giveaway f\u00fcr Messe und Event. Erh\u00e4ltlich mit Druck oder Gravur. Der Becher ist sp\u00fclmaschinen- und mikrowellengeeignet, Bambusdeckel und L\u00f6ffel werden [&hellip;]\" \/>\n<meta property=\"og:url\" content=\"https:\/\/grontkontor.dk\/shop\/to-go-glaskrus-med-bambuslaag\/\" \/>\n<meta property=\"og:site_name\" content=\"Gr\u00f8nt Kontor\" \/>\n<meta property=\"article:publisher\" content=\"https:\/\/www.facebook.com\/grontkontor.dk\/\" \/>\n<meta property=\"og:image\" content=\"https:\/\/grontkontor.dk\/wp-content\/uploads\/2020\/04\/glaskrus-med-bambuslaag-bambusske-001-2.jpg\" \/>\n\t<meta property=\"og:image:width\" content=\"800\" \/>\n\t<meta property=\"og:image:height\" content=\"568\" \/>\n\t<meta property=\"og:image:type\" content=\"image\/jpeg\" \/>\n<meta name=\"twitter:card\" content=\"summary_large_image\" \/>\n<script type=\"application\/ld+json\" class=\"yoast-schema-graph\">{\"@context\":\"https:\/\/schema.org\",\"@graph\":[{\"@type\":\"WebPage\",\"@id\":\"https:\/\/grontkontor.dk\/shop\/to-go-glaskrus-med-bambuslaag\/\",\"url\":\"https:\/\/grontkontor.dk\/shop\/to-go-glaskrus-med-bambuslaag\/\",\"name\":\"To go Glasbecher mit Bambusdeckel 420ml - Gr\u00f8nt Kontor\",\"isPartOf\":{\"@id\":\"https:\/\/grontkontor.dk\/#website\"},\"datePublished\":\"2024-05-29T09:04:30+00:00\",\"dateModified\":\"2024-05-29T09:04:30+00:00\",\"breadcrumb\":{\"@id\":\"https:\/\/grontkontor.dk\/shop\/to-go-glaskrus-med-bambuslaag\/#breadcrumb\"},\"inLanguage\":\"de\",\"potentialAction\":[{\"@type\":\"ReadAction\",\"target\":[\"https:\/\/grontkontor.dk\/shop\/to-go-glaskrus-med-bambuslaag\/\"]}]},{\"@type\":\"BreadcrumbList\",\"@id\":\"https:\/\/grontkontor.dk\/shop\/to-go-glaskrus-med-bambuslaag\/#breadcrumb\",\"itemListElement\":[{\"@type\":\"ListItem\",\"position\":1,\"name\":\"Forside\",\"item\":\"https:\/\/grontkontor.dk\/de\/\"},{\"@type\":\"ListItem\",\"position\":2,\"name\":\"Laden\",\"item\":\"https:\/\/grontkontor.dk\/de\/laden\/\"},{\"@type\":\"ListItem\",\"position\":3,\"name\":\"Klimafreundliche Werbegeschenke\",\"item\":\"https:\/\/grontkontor.dk\/de\/produkt-kategori\/klimafreundliche-werbegeschenke\/\"},{\"@type\":\"ListItem\",\"position\":4,\"name\":\"Becher und Tassen\",\"item\":\"https:\/\/grontkontor.dk\/de\/produkt-kategori\/becher-und-tassen\/\"},{\"@type\":\"ListItem\",\"position\":5,\"name\":\"To go Glasbecher mit Bambusdeckel 420ml\"}]},{\"@type\":\"WebSite\",\"@id\":\"https:\/\/grontkontor.dk\/#website\",\"url\":\"https:\/\/grontkontor.dk\/\",\"name\":\"Gr\u00f8nt Kontor\",\"description\":\"Milj\u00f8venlige produkter til kontor og erhverv med fokus p\u00e5 b\u00e6redygtighed, design og fair trade.\",\"publisher\":{\"@id\":\"https:\/\/grontkontor.dk\/#organization\"},\"potentialAction\":[{\"@type\":\"SearchAction\",\"target\":{\"@type\":\"EntryPoint\",\"urlTemplate\":\"https:\/\/grontkontor.dk\/?s={search_term_string}\"},\"query-input\":\"required name=search_term_string\"}],\"inLanguage\":\"de\"},{\"@type\":\"Organization\",\"@id\":\"https:\/\/grontkontor.dk\/#organization\",\"name\":\"Gr\u00f8nt Kontor\",\"url\":\"https:\/\/grontkontor.dk\/\",\"logo\":{\"@type\":\"ImageObject\",\"inLanguage\":\"de\",\"@id\":\"https:\/\/grontkontor.dk\/#\/schema\/logo\/image\/\",\"url\":\"https:\/\/grontkontor.dk\/wp-content\/uploads\/2014\/02\/Logo_groent_kontor_300x80.png\",\"contentUrl\":\"https:\/\/grontkontor.dk\/wp-content\/uploads\/2014\/02\/Logo_groent_kontor_300x80.png\",\"width\":300,\"height\":80,\"caption\":\"Gr\u00f8nt Kontor\"},\"image\":{\"@id\":\"https:\/\/grontkontor.dk\/#\/schema\/logo\/image\/\"},\"sameAs\":[\"https:\/\/www.facebook.com\/grontkontor.dk\/\"]}]}<\/script>\n<!-- \/ Yoast SEO Premium plugin. -->","yoast_head_json":{"title":"To go Glasbecher mit Bambusdeckel 420ml - Gr\u00f8nt Kontor","robots":{"index":"index","follow":"follow","max-snippet":"max-snippet:-1","max-image-preview":"max-image-preview:large","max-video-preview":"max-video-preview:-1"},"canonical":"https:\/\/grontkontor.dk\/shop\/to-go-glaskrus-med-bambuslaag\/","og_locale":"de_DE","og_type":"article","og_title":"To go Glasbecher mit Bambusdeckel 420ml","og_description":"Einfacher, gut gestalteter und umweltfreundlicher Becher aus Borosilikatglas von h\u00f6chster Qualit\u00e4t. Der Deckel besteht aus Bambus (da Bambus ein nat\u00fcrliches Material ist, kann die Farbe bei den einzelnen Produkten variieren). Ein wirklich sch\u00f6nes Handout \/ Giveaway f\u00fcr Messe und Event. Erh\u00e4ltlich mit Druck oder Gravur. Der Becher ist sp\u00fclmaschinen- und mikrowellengeeignet, Bambusdeckel und L\u00f6ffel werden [&hellip;]","og_url":"https:\/\/grontkontor.dk\/shop\/to-go-glaskrus-med-bambuslaag\/","og_site_name":"Gr\u00f8nt Kontor","article_publisher":"https:\/\/www.facebook.com\/grontkontor.dk\/","og_image":[{"width":800,"height":568,"url":"https:\/\/grontkontor.dk\/wp-content\/uploads\/2020\/04\/glaskrus-med-bambuslaag-bambusske-001-2.jpg","type":"image\/jpeg"}],"twitter_card":"summary_large_image","schema":{"@context":"https:\/\/schema.org","@graph":[{"@type":"WebPage","@id":"https:\/\/grontkontor.dk\/shop\/to-go-glaskrus-med-bambuslaag\/","url":"https:\/\/grontkontor.dk\/shop\/to-go-glaskrus-med-bambuslaag\/","name":"To go Glasbecher mit Bambusdeckel 420ml - Gr\u00f8nt Kontor","isPartOf":{"@id":"https:\/\/grontkontor.dk\/#website"},"datePublished":"2024-05-29T09:04:30+00:00","dateModified":"2024-05-29T09:04:30+00:00","breadcrumb":{"@id":"https:\/\/grontkontor.dk\/shop\/to-go-glaskrus-med-bambuslaag\/#breadcrumb"},"inLanguage":"de","potentialAction":[{"@type":"ReadAction","target":["https:\/\/grontkontor.dk\/shop\/to-go-glaskrus-med-bambuslaag\/"]}]},{"@type":"BreadcrumbList","@id":"https:\/\/grontkontor.dk\/shop\/to-go-glaskrus-med-bambuslaag\/#breadcrumb","itemListElement":[{"@type":"ListItem","position":1,"name":"Forside","item":"https:\/\/grontkontor.dk\/de\/"},{"@type":"ListItem","position":2,"name":"Laden","item":"https:\/\/grontkontor.dk\/de\/laden\/"},{"@type":"ListItem","position":3,"name":"Klimafreundliche Werbegeschenke","item":"https:\/\/grontkontor.dk\/de\/produkt-kategori\/klimafreundliche-werbegeschenke\/"},{"@type":"ListItem","position":4,"name":"Becher und Tassen","item":"https:\/\/grontkontor.dk\/de\/produkt-kategori\/becher-und-tassen\/"},{"@type":"ListItem","position":5,"name":"To go Glasbecher mit Bambusdeckel 420ml"}]},{"@type":"WebSite","@id":"https:\/\/grontkontor.dk\/#website","url":"https:\/\/grontkontor.dk\/","name":"Gr\u00f8nt Kontor","description":"Milj\u00f8venlige produkter til kontor og erhverv med fokus p\u00e5 b\u00e6redygtighed, design og fair trade.","publisher":{"@id":"https:\/\/grontkontor.dk\/#organization"},"potentialAction":[{"@type":"SearchAction","target":{"@type":"EntryPoint","urlTemplate":"https:\/\/grontkontor.dk\/?s={search_term_string}"},"query-input":"required name=search_term_string"}],"inLanguage":"de"},{"@type":"Organization","@id":"https:\/\/grontkontor.dk\/#organization","name":"Gr\u00f8nt Kontor","url":"https:\/\/grontkontor.dk\/","logo":{"@type":"ImageObject","inLanguage":"de","@id":"https:\/\/grontkontor.dk\/#\/schema\/logo\/image\/","url":"https:\/\/grontkontor.dk\/wp-content\/uploads\/2014\/02\/Logo_groent_kontor_300x80.png","contentUrl":"https:\/\/grontkontor.dk\/wp-content\/uploads\/2014\/02\/Logo_groent_kontor_300x80.png","width":300,"height":80,"caption":"Gr\u00f8nt Kontor"},"image":{"@id":"https:\/\/grontkontor.dk\/#\/schema\/logo\/image\/"},"sameAs":["https:\/\/www.facebook.com\/grontkontor.dk\/"]}]}},"_links":{"self":[{"href":"https:\/\/grontkontor.dk\/de\/wp-json\/wp\/v2\/product\/90129"}],"collection":[{"href":"https:\/\/grontkontor.dk\/de\/wp-json\/wp\/v2\/product"}],"about":[{"href":"https:\/\/grontkontor.dk\/de\/wp-json\/wp\/v2\/types\/product"}],"replies":[{"embeddable":true,"href":"https:\/\/grontkontor.dk\/de\/wp-json\/wp\/v2\/comments?post=90129"}],"wp:featuredmedia":[{"embeddable":true,"href":"https:\/\/grontkontor.dk\/de\/wp-json\/wp\/v2\/media\/90133"}],"wp:attachment":[{"href":"https:\/\/grontkontor.dk\/de\/wp-json\/wp\/v2\/media?parent=90129"}],"wp:term":[{"taxonomy":"product_cat","embeddable":true,"href":"https:\/\/grontkontor.dk\/de\/wp-json\/wp\/v2\/product_cat?post=90129"},{"taxonomy":"product_tag","embeddable":true,"href":"https:\/\/grontkontor.dk\/de\/wp-json\/wp\/v2\/product_tag?post=90129"}],"curies":[{"name":"wp","href":"https:\/\/api.w.org\/{rel}","templated":true}]}}