{"id":90140,"date":"2023-09-22T13:11:15","date_gmt":"2024-05-29T09:04:32","guid":{"rendered":"https:\/\/grontkontor.dk\/shop\/notizblock-kugelschreiber-bambus\/"},"modified":"2024-05-29T11:04:32","modified_gmt":"2024-05-29T09:04:32","slug":"notizblock-kugelschreiber-bambus","status":"publish","type":"product","link":"https:\/\/grontkontor.dk\/de\/shop\/notizblock-kugelschreiber-bambus\/","title":{"rendered":"Notizblock mit Bambusstift"},"content":{"rendered":"<p>Klimafreundlicher Notizblock mit Spiralr\u00fccken und Bambuskugelschreiber. Enth\u00e4lt 160 linierte Seiten auf Recyclingpapier mit praktischem elastischem Verschluss und elastischem Stifthalter.<br \/>\nEin umweltfreundliches und praktisches Produkt f\u00fcr die Hosentasche, geeignet als Handout f\u00fcr Messen und Veranstaltungen.<br \/>\nDas Produkt wird in unserem Sortiment nicht mehr hergestellt, aber solange der Vorrat reicht, k\u00f6nnen Sie super g\u00fcnstig f\u00fcr runde zwanzig pro St\u00fcck kaufen.<\/p>\n<p>Lieferbar mit Logodruck ab 100 Stk.<br \/>\nMaximaler Druckbereich: 30x60mm<\/p>\n<p>&nbsp;<\/p>\n<p>[bambus]<\/p>\n","protected":false},"excerpt":{"rendered":"<p>Klimafreundlicher Notizblock mit Spiralr\u00fccken und Bambuskugelschreiber. Enth\u00e4lt 160 linierte Seiten auf Recyclingpapier mit praktischem elastischem Verschluss und elastischem Stifthalter. Ein umweltfreundliches und praktisches Produkt f\u00fcr die Hosentasche, geeignet als Handout f\u00fcr Messen und Veranstaltungen. Das Produkt wird in unserem Sortiment nicht mehr hergestellt, aber solange der Vorrat reicht, k\u00f6nnen Sie super g\u00fcnstig f\u00fcr runde zwanzig [&hellip;]<\/p>\n","protected":false},"featured_media":111337,"comment_status":"closed","ping_status":"closed","template":"","meta":{"_acf_changed":false},"product_cat":[3325,3321,3606,3604],"product_tag":[3864,3729,3608,3862,4202],"class_list":{"0":"post-90140","1":"product","2":"type-product","3":"status-publish","4":"has-post-thumbnail","6":"product_cat-dummy-moq-1-de","7":"product_cat-klimafreundliche-werbegeschenke","8":"product_cat-notizbuecher","9":"product_cat-papier-und-bloecke","10":"product_tag-notizblock-de","11":"product_tag-notizblock","12":"product_tag-notizbuch","13":"product_tag-notizbuecher","14":"product_tag-taschenbuch","15":"tm-has-options","17":"first","18":"instock","19":"sale","20":"taxable","21":"shipping-taxable","22":"purchasable","23":"product-type-simple"},"acf":[],"yoast_head":"<!-- This site is optimized with the Yoast SEO Premium plugin v21.2 (Yoast SEO v21.2) - https:\/\/yoast.com\/wordpress\/plugins\/seo\/ -->\n<title>Notizblock mit Bambusstift - Gr\u00f8nt Kontor<\/title>\n<meta name=\"robots\" content=\"index, follow, max-snippet:-1, max-image-preview:large, max-video-preview:-1\" \/>\n<link rel=\"canonical\" href=\"https:\/\/grontkontor.dk\/shop\/notesblok-kuglepen-bambus\/\" \/>\n<meta property=\"og:locale\" content=\"de_DE\" \/>\n<meta property=\"og:type\" content=\"article\" \/>\n<meta property=\"og:title\" content=\"Notizblock mit Bambusstift\" \/>\n<meta property=\"og:description\" content=\"Klimafreundlicher Notizblock mit Spiralr\u00fccken und Bambuskugelschreiber. Enth\u00e4lt 160 linierte Seiten auf Recyclingpapier mit praktischem elastischem Verschluss und elastischem Stifthalter. Ein umweltfreundliches und praktisches Produkt f\u00fcr die Hosentasche, geeignet als Handout f\u00fcr Messen und Veranstaltungen. Das Produkt wird in unserem Sortiment nicht mehr hergestellt, aber solange der Vorrat reicht, k\u00f6nnen Sie super g\u00fcnstig f\u00fcr runde zwanzig [&hellip;]\" \/>\n<meta property=\"og:url\" content=\"https:\/\/grontkontor.dk\/shop\/notesblok-kuglepen-bambus\/\" \/>\n<meta property=\"og:site_name\" content=\"Gr\u00f8nt Kontor\" \/>\n<meta property=\"article:publisher\" content=\"https:\/\/www.facebook.com\/grontkontor.dk\/\" \/>\n<meta property=\"og:image\" content=\"https:\/\/grontkontor.dk\/wp-content\/uploads\/2020\/04\/notesblok-bambus-01.jpg\" \/>\n\t<meta property=\"og:image:width\" content=\"800\" \/>\n\t<meta property=\"og:image:height\" content=\"568\" \/>\n\t<meta property=\"og:image:type\" content=\"image\/jpeg\" \/>\n<meta name=\"twitter:card\" content=\"summary_large_image\" \/>\n<script type=\"application\/ld+json\" class=\"yoast-schema-graph\">{\"@context\":\"https:\/\/schema.org\",\"@graph\":[{\"@type\":\"WebPage\",\"@id\":\"https:\/\/grontkontor.dk\/shop\/notesblok-kuglepen-bambus\/\",\"url\":\"https:\/\/grontkontor.dk\/shop\/notesblok-kuglepen-bambus\/\",\"name\":\"Notizblock mit Bambusstift - Gr\u00f8nt Kontor\",\"isPartOf\":{\"@id\":\"https:\/\/grontkontor.dk\/#website\"},\"datePublished\":\"2024-05-29T09:04:32+00:00\",\"dateModified\":\"2024-05-29T09:04:32+00:00\",\"breadcrumb\":{\"@id\":\"https:\/\/grontkontor.dk\/shop\/notesblok-kuglepen-bambus\/#breadcrumb\"},\"inLanguage\":\"de\",\"potentialAction\":[{\"@type\":\"ReadAction\",\"target\":[\"https:\/\/grontkontor.dk\/shop\/notesblok-kuglepen-bambus\/\"]}]},{\"@type\":\"BreadcrumbList\",\"@id\":\"https:\/\/grontkontor.dk\/shop\/notesblok-kuglepen-bambus\/#breadcrumb\",\"itemListElement\":[{\"@type\":\"ListItem\",\"position\":1,\"name\":\"Forside\",\"item\":\"https:\/\/grontkontor.dk\/de\/\"},{\"@type\":\"ListItem\",\"position\":2,\"name\":\"Laden\",\"item\":\"https:\/\/grontkontor.dk\/de\/laden\/\"},{\"@type\":\"ListItem\",\"position\":3,\"name\":\"Papier und Bl\u00f6cke\",\"item\":\"https:\/\/grontkontor.dk\/de\/produkt-kategori\/papier-und-bloecke\/\"},{\"@type\":\"ListItem\",\"position\":4,\"name\":\"Notizb\u00fccher\",\"item\":\"https:\/\/grontkontor.dk\/de\/produkt-kategori\/papier-und-bloecke\/notizbuecher\/\"},{\"@type\":\"ListItem\",\"position\":5,\"name\":\"Notizblock mit Bambusstift\"}]},{\"@type\":\"WebSite\",\"@id\":\"https:\/\/grontkontor.dk\/#website\",\"url\":\"https:\/\/grontkontor.dk\/\",\"name\":\"Gr\u00f8nt Kontor\",\"description\":\"Milj\u00f8venlige produkter til kontor og erhverv med fokus p\u00e5 b\u00e6redygtighed, design og fair trade.\",\"publisher\":{\"@id\":\"https:\/\/grontkontor.dk\/#organization\"},\"potentialAction\":[{\"@type\":\"SearchAction\",\"target\":{\"@type\":\"EntryPoint\",\"urlTemplate\":\"https:\/\/grontkontor.dk\/?s={search_term_string}\"},\"query-input\":\"required name=search_term_string\"}],\"inLanguage\":\"de\"},{\"@type\":\"Organization\",\"@id\":\"https:\/\/grontkontor.dk\/#organization\",\"name\":\"Gr\u00f8nt Kontor\",\"url\":\"https:\/\/grontkontor.dk\/\",\"logo\":{\"@type\":\"ImageObject\",\"inLanguage\":\"de\",\"@id\":\"https:\/\/grontkontor.dk\/#\/schema\/logo\/image\/\",\"url\":\"https:\/\/grontkontor.dk\/wp-content\/uploads\/2014\/02\/Logo_groent_kontor_300x80.png\",\"contentUrl\":\"https:\/\/grontkontor.dk\/wp-content\/uploads\/2014\/02\/Logo_groent_kontor_300x80.png\",\"width\":300,\"height\":80,\"caption\":\"Gr\u00f8nt Kontor\"},\"image\":{\"@id\":\"https:\/\/grontkontor.dk\/#\/schema\/logo\/image\/\"},\"sameAs\":[\"https:\/\/www.facebook.com\/grontkontor.dk\/\"]}]}<\/script>\n<!-- \/ Yoast SEO Premium plugin. -->","yoast_head_json":{"title":"Notizblock mit Bambusstift - Gr\u00f8nt Kontor","robots":{"index":"index","follow":"follow","max-snippet":"max-snippet:-1","max-image-preview":"max-image-preview:large","max-video-preview":"max-video-preview:-1"},"canonical":"https:\/\/grontkontor.dk\/shop\/notesblok-kuglepen-bambus\/","og_locale":"de_DE","og_type":"article","og_title":"Notizblock mit Bambusstift","og_description":"Klimafreundlicher Notizblock mit Spiralr\u00fccken und Bambuskugelschreiber. Enth\u00e4lt 160 linierte Seiten auf Recyclingpapier mit praktischem elastischem Verschluss und elastischem Stifthalter. Ein umweltfreundliches und praktisches Produkt f\u00fcr die Hosentasche, geeignet als Handout f\u00fcr Messen und Veranstaltungen. Das Produkt wird in unserem Sortiment nicht mehr hergestellt, aber solange der Vorrat reicht, k\u00f6nnen Sie super g\u00fcnstig f\u00fcr runde zwanzig [&hellip;]","og_url":"https:\/\/grontkontor.dk\/shop\/notesblok-kuglepen-bambus\/","og_site_name":"Gr\u00f8nt Kontor","article_publisher":"https:\/\/www.facebook.com\/grontkontor.dk\/","og_image":[{"width":800,"height":568,"url":"https:\/\/grontkontor.dk\/wp-content\/uploads\/2020\/04\/notesblok-bambus-01.jpg","type":"image\/jpeg"}],"twitter_card":"summary_large_image","schema":{"@context":"https:\/\/schema.org","@graph":[{"@type":"WebPage","@id":"https:\/\/grontkontor.dk\/shop\/notesblok-kuglepen-bambus\/","url":"https:\/\/grontkontor.dk\/shop\/notesblok-kuglepen-bambus\/","name":"Notizblock mit Bambusstift - Gr\u00f8nt Kontor","isPartOf":{"@id":"https:\/\/grontkontor.dk\/#website"},"datePublished":"2024-05-29T09:04:32+00:00","dateModified":"2024-05-29T09:04:32+00:00","breadcrumb":{"@id":"https:\/\/grontkontor.dk\/shop\/notesblok-kuglepen-bambus\/#breadcrumb"},"inLanguage":"de","potentialAction":[{"@type":"ReadAction","target":["https:\/\/grontkontor.dk\/shop\/notesblok-kuglepen-bambus\/"]}]},{"@type":"BreadcrumbList","@id":"https:\/\/grontkontor.dk\/shop\/notesblok-kuglepen-bambus\/#breadcrumb","itemListElement":[{"@type":"ListItem","position":1,"name":"Forside","item":"https:\/\/grontkontor.dk\/de\/"},{"@type":"ListItem","position":2,"name":"Laden","item":"https:\/\/grontkontor.dk\/de\/laden\/"},{"@type":"ListItem","position":3,"name":"Papier und Bl\u00f6cke","item":"https:\/\/grontkontor.dk\/de\/produkt-kategori\/papier-und-bloecke\/"},{"@type":"ListItem","position":4,"name":"Notizb\u00fccher","item":"https:\/\/grontkontor.dk\/de\/produkt-kategori\/papier-und-bloecke\/notizbuecher\/"},{"@type":"ListItem","position":5,"name":"Notizblock mit Bambusstift"}]},{"@type":"WebSite","@id":"https:\/\/grontkontor.dk\/#website","url":"https:\/\/grontkontor.dk\/","name":"Gr\u00f8nt Kontor","description":"Milj\u00f8venlige produkter til kontor og erhverv med fokus p\u00e5 b\u00e6redygtighed, design og fair trade.","publisher":{"@id":"https:\/\/grontkontor.dk\/#organization"},"potentialAction":[{"@type":"SearchAction","target":{"@type":"EntryPoint","urlTemplate":"https:\/\/grontkontor.dk\/?s={search_term_string}"},"query-input":"required name=search_term_string"}],"inLanguage":"de"},{"@type":"Organization","@id":"https:\/\/grontkontor.dk\/#organization","name":"Gr\u00f8nt Kontor","url":"https:\/\/grontkontor.dk\/","logo":{"@type":"ImageObject","inLanguage":"de","@id":"https:\/\/grontkontor.dk\/#\/schema\/logo\/image\/","url":"https:\/\/grontkontor.dk\/wp-content\/uploads\/2014\/02\/Logo_groent_kontor_300x80.png","contentUrl":"https:\/\/grontkontor.dk\/wp-content\/uploads\/2014\/02\/Logo_groent_kontor_300x80.png","width":300,"height":80,"caption":"Gr\u00f8nt Kontor"},"image":{"@id":"https:\/\/grontkontor.dk\/#\/schema\/logo\/image\/"},"sameAs":["https:\/\/www.facebook.com\/grontkontor.dk\/"]}]}},"_links":{"self":[{"href":"https:\/\/grontkontor.dk\/de\/wp-json\/wp\/v2\/product\/90140"}],"collection":[{"href":"https:\/\/grontkontor.dk\/de\/wp-json\/wp\/v2\/product"}],"about":[{"href":"https:\/\/grontkontor.dk\/de\/wp-json\/wp\/v2\/types\/product"}],"replies":[{"embeddable":true,"href":"https:\/\/grontkontor.dk\/de\/wp-json\/wp\/v2\/comments?post=90140"}],"wp:featuredmedia":[{"embeddable":true,"href":"https:\/\/grontkontor.dk\/de\/wp-json\/wp\/v2\/media\/111337"}],"wp:attachment":[{"href":"https:\/\/grontkontor.dk\/de\/wp-json\/wp\/v2\/media?parent=90140"}],"wp:term":[{"taxonomy":"product_cat","embeddable":true,"href":"https:\/\/grontkontor.dk\/de\/wp-json\/wp\/v2\/product_cat?post=90140"},{"taxonomy":"product_tag","embeddable":true,"href":"https:\/\/grontkontor.dk\/de\/wp-json\/wp\/v2\/product_tag?post=90140"}],"curies":[{"name":"wp","href":"https:\/\/api.w.org\/{rel}","templated":true}]}}