{"id":90227,"date":"2023-09-22T13:09:13","date_gmt":"2024-05-29T09:07:36","guid":{"rendered":"https:\/\/grontkontor.dk\/shop\/retro-emaille-becher-mit-farbigem-rand\/"},"modified":"2024-05-29T11:07:36","modified_gmt":"2024-05-29T09:07:36","slug":"retro-emaille-becher-mit-farbigem-rand","status":"publish","type":"product","link":"https:\/\/grontkontor.dk\/de\/shop\/retro-emaille-becher-mit-farbigem-rand\/","title":{"rendered":"Retro Emaille Becher wei\u00df &#8211; ohne Logodruck"},"content":{"rendered":"<p>Guter Emaille-Becher im Retro-Stil mit Henkel. Der Becher besteht aus Eisen mit wei\u00dfer Emaillebeschichtung mit optionalem farbigem Rand. W\u00e4hlen Sie zwischen Schwarz, Rot, Gr\u00fcn und Blau.<br \/>\nDer Becher ist sp\u00fclmaschinenfest, wird aber auf Dauer am besten von Hand gewaschen. Geeignet als Handout f\u00fcr Messen und Events.<br \/>\nHINWEIS: Wie bei klassischen Emaille-Tassen kann es zu Unebenheiten und kleinen M\u00e4ngeln in der Verarbeitung kommen.<br \/>\nDer Becher ist  [food-c]<br \/>\nErh\u00e4ltlich mit Logo-Print<br \/>\nGr\u00f6\u00dfe: 350 ml.<\/p>\n<p>[staal_s]<\/p>\n","protected":false},"excerpt":{"rendered":"<p>Guter Emaille-Becher im Retro-Stil mit Henkel. Der Becher besteht aus Eisen mit wei\u00dfer Emaillebeschichtung mit optionalem farbigem Rand. W\u00e4hlen Sie zwischen Schwarz, Rot, Gr\u00fcn und Blau. Der Becher ist sp\u00fclmaschinenfest, wird aber auf Dauer am besten von Hand gewaschen. Geeignet als Handout f\u00fcr Messen und Events. HINWEIS: Wie bei klassischen Emaille-Tassen kann es zu Unebenheiten [&hellip;]<\/p>\n","protected":false},"featured_media":111223,"comment_status":"closed","ping_status":"closed","template":"","meta":{"_acf_changed":false},"product_cat":[4489,3465,3517,3339],"product_tag":[3663,3831],"class_list":{"0":"post-90227","1":"product","2":"type-product","3":"status-publish","4":"has-post-thumbnail","6":"product_cat-becher-und-tassen","7":"product_cat-becher-tassen-etc","8":"product_cat-dummy-moq-50-100-de","9":"product_cat-essen-und-trinken","10":"product_tag-becher","11":"product_tag-kaffeetassen","12":"tm-has-options","14":"first","15":"instock","16":"taxable","17":"shipping-taxable","18":"purchasable","19":"product-type-variable","20":"has-default-attributes"},"acf":[],"yoast_head":"<!-- This site is optimized with the Yoast SEO Premium plugin v21.2 (Yoast SEO v21.2) - https:\/\/yoast.com\/wordpress\/plugins\/seo\/ -->\n<title>Retro Emaille Becher wei\u00df - ohne Logodruck - Gr\u00f8nt Kontor<\/title>\n<meta name=\"robots\" content=\"index, follow, max-snippet:-1, max-image-preview:large, max-video-preview:-1\" \/>\n<link rel=\"canonical\" href=\"https:\/\/grontkontor.dk\/de\/shop\/retro-emaille-becher-mit-farbigem-rand\/\" \/>\n<meta property=\"og:locale\" content=\"de_DE\" \/>\n<meta property=\"og:type\" content=\"article\" \/>\n<meta property=\"og:title\" content=\"Retro Emaille Becher wei\u00df - ohne Logodruck\" \/>\n<meta property=\"og:description\" content=\"Guter Emaille-Becher im Retro-Stil mit Henkel. Der Becher besteht aus Eisen mit wei\u00dfer Emaillebeschichtung mit optionalem farbigem Rand. W\u00e4hlen Sie zwischen Schwarz, Rot, Gr\u00fcn und Blau. Der Becher ist sp\u00fclmaschinenfest, wird aber auf Dauer am besten von Hand gewaschen. Geeignet als Handout f\u00fcr Messen und Events. HINWEIS: Wie bei klassischen Emaille-Tassen kann es zu Unebenheiten [&hellip;]\" \/>\n<meta property=\"og:url\" content=\"https:\/\/grontkontor.dk\/de\/shop\/retro-emaille-becher-mit-farbigem-rand\/\" \/>\n<meta property=\"og:site_name\" content=\"Gr\u00f8nt Kontor\" \/>\n<meta property=\"article:publisher\" content=\"https:\/\/www.facebook.com\/grontkontor.dk\/\" \/>\n<meta name=\"twitter:card\" content=\"summary_large_image\" \/>\n<script type=\"application\/ld+json\" class=\"yoast-schema-graph\">{\"@context\":\"https:\/\/schema.org\",\"@graph\":[{\"@type\":\"WebPage\",\"@id\":\"https:\/\/grontkontor.dk\/de\/shop\/retro-emaille-becher-mit-farbigem-rand\/\",\"url\":\"https:\/\/grontkontor.dk\/de\/shop\/retro-emaille-becher-mit-farbigem-rand\/\",\"name\":\"Retro Emaille Becher wei\u00df - ohne Logodruck - Gr\u00f8nt Kontor\",\"isPartOf\":{\"@id\":\"https:\/\/grontkontor.dk\/#website\"},\"datePublished\":\"2024-05-29T09:07:36+00:00\",\"dateModified\":\"2024-05-29T09:07:36+00:00\",\"breadcrumb\":{\"@id\":\"https:\/\/grontkontor.dk\/de\/shop\/retro-emaille-becher-mit-farbigem-rand\/#breadcrumb\"},\"inLanguage\":\"de\",\"potentialAction\":[{\"@type\":\"ReadAction\",\"target\":[\"https:\/\/grontkontor.dk\/de\/shop\/retro-emaille-becher-mit-farbigem-rand\/\"]}]},{\"@type\":\"BreadcrumbList\",\"@id\":\"https:\/\/grontkontor.dk\/de\/shop\/retro-emaille-becher-mit-farbigem-rand\/#breadcrumb\",\"itemListElement\":[{\"@type\":\"ListItem\",\"position\":1,\"name\":\"Forside\",\"item\":\"https:\/\/grontkontor.dk\/de\/\"},{\"@type\":\"ListItem\",\"position\":2,\"name\":\"Laden\",\"item\":\"https:\/\/grontkontor.dk\/de\/laden\/\"},{\"@type\":\"ListItem\",\"position\":3,\"name\":\"Essen und Trinken\",\"item\":\"https:\/\/grontkontor.dk\/de\/produkt-kategori\/essen-und-trinken\/\"},{\"@type\":\"ListItem\",\"position\":4,\"name\":\"Becher, Tassen etc.\",\"item\":\"https:\/\/grontkontor.dk\/de\/produkt-kategori\/essen-und-trinken\/becher-tassen-etc\/\"},{\"@type\":\"ListItem\",\"position\":5,\"name\":\"Retro Emaille Becher wei\u00df &#8211; ohne Logodruck\"}]},{\"@type\":\"WebSite\",\"@id\":\"https:\/\/grontkontor.dk\/#website\",\"url\":\"https:\/\/grontkontor.dk\/\",\"name\":\"Gr\u00f8nt Kontor\",\"description\":\"Milj\u00f8venlige produkter til kontor og erhverv med fokus p\u00e5 b\u00e6redygtighed, design og fair trade.\",\"publisher\":{\"@id\":\"https:\/\/grontkontor.dk\/#organization\"},\"potentialAction\":[{\"@type\":\"SearchAction\",\"target\":{\"@type\":\"EntryPoint\",\"urlTemplate\":\"https:\/\/grontkontor.dk\/?s={search_term_string}\"},\"query-input\":\"required name=search_term_string\"}],\"inLanguage\":\"de\"},{\"@type\":\"Organization\",\"@id\":\"https:\/\/grontkontor.dk\/#organization\",\"name\":\"Gr\u00f8nt Kontor\",\"url\":\"https:\/\/grontkontor.dk\/\",\"logo\":{\"@type\":\"ImageObject\",\"inLanguage\":\"de\",\"@id\":\"https:\/\/grontkontor.dk\/#\/schema\/logo\/image\/\",\"url\":\"https:\/\/grontkontor.dk\/wp-content\/uploads\/2014\/02\/Logo_groent_kontor_300x80.png\",\"contentUrl\":\"https:\/\/grontkontor.dk\/wp-content\/uploads\/2014\/02\/Logo_groent_kontor_300x80.png\",\"width\":300,\"height\":80,\"caption\":\"Gr\u00f8nt Kontor\"},\"image\":{\"@id\":\"https:\/\/grontkontor.dk\/#\/schema\/logo\/image\/\"},\"sameAs\":[\"https:\/\/www.facebook.com\/grontkontor.dk\/\"]}]}<\/script>\n<!-- \/ Yoast SEO Premium plugin. -->","yoast_head_json":{"title":"Retro Emaille Becher wei\u00df - ohne Logodruck - Gr\u00f8nt Kontor","robots":{"index":"index","follow":"follow","max-snippet":"max-snippet:-1","max-image-preview":"max-image-preview:large","max-video-preview":"max-video-preview:-1"},"canonical":"https:\/\/grontkontor.dk\/de\/shop\/retro-emaille-becher-mit-farbigem-rand\/","og_locale":"de_DE","og_type":"article","og_title":"Retro Emaille Becher wei\u00df - ohne Logodruck","og_description":"Guter Emaille-Becher im Retro-Stil mit Henkel. Der Becher besteht aus Eisen mit wei\u00dfer Emaillebeschichtung mit optionalem farbigem Rand. W\u00e4hlen Sie zwischen Schwarz, Rot, Gr\u00fcn und Blau. Der Becher ist sp\u00fclmaschinenfest, wird aber auf Dauer am besten von Hand gewaschen. Geeignet als Handout f\u00fcr Messen und Events. HINWEIS: Wie bei klassischen Emaille-Tassen kann es zu Unebenheiten [&hellip;]","og_url":"https:\/\/grontkontor.dk\/de\/shop\/retro-emaille-becher-mit-farbigem-rand\/","og_site_name":"Gr\u00f8nt Kontor","article_publisher":"https:\/\/www.facebook.com\/grontkontor.dk\/","twitter_card":"summary_large_image","schema":{"@context":"https:\/\/schema.org","@graph":[{"@type":"WebPage","@id":"https:\/\/grontkontor.dk\/de\/shop\/retro-emaille-becher-mit-farbigem-rand\/","url":"https:\/\/grontkontor.dk\/de\/shop\/retro-emaille-becher-mit-farbigem-rand\/","name":"Retro Emaille Becher wei\u00df - ohne Logodruck - Gr\u00f8nt Kontor","isPartOf":{"@id":"https:\/\/grontkontor.dk\/#website"},"datePublished":"2024-05-29T09:07:36+00:00","dateModified":"2024-05-29T09:07:36+00:00","breadcrumb":{"@id":"https:\/\/grontkontor.dk\/de\/shop\/retro-emaille-becher-mit-farbigem-rand\/#breadcrumb"},"inLanguage":"de","potentialAction":[{"@type":"ReadAction","target":["https:\/\/grontkontor.dk\/de\/shop\/retro-emaille-becher-mit-farbigem-rand\/"]}]},{"@type":"BreadcrumbList","@id":"https:\/\/grontkontor.dk\/de\/shop\/retro-emaille-becher-mit-farbigem-rand\/#breadcrumb","itemListElement":[{"@type":"ListItem","position":1,"name":"Forside","item":"https:\/\/grontkontor.dk\/de\/"},{"@type":"ListItem","position":2,"name":"Laden","item":"https:\/\/grontkontor.dk\/de\/laden\/"},{"@type":"ListItem","position":3,"name":"Essen und Trinken","item":"https:\/\/grontkontor.dk\/de\/produkt-kategori\/essen-und-trinken\/"},{"@type":"ListItem","position":4,"name":"Becher, Tassen etc.","item":"https:\/\/grontkontor.dk\/de\/produkt-kategori\/essen-und-trinken\/becher-tassen-etc\/"},{"@type":"ListItem","position":5,"name":"Retro Emaille Becher wei\u00df &#8211; ohne Logodruck"}]},{"@type":"WebSite","@id":"https:\/\/grontkontor.dk\/#website","url":"https:\/\/grontkontor.dk\/","name":"Gr\u00f8nt Kontor","description":"Milj\u00f8venlige produkter til kontor og erhverv med fokus p\u00e5 b\u00e6redygtighed, design og fair trade.","publisher":{"@id":"https:\/\/grontkontor.dk\/#organization"},"potentialAction":[{"@type":"SearchAction","target":{"@type":"EntryPoint","urlTemplate":"https:\/\/grontkontor.dk\/?s={search_term_string}"},"query-input":"required name=search_term_string"}],"inLanguage":"de"},{"@type":"Organization","@id":"https:\/\/grontkontor.dk\/#organization","name":"Gr\u00f8nt Kontor","url":"https:\/\/grontkontor.dk\/","logo":{"@type":"ImageObject","inLanguage":"de","@id":"https:\/\/grontkontor.dk\/#\/schema\/logo\/image\/","url":"https:\/\/grontkontor.dk\/wp-content\/uploads\/2014\/02\/Logo_groent_kontor_300x80.png","contentUrl":"https:\/\/grontkontor.dk\/wp-content\/uploads\/2014\/02\/Logo_groent_kontor_300x80.png","width":300,"height":80,"caption":"Gr\u00f8nt Kontor"},"image":{"@id":"https:\/\/grontkontor.dk\/#\/schema\/logo\/image\/"},"sameAs":["https:\/\/www.facebook.com\/grontkontor.dk\/"]}]}},"_links":{"self":[{"href":"https:\/\/grontkontor.dk\/de\/wp-json\/wp\/v2\/product\/90227"}],"collection":[{"href":"https:\/\/grontkontor.dk\/de\/wp-json\/wp\/v2\/product"}],"about":[{"href":"https:\/\/grontkontor.dk\/de\/wp-json\/wp\/v2\/types\/product"}],"replies":[{"embeddable":true,"href":"https:\/\/grontkontor.dk\/de\/wp-json\/wp\/v2\/comments?post=90227"}],"wp:featuredmedia":[{"embeddable":true,"href":"https:\/\/grontkontor.dk\/de\/wp-json\/wp\/v2\/media\/111223"}],"wp:attachment":[{"href":"https:\/\/grontkontor.dk\/de\/wp-json\/wp\/v2\/media?parent=90227"}],"wp:term":[{"taxonomy":"product_cat","embeddable":true,"href":"https:\/\/grontkontor.dk\/de\/wp-json\/wp\/v2\/product_cat?post=90227"},{"taxonomy":"product_tag","embeddable":true,"href":"https:\/\/grontkontor.dk\/de\/wp-json\/wp\/v2\/product_tag?post=90227"}],"curies":[{"name":"wp","href":"https:\/\/api.w.org\/{rel}","templated":true}]}}