{"id":90228,"date":"2023-09-22T13:10:03","date_gmt":"2024-05-29T09:07:36","guid":{"rendered":"https:\/\/grontkontor.dk\/shop\/stift-in-bambus-weizenfaser-und-pp\/"},"modified":"2024-05-29T11:07:36","modified_gmt":"2024-05-29T09:07:36","slug":"stift-in-bambus-weizenfaser-und-pp","status":"publish","type":"product","link":"https:\/\/grontkontor.dk\/de\/shop\/stift-in-bambus-weizenfaser-und-pp\/","title":{"rendered":"Kugelschreiber aus Bambus, Weizenfaser und PP ohne Druck"},"content":{"rendered":"<p>Exklusiver, flippiger und preiswerter K\u00f6rperstift aus Bambus mit Oberteil, Fu\u00df und Clip aus Weizenfasermaterial (Weizen + PP) in Pastellfarben. Polypropylen (PP) wird aus fossilem Kunststoff hergestellt und ist daher kein klimafreundliches Material. Das Design + die hinzugef\u00fcgten Naturfasern schr\u00e4nken die Verwendung von Kunststoff erheblich ein, sodass der Stift im Vergleich zu herk\u00f6mmlichen Kunststoffstiften relativ umweltfreundlich ist.<br \/>\nWird standardm\u00e4\u00dfig mit blauer Tinte und Kunststoffpatrone geliefert.<\/p>\n<p>[bambus]<\/p>\n<p>&nbsp;<\/p>\n","protected":false},"excerpt":{"rendered":"<p>Exklusiver, flippiger und preiswerter K\u00f6rperstift aus Bambus mit Oberteil, Fu\u00df und Clip aus Weizenfasermaterial (Weizen + PP) in Pastellfarben. Polypropylen (PP) wird aus fossilem Kunststoff hergestellt und ist daher kein klimafreundliches Material. Das Design + die hinzugef\u00fcgten Naturfasern schr\u00e4nken die Verwendung von Kunststoff erheblich ein, sodass der Stift im Vergleich zu herk\u00f6mmlichen Kunststoffstiften relativ umweltfreundlich [&hellip;]<\/p>\n","protected":false},"featured_media":114215,"comment_status":"closed","ping_status":"closed","template":"","meta":{"_acf_changed":false},"product_cat":[3325,4403,3423,3424],"product_tag":[3427,3683],"class_list":{"0":"post-90228","1":"product","2":"type-product","3":"status-publish","4":"has-post-thumbnail","6":"product_cat-dummy-moq-1-de","7":"product_cat-kugelschreiber-und-bleistifte","8":"product_cat-schreib-und-zeigegeraete","9":"product_cat-stifte","10":"product_tag-kugelschreiber","11":"product_tag-stifte","12":"tm-has-options","14":"first","15":"instock","16":"taxable","17":"shipping-taxable","18":"purchasable","19":"product-type-variable","20":"has-default-attributes"},"acf":[],"yoast_head":"<!-- This site is optimized with the Yoast SEO Premium plugin v21.2 (Yoast SEO v21.2) - https:\/\/yoast.com\/wordpress\/plugins\/seo\/ -->\n<title>Kugelschreiber aus Bambus, Weizenfaser und PP ohne Druck - Gr\u00f8nt Kontor<\/title>\n<meta name=\"robots\" content=\"index, follow, max-snippet:-1, max-image-preview:large, max-video-preview:-1\" \/>\n<link rel=\"canonical\" href=\"https:\/\/grontkontor.dk\/shop\/kuglepen-i-bambus-hvedefiber-og-pp\/\" \/>\n<meta property=\"og:locale\" content=\"de_DE\" \/>\n<meta property=\"og:type\" content=\"article\" \/>\n<meta property=\"og:title\" content=\"Kugelschreiber aus Bambus, Weizenfaser und PP ohne Druck\" \/>\n<meta property=\"og:description\" content=\"Exklusiver, flippiger und preiswerter K\u00f6rperstift aus Bambus mit Oberteil, Fu\u00df und Clip aus Weizenfasermaterial (Weizen + PP) in Pastellfarben. Polypropylen (PP) wird aus fossilem Kunststoff hergestellt und ist daher kein klimafreundliches Material. Das Design + die hinzugef\u00fcgten Naturfasern schr\u00e4nken die Verwendung von Kunststoff erheblich ein, sodass der Stift im Vergleich zu herk\u00f6mmlichen Kunststoffstiften relativ umweltfreundlich [&hellip;]\" \/>\n<meta property=\"og:url\" content=\"https:\/\/grontkontor.dk\/shop\/kuglepen-i-bambus-hvedefiber-og-pp\/\" \/>\n<meta property=\"og:site_name\" content=\"Gr\u00f8nt Kontor\" \/>\n<meta property=\"article:publisher\" content=\"https:\/\/www.facebook.com\/grontkontor.dk\/\" \/>\n<meta property=\"og:image\" content=\"https:\/\/grontkontor.dk\/wp-content\/uploads\/2023\/09\/Miljoevenlig-kuglepenne-i-bambus-og-hvedefibre-collage.jpg\" \/>\n\t<meta property=\"og:image:width\" content=\"900\" \/>\n\t<meta property=\"og:image:height\" content=\"639\" \/>\n\t<meta property=\"og:image:type\" content=\"image\/jpeg\" \/>\n<meta name=\"twitter:card\" content=\"summary_large_image\" \/>\n<script type=\"application\/ld+json\" class=\"yoast-schema-graph\">{\"@context\":\"https:\/\/schema.org\",\"@graph\":[{\"@type\":\"WebPage\",\"@id\":\"https:\/\/grontkontor.dk\/shop\/kuglepen-i-bambus-hvedefiber-og-pp\/\",\"url\":\"https:\/\/grontkontor.dk\/shop\/kuglepen-i-bambus-hvedefiber-og-pp\/\",\"name\":\"Kugelschreiber aus Bambus, Weizenfaser und PP ohne Druck - Gr\u00f8nt Kontor\",\"isPartOf\":{\"@id\":\"https:\/\/grontkontor.dk\/#website\"},\"datePublished\":\"2024-05-29T09:07:36+00:00\",\"dateModified\":\"2024-05-29T09:07:36+00:00\",\"breadcrumb\":{\"@id\":\"https:\/\/grontkontor.dk\/shop\/kuglepen-i-bambus-hvedefiber-og-pp\/#breadcrumb\"},\"inLanguage\":\"de\",\"potentialAction\":[{\"@type\":\"ReadAction\",\"target\":[\"https:\/\/grontkontor.dk\/shop\/kuglepen-i-bambus-hvedefiber-og-pp\/\"]}]},{\"@type\":\"BreadcrumbList\",\"@id\":\"https:\/\/grontkontor.dk\/shop\/kuglepen-i-bambus-hvedefiber-og-pp\/#breadcrumb\",\"itemListElement\":[{\"@type\":\"ListItem\",\"position\":1,\"name\":\"Forside\",\"item\":\"https:\/\/grontkontor.dk\/de\/\"},{\"@type\":\"ListItem\",\"position\":2,\"name\":\"Laden\",\"item\":\"https:\/\/grontkontor.dk\/de\/laden\/\"},{\"@type\":\"ListItem\",\"position\":3,\"name\":\"Klimafreundliche Werbegeschenke\",\"item\":\"https:\/\/grontkontor.dk\/de\/produkt-kategori\/klimafreundliche-werbegeschenke\/\"},{\"@type\":\"ListItem\",\"position\":4,\"name\":\"Kugelschreiber und Bleistifte\",\"item\":\"https:\/\/grontkontor.dk\/de\/produkt-kategori\/klimafreundliche-werbegeschenke\/kugelschreiber-und-bleistifte\/\"},{\"@type\":\"ListItem\",\"position\":5,\"name\":\"Kugelschreiber aus Bambus, Weizenfaser und PP ohne Druck\"}]},{\"@type\":\"WebSite\",\"@id\":\"https:\/\/grontkontor.dk\/#website\",\"url\":\"https:\/\/grontkontor.dk\/\",\"name\":\"Gr\u00f8nt Kontor\",\"description\":\"Milj\u00f8venlige produkter til kontor og erhverv med fokus p\u00e5 b\u00e6redygtighed, design og fair trade.\",\"publisher\":{\"@id\":\"https:\/\/grontkontor.dk\/#organization\"},\"potentialAction\":[{\"@type\":\"SearchAction\",\"target\":{\"@type\":\"EntryPoint\",\"urlTemplate\":\"https:\/\/grontkontor.dk\/?s={search_term_string}\"},\"query-input\":\"required name=search_term_string\"}],\"inLanguage\":\"de\"},{\"@type\":\"Organization\",\"@id\":\"https:\/\/grontkontor.dk\/#organization\",\"name\":\"Gr\u00f8nt Kontor\",\"url\":\"https:\/\/grontkontor.dk\/\",\"logo\":{\"@type\":\"ImageObject\",\"inLanguage\":\"de\",\"@id\":\"https:\/\/grontkontor.dk\/#\/schema\/logo\/image\/\",\"url\":\"https:\/\/grontkontor.dk\/wp-content\/uploads\/2014\/02\/Logo_groent_kontor_300x80.png\",\"contentUrl\":\"https:\/\/grontkontor.dk\/wp-content\/uploads\/2014\/02\/Logo_groent_kontor_300x80.png\",\"width\":300,\"height\":80,\"caption\":\"Gr\u00f8nt Kontor\"},\"image\":{\"@id\":\"https:\/\/grontkontor.dk\/#\/schema\/logo\/image\/\"},\"sameAs\":[\"https:\/\/www.facebook.com\/grontkontor.dk\/\"]}]}<\/script>\n<!-- \/ Yoast SEO Premium plugin. -->","yoast_head_json":{"title":"Kugelschreiber aus Bambus, Weizenfaser und PP ohne Druck - Gr\u00f8nt Kontor","robots":{"index":"index","follow":"follow","max-snippet":"max-snippet:-1","max-image-preview":"max-image-preview:large","max-video-preview":"max-video-preview:-1"},"canonical":"https:\/\/grontkontor.dk\/shop\/kuglepen-i-bambus-hvedefiber-og-pp\/","og_locale":"de_DE","og_type":"article","og_title":"Kugelschreiber aus Bambus, Weizenfaser und PP ohne Druck","og_description":"Exklusiver, flippiger und preiswerter K\u00f6rperstift aus Bambus mit Oberteil, Fu\u00df und Clip aus Weizenfasermaterial (Weizen + PP) in Pastellfarben. Polypropylen (PP) wird aus fossilem Kunststoff hergestellt und ist daher kein klimafreundliches Material. Das Design + die hinzugef\u00fcgten Naturfasern schr\u00e4nken die Verwendung von Kunststoff erheblich ein, sodass der Stift im Vergleich zu herk\u00f6mmlichen Kunststoffstiften relativ umweltfreundlich [&hellip;]","og_url":"https:\/\/grontkontor.dk\/shop\/kuglepen-i-bambus-hvedefiber-og-pp\/","og_site_name":"Gr\u00f8nt Kontor","article_publisher":"https:\/\/www.facebook.com\/grontkontor.dk\/","og_image":[{"width":900,"height":639,"url":"https:\/\/grontkontor.dk\/wp-content\/uploads\/2023\/09\/Miljoevenlig-kuglepenne-i-bambus-og-hvedefibre-collage.jpg","type":"image\/jpeg"}],"twitter_card":"summary_large_image","schema":{"@context":"https:\/\/schema.org","@graph":[{"@type":"WebPage","@id":"https:\/\/grontkontor.dk\/shop\/kuglepen-i-bambus-hvedefiber-og-pp\/","url":"https:\/\/grontkontor.dk\/shop\/kuglepen-i-bambus-hvedefiber-og-pp\/","name":"Kugelschreiber aus Bambus, Weizenfaser und PP ohne Druck - Gr\u00f8nt Kontor","isPartOf":{"@id":"https:\/\/grontkontor.dk\/#website"},"datePublished":"2024-05-29T09:07:36+00:00","dateModified":"2024-05-29T09:07:36+00:00","breadcrumb":{"@id":"https:\/\/grontkontor.dk\/shop\/kuglepen-i-bambus-hvedefiber-og-pp\/#breadcrumb"},"inLanguage":"de","potentialAction":[{"@type":"ReadAction","target":["https:\/\/grontkontor.dk\/shop\/kuglepen-i-bambus-hvedefiber-og-pp\/"]}]},{"@type":"BreadcrumbList","@id":"https:\/\/grontkontor.dk\/shop\/kuglepen-i-bambus-hvedefiber-og-pp\/#breadcrumb","itemListElement":[{"@type":"ListItem","position":1,"name":"Forside","item":"https:\/\/grontkontor.dk\/de\/"},{"@type":"ListItem","position":2,"name":"Laden","item":"https:\/\/grontkontor.dk\/de\/laden\/"},{"@type":"ListItem","position":3,"name":"Klimafreundliche Werbegeschenke","item":"https:\/\/grontkontor.dk\/de\/produkt-kategori\/klimafreundliche-werbegeschenke\/"},{"@type":"ListItem","position":4,"name":"Kugelschreiber und Bleistifte","item":"https:\/\/grontkontor.dk\/de\/produkt-kategori\/klimafreundliche-werbegeschenke\/kugelschreiber-und-bleistifte\/"},{"@type":"ListItem","position":5,"name":"Kugelschreiber aus Bambus, Weizenfaser und PP ohne Druck"}]},{"@type":"WebSite","@id":"https:\/\/grontkontor.dk\/#website","url":"https:\/\/grontkontor.dk\/","name":"Gr\u00f8nt Kontor","description":"Milj\u00f8venlige produkter til kontor og erhverv med fokus p\u00e5 b\u00e6redygtighed, design og fair trade.","publisher":{"@id":"https:\/\/grontkontor.dk\/#organization"},"potentialAction":[{"@type":"SearchAction","target":{"@type":"EntryPoint","urlTemplate":"https:\/\/grontkontor.dk\/?s={search_term_string}"},"query-input":"required name=search_term_string"}],"inLanguage":"de"},{"@type":"Organization","@id":"https:\/\/grontkontor.dk\/#organization","name":"Gr\u00f8nt Kontor","url":"https:\/\/grontkontor.dk\/","logo":{"@type":"ImageObject","inLanguage":"de","@id":"https:\/\/grontkontor.dk\/#\/schema\/logo\/image\/","url":"https:\/\/grontkontor.dk\/wp-content\/uploads\/2014\/02\/Logo_groent_kontor_300x80.png","contentUrl":"https:\/\/grontkontor.dk\/wp-content\/uploads\/2014\/02\/Logo_groent_kontor_300x80.png","width":300,"height":80,"caption":"Gr\u00f8nt Kontor"},"image":{"@id":"https:\/\/grontkontor.dk\/#\/schema\/logo\/image\/"},"sameAs":["https:\/\/www.facebook.com\/grontkontor.dk\/"]}]}},"_links":{"self":[{"href":"https:\/\/grontkontor.dk\/de\/wp-json\/wp\/v2\/product\/90228"}],"collection":[{"href":"https:\/\/grontkontor.dk\/de\/wp-json\/wp\/v2\/product"}],"about":[{"href":"https:\/\/grontkontor.dk\/de\/wp-json\/wp\/v2\/types\/product"}],"replies":[{"embeddable":true,"href":"https:\/\/grontkontor.dk\/de\/wp-json\/wp\/v2\/comments?post=90228"}],"wp:featuredmedia":[{"embeddable":true,"href":"https:\/\/grontkontor.dk\/de\/wp-json\/wp\/v2\/media\/114215"}],"wp:attachment":[{"href":"https:\/\/grontkontor.dk\/de\/wp-json\/wp\/v2\/media?parent=90228"}],"wp:term":[{"taxonomy":"product_cat","embeddable":true,"href":"https:\/\/grontkontor.dk\/de\/wp-json\/wp\/v2\/product_cat?post=90228"},{"taxonomy":"product_tag","embeddable":true,"href":"https:\/\/grontkontor.dk\/de\/wp-json\/wp\/v2\/product_tag?post=90228"}],"curies":[{"name":"wp","href":"https:\/\/api.w.org\/{rel}","templated":true}]}}