{"id":90258,"date":"2023-09-22T13:08:50","date_gmt":"2024-05-29T09:07:38","guid":{"rendered":"https:\/\/grontkontor.dk\/shop\/wasserflasche-glas-kork-bambusplatte-500ml\/"},"modified":"2024-05-29T11:07:38","modified_gmt":"2024-05-29T09:07:38","slug":"wasserflasche-glas-kork-bambusplatte-500ml","status":"publish","type":"product","link":"https:\/\/grontkontor.dk\/de\/shop\/wasserflasche-glas-kork-bambusplatte-500ml\/","title":{"rendered":"Trinkflasche Glas und Kork ohne Aufdruck"},"content":{"rendered":"<p>Durchdachte und klimafreundliche Glasflasche f\u00fcr kalte Getr\u00e4nke mit abnehmbarem Korkgriff. Der Deckel besteht aus Bambus mit einem Kunststoff-Schraubgewinde und einem geflochtenen Riemen. Eine langlebige und umweltfreundliche Trinkflasche f\u00fcr hei\u00dfe oder kalte Getr\u00e4nke &#8211; der Korkgriff h\u00e4lt die Temperatur, damit Ihr Getr\u00e4nk hei\u00df oder kalt bleibt. Ein klimafreundliches und g\u00fcnstiges Giveaway f\u00fcr Messen und Events. Der Glasteil ist f\u00fcr Geschirrsp\u00fcler und Mikrowelle geeignet. Inhalt [food-c] : 500 ml.  [glas] [bambus_s] [kork_s] &nbsp;<\/p>\n","protected":false},"excerpt":{"rendered":"<p>Durchdachte und klimafreundliche Glasflasche f\u00fcr kalte Getr\u00e4nke mit abnehmbarem Korkgriff. Der Deckel besteht aus Bambus mit einem Kunststoff-Schraubgewinde und einem geflochtenen Riemen. Eine langlebige und umweltfreundliche Trinkflasche f\u00fcr hei\u00dfe oder kalte Getr\u00e4nke &#8211; der Korkgriff h\u00e4lt die Temperatur, damit Ihr Getr\u00e4nk hei\u00df oder kalt bleibt. Ein klimafreundliches und g\u00fcnstiges Giveaway f\u00fcr Messen und Events. Der [&hellip;]<\/p>\n","protected":false},"featured_media":111302,"comment_status":"closed","ping_status":"closed","template":"","meta":{"_acf_changed":false},"product_cat":[3325,3339,4411,3338],"product_tag":[4192,3984,3713,3340,3985,4874],"class_list":{"0":"post-90258","1":"product","2":"type-product","3":"status-publish","4":"has-post-thumbnail","6":"product_cat-dummy-moq-1-de","7":"product_cat-essen-und-trinken","8":"product_cat-trinkflaschen-und-thermosflaschen-de","9":"product_cat-trinkflaschen-und-thermosflaschen","10":"product_tag-glasflasche","11":"product_tag-trinkflaschen","12":"product_tag-wasserflasche-de","13":"product_tag-wasserflasche","14":"product_tag-wasserflaschen","15":"product_tag-wasserkanister","16":"tm-has-options","18":"first","19":"onbackorder","20":"sale","21":"taxable","22":"shipping-taxable","23":"purchasable","24":"product-type-simple"},"acf":[],"yoast_head":"<!-- This site is optimized with the Yoast SEO Premium plugin v21.2 (Yoast SEO v21.2) - https:\/\/yoast.com\/wordpress\/plugins\/seo\/ -->\n<title>Trinkflasche Glas und Kork ohne Aufdruck - Gr\u00f8nt Kontor<\/title>\n<meta name=\"robots\" content=\"index, follow, max-snippet:-1, max-image-preview:large, max-video-preview:-1\" \/>\n<link rel=\"canonical\" href=\"https:\/\/grontkontor.dk\/shop\/vandflaske-glas-kork-bambuslaag-500ml\/\" \/>\n<meta property=\"og:locale\" content=\"de_DE\" \/>\n<meta property=\"og:type\" content=\"article\" \/>\n<meta property=\"og:title\" content=\"Trinkflasche Glas und Kork ohne Aufdruck\" \/>\n<meta property=\"og:description\" content=\"Durchdachte und klimafreundliche Glasflasche f\u00fcr kalte Getr\u00e4nke mit abnehmbarem Korkgriff. Der Deckel besteht aus Bambus mit einem Kunststoff-Schraubgewinde und einem geflochtenen Riemen. Eine langlebige und umweltfreundliche Trinkflasche f\u00fcr hei\u00dfe oder kalte Getr\u00e4nke &#8211; der Korkgriff h\u00e4lt die Temperatur, damit Ihr Getr\u00e4nk hei\u00df oder kalt bleibt. Ein klimafreundliches und g\u00fcnstiges Giveaway f\u00fcr Messen und Events. Der [&hellip;]\" \/>\n<meta property=\"og:url\" content=\"https:\/\/grontkontor.dk\/shop\/vandflaske-glas-kork-bambuslaag-500ml\/\" \/>\n<meta property=\"og:site_name\" content=\"Gr\u00f8nt Kontor\" \/>\n<meta property=\"article:publisher\" content=\"https:\/\/www.facebook.com\/grontkontor.dk\/\" \/>\n<meta property=\"og:image\" content=\"https:\/\/grontkontor.dk\/wp-content\/uploads\/2020\/02\/vandflaske-glas-korkhaandtag-bambuslaag-01-2.jpg\" \/>\n\t<meta property=\"og:image:width\" content=\"800\" \/>\n\t<meta property=\"og:image:height\" content=\"568\" \/>\n\t<meta property=\"og:image:type\" content=\"image\/jpeg\" \/>\n<meta name=\"twitter:card\" content=\"summary_large_image\" \/>\n<script type=\"application\/ld+json\" class=\"yoast-schema-graph\">{\"@context\":\"https:\/\/schema.org\",\"@graph\":[{\"@type\":\"WebPage\",\"@id\":\"https:\/\/grontkontor.dk\/shop\/vandflaske-glas-kork-bambuslaag-500ml\/\",\"url\":\"https:\/\/grontkontor.dk\/shop\/vandflaske-glas-kork-bambuslaag-500ml\/\",\"name\":\"Trinkflasche Glas und Kork ohne Aufdruck - Gr\u00f8nt Kontor\",\"isPartOf\":{\"@id\":\"https:\/\/grontkontor.dk\/#website\"},\"datePublished\":\"2024-05-29T09:07:38+00:00\",\"dateModified\":\"2024-05-29T09:07:38+00:00\",\"breadcrumb\":{\"@id\":\"https:\/\/grontkontor.dk\/shop\/vandflaske-glas-kork-bambuslaag-500ml\/#breadcrumb\"},\"inLanguage\":\"de\",\"potentialAction\":[{\"@type\":\"ReadAction\",\"target\":[\"https:\/\/grontkontor.dk\/shop\/vandflaske-glas-kork-bambuslaag-500ml\/\"]}]},{\"@type\":\"BreadcrumbList\",\"@id\":\"https:\/\/grontkontor.dk\/shop\/vandflaske-glas-kork-bambuslaag-500ml\/#breadcrumb\",\"itemListElement\":[{\"@type\":\"ListItem\",\"position\":1,\"name\":\"Forside\",\"item\":\"https:\/\/grontkontor.dk\/de\/\"},{\"@type\":\"ListItem\",\"position\":2,\"name\":\"Laden\",\"item\":\"https:\/\/grontkontor.dk\/de\/laden\/\"},{\"@type\":\"ListItem\",\"position\":3,\"name\":\"Klimafreundliche Werbegeschenke\",\"item\":\"https:\/\/grontkontor.dk\/de\/produkt-kategori\/klimafreundliche-werbegeschenke\/\"},{\"@type\":\"ListItem\",\"position\":4,\"name\":\"Trinkflaschen und Thermosflaschen\",\"item\":\"https:\/\/grontkontor.dk\/de\/produkt-kategori\/klimafreundliche-werbegeschenke\/trinkflaschen-und-thermosflaschen-de\/\"},{\"@type\":\"ListItem\",\"position\":5,\"name\":\"Trinkflasche Glas und Kork ohne Aufdruck\"}]},{\"@type\":\"WebSite\",\"@id\":\"https:\/\/grontkontor.dk\/#website\",\"url\":\"https:\/\/grontkontor.dk\/\",\"name\":\"Gr\u00f8nt Kontor\",\"description\":\"Milj\u00f8venlige produkter til kontor og erhverv med fokus p\u00e5 b\u00e6redygtighed, design og fair trade.\",\"publisher\":{\"@id\":\"https:\/\/grontkontor.dk\/#organization\"},\"potentialAction\":[{\"@type\":\"SearchAction\",\"target\":{\"@type\":\"EntryPoint\",\"urlTemplate\":\"https:\/\/grontkontor.dk\/?s={search_term_string}\"},\"query-input\":\"required name=search_term_string\"}],\"inLanguage\":\"de\"},{\"@type\":\"Organization\",\"@id\":\"https:\/\/grontkontor.dk\/#organization\",\"name\":\"Gr\u00f8nt Kontor\",\"url\":\"https:\/\/grontkontor.dk\/\",\"logo\":{\"@type\":\"ImageObject\",\"inLanguage\":\"de\",\"@id\":\"https:\/\/grontkontor.dk\/#\/schema\/logo\/image\/\",\"url\":\"https:\/\/grontkontor.dk\/wp-content\/uploads\/2014\/02\/Logo_groent_kontor_300x80.png\",\"contentUrl\":\"https:\/\/grontkontor.dk\/wp-content\/uploads\/2014\/02\/Logo_groent_kontor_300x80.png\",\"width\":300,\"height\":80,\"caption\":\"Gr\u00f8nt Kontor\"},\"image\":{\"@id\":\"https:\/\/grontkontor.dk\/#\/schema\/logo\/image\/\"},\"sameAs\":[\"https:\/\/www.facebook.com\/grontkontor.dk\/\"]}]}<\/script>\n<!-- \/ Yoast SEO Premium plugin. -->","yoast_head_json":{"title":"Trinkflasche Glas und Kork ohne Aufdruck - Gr\u00f8nt Kontor","robots":{"index":"index","follow":"follow","max-snippet":"max-snippet:-1","max-image-preview":"max-image-preview:large","max-video-preview":"max-video-preview:-1"},"canonical":"https:\/\/grontkontor.dk\/shop\/vandflaske-glas-kork-bambuslaag-500ml\/","og_locale":"de_DE","og_type":"article","og_title":"Trinkflasche Glas und Kork ohne Aufdruck","og_description":"Durchdachte und klimafreundliche Glasflasche f\u00fcr kalte Getr\u00e4nke mit abnehmbarem Korkgriff. Der Deckel besteht aus Bambus mit einem Kunststoff-Schraubgewinde und einem geflochtenen Riemen. Eine langlebige und umweltfreundliche Trinkflasche f\u00fcr hei\u00dfe oder kalte Getr\u00e4nke &#8211; der Korkgriff h\u00e4lt die Temperatur, damit Ihr Getr\u00e4nk hei\u00df oder kalt bleibt. Ein klimafreundliches und g\u00fcnstiges Giveaway f\u00fcr Messen und Events. Der [&hellip;]","og_url":"https:\/\/grontkontor.dk\/shop\/vandflaske-glas-kork-bambuslaag-500ml\/","og_site_name":"Gr\u00f8nt Kontor","article_publisher":"https:\/\/www.facebook.com\/grontkontor.dk\/","og_image":[{"width":800,"height":568,"url":"https:\/\/grontkontor.dk\/wp-content\/uploads\/2020\/02\/vandflaske-glas-korkhaandtag-bambuslaag-01-2.jpg","type":"image\/jpeg"}],"twitter_card":"summary_large_image","schema":{"@context":"https:\/\/schema.org","@graph":[{"@type":"WebPage","@id":"https:\/\/grontkontor.dk\/shop\/vandflaske-glas-kork-bambuslaag-500ml\/","url":"https:\/\/grontkontor.dk\/shop\/vandflaske-glas-kork-bambuslaag-500ml\/","name":"Trinkflasche Glas und Kork ohne Aufdruck - Gr\u00f8nt Kontor","isPartOf":{"@id":"https:\/\/grontkontor.dk\/#website"},"datePublished":"2024-05-29T09:07:38+00:00","dateModified":"2024-05-29T09:07:38+00:00","breadcrumb":{"@id":"https:\/\/grontkontor.dk\/shop\/vandflaske-glas-kork-bambuslaag-500ml\/#breadcrumb"},"inLanguage":"de","potentialAction":[{"@type":"ReadAction","target":["https:\/\/grontkontor.dk\/shop\/vandflaske-glas-kork-bambuslaag-500ml\/"]}]},{"@type":"BreadcrumbList","@id":"https:\/\/grontkontor.dk\/shop\/vandflaske-glas-kork-bambuslaag-500ml\/#breadcrumb","itemListElement":[{"@type":"ListItem","position":1,"name":"Forside","item":"https:\/\/grontkontor.dk\/de\/"},{"@type":"ListItem","position":2,"name":"Laden","item":"https:\/\/grontkontor.dk\/de\/laden\/"},{"@type":"ListItem","position":3,"name":"Klimafreundliche Werbegeschenke","item":"https:\/\/grontkontor.dk\/de\/produkt-kategori\/klimafreundliche-werbegeschenke\/"},{"@type":"ListItem","position":4,"name":"Trinkflaschen und Thermosflaschen","item":"https:\/\/grontkontor.dk\/de\/produkt-kategori\/klimafreundliche-werbegeschenke\/trinkflaschen-und-thermosflaschen-de\/"},{"@type":"ListItem","position":5,"name":"Trinkflasche Glas und Kork ohne Aufdruck"}]},{"@type":"WebSite","@id":"https:\/\/grontkontor.dk\/#website","url":"https:\/\/grontkontor.dk\/","name":"Gr\u00f8nt Kontor","description":"Milj\u00f8venlige produkter til kontor og erhverv med fokus p\u00e5 b\u00e6redygtighed, design og fair trade.","publisher":{"@id":"https:\/\/grontkontor.dk\/#organization"},"potentialAction":[{"@type":"SearchAction","target":{"@type":"EntryPoint","urlTemplate":"https:\/\/grontkontor.dk\/?s={search_term_string}"},"query-input":"required name=search_term_string"}],"inLanguage":"de"},{"@type":"Organization","@id":"https:\/\/grontkontor.dk\/#organization","name":"Gr\u00f8nt Kontor","url":"https:\/\/grontkontor.dk\/","logo":{"@type":"ImageObject","inLanguage":"de","@id":"https:\/\/grontkontor.dk\/#\/schema\/logo\/image\/","url":"https:\/\/grontkontor.dk\/wp-content\/uploads\/2014\/02\/Logo_groent_kontor_300x80.png","contentUrl":"https:\/\/grontkontor.dk\/wp-content\/uploads\/2014\/02\/Logo_groent_kontor_300x80.png","width":300,"height":80,"caption":"Gr\u00f8nt Kontor"},"image":{"@id":"https:\/\/grontkontor.dk\/#\/schema\/logo\/image\/"},"sameAs":["https:\/\/www.facebook.com\/grontkontor.dk\/"]}]}},"_links":{"self":[{"href":"https:\/\/grontkontor.dk\/de\/wp-json\/wp\/v2\/product\/90258"}],"collection":[{"href":"https:\/\/grontkontor.dk\/de\/wp-json\/wp\/v2\/product"}],"about":[{"href":"https:\/\/grontkontor.dk\/de\/wp-json\/wp\/v2\/types\/product"}],"replies":[{"embeddable":true,"href":"https:\/\/grontkontor.dk\/de\/wp-json\/wp\/v2\/comments?post=90258"}],"wp:featuredmedia":[{"embeddable":true,"href":"https:\/\/grontkontor.dk\/de\/wp-json\/wp\/v2\/media\/111302"}],"wp:attachment":[{"href":"https:\/\/grontkontor.dk\/de\/wp-json\/wp\/v2\/media?parent=90258"}],"wp:term":[{"taxonomy":"product_cat","embeddable":true,"href":"https:\/\/grontkontor.dk\/de\/wp-json\/wp\/v2\/product_cat?post=90258"},{"taxonomy":"product_tag","embeddable":true,"href":"https:\/\/grontkontor.dk\/de\/wp-json\/wp\/v2\/product_tag?post=90258"}],"curies":[{"name":"wp","href":"https:\/\/api.w.org\/{rel}","templated":true}]}}