{"id":90280,"date":"2023-09-22T13:09:13","date_gmt":"2024-05-29T09:07:39","guid":{"rendered":"https:\/\/grontkontor.dk\/shop\/magic-becher-keramik\/"},"modified":"2024-05-29T11:07:39","modified_gmt":"2024-05-29T09:07:39","slug":"magic-becher-keramik","status":"publish","type":"product","link":"https:\/\/grontkontor.dk\/de\/shop\/magic-becher-keramik\/","title":{"rendered":"Zauberbecher ohne Aufdruck"},"content":{"rendered":"<p>Zauberhafter Becher aus klimafreundlicher Keramik mit Ihrem eigenen versteckten Motiv. Der Becher verwandelt sich von Schwarz in ein gedrucktes Motiv (Vollfarbdruck), wenn hei\u00dfe Fl\u00fcssigkeit in den Becher gegossen wird. Eine richtig lustige \u00dcberraschung f\u00fcr Ihre Kunden oder Mitarbeiter auf Messen und Events.<br \/>\nGeeignet f\u00fcr Geschirrsp\u00fcler und Mikrowelle.<br \/>\nDer Becher ist  [food-c]<br \/>\nGr\u00f6\u00dfe: 340 ml<\/p>\n<p>[keramik]<\/p>\n<p>&nbsp;<\/p>\n","protected":false},"excerpt":{"rendered":"<p>Zauberhafter Becher aus klimafreundlicher Keramik mit Ihrem eigenen versteckten Motiv. Der Becher verwandelt sich von Schwarz in ein gedrucktes Motiv (Vollfarbdruck), wenn hei\u00dfe Fl\u00fcssigkeit in den Becher gegossen wird. Eine richtig lustige \u00dcberraschung f\u00fcr Ihre Kunden oder Mitarbeiter auf Messen und Events. Geeignet f\u00fcr Geschirrsp\u00fcler und Mikrowelle. Der Becher ist [food-c] Gr\u00f6\u00dfe: 340 ml [keramik] [&hellip;]<\/p>\n","protected":false},"featured_media":111216,"comment_status":"closed","ping_status":"closed","template":"","meta":{"_acf_changed":false},"product_cat":[4489,3465,3517,3339],"product_tag":[3663,3831],"class_list":{"0":"post-90280","1":"product","2":"type-product","3":"status-publish","4":"has-post-thumbnail","6":"product_cat-becher-und-tassen","7":"product_cat-becher-tassen-etc","8":"product_cat-dummy-moq-50-100-de","9":"product_cat-essen-und-trinken","10":"product_tag-becher","11":"product_tag-kaffeetassen","12":"tm-has-options","14":"first","15":"instock","16":"taxable","17":"shipping-taxable","18":"purchasable","19":"product-type-simple"},"acf":[],"yoast_head":"<!-- This site is optimized with the Yoast SEO Premium plugin v21.2 (Yoast SEO v21.2) - https:\/\/yoast.com\/wordpress\/plugins\/seo\/ -->\n<title>Zauberbecher ohne Aufdruck - Gr\u00f8nt Kontor<\/title>\n<meta name=\"robots\" content=\"index, follow, max-snippet:-1, max-image-preview:large, max-video-preview:-1\" \/>\n<link rel=\"canonical\" href=\"https:\/\/grontkontor.dk\/de\/shop\/magic-becher-keramik\/\" \/>\n<meta property=\"og:locale\" content=\"de_DE\" \/>\n<meta property=\"og:type\" content=\"article\" \/>\n<meta property=\"og:title\" content=\"Zauberbecher ohne Aufdruck\" \/>\n<meta property=\"og:description\" content=\"Zauberhafter Becher aus klimafreundlicher Keramik mit Ihrem eigenen versteckten Motiv. Der Becher verwandelt sich von Schwarz in ein gedrucktes Motiv (Vollfarbdruck), wenn hei\u00dfe Fl\u00fcssigkeit in den Becher gegossen wird. Eine richtig lustige \u00dcberraschung f\u00fcr Ihre Kunden oder Mitarbeiter auf Messen und Events. Geeignet f\u00fcr Geschirrsp\u00fcler und Mikrowelle. Der Becher ist [food-c] Gr\u00f6\u00dfe: 340 ml [keramik] [&hellip;]\" \/>\n<meta property=\"og:url\" content=\"https:\/\/grontkontor.dk\/de\/shop\/magic-becher-keramik\/\" \/>\n<meta property=\"og:site_name\" content=\"Gr\u00f8nt Kontor\" \/>\n<meta property=\"article:publisher\" content=\"https:\/\/www.facebook.com\/grontkontor.dk\/\" \/>\n<meta name=\"twitter:card\" content=\"summary_large_image\" \/>\n<script type=\"application\/ld+json\" class=\"yoast-schema-graph\">{\"@context\":\"https:\/\/schema.org\",\"@graph\":[{\"@type\":\"WebPage\",\"@id\":\"https:\/\/grontkontor.dk\/de\/shop\/magic-becher-keramik\/\",\"url\":\"https:\/\/grontkontor.dk\/de\/shop\/magic-becher-keramik\/\",\"name\":\"Zauberbecher ohne Aufdruck - Gr\u00f8nt Kontor\",\"isPartOf\":{\"@id\":\"https:\/\/grontkontor.dk\/#website\"},\"datePublished\":\"2024-05-29T09:07:39+00:00\",\"dateModified\":\"2024-05-29T09:07:39+00:00\",\"breadcrumb\":{\"@id\":\"https:\/\/grontkontor.dk\/de\/shop\/magic-becher-keramik\/#breadcrumb\"},\"inLanguage\":\"de\",\"potentialAction\":[{\"@type\":\"ReadAction\",\"target\":[\"https:\/\/grontkontor.dk\/de\/shop\/magic-becher-keramik\/\"]}]},{\"@type\":\"BreadcrumbList\",\"@id\":\"https:\/\/grontkontor.dk\/de\/shop\/magic-becher-keramik\/#breadcrumb\",\"itemListElement\":[{\"@type\":\"ListItem\",\"position\":1,\"name\":\"Forside\",\"item\":\"https:\/\/grontkontor.dk\/de\/\"},{\"@type\":\"ListItem\",\"position\":2,\"name\":\"Laden\",\"item\":\"https:\/\/grontkontor.dk\/de\/laden\/\"},{\"@type\":\"ListItem\",\"position\":3,\"name\":\"Essen und Trinken\",\"item\":\"https:\/\/grontkontor.dk\/de\/produkt-kategori\/essen-und-trinken\/\"},{\"@type\":\"ListItem\",\"position\":4,\"name\":\"Becher, Tassen etc.\",\"item\":\"https:\/\/grontkontor.dk\/de\/produkt-kategori\/essen-und-trinken\/becher-tassen-etc\/\"},{\"@type\":\"ListItem\",\"position\":5,\"name\":\"Zauberbecher ohne Aufdruck\"}]},{\"@type\":\"WebSite\",\"@id\":\"https:\/\/grontkontor.dk\/#website\",\"url\":\"https:\/\/grontkontor.dk\/\",\"name\":\"Gr\u00f8nt Kontor\",\"description\":\"Milj\u00f8venlige produkter til kontor og erhverv med fokus p\u00e5 b\u00e6redygtighed, design og fair trade.\",\"publisher\":{\"@id\":\"https:\/\/grontkontor.dk\/#organization\"},\"potentialAction\":[{\"@type\":\"SearchAction\",\"target\":{\"@type\":\"EntryPoint\",\"urlTemplate\":\"https:\/\/grontkontor.dk\/?s={search_term_string}\"},\"query-input\":\"required name=search_term_string\"}],\"inLanguage\":\"de\"},{\"@type\":\"Organization\",\"@id\":\"https:\/\/grontkontor.dk\/#organization\",\"name\":\"Gr\u00f8nt Kontor\",\"url\":\"https:\/\/grontkontor.dk\/\",\"logo\":{\"@type\":\"ImageObject\",\"inLanguage\":\"de\",\"@id\":\"https:\/\/grontkontor.dk\/#\/schema\/logo\/image\/\",\"url\":\"https:\/\/grontkontor.dk\/wp-content\/uploads\/2014\/02\/Logo_groent_kontor_300x80.png\",\"contentUrl\":\"https:\/\/grontkontor.dk\/wp-content\/uploads\/2014\/02\/Logo_groent_kontor_300x80.png\",\"width\":300,\"height\":80,\"caption\":\"Gr\u00f8nt Kontor\"},\"image\":{\"@id\":\"https:\/\/grontkontor.dk\/#\/schema\/logo\/image\/\"},\"sameAs\":[\"https:\/\/www.facebook.com\/grontkontor.dk\/\"]}]}<\/script>\n<!-- \/ Yoast SEO Premium plugin. -->","yoast_head_json":{"title":"Zauberbecher ohne Aufdruck - Gr\u00f8nt Kontor","robots":{"index":"index","follow":"follow","max-snippet":"max-snippet:-1","max-image-preview":"max-image-preview:large","max-video-preview":"max-video-preview:-1"},"canonical":"https:\/\/grontkontor.dk\/de\/shop\/magic-becher-keramik\/","og_locale":"de_DE","og_type":"article","og_title":"Zauberbecher ohne Aufdruck","og_description":"Zauberhafter Becher aus klimafreundlicher Keramik mit Ihrem eigenen versteckten Motiv. Der Becher verwandelt sich von Schwarz in ein gedrucktes Motiv (Vollfarbdruck), wenn hei\u00dfe Fl\u00fcssigkeit in den Becher gegossen wird. Eine richtig lustige \u00dcberraschung f\u00fcr Ihre Kunden oder Mitarbeiter auf Messen und Events. Geeignet f\u00fcr Geschirrsp\u00fcler und Mikrowelle. Der Becher ist [food-c] Gr\u00f6\u00dfe: 340 ml [keramik] [&hellip;]","og_url":"https:\/\/grontkontor.dk\/de\/shop\/magic-becher-keramik\/","og_site_name":"Gr\u00f8nt Kontor","article_publisher":"https:\/\/www.facebook.com\/grontkontor.dk\/","twitter_card":"summary_large_image","schema":{"@context":"https:\/\/schema.org","@graph":[{"@type":"WebPage","@id":"https:\/\/grontkontor.dk\/de\/shop\/magic-becher-keramik\/","url":"https:\/\/grontkontor.dk\/de\/shop\/magic-becher-keramik\/","name":"Zauberbecher ohne Aufdruck - Gr\u00f8nt Kontor","isPartOf":{"@id":"https:\/\/grontkontor.dk\/#website"},"datePublished":"2024-05-29T09:07:39+00:00","dateModified":"2024-05-29T09:07:39+00:00","breadcrumb":{"@id":"https:\/\/grontkontor.dk\/de\/shop\/magic-becher-keramik\/#breadcrumb"},"inLanguage":"de","potentialAction":[{"@type":"ReadAction","target":["https:\/\/grontkontor.dk\/de\/shop\/magic-becher-keramik\/"]}]},{"@type":"BreadcrumbList","@id":"https:\/\/grontkontor.dk\/de\/shop\/magic-becher-keramik\/#breadcrumb","itemListElement":[{"@type":"ListItem","position":1,"name":"Forside","item":"https:\/\/grontkontor.dk\/de\/"},{"@type":"ListItem","position":2,"name":"Laden","item":"https:\/\/grontkontor.dk\/de\/laden\/"},{"@type":"ListItem","position":3,"name":"Essen und Trinken","item":"https:\/\/grontkontor.dk\/de\/produkt-kategori\/essen-und-trinken\/"},{"@type":"ListItem","position":4,"name":"Becher, Tassen etc.","item":"https:\/\/grontkontor.dk\/de\/produkt-kategori\/essen-und-trinken\/becher-tassen-etc\/"},{"@type":"ListItem","position":5,"name":"Zauberbecher ohne Aufdruck"}]},{"@type":"WebSite","@id":"https:\/\/grontkontor.dk\/#website","url":"https:\/\/grontkontor.dk\/","name":"Gr\u00f8nt Kontor","description":"Milj\u00f8venlige produkter til kontor og erhverv med fokus p\u00e5 b\u00e6redygtighed, design og fair trade.","publisher":{"@id":"https:\/\/grontkontor.dk\/#organization"},"potentialAction":[{"@type":"SearchAction","target":{"@type":"EntryPoint","urlTemplate":"https:\/\/grontkontor.dk\/?s={search_term_string}"},"query-input":"required name=search_term_string"}],"inLanguage":"de"},{"@type":"Organization","@id":"https:\/\/grontkontor.dk\/#organization","name":"Gr\u00f8nt Kontor","url":"https:\/\/grontkontor.dk\/","logo":{"@type":"ImageObject","inLanguage":"de","@id":"https:\/\/grontkontor.dk\/#\/schema\/logo\/image\/","url":"https:\/\/grontkontor.dk\/wp-content\/uploads\/2014\/02\/Logo_groent_kontor_300x80.png","contentUrl":"https:\/\/grontkontor.dk\/wp-content\/uploads\/2014\/02\/Logo_groent_kontor_300x80.png","width":300,"height":80,"caption":"Gr\u00f8nt Kontor"},"image":{"@id":"https:\/\/grontkontor.dk\/#\/schema\/logo\/image\/"},"sameAs":["https:\/\/www.facebook.com\/grontkontor.dk\/"]}]}},"_links":{"self":[{"href":"https:\/\/grontkontor.dk\/de\/wp-json\/wp\/v2\/product\/90280"}],"collection":[{"href":"https:\/\/grontkontor.dk\/de\/wp-json\/wp\/v2\/product"}],"about":[{"href":"https:\/\/grontkontor.dk\/de\/wp-json\/wp\/v2\/types\/product"}],"replies":[{"embeddable":true,"href":"https:\/\/grontkontor.dk\/de\/wp-json\/wp\/v2\/comments?post=90280"}],"wp:featuredmedia":[{"embeddable":true,"href":"https:\/\/grontkontor.dk\/de\/wp-json\/wp\/v2\/media\/111216"}],"wp:attachment":[{"href":"https:\/\/grontkontor.dk\/de\/wp-json\/wp\/v2\/media?parent=90280"}],"wp:term":[{"taxonomy":"product_cat","embeddable":true,"href":"https:\/\/grontkontor.dk\/de\/wp-json\/wp\/v2\/product_cat?post=90280"},{"taxonomy":"product_tag","embeddable":true,"href":"https:\/\/grontkontor.dk\/de\/wp-json\/wp\/v2\/product_tag?post=90280"}],"curies":[{"name":"wp","href":"https:\/\/api.w.org\/{rel}","templated":true}]}}