{"id":90317,"date":"2023-09-22T13:06:37","date_gmt":"2024-05-29T09:08:33","guid":{"rendered":"https:\/\/grontkontor.dk\/shop\/retro-becher-glas-metall-zum-mitnehmen\/"},"modified":"2024-05-29T11:08:33","modified_gmt":"2024-05-29T09:08:33","slug":"retro-becher-glas-metall-zum-mitnehmen","status":"publish","type":"product","link":"https:\/\/grontkontor.dk\/de\/shop\/retro-becher-glas-metall-zum-mitnehmen\/","title":{"rendered":"Retro To-Go Becher ohne Aufdruck"},"content":{"rendered":"<p>Funky Retro Glasbecher mit Henkel und Metallschraubverschluss. Im Deckel befindet sich ein Loch f\u00fcr einen Strohhalm. Ideal f\u00fcr hei\u00dfe und kalte Getr\u00e4nke, Smoothies, Getr\u00e4nke, Cocktails, Kaffee, Tee usw. M\u00f6glichkeit des Drucks oder der Gravur auf Deckeln sowie Bechern. Ein langlebiger und umweltfreundlicher Becher, der f\u00fcr Messen und Events geeignet ist. Erh\u00e4ltlich mit klimafreundlichen Strohhalmen aus Bambus, Stroh oder Stahl.<br \/>\nDer Becher ist  [food-c]<br \/>\nGr\u00f6\u00dfe: 350 ml. Geeignet f\u00fcr Geschirrsp\u00fcler und Mikrowelle.<\/p>\n<p>&nbsp;<\/p>\n<p>[glas] [staal_s] [bambus_s]<\/p>\n<p>&nbsp;<\/p>\n","protected":false},"excerpt":{"rendered":"<p>Funky Retro Glasbecher mit Henkel und Metallschraubverschluss. Im Deckel befindet sich ein Loch f\u00fcr einen Strohhalm. Ideal f\u00fcr hei\u00dfe und kalte Getr\u00e4nke, Smoothies, Getr\u00e4nke, Cocktails, Kaffee, Tee usw. M\u00f6glichkeit des Drucks oder der Gravur auf Deckeln sowie Bechern. Ein langlebiger und umweltfreundlicher Becher, der f\u00fcr Messen und Events geeignet ist. Erh\u00e4ltlich mit klimafreundlichen Strohhalmen aus [&hellip;]<\/p>\n","protected":false},"featured_media":111301,"comment_status":"closed","ping_status":"closed","template":"","meta":{"_acf_changed":false},"product_cat":[4489,3465,3089,3339],"product_tag":[3663,3831],"class_list":{"0":"post-90317","1":"product","2":"type-product","3":"status-publish","4":"has-post-thumbnail","6":"product_cat-becher-und-tassen","7":"product_cat-becher-tassen-etc","8":"product_cat-dummy-moq-10-50-de","9":"product_cat-essen-und-trinken","10":"product_tag-becher","11":"product_tag-kaffeetassen","12":"tm-has-options","14":"first","15":"instock","16":"taxable","17":"shipping-taxable","18":"purchasable","19":"product-type-simple"},"acf":[],"yoast_head":"<!-- This site is optimized with the Yoast SEO Premium plugin v21.2 (Yoast SEO v21.2) - https:\/\/yoast.com\/wordpress\/plugins\/seo\/ -->\n<title>Retro To-Go Becher ohne Aufdruck - Gr\u00f8nt Kontor<\/title>\n<meta name=\"robots\" content=\"index, follow, max-snippet:-1, max-image-preview:large, max-video-preview:-1\" \/>\n<link rel=\"canonical\" href=\"https:\/\/grontkontor.dk\/de\/shop\/retro-becher-glas-metall-zum-mitnehmen\/\" \/>\n<meta property=\"og:locale\" content=\"de_DE\" \/>\n<meta property=\"og:type\" content=\"article\" \/>\n<meta property=\"og:title\" content=\"Retro To-Go Becher ohne Aufdruck\" \/>\n<meta property=\"og:description\" content=\"Funky Retro Glasbecher mit Henkel und Metallschraubverschluss. Im Deckel befindet sich ein Loch f\u00fcr einen Strohhalm. Ideal f\u00fcr hei\u00dfe und kalte Getr\u00e4nke, Smoothies, Getr\u00e4nke, Cocktails, Kaffee, Tee usw. M\u00f6glichkeit des Drucks oder der Gravur auf Deckeln sowie Bechern. Ein langlebiger und umweltfreundlicher Becher, der f\u00fcr Messen und Events geeignet ist. Erh\u00e4ltlich mit klimafreundlichen Strohhalmen aus [&hellip;]\" \/>\n<meta property=\"og:url\" content=\"https:\/\/grontkontor.dk\/de\/shop\/retro-becher-glas-metall-zum-mitnehmen\/\" \/>\n<meta property=\"og:site_name\" content=\"Gr\u00f8nt Kontor\" \/>\n<meta property=\"article:publisher\" content=\"https:\/\/www.facebook.com\/grontkontor.dk\/\" \/>\n<meta name=\"twitter:card\" content=\"summary_large_image\" \/>\n<script type=\"application\/ld+json\" class=\"yoast-schema-graph\">{\"@context\":\"https:\/\/schema.org\",\"@graph\":[{\"@type\":\"WebPage\",\"@id\":\"https:\/\/grontkontor.dk\/de\/shop\/retro-becher-glas-metall-zum-mitnehmen\/\",\"url\":\"https:\/\/grontkontor.dk\/de\/shop\/retro-becher-glas-metall-zum-mitnehmen\/\",\"name\":\"Retro To-Go Becher ohne Aufdruck - Gr\u00f8nt Kontor\",\"isPartOf\":{\"@id\":\"https:\/\/grontkontor.dk\/#website\"},\"datePublished\":\"2024-05-29T09:08:33+00:00\",\"dateModified\":\"2024-05-29T09:08:33+00:00\",\"breadcrumb\":{\"@id\":\"https:\/\/grontkontor.dk\/de\/shop\/retro-becher-glas-metall-zum-mitnehmen\/#breadcrumb\"},\"inLanguage\":\"de\",\"potentialAction\":[{\"@type\":\"ReadAction\",\"target\":[\"https:\/\/grontkontor.dk\/de\/shop\/retro-becher-glas-metall-zum-mitnehmen\/\"]}]},{\"@type\":\"BreadcrumbList\",\"@id\":\"https:\/\/grontkontor.dk\/de\/shop\/retro-becher-glas-metall-zum-mitnehmen\/#breadcrumb\",\"itemListElement\":[{\"@type\":\"ListItem\",\"position\":1,\"name\":\"Forside\",\"item\":\"https:\/\/grontkontor.dk\/de\/\"},{\"@type\":\"ListItem\",\"position\":2,\"name\":\"Laden\",\"item\":\"https:\/\/grontkontor.dk\/de\/laden\/\"},{\"@type\":\"ListItem\",\"position\":3,\"name\":\"Klimafreundliche Werbegeschenke\",\"item\":\"https:\/\/grontkontor.dk\/de\/produkt-kategori\/klimafreundliche-werbegeschenke\/\"},{\"@type\":\"ListItem\",\"position\":4,\"name\":\"Becher und Tassen\",\"item\":\"https:\/\/grontkontor.dk\/de\/produkt-kategori\/becher-und-tassen\/\"},{\"@type\":\"ListItem\",\"position\":5,\"name\":\"Retro To-Go Becher ohne Aufdruck\"}]},{\"@type\":\"WebSite\",\"@id\":\"https:\/\/grontkontor.dk\/#website\",\"url\":\"https:\/\/grontkontor.dk\/\",\"name\":\"Gr\u00f8nt Kontor\",\"description\":\"Milj\u00f8venlige produkter til kontor og erhverv med fokus p\u00e5 b\u00e6redygtighed, design og fair trade.\",\"publisher\":{\"@id\":\"https:\/\/grontkontor.dk\/#organization\"},\"potentialAction\":[{\"@type\":\"SearchAction\",\"target\":{\"@type\":\"EntryPoint\",\"urlTemplate\":\"https:\/\/grontkontor.dk\/?s={search_term_string}\"},\"query-input\":\"required name=search_term_string\"}],\"inLanguage\":\"de\"},{\"@type\":\"Organization\",\"@id\":\"https:\/\/grontkontor.dk\/#organization\",\"name\":\"Gr\u00f8nt Kontor\",\"url\":\"https:\/\/grontkontor.dk\/\",\"logo\":{\"@type\":\"ImageObject\",\"inLanguage\":\"de\",\"@id\":\"https:\/\/grontkontor.dk\/#\/schema\/logo\/image\/\",\"url\":\"https:\/\/grontkontor.dk\/wp-content\/uploads\/2014\/02\/Logo_groent_kontor_300x80.png\",\"contentUrl\":\"https:\/\/grontkontor.dk\/wp-content\/uploads\/2014\/02\/Logo_groent_kontor_300x80.png\",\"width\":300,\"height\":80,\"caption\":\"Gr\u00f8nt Kontor\"},\"image\":{\"@id\":\"https:\/\/grontkontor.dk\/#\/schema\/logo\/image\/\"},\"sameAs\":[\"https:\/\/www.facebook.com\/grontkontor.dk\/\"]}]}<\/script>\n<!-- \/ Yoast SEO Premium plugin. -->","yoast_head_json":{"title":"Retro To-Go Becher ohne Aufdruck - Gr\u00f8nt Kontor","robots":{"index":"index","follow":"follow","max-snippet":"max-snippet:-1","max-image-preview":"max-image-preview:large","max-video-preview":"max-video-preview:-1"},"canonical":"https:\/\/grontkontor.dk\/de\/shop\/retro-becher-glas-metall-zum-mitnehmen\/","og_locale":"de_DE","og_type":"article","og_title":"Retro To-Go Becher ohne Aufdruck","og_description":"Funky Retro Glasbecher mit Henkel und Metallschraubverschluss. Im Deckel befindet sich ein Loch f\u00fcr einen Strohhalm. Ideal f\u00fcr hei\u00dfe und kalte Getr\u00e4nke, Smoothies, Getr\u00e4nke, Cocktails, Kaffee, Tee usw. M\u00f6glichkeit des Drucks oder der Gravur auf Deckeln sowie Bechern. Ein langlebiger und umweltfreundlicher Becher, der f\u00fcr Messen und Events geeignet ist. Erh\u00e4ltlich mit klimafreundlichen Strohhalmen aus [&hellip;]","og_url":"https:\/\/grontkontor.dk\/de\/shop\/retro-becher-glas-metall-zum-mitnehmen\/","og_site_name":"Gr\u00f8nt Kontor","article_publisher":"https:\/\/www.facebook.com\/grontkontor.dk\/","twitter_card":"summary_large_image","schema":{"@context":"https:\/\/schema.org","@graph":[{"@type":"WebPage","@id":"https:\/\/grontkontor.dk\/de\/shop\/retro-becher-glas-metall-zum-mitnehmen\/","url":"https:\/\/grontkontor.dk\/de\/shop\/retro-becher-glas-metall-zum-mitnehmen\/","name":"Retro To-Go Becher ohne Aufdruck - Gr\u00f8nt Kontor","isPartOf":{"@id":"https:\/\/grontkontor.dk\/#website"},"datePublished":"2024-05-29T09:08:33+00:00","dateModified":"2024-05-29T09:08:33+00:00","breadcrumb":{"@id":"https:\/\/grontkontor.dk\/de\/shop\/retro-becher-glas-metall-zum-mitnehmen\/#breadcrumb"},"inLanguage":"de","potentialAction":[{"@type":"ReadAction","target":["https:\/\/grontkontor.dk\/de\/shop\/retro-becher-glas-metall-zum-mitnehmen\/"]}]},{"@type":"BreadcrumbList","@id":"https:\/\/grontkontor.dk\/de\/shop\/retro-becher-glas-metall-zum-mitnehmen\/#breadcrumb","itemListElement":[{"@type":"ListItem","position":1,"name":"Forside","item":"https:\/\/grontkontor.dk\/de\/"},{"@type":"ListItem","position":2,"name":"Laden","item":"https:\/\/grontkontor.dk\/de\/laden\/"},{"@type":"ListItem","position":3,"name":"Klimafreundliche Werbegeschenke","item":"https:\/\/grontkontor.dk\/de\/produkt-kategori\/klimafreundliche-werbegeschenke\/"},{"@type":"ListItem","position":4,"name":"Becher und Tassen","item":"https:\/\/grontkontor.dk\/de\/produkt-kategori\/becher-und-tassen\/"},{"@type":"ListItem","position":5,"name":"Retro To-Go Becher ohne Aufdruck"}]},{"@type":"WebSite","@id":"https:\/\/grontkontor.dk\/#website","url":"https:\/\/grontkontor.dk\/","name":"Gr\u00f8nt Kontor","description":"Milj\u00f8venlige produkter til kontor og erhverv med fokus p\u00e5 b\u00e6redygtighed, design og fair trade.","publisher":{"@id":"https:\/\/grontkontor.dk\/#organization"},"potentialAction":[{"@type":"SearchAction","target":{"@type":"EntryPoint","urlTemplate":"https:\/\/grontkontor.dk\/?s={search_term_string}"},"query-input":"required name=search_term_string"}],"inLanguage":"de"},{"@type":"Organization","@id":"https:\/\/grontkontor.dk\/#organization","name":"Gr\u00f8nt Kontor","url":"https:\/\/grontkontor.dk\/","logo":{"@type":"ImageObject","inLanguage":"de","@id":"https:\/\/grontkontor.dk\/#\/schema\/logo\/image\/","url":"https:\/\/grontkontor.dk\/wp-content\/uploads\/2014\/02\/Logo_groent_kontor_300x80.png","contentUrl":"https:\/\/grontkontor.dk\/wp-content\/uploads\/2014\/02\/Logo_groent_kontor_300x80.png","width":300,"height":80,"caption":"Gr\u00f8nt Kontor"},"image":{"@id":"https:\/\/grontkontor.dk\/#\/schema\/logo\/image\/"},"sameAs":["https:\/\/www.facebook.com\/grontkontor.dk\/"]}]}},"_links":{"self":[{"href":"https:\/\/grontkontor.dk\/de\/wp-json\/wp\/v2\/product\/90317"}],"collection":[{"href":"https:\/\/grontkontor.dk\/de\/wp-json\/wp\/v2\/product"}],"about":[{"href":"https:\/\/grontkontor.dk\/de\/wp-json\/wp\/v2\/types\/product"}],"replies":[{"embeddable":true,"href":"https:\/\/grontkontor.dk\/de\/wp-json\/wp\/v2\/comments?post=90317"}],"wp:featuredmedia":[{"embeddable":true,"href":"https:\/\/grontkontor.dk\/de\/wp-json\/wp\/v2\/media\/111301"}],"wp:attachment":[{"href":"https:\/\/grontkontor.dk\/de\/wp-json\/wp\/v2\/media?parent=90317"}],"wp:term":[{"taxonomy":"product_cat","embeddable":true,"href":"https:\/\/grontkontor.dk\/de\/wp-json\/wp\/v2\/product_cat?post=90317"},{"taxonomy":"product_tag","embeddable":true,"href":"https:\/\/grontkontor.dk\/de\/wp-json\/wp\/v2\/product_tag?post=90317"}],"curies":[{"name":"wp","href":"https:\/\/api.w.org\/{rel}","templated":true}]}}