{"id":90348,"date":"2023-09-22T13:06:37","date_gmt":"2024-05-29T09:08:35","guid":{"rendered":"https:\/\/grontkontor.dk\/shop\/porcelaen-becher-bambus-blatt\/"},"modified":"2024-05-29T11:08:35","modified_gmt":"2024-05-29T09:08:35","slug":"porcelaen-becher-bambus-blatt","status":"publish","type":"product","link":"https:\/\/grontkontor.dk\/de\/shop\/porcelaen-becher-bambus-blatt\/","title":{"rendered":"To go Porzellanbecher mit Bambusdeckel"},"content":{"rendered":"<p>Schlichter und stilvoller Becher und Kaffeel\u00f6ffel aus wei\u00dfem Porzellan mit einem guten Signal f\u00fcr Klimafreundlichkeit. Der Deckel besteht aus klimafreundlichem Bambus (da Bambus ein nat\u00fcrliches Material ist, kann die Farbe jedes Artikels variieren). Ein wirklich sch\u00f6nes Handout \/ Giveaway f\u00fcr Messe und Event. Erh\u00e4ltlich mit Druck oder Gravur.<\/p>\n<p>Der Becher ist sp\u00fclmaschinen- und mikrowellengeeignet, der Bambusdeckel wird f\u00fcr die manuelle Reinigung empfohlen.<br \/>\nDer Becher ist  [food-c]<\/p>\n<p>Inhalt: 380 ml.<\/p>\n<p>[keramik] [bambus_s]<\/p>\n<p>&nbsp;<\/p>\n","protected":false},"excerpt":{"rendered":"<p>Schlichter und stilvoller Becher und Kaffeel\u00f6ffel aus wei\u00dfem Porzellan mit einem guten Signal f\u00fcr Klimafreundlichkeit. Der Deckel besteht aus klimafreundlichem Bambus (da Bambus ein nat\u00fcrliches Material ist, kann die Farbe jedes Artikels variieren). Ein wirklich sch\u00f6nes Handout \/ Giveaway f\u00fcr Messe und Event. Erh\u00e4ltlich mit Druck oder Gravur. Der Becher ist sp\u00fclmaschinen- und mikrowellengeeignet, der [&hellip;]<\/p>\n","protected":false},"featured_media":111081,"comment_status":"closed","ping_status":"closed","template":"","meta":{"_acf_changed":false},"product_cat":[4489,3465,3325,3339],"product_tag":[3663,3831,3851],"class_list":{"0":"post-90348","1":"product","2":"type-product","3":"status-publish","4":"has-post-thumbnail","6":"product_cat-becher-und-tassen","7":"product_cat-becher-tassen-etc","8":"product_cat-dummy-moq-1-de","9":"product_cat-essen-und-trinken","10":"product_tag-becher","11":"product_tag-kaffeetassen","12":"product_tag-teebecher","13":"tm-has-options","15":"first","16":"instock","17":"sale","18":"taxable","19":"shipping-taxable","20":"purchasable","21":"product-type-simple"},"acf":[],"yoast_head":"<!-- This site is optimized with the Yoast SEO Premium plugin v21.2 (Yoast SEO v21.2) - https:\/\/yoast.com\/wordpress\/plugins\/seo\/ -->\n<title>To go Porzellanbecher mit Bambusdeckel - Gr\u00f8nt Kontor<\/title>\n<meta name=\"robots\" content=\"index, follow, max-snippet:-1, max-image-preview:large, max-video-preview:-1\" \/>\n<link rel=\"canonical\" href=\"https:\/\/grontkontor.dk\/shop\/porcelaenskrus-bambuslaag\/\" \/>\n<meta property=\"og:locale\" content=\"de_DE\" \/>\n<meta property=\"og:type\" content=\"article\" \/>\n<meta property=\"og:title\" content=\"To go Porzellanbecher mit Bambusdeckel\" \/>\n<meta property=\"og:description\" content=\"Schlichter und stilvoller Becher und Kaffeel\u00f6ffel aus wei\u00dfem Porzellan mit einem guten Signal f\u00fcr Klimafreundlichkeit. Der Deckel besteht aus klimafreundlichem Bambus (da Bambus ein nat\u00fcrliches Material ist, kann die Farbe jedes Artikels variieren). Ein wirklich sch\u00f6nes Handout \/ Giveaway f\u00fcr Messe und Event. Erh\u00e4ltlich mit Druck oder Gravur. Der Becher ist sp\u00fclmaschinen- und mikrowellengeeignet, der [&hellip;]\" \/>\n<meta property=\"og:url\" content=\"https:\/\/grontkontor.dk\/shop\/porcelaenskrus-bambuslaag\/\" \/>\n<meta property=\"og:site_name\" content=\"Gr\u00f8nt Kontor\" \/>\n<meta property=\"article:publisher\" content=\"https:\/\/www.facebook.com\/grontkontor.dk\/\" \/>\n<meta property=\"og:image\" content=\"https:\/\/grontkontor.dk\/wp-content\/uploads\/2020\/02\/kaffekrus-porcelaen-bambus-380ml-01.jpg\" \/>\n\t<meta property=\"og:image:width\" content=\"800\" \/>\n\t<meta property=\"og:image:height\" content=\"568\" \/>\n\t<meta property=\"og:image:type\" content=\"image\/jpeg\" \/>\n<meta name=\"twitter:card\" content=\"summary_large_image\" \/>\n<script type=\"application\/ld+json\" class=\"yoast-schema-graph\">{\"@context\":\"https:\/\/schema.org\",\"@graph\":[{\"@type\":\"WebPage\",\"@id\":\"https:\/\/grontkontor.dk\/shop\/porcelaenskrus-bambuslaag\/\",\"url\":\"https:\/\/grontkontor.dk\/shop\/porcelaenskrus-bambuslaag\/\",\"name\":\"To go Porzellanbecher mit Bambusdeckel - Gr\u00f8nt Kontor\",\"isPartOf\":{\"@id\":\"https:\/\/grontkontor.dk\/#website\"},\"datePublished\":\"2024-05-29T09:08:35+00:00\",\"dateModified\":\"2024-05-29T09:08:35+00:00\",\"breadcrumb\":{\"@id\":\"https:\/\/grontkontor.dk\/shop\/porcelaenskrus-bambuslaag\/#breadcrumb\"},\"inLanguage\":\"de\",\"potentialAction\":[{\"@type\":\"ReadAction\",\"target\":[\"https:\/\/grontkontor.dk\/shop\/porcelaenskrus-bambuslaag\/\"]}]},{\"@type\":\"BreadcrumbList\",\"@id\":\"https:\/\/grontkontor.dk\/shop\/porcelaenskrus-bambuslaag\/#breadcrumb\",\"itemListElement\":[{\"@type\":\"ListItem\",\"position\":1,\"name\":\"Forside\",\"item\":\"https:\/\/grontkontor.dk\/de\/\"},{\"@type\":\"ListItem\",\"position\":2,\"name\":\"Laden\",\"item\":\"https:\/\/grontkontor.dk\/de\/laden\/\"},{\"@type\":\"ListItem\",\"position\":3,\"name\":\"Klimafreundliche Werbegeschenke\",\"item\":\"https:\/\/grontkontor.dk\/de\/produkt-kategori\/klimafreundliche-werbegeschenke\/\"},{\"@type\":\"ListItem\",\"position\":4,\"name\":\"Becher und Tassen\",\"item\":\"https:\/\/grontkontor.dk\/de\/produkt-kategori\/becher-und-tassen\/\"},{\"@type\":\"ListItem\",\"position\":5,\"name\":\"To go Porzellanbecher mit Bambusdeckel\"}]},{\"@type\":\"WebSite\",\"@id\":\"https:\/\/grontkontor.dk\/#website\",\"url\":\"https:\/\/grontkontor.dk\/\",\"name\":\"Gr\u00f8nt Kontor\",\"description\":\"Milj\u00f8venlige produkter til kontor og erhverv med fokus p\u00e5 b\u00e6redygtighed, design og fair trade.\",\"publisher\":{\"@id\":\"https:\/\/grontkontor.dk\/#organization\"},\"potentialAction\":[{\"@type\":\"SearchAction\",\"target\":{\"@type\":\"EntryPoint\",\"urlTemplate\":\"https:\/\/grontkontor.dk\/?s={search_term_string}\"},\"query-input\":\"required name=search_term_string\"}],\"inLanguage\":\"de\"},{\"@type\":\"Organization\",\"@id\":\"https:\/\/grontkontor.dk\/#organization\",\"name\":\"Gr\u00f8nt Kontor\",\"url\":\"https:\/\/grontkontor.dk\/\",\"logo\":{\"@type\":\"ImageObject\",\"inLanguage\":\"de\",\"@id\":\"https:\/\/grontkontor.dk\/#\/schema\/logo\/image\/\",\"url\":\"https:\/\/grontkontor.dk\/wp-content\/uploads\/2014\/02\/Logo_groent_kontor_300x80.png\",\"contentUrl\":\"https:\/\/grontkontor.dk\/wp-content\/uploads\/2014\/02\/Logo_groent_kontor_300x80.png\",\"width\":300,\"height\":80,\"caption\":\"Gr\u00f8nt Kontor\"},\"image\":{\"@id\":\"https:\/\/grontkontor.dk\/#\/schema\/logo\/image\/\"},\"sameAs\":[\"https:\/\/www.facebook.com\/grontkontor.dk\/\"]}]}<\/script>\n<!-- \/ Yoast SEO Premium plugin. -->","yoast_head_json":{"title":"To go Porzellanbecher mit Bambusdeckel - Gr\u00f8nt Kontor","robots":{"index":"index","follow":"follow","max-snippet":"max-snippet:-1","max-image-preview":"max-image-preview:large","max-video-preview":"max-video-preview:-1"},"canonical":"https:\/\/grontkontor.dk\/shop\/porcelaenskrus-bambuslaag\/","og_locale":"de_DE","og_type":"article","og_title":"To go Porzellanbecher mit Bambusdeckel","og_description":"Schlichter und stilvoller Becher und Kaffeel\u00f6ffel aus wei\u00dfem Porzellan mit einem guten Signal f\u00fcr Klimafreundlichkeit. Der Deckel besteht aus klimafreundlichem Bambus (da Bambus ein nat\u00fcrliches Material ist, kann die Farbe jedes Artikels variieren). Ein wirklich sch\u00f6nes Handout \/ Giveaway f\u00fcr Messe und Event. Erh\u00e4ltlich mit Druck oder Gravur. Der Becher ist sp\u00fclmaschinen- und mikrowellengeeignet, der [&hellip;]","og_url":"https:\/\/grontkontor.dk\/shop\/porcelaenskrus-bambuslaag\/","og_site_name":"Gr\u00f8nt Kontor","article_publisher":"https:\/\/www.facebook.com\/grontkontor.dk\/","og_image":[{"width":800,"height":568,"url":"https:\/\/grontkontor.dk\/wp-content\/uploads\/2020\/02\/kaffekrus-porcelaen-bambus-380ml-01.jpg","type":"image\/jpeg"}],"twitter_card":"summary_large_image","schema":{"@context":"https:\/\/schema.org","@graph":[{"@type":"WebPage","@id":"https:\/\/grontkontor.dk\/shop\/porcelaenskrus-bambuslaag\/","url":"https:\/\/grontkontor.dk\/shop\/porcelaenskrus-bambuslaag\/","name":"To go Porzellanbecher mit Bambusdeckel - Gr\u00f8nt Kontor","isPartOf":{"@id":"https:\/\/grontkontor.dk\/#website"},"datePublished":"2024-05-29T09:08:35+00:00","dateModified":"2024-05-29T09:08:35+00:00","breadcrumb":{"@id":"https:\/\/grontkontor.dk\/shop\/porcelaenskrus-bambuslaag\/#breadcrumb"},"inLanguage":"de","potentialAction":[{"@type":"ReadAction","target":["https:\/\/grontkontor.dk\/shop\/porcelaenskrus-bambuslaag\/"]}]},{"@type":"BreadcrumbList","@id":"https:\/\/grontkontor.dk\/shop\/porcelaenskrus-bambuslaag\/#breadcrumb","itemListElement":[{"@type":"ListItem","position":1,"name":"Forside","item":"https:\/\/grontkontor.dk\/de\/"},{"@type":"ListItem","position":2,"name":"Laden","item":"https:\/\/grontkontor.dk\/de\/laden\/"},{"@type":"ListItem","position":3,"name":"Klimafreundliche Werbegeschenke","item":"https:\/\/grontkontor.dk\/de\/produkt-kategori\/klimafreundliche-werbegeschenke\/"},{"@type":"ListItem","position":4,"name":"Becher und Tassen","item":"https:\/\/grontkontor.dk\/de\/produkt-kategori\/becher-und-tassen\/"},{"@type":"ListItem","position":5,"name":"To go Porzellanbecher mit Bambusdeckel"}]},{"@type":"WebSite","@id":"https:\/\/grontkontor.dk\/#website","url":"https:\/\/grontkontor.dk\/","name":"Gr\u00f8nt Kontor","description":"Milj\u00f8venlige produkter til kontor og erhverv med fokus p\u00e5 b\u00e6redygtighed, design og fair trade.","publisher":{"@id":"https:\/\/grontkontor.dk\/#organization"},"potentialAction":[{"@type":"SearchAction","target":{"@type":"EntryPoint","urlTemplate":"https:\/\/grontkontor.dk\/?s={search_term_string}"},"query-input":"required name=search_term_string"}],"inLanguage":"de"},{"@type":"Organization","@id":"https:\/\/grontkontor.dk\/#organization","name":"Gr\u00f8nt Kontor","url":"https:\/\/grontkontor.dk\/","logo":{"@type":"ImageObject","inLanguage":"de","@id":"https:\/\/grontkontor.dk\/#\/schema\/logo\/image\/","url":"https:\/\/grontkontor.dk\/wp-content\/uploads\/2014\/02\/Logo_groent_kontor_300x80.png","contentUrl":"https:\/\/grontkontor.dk\/wp-content\/uploads\/2014\/02\/Logo_groent_kontor_300x80.png","width":300,"height":80,"caption":"Gr\u00f8nt Kontor"},"image":{"@id":"https:\/\/grontkontor.dk\/#\/schema\/logo\/image\/"},"sameAs":["https:\/\/www.facebook.com\/grontkontor.dk\/"]}]}},"_links":{"self":[{"href":"https:\/\/grontkontor.dk\/de\/wp-json\/wp\/v2\/product\/90348"}],"collection":[{"href":"https:\/\/grontkontor.dk\/de\/wp-json\/wp\/v2\/product"}],"about":[{"href":"https:\/\/grontkontor.dk\/de\/wp-json\/wp\/v2\/types\/product"}],"replies":[{"embeddable":true,"href":"https:\/\/grontkontor.dk\/de\/wp-json\/wp\/v2\/comments?post=90348"}],"wp:featuredmedia":[{"embeddable":true,"href":"https:\/\/grontkontor.dk\/de\/wp-json\/wp\/v2\/media\/111081"}],"wp:attachment":[{"href":"https:\/\/grontkontor.dk\/de\/wp-json\/wp\/v2\/media?parent=90348"}],"wp:term":[{"taxonomy":"product_cat","embeddable":true,"href":"https:\/\/grontkontor.dk\/de\/wp-json\/wp\/v2\/product_cat?post=90348"},{"taxonomy":"product_tag","embeddable":true,"href":"https:\/\/grontkontor.dk\/de\/wp-json\/wp\/v2\/product_tag?post=90348"}],"curies":[{"name":"wp","href":"https:\/\/api.w.org\/{rel}","templated":true}]}}