{"id":90433,"date":"2023-09-22T13:06:37","date_gmt":"2024-05-29T09:08:38","guid":{"rendered":"https:\/\/grontkontor.dk\/shop\/to-go-becher-keramik-holz\/"},"modified":"2024-05-29T11:08:38","modified_gmt":"2024-05-29T09:08:38","slug":"to-go-becher-keramik-holz","status":"publish","type":"product","link":"https:\/\/grontkontor.dk\/de\/shop\/to-go-becher-keramik-holz\/","title":{"rendered":"To-Go-Becher aus Keramik und Holz"},"content":{"rendered":"<p>Rustikaler Becher aus Keramik mit Holzdeckel. Der Becher hat ein Vintage-Finish auf der Au\u00dfenseite und ein innovatives Rillendesign am Rand, das zum Halten des Teebeutels geeignet ist.<br \/>\nErh\u00e4ltlich in wei\u00dfer und schwarzer Keramik.<br \/>\nGeeignet f\u00fcr Sp\u00fclmaschine und Mikrowelle, jedoch nicht f\u00fcr den Deckel empfohlen. Gr\u00f6\u00dfe: 470 ml.<\/p>\n<p>[keramik_s]<\/p>\n","protected":false},"excerpt":{"rendered":"<p>Rustikaler Becher aus Keramik mit Holzdeckel. Der Becher hat ein Vintage-Finish auf der Au\u00dfenseite und ein innovatives Rillendesign am Rand, das zum Halten des Teebeutels geeignet ist. Erh\u00e4ltlich in wei\u00dfer und schwarzer Keramik. Geeignet f\u00fcr Sp\u00fclmaschine und Mikrowelle, jedoch nicht f\u00fcr den Deckel empfohlen. Gr\u00f6\u00dfe: 470 ml. [keramik_s]<\/p>\n","protected":false},"featured_media":111090,"comment_status":"closed","ping_status":"closed","template":"","meta":{"_acf_changed":false},"product_cat":[4489,3465,3089,3339],"product_tag":[3663,3831,3833],"class_list":{"0":"post-90433","1":"product","2":"type-product","3":"status-publish","4":"has-post-thumbnail","6":"product_cat-becher-und-tassen","7":"product_cat-becher-tassen-etc","8":"product_cat-dummy-moq-10-50-de","9":"product_cat-essen-und-trinken","10":"product_tag-becher","11":"product_tag-kaffeetassen","12":"product_tag-thermo-becher","13":"tm-no-options","15":"first","16":"outofstock","17":"taxable","18":"shipping-taxable","19":"purchasable","20":"product-type-variable","21":"has-default-attributes"},"acf":[],"yoast_head":"<!-- This site is optimized with the Yoast SEO Premium plugin v21.2 (Yoast SEO v21.2) - https:\/\/yoast.com\/wordpress\/plugins\/seo\/ -->\n<title>To-Go-Becher aus Keramik und Holz - Gr\u00f8nt Kontor<\/title>\n<meta name=\"robots\" content=\"index, follow, max-snippet:-1, max-image-preview:large, max-video-preview:-1\" \/>\n<link rel=\"canonical\" href=\"https:\/\/grontkontor.dk\/de\/shop\/to-go-becher-keramik-holz\/\" \/>\n<meta property=\"og:locale\" content=\"de_DE\" \/>\n<meta property=\"og:type\" content=\"article\" \/>\n<meta property=\"og:title\" content=\"To-Go-Becher aus Keramik und Holz\" \/>\n<meta property=\"og:description\" content=\"Rustikaler Becher aus Keramik mit Holzdeckel. Der Becher hat ein Vintage-Finish auf der Au\u00dfenseite und ein innovatives Rillendesign am Rand, das zum Halten des Teebeutels geeignet ist. Erh\u00e4ltlich in wei\u00dfer und schwarzer Keramik. Geeignet f\u00fcr Sp\u00fclmaschine und Mikrowelle, jedoch nicht f\u00fcr den Deckel empfohlen. Gr\u00f6\u00dfe: 470 ml. [keramik_s]\" \/>\n<meta property=\"og:url\" content=\"https:\/\/grontkontor.dk\/de\/shop\/to-go-becher-keramik-holz\/\" \/>\n<meta property=\"og:site_name\" content=\"Gr\u00f8nt Kontor\" \/>\n<meta property=\"article:publisher\" content=\"https:\/\/www.facebook.com\/grontkontor.dk\/\" \/>\n<meta property=\"og:image\" content=\"https:\/\/grontkontor.dk\/wp-content\/uploads\/2020\/02\/krus-keramik-trae-hvid-01.jpg\" \/>\n\t<meta property=\"og:image:width\" content=\"800\" \/>\n\t<meta property=\"og:image:height\" content=\"568\" \/>\n\t<meta property=\"og:image:type\" content=\"image\/jpeg\" \/>\n<meta name=\"twitter:card\" content=\"summary_large_image\" \/>\n<script type=\"application\/ld+json\" class=\"yoast-schema-graph\">{\"@context\":\"https:\/\/schema.org\",\"@graph\":[{\"@type\":\"WebPage\",\"@id\":\"https:\/\/grontkontor.dk\/de\/shop\/to-go-becher-keramik-holz\/\",\"url\":\"https:\/\/grontkontor.dk\/de\/shop\/to-go-becher-keramik-holz\/\",\"name\":\"To-Go-Becher aus Keramik und Holz - Gr\u00f8nt Kontor\",\"isPartOf\":{\"@id\":\"https:\/\/grontkontor.dk\/#website\"},\"datePublished\":\"2024-05-29T09:08:38+00:00\",\"dateModified\":\"2024-05-29T09:08:38+00:00\",\"breadcrumb\":{\"@id\":\"https:\/\/grontkontor.dk\/de\/shop\/to-go-becher-keramik-holz\/#breadcrumb\"},\"inLanguage\":\"de\",\"potentialAction\":[{\"@type\":\"ReadAction\",\"target\":[\"https:\/\/grontkontor.dk\/de\/shop\/to-go-becher-keramik-holz\/\"]}]},{\"@type\":\"BreadcrumbList\",\"@id\":\"https:\/\/grontkontor.dk\/de\/shop\/to-go-becher-keramik-holz\/#breadcrumb\",\"itemListElement\":[{\"@type\":\"ListItem\",\"position\":1,\"name\":\"Forside\",\"item\":\"https:\/\/grontkontor.dk\/de\/\"},{\"@type\":\"ListItem\",\"position\":2,\"name\":\"Laden\",\"item\":\"https:\/\/grontkontor.dk\/de\/laden\/\"},{\"@type\":\"ListItem\",\"position\":3,\"name\":\"Klimafreundliche Werbegeschenke\",\"item\":\"https:\/\/grontkontor.dk\/de\/produkt-kategori\/klimafreundliche-werbegeschenke\/\"},{\"@type\":\"ListItem\",\"position\":4,\"name\":\"Becher und Tassen\",\"item\":\"https:\/\/grontkontor.dk\/de\/produkt-kategori\/becher-und-tassen\/\"},{\"@type\":\"ListItem\",\"position\":5,\"name\":\"To-Go-Becher aus Keramik und Holz\"}]},{\"@type\":\"WebSite\",\"@id\":\"https:\/\/grontkontor.dk\/#website\",\"url\":\"https:\/\/grontkontor.dk\/\",\"name\":\"Gr\u00f8nt Kontor\",\"description\":\"Milj\u00f8venlige produkter til kontor og erhverv med fokus p\u00e5 b\u00e6redygtighed, design og fair trade.\",\"publisher\":{\"@id\":\"https:\/\/grontkontor.dk\/#organization\"},\"potentialAction\":[{\"@type\":\"SearchAction\",\"target\":{\"@type\":\"EntryPoint\",\"urlTemplate\":\"https:\/\/grontkontor.dk\/?s={search_term_string}\"},\"query-input\":\"required name=search_term_string\"}],\"inLanguage\":\"de\"},{\"@type\":\"Organization\",\"@id\":\"https:\/\/grontkontor.dk\/#organization\",\"name\":\"Gr\u00f8nt Kontor\",\"url\":\"https:\/\/grontkontor.dk\/\",\"logo\":{\"@type\":\"ImageObject\",\"inLanguage\":\"de\",\"@id\":\"https:\/\/grontkontor.dk\/#\/schema\/logo\/image\/\",\"url\":\"https:\/\/grontkontor.dk\/wp-content\/uploads\/2014\/02\/Logo_groent_kontor_300x80.png\",\"contentUrl\":\"https:\/\/grontkontor.dk\/wp-content\/uploads\/2014\/02\/Logo_groent_kontor_300x80.png\",\"width\":300,\"height\":80,\"caption\":\"Gr\u00f8nt Kontor\"},\"image\":{\"@id\":\"https:\/\/grontkontor.dk\/#\/schema\/logo\/image\/\"},\"sameAs\":[\"https:\/\/www.facebook.com\/grontkontor.dk\/\"]}]}<\/script>\n<!-- \/ Yoast SEO Premium plugin. -->","yoast_head_json":{"title":"To-Go-Becher aus Keramik und Holz - Gr\u00f8nt Kontor","robots":{"index":"index","follow":"follow","max-snippet":"max-snippet:-1","max-image-preview":"max-image-preview:large","max-video-preview":"max-video-preview:-1"},"canonical":"https:\/\/grontkontor.dk\/de\/shop\/to-go-becher-keramik-holz\/","og_locale":"de_DE","og_type":"article","og_title":"To-Go-Becher aus Keramik und Holz","og_description":"Rustikaler Becher aus Keramik mit Holzdeckel. Der Becher hat ein Vintage-Finish auf der Au\u00dfenseite und ein innovatives Rillendesign am Rand, das zum Halten des Teebeutels geeignet ist. Erh\u00e4ltlich in wei\u00dfer und schwarzer Keramik. Geeignet f\u00fcr Sp\u00fclmaschine und Mikrowelle, jedoch nicht f\u00fcr den Deckel empfohlen. Gr\u00f6\u00dfe: 470 ml. [keramik_s]","og_url":"https:\/\/grontkontor.dk\/de\/shop\/to-go-becher-keramik-holz\/","og_site_name":"Gr\u00f8nt Kontor","article_publisher":"https:\/\/www.facebook.com\/grontkontor.dk\/","og_image":[{"width":800,"height":568,"url":"https:\/\/grontkontor.dk\/wp-content\/uploads\/2020\/02\/krus-keramik-trae-hvid-01.jpg","type":"image\/jpeg"}],"twitter_card":"summary_large_image","schema":{"@context":"https:\/\/schema.org","@graph":[{"@type":"WebPage","@id":"https:\/\/grontkontor.dk\/de\/shop\/to-go-becher-keramik-holz\/","url":"https:\/\/grontkontor.dk\/de\/shop\/to-go-becher-keramik-holz\/","name":"To-Go-Becher aus Keramik und Holz - Gr\u00f8nt Kontor","isPartOf":{"@id":"https:\/\/grontkontor.dk\/#website"},"datePublished":"2024-05-29T09:08:38+00:00","dateModified":"2024-05-29T09:08:38+00:00","breadcrumb":{"@id":"https:\/\/grontkontor.dk\/de\/shop\/to-go-becher-keramik-holz\/#breadcrumb"},"inLanguage":"de","potentialAction":[{"@type":"ReadAction","target":["https:\/\/grontkontor.dk\/de\/shop\/to-go-becher-keramik-holz\/"]}]},{"@type":"BreadcrumbList","@id":"https:\/\/grontkontor.dk\/de\/shop\/to-go-becher-keramik-holz\/#breadcrumb","itemListElement":[{"@type":"ListItem","position":1,"name":"Forside","item":"https:\/\/grontkontor.dk\/de\/"},{"@type":"ListItem","position":2,"name":"Laden","item":"https:\/\/grontkontor.dk\/de\/laden\/"},{"@type":"ListItem","position":3,"name":"Klimafreundliche Werbegeschenke","item":"https:\/\/grontkontor.dk\/de\/produkt-kategori\/klimafreundliche-werbegeschenke\/"},{"@type":"ListItem","position":4,"name":"Becher und Tassen","item":"https:\/\/grontkontor.dk\/de\/produkt-kategori\/becher-und-tassen\/"},{"@type":"ListItem","position":5,"name":"To-Go-Becher aus Keramik und Holz"}]},{"@type":"WebSite","@id":"https:\/\/grontkontor.dk\/#website","url":"https:\/\/grontkontor.dk\/","name":"Gr\u00f8nt Kontor","description":"Milj\u00f8venlige produkter til kontor og erhverv med fokus p\u00e5 b\u00e6redygtighed, design og fair trade.","publisher":{"@id":"https:\/\/grontkontor.dk\/#organization"},"potentialAction":[{"@type":"SearchAction","target":{"@type":"EntryPoint","urlTemplate":"https:\/\/grontkontor.dk\/?s={search_term_string}"},"query-input":"required name=search_term_string"}],"inLanguage":"de"},{"@type":"Organization","@id":"https:\/\/grontkontor.dk\/#organization","name":"Gr\u00f8nt Kontor","url":"https:\/\/grontkontor.dk\/","logo":{"@type":"ImageObject","inLanguage":"de","@id":"https:\/\/grontkontor.dk\/#\/schema\/logo\/image\/","url":"https:\/\/grontkontor.dk\/wp-content\/uploads\/2014\/02\/Logo_groent_kontor_300x80.png","contentUrl":"https:\/\/grontkontor.dk\/wp-content\/uploads\/2014\/02\/Logo_groent_kontor_300x80.png","width":300,"height":80,"caption":"Gr\u00f8nt Kontor"},"image":{"@id":"https:\/\/grontkontor.dk\/#\/schema\/logo\/image\/"},"sameAs":["https:\/\/www.facebook.com\/grontkontor.dk\/"]}]}},"_links":{"self":[{"href":"https:\/\/grontkontor.dk\/de\/wp-json\/wp\/v2\/product\/90433"}],"collection":[{"href":"https:\/\/grontkontor.dk\/de\/wp-json\/wp\/v2\/product"}],"about":[{"href":"https:\/\/grontkontor.dk\/de\/wp-json\/wp\/v2\/types\/product"}],"replies":[{"embeddable":true,"href":"https:\/\/grontkontor.dk\/de\/wp-json\/wp\/v2\/comments?post=90433"}],"wp:featuredmedia":[{"embeddable":true,"href":"https:\/\/grontkontor.dk\/de\/wp-json\/wp\/v2\/media\/111090"}],"wp:attachment":[{"href":"https:\/\/grontkontor.dk\/de\/wp-json\/wp\/v2\/media?parent=90433"}],"wp:term":[{"taxonomy":"product_cat","embeddable":true,"href":"https:\/\/grontkontor.dk\/de\/wp-json\/wp\/v2\/product_cat?post=90433"},{"taxonomy":"product_tag","embeddable":true,"href":"https:\/\/grontkontor.dk\/de\/wp-json\/wp\/v2\/product_tag?post=90433"}],"curies":[{"name":"wp","href":"https:\/\/api.w.org\/{rel}","templated":true}]}}