{"id":90501,"date":"2023-09-22T13:05:07","date_gmt":"2024-05-29T09:09:26","guid":{"rendered":"https:\/\/grontkontor.dk\/shop\/kokoswurfel-mit-kressesamen\/"},"modified":"2024-05-29T11:09:26","modified_gmt":"2024-05-29T09:09:26","slug":"kokoswurfel-mit-kressesamen","status":"publish","type":"product","link":"https:\/\/grontkontor.dk\/de\/shop\/kokoswurfel-mit-kressesamen\/","title":{"rendered":"Kokosw\u00fcrfel mit Kressesamen"},"content":{"rendered":"<p>Hergestellt aus ausschlie\u00dflich Naturprodukten in Form von klimafreundlichen Kokosfasern und Naturkautschuk, was den W\u00fcrfel atmungsaktiv, leicht und elastisch macht.<br \/>\nEnth\u00e4lt Kressesamen, die beim Gie\u00dfen aus dem W\u00fcrfel herauswachsen. Legen Sie den W\u00fcrfel in eine Schale, bespr\u00fchen Sie ihn regelm\u00e4\u00dfig mit Wasser und schon nach wenigen Tagen beginnt die Kresse zu sprie\u00dfen.<br \/>\nGr\u00f6\u00dfe ca. 4x4x4 cm. Der Preis ist inkl. 4-farbiger Druck auf der Kokosnusspackung.<br \/>\nEin buchst\u00e4blich unkonventionelles, sch\u00f6nes, klimafreundliches und lebendiges Werbegeschenk.<br \/>\n[oeko_emo]<\/p>\n","protected":false},"excerpt":{"rendered":"<p>Hergestellt aus ausschlie\u00dflich Naturprodukten in Form von klimafreundlichen Kokosfasern und Naturkautschuk, was den W\u00fcrfel atmungsaktiv, leicht und elastisch macht. Enth\u00e4lt Kressesamen, die beim Gie\u00dfen aus dem W\u00fcrfel herauswachsen. Legen Sie den W\u00fcrfel in eine Schale, bespr\u00fchen Sie ihn regelm\u00e4\u00dfig mit Wasser und schon nach wenigen Tagen beginnt die Kresse zu sprie\u00dfen. Gr\u00f6\u00dfe ca. 4x4x4 cm. [&hellip;]<\/p>\n","protected":false},"featured_media":90505,"comment_status":"closed","ping_status":"closed","template":"","meta":{"_acf_changed":false},"product_cat":[3644,3321,3323],"product_tag":[3940,3646],"class_list":{"0":"post-90501","1":"product","2":"type-product","3":"status-publish","4":"has-post-thumbnail","6":"product_cat-geschenke-pflanzen","7":"product_cat-klimafreundliche-werbegeschenke","8":"product_cat-produktserien","9":"product_tag-blumentopf","10":"product_tag-pflanzen-geschenk","11":"tm-has-options","13":"first","14":"instock","15":"taxable","16":"shipping-taxable","17":"purchasable","18":"product-type-simple"},"acf":[],"yoast_head":"<!-- This site is optimized with the Yoast SEO Premium plugin v21.2 (Yoast SEO v21.2) - https:\/\/yoast.com\/wordpress\/plugins\/seo\/ -->\n<title>Kokosw\u00fcrfel mit Kressesamen - Gr\u00f8nt Kontor<\/title>\n<meta name=\"robots\" content=\"index, follow, max-snippet:-1, max-image-preview:large, max-video-preview:-1\" \/>\n<link rel=\"canonical\" href=\"https:\/\/grontkontor.dk\/de\/shop\/kokoswurfel-mit-kressesamen\/\" \/>\n<meta property=\"og:locale\" content=\"de_DE\" \/>\n<meta property=\"og:type\" content=\"article\" \/>\n<meta property=\"og:title\" content=\"Kokosw\u00fcrfel mit Kressesamen\" \/>\n<meta property=\"og:description\" content=\"Hergestellt aus ausschlie\u00dflich Naturprodukten in Form von klimafreundlichen Kokosfasern und Naturkautschuk, was den W\u00fcrfel atmungsaktiv, leicht und elastisch macht. Enth\u00e4lt Kressesamen, die beim Gie\u00dfen aus dem W\u00fcrfel herauswachsen. Legen Sie den W\u00fcrfel in eine Schale, bespr\u00fchen Sie ihn regelm\u00e4\u00dfig mit Wasser und schon nach wenigen Tagen beginnt die Kresse zu sprie\u00dfen. Gr\u00f6\u00dfe ca. 4x4x4 cm. [&hellip;]\" \/>\n<meta property=\"og:url\" content=\"https:\/\/grontkontor.dk\/de\/shop\/kokoswurfel-mit-kressesamen\/\" \/>\n<meta property=\"og:site_name\" content=\"Gr\u00f8nt Kontor\" \/>\n<meta property=\"article:publisher\" content=\"https:\/\/www.facebook.com\/grontkontor.dk\/\" \/>\n<meta property=\"og:image\" content=\"https:\/\/grontkontor.dk\/wp-content\/uploads\/2019\/08\/kokosterning-karse-001-1.jpg\" \/>\n\t<meta property=\"og:image:width\" content=\"800\" \/>\n\t<meta property=\"og:image:height\" content=\"568\" \/>\n\t<meta property=\"og:image:type\" content=\"image\/jpeg\" \/>\n<meta name=\"twitter:card\" content=\"summary_large_image\" \/>\n<script type=\"application\/ld+json\" class=\"yoast-schema-graph\">{\"@context\":\"https:\/\/schema.org\",\"@graph\":[{\"@type\":\"WebPage\",\"@id\":\"https:\/\/grontkontor.dk\/de\/shop\/kokoswurfel-mit-kressesamen\/\",\"url\":\"https:\/\/grontkontor.dk\/de\/shop\/kokoswurfel-mit-kressesamen\/\",\"name\":\"Kokosw\u00fcrfel mit Kressesamen - Gr\u00f8nt Kontor\",\"isPartOf\":{\"@id\":\"https:\/\/grontkontor.dk\/#website\"},\"datePublished\":\"2024-05-29T09:09:26+00:00\",\"dateModified\":\"2024-05-29T09:09:26+00:00\",\"breadcrumb\":{\"@id\":\"https:\/\/grontkontor.dk\/de\/shop\/kokoswurfel-mit-kressesamen\/#breadcrumb\"},\"inLanguage\":\"de\",\"potentialAction\":[{\"@type\":\"ReadAction\",\"target\":[\"https:\/\/grontkontor.dk\/de\/shop\/kokoswurfel-mit-kressesamen\/\"]}]},{\"@type\":\"BreadcrumbList\",\"@id\":\"https:\/\/grontkontor.dk\/de\/shop\/kokoswurfel-mit-kressesamen\/#breadcrumb\",\"itemListElement\":[{\"@type\":\"ListItem\",\"position\":1,\"name\":\"Forside\",\"item\":\"https:\/\/grontkontor.dk\/de\/\"},{\"@type\":\"ListItem\",\"position\":2,\"name\":\"Laden\",\"item\":\"https:\/\/grontkontor.dk\/de\/laden\/\"},{\"@type\":\"ListItem\",\"position\":3,\"name\":\"Produktserien\",\"item\":\"https:\/\/grontkontor.dk\/de\/produkt-kategori\/produktserien\/\"},{\"@type\":\"ListItem\",\"position\":4,\"name\":\"Geschenke pflanzen\",\"item\":\"https:\/\/grontkontor.dk\/de\/produkt-kategori\/produktserien\/geschenke-pflanzen\/\"},{\"@type\":\"ListItem\",\"position\":5,\"name\":\"Kokosw\u00fcrfel mit Kressesamen\"}]},{\"@type\":\"WebSite\",\"@id\":\"https:\/\/grontkontor.dk\/#website\",\"url\":\"https:\/\/grontkontor.dk\/\",\"name\":\"Gr\u00f8nt Kontor\",\"description\":\"Milj\u00f8venlige produkter til kontor og erhverv med fokus p\u00e5 b\u00e6redygtighed, design og fair trade.\",\"publisher\":{\"@id\":\"https:\/\/grontkontor.dk\/#organization\"},\"potentialAction\":[{\"@type\":\"SearchAction\",\"target\":{\"@type\":\"EntryPoint\",\"urlTemplate\":\"https:\/\/grontkontor.dk\/?s={search_term_string}\"},\"query-input\":\"required name=search_term_string\"}],\"inLanguage\":\"de\"},{\"@type\":\"Organization\",\"@id\":\"https:\/\/grontkontor.dk\/#organization\",\"name\":\"Gr\u00f8nt Kontor\",\"url\":\"https:\/\/grontkontor.dk\/\",\"logo\":{\"@type\":\"ImageObject\",\"inLanguage\":\"de\",\"@id\":\"https:\/\/grontkontor.dk\/#\/schema\/logo\/image\/\",\"url\":\"https:\/\/grontkontor.dk\/wp-content\/uploads\/2014\/02\/Logo_groent_kontor_300x80.png\",\"contentUrl\":\"https:\/\/grontkontor.dk\/wp-content\/uploads\/2014\/02\/Logo_groent_kontor_300x80.png\",\"width\":300,\"height\":80,\"caption\":\"Gr\u00f8nt Kontor\"},\"image\":{\"@id\":\"https:\/\/grontkontor.dk\/#\/schema\/logo\/image\/\"},\"sameAs\":[\"https:\/\/www.facebook.com\/grontkontor.dk\/\"]}]}<\/script>\n<!-- \/ Yoast SEO Premium plugin. -->","yoast_head_json":{"title":"Kokosw\u00fcrfel mit Kressesamen - Gr\u00f8nt Kontor","robots":{"index":"index","follow":"follow","max-snippet":"max-snippet:-1","max-image-preview":"max-image-preview:large","max-video-preview":"max-video-preview:-1"},"canonical":"https:\/\/grontkontor.dk\/de\/shop\/kokoswurfel-mit-kressesamen\/","og_locale":"de_DE","og_type":"article","og_title":"Kokosw\u00fcrfel mit Kressesamen","og_description":"Hergestellt aus ausschlie\u00dflich Naturprodukten in Form von klimafreundlichen Kokosfasern und Naturkautschuk, was den W\u00fcrfel atmungsaktiv, leicht und elastisch macht. Enth\u00e4lt Kressesamen, die beim Gie\u00dfen aus dem W\u00fcrfel herauswachsen. Legen Sie den W\u00fcrfel in eine Schale, bespr\u00fchen Sie ihn regelm\u00e4\u00dfig mit Wasser und schon nach wenigen Tagen beginnt die Kresse zu sprie\u00dfen. Gr\u00f6\u00dfe ca. 4x4x4 cm. [&hellip;]","og_url":"https:\/\/grontkontor.dk\/de\/shop\/kokoswurfel-mit-kressesamen\/","og_site_name":"Gr\u00f8nt Kontor","article_publisher":"https:\/\/www.facebook.com\/grontkontor.dk\/","og_image":[{"width":800,"height":568,"url":"https:\/\/grontkontor.dk\/wp-content\/uploads\/2019\/08\/kokosterning-karse-001-1.jpg","type":"image\/jpeg"}],"twitter_card":"summary_large_image","schema":{"@context":"https:\/\/schema.org","@graph":[{"@type":"WebPage","@id":"https:\/\/grontkontor.dk\/de\/shop\/kokoswurfel-mit-kressesamen\/","url":"https:\/\/grontkontor.dk\/de\/shop\/kokoswurfel-mit-kressesamen\/","name":"Kokosw\u00fcrfel mit Kressesamen - Gr\u00f8nt Kontor","isPartOf":{"@id":"https:\/\/grontkontor.dk\/#website"},"datePublished":"2024-05-29T09:09:26+00:00","dateModified":"2024-05-29T09:09:26+00:00","breadcrumb":{"@id":"https:\/\/grontkontor.dk\/de\/shop\/kokoswurfel-mit-kressesamen\/#breadcrumb"},"inLanguage":"de","potentialAction":[{"@type":"ReadAction","target":["https:\/\/grontkontor.dk\/de\/shop\/kokoswurfel-mit-kressesamen\/"]}]},{"@type":"BreadcrumbList","@id":"https:\/\/grontkontor.dk\/de\/shop\/kokoswurfel-mit-kressesamen\/#breadcrumb","itemListElement":[{"@type":"ListItem","position":1,"name":"Forside","item":"https:\/\/grontkontor.dk\/de\/"},{"@type":"ListItem","position":2,"name":"Laden","item":"https:\/\/grontkontor.dk\/de\/laden\/"},{"@type":"ListItem","position":3,"name":"Produktserien","item":"https:\/\/grontkontor.dk\/de\/produkt-kategori\/produktserien\/"},{"@type":"ListItem","position":4,"name":"Geschenke pflanzen","item":"https:\/\/grontkontor.dk\/de\/produkt-kategori\/produktserien\/geschenke-pflanzen\/"},{"@type":"ListItem","position":5,"name":"Kokosw\u00fcrfel mit Kressesamen"}]},{"@type":"WebSite","@id":"https:\/\/grontkontor.dk\/#website","url":"https:\/\/grontkontor.dk\/","name":"Gr\u00f8nt Kontor","description":"Milj\u00f8venlige produkter til kontor og erhverv med fokus p\u00e5 b\u00e6redygtighed, design og fair trade.","publisher":{"@id":"https:\/\/grontkontor.dk\/#organization"},"potentialAction":[{"@type":"SearchAction","target":{"@type":"EntryPoint","urlTemplate":"https:\/\/grontkontor.dk\/?s={search_term_string}"},"query-input":"required name=search_term_string"}],"inLanguage":"de"},{"@type":"Organization","@id":"https:\/\/grontkontor.dk\/#organization","name":"Gr\u00f8nt Kontor","url":"https:\/\/grontkontor.dk\/","logo":{"@type":"ImageObject","inLanguage":"de","@id":"https:\/\/grontkontor.dk\/#\/schema\/logo\/image\/","url":"https:\/\/grontkontor.dk\/wp-content\/uploads\/2014\/02\/Logo_groent_kontor_300x80.png","contentUrl":"https:\/\/grontkontor.dk\/wp-content\/uploads\/2014\/02\/Logo_groent_kontor_300x80.png","width":300,"height":80,"caption":"Gr\u00f8nt Kontor"},"image":{"@id":"https:\/\/grontkontor.dk\/#\/schema\/logo\/image\/"},"sameAs":["https:\/\/www.facebook.com\/grontkontor.dk\/"]}]}},"_links":{"self":[{"href":"https:\/\/grontkontor.dk\/de\/wp-json\/wp\/v2\/product\/90501"}],"collection":[{"href":"https:\/\/grontkontor.dk\/de\/wp-json\/wp\/v2\/product"}],"about":[{"href":"https:\/\/grontkontor.dk\/de\/wp-json\/wp\/v2\/types\/product"}],"replies":[{"embeddable":true,"href":"https:\/\/grontkontor.dk\/de\/wp-json\/wp\/v2\/comments?post=90501"}],"wp:featuredmedia":[{"embeddable":true,"href":"https:\/\/grontkontor.dk\/de\/wp-json\/wp\/v2\/media\/90505"}],"wp:attachment":[{"href":"https:\/\/grontkontor.dk\/de\/wp-json\/wp\/v2\/media?parent=90501"}],"wp:term":[{"taxonomy":"product_cat","embeddable":true,"href":"https:\/\/grontkontor.dk\/de\/wp-json\/wp\/v2\/product_cat?post=90501"},{"taxonomy":"product_tag","embeddable":true,"href":"https:\/\/grontkontor.dk\/de\/wp-json\/wp\/v2\/product_tag?post=90501"}],"curies":[{"name":"wp","href":"https:\/\/api.w.org\/{rel}","templated":true}]}}