{"id":90502,"date":"2023-09-22T13:06:21","date_gmt":"2024-05-29T09:09:26","guid":{"rendered":"https:\/\/grontkontor.dk\/shop\/touchpen-kugelschreiber-bambus\/"},"modified":"2024-05-29T11:09:26","modified_gmt":"2024-05-29T09:09:26","slug":"touchpen-kugelschreiber-bambus","status":"publish","type":"product","link":"https:\/\/grontkontor.dk\/de\/shop\/touchpen-kugelschreiber-bambus\/","title":{"rendered":"Bambus-Touch-Stift #2"},"content":{"rendered":"<p>Budgetfreundlicher 2-in-1-Touchpen\/Stift aus klimafreundlichem Bambus mit Metall, Sockel und Clip. Es ist f\u00fcr die Verwendung mit Touchscreen-Ger\u00e4ten, einschlie\u00dflich Tablets und Smartphones, konzipiert und hinterl\u00e4sst keine Fingerabdr\u00fccke oder Spuren auf Ihrem Bildschirm. Ein klima- und umweltfreundliches Produkt.<\/p>\n<p>[bambus]<\/p>\n<p>&nbsp;<\/p>\n","protected":false},"excerpt":{"rendered":"<p>Budgetfreundlicher 2-in-1-Touchpen\/Stift aus klimafreundlichem Bambus mit Metall, Sockel und Clip. Es ist f\u00fcr die Verwendung mit Touchscreen-Ger\u00e4ten, einschlie\u00dflich Tablets und Smartphones, konzipiert und hinterl\u00e4sst keine Fingerabdr\u00fccke oder Spuren auf Ihrem Bildschirm. Ein klima- und umweltfreundliches Produkt. [bambus] &nbsp;<\/p>\n","protected":false},"featured_media":111519,"comment_status":"closed","ping_status":"closed","template":"","meta":{"_acf_changed":false},"product_cat":[3325,4403,3423,3424,4113],"product_tag":[3432,3427,3660],"class_list":{"0":"post-90502","1":"product","2":"type-product","3":"status-publish","4":"has-post-thumbnail","6":"product_cat-dummy-moq-1-de","7":"product_cat-kugelschreiber-und-bleistifte","8":"product_cat-schreib-und-zeigegeraete","9":"product_cat-stifte","10":"product_cat-touchpad-stifte","11":"product_tag-feder","12":"product_tag-kugelschreiber","13":"product_tag-touch-stift","14":"pa_farve-braun-de","15":"pa_farve-kastanienbraun","16":"pa_farve-mischen","17":"pa_farve-natur-de","18":"tm-has-options","20":"first","21":"instock","22":"sale","23":"taxable","24":"shipping-taxable","25":"purchasable","26":"product-type-simple"},"acf":[],"yoast_head":"<!-- This site is optimized with the Yoast SEO Premium plugin v21.2 (Yoast SEO v21.2) - https:\/\/yoast.com\/wordpress\/plugins\/seo\/ -->\n<title>Bambus-Touch-Stift #2 - Gr\u00f8nt Kontor<\/title>\n<meta name=\"robots\" content=\"index, follow, max-snippet:-1, max-image-preview:large, max-video-preview:-1\" \/>\n<link rel=\"canonical\" href=\"https:\/\/grontkontor.dk\/shop\/touchpen-kuglepen-bambus\/\" \/>\n<meta property=\"og:locale\" content=\"de_DE\" \/>\n<meta property=\"og:type\" content=\"article\" \/>\n<meta property=\"og:title\" content=\"Bambus-Touch-Stift #2\" \/>\n<meta property=\"og:description\" content=\"Budgetfreundlicher 2-in-1-Touchpen\/Stift aus klimafreundlichem Bambus mit Metall, Sockel und Clip. Es ist f\u00fcr die Verwendung mit Touchscreen-Ger\u00e4ten, einschlie\u00dflich Tablets und Smartphones, konzipiert und hinterl\u00e4sst keine Fingerabdr\u00fccke oder Spuren auf Ihrem Bildschirm. Ein klima- und umweltfreundliches Produkt. [bambus] &nbsp;\" \/>\n<meta property=\"og:url\" content=\"https:\/\/grontkontor.dk\/shop\/touchpen-kuglepen-bambus\/\" \/>\n<meta property=\"og:site_name\" content=\"Gr\u00f8nt Kontor\" \/>\n<meta property=\"article:publisher\" content=\"https:\/\/www.facebook.com\/grontkontor.dk\/\" \/>\n<meta property=\"og:image\" content=\"https:\/\/grontkontor.dk\/wp-content\/uploads\/2020\/03\/touchpen-bambus-01.jpg\" \/>\n\t<meta property=\"og:image:width\" content=\"900\" \/>\n\t<meta property=\"og:image:height\" content=\"639\" \/>\n\t<meta property=\"og:image:type\" content=\"image\/jpeg\" \/>\n<meta name=\"twitter:card\" content=\"summary_large_image\" \/>\n<script type=\"application\/ld+json\" class=\"yoast-schema-graph\">{\"@context\":\"https:\/\/schema.org\",\"@graph\":[{\"@type\":\"WebPage\",\"@id\":\"https:\/\/grontkontor.dk\/shop\/touchpen-kuglepen-bambus\/\",\"url\":\"https:\/\/grontkontor.dk\/shop\/touchpen-kuglepen-bambus\/\",\"name\":\"Bambus-Touch-Stift #2 - Gr\u00f8nt Kontor\",\"isPartOf\":{\"@id\":\"https:\/\/grontkontor.dk\/#website\"},\"datePublished\":\"2024-05-29T09:09:26+00:00\",\"dateModified\":\"2024-05-29T09:09:26+00:00\",\"breadcrumb\":{\"@id\":\"https:\/\/grontkontor.dk\/shop\/touchpen-kuglepen-bambus\/#breadcrumb\"},\"inLanguage\":\"de\",\"potentialAction\":[{\"@type\":\"ReadAction\",\"target\":[\"https:\/\/grontkontor.dk\/shop\/touchpen-kuglepen-bambus\/\"]}]},{\"@type\":\"BreadcrumbList\",\"@id\":\"https:\/\/grontkontor.dk\/shop\/touchpen-kuglepen-bambus\/#breadcrumb\",\"itemListElement\":[{\"@type\":\"ListItem\",\"position\":1,\"name\":\"Forside\",\"item\":\"https:\/\/grontkontor.dk\/de\/\"},{\"@type\":\"ListItem\",\"position\":2,\"name\":\"Laden\",\"item\":\"https:\/\/grontkontor.dk\/de\/laden\/\"},{\"@type\":\"ListItem\",\"position\":3,\"name\":\"Klimafreundliche Werbegeschenke\",\"item\":\"https:\/\/grontkontor.dk\/de\/produkt-kategori\/klimafreundliche-werbegeschenke\/\"},{\"@type\":\"ListItem\",\"position\":4,\"name\":\"Kugelschreiber und Bleistifte\",\"item\":\"https:\/\/grontkontor.dk\/de\/produkt-kategori\/klimafreundliche-werbegeschenke\/kugelschreiber-und-bleistifte\/\"},{\"@type\":\"ListItem\",\"position\":5,\"name\":\"Bambus-Touch-Stift #2\"}]},{\"@type\":\"WebSite\",\"@id\":\"https:\/\/grontkontor.dk\/#website\",\"url\":\"https:\/\/grontkontor.dk\/\",\"name\":\"Gr\u00f8nt Kontor\",\"description\":\"Milj\u00f8venlige produkter til kontor og erhverv med fokus p\u00e5 b\u00e6redygtighed, design og fair trade.\",\"publisher\":{\"@id\":\"https:\/\/grontkontor.dk\/#organization\"},\"potentialAction\":[{\"@type\":\"SearchAction\",\"target\":{\"@type\":\"EntryPoint\",\"urlTemplate\":\"https:\/\/grontkontor.dk\/?s={search_term_string}\"},\"query-input\":\"required name=search_term_string\"}],\"inLanguage\":\"de\"},{\"@type\":\"Organization\",\"@id\":\"https:\/\/grontkontor.dk\/#organization\",\"name\":\"Gr\u00f8nt Kontor\",\"url\":\"https:\/\/grontkontor.dk\/\",\"logo\":{\"@type\":\"ImageObject\",\"inLanguage\":\"de\",\"@id\":\"https:\/\/grontkontor.dk\/#\/schema\/logo\/image\/\",\"url\":\"https:\/\/grontkontor.dk\/wp-content\/uploads\/2014\/02\/Logo_groent_kontor_300x80.png\",\"contentUrl\":\"https:\/\/grontkontor.dk\/wp-content\/uploads\/2014\/02\/Logo_groent_kontor_300x80.png\",\"width\":300,\"height\":80,\"caption\":\"Gr\u00f8nt Kontor\"},\"image\":{\"@id\":\"https:\/\/grontkontor.dk\/#\/schema\/logo\/image\/\"},\"sameAs\":[\"https:\/\/www.facebook.com\/grontkontor.dk\/\"]}]}<\/script>\n<!-- \/ Yoast SEO Premium plugin. -->","yoast_head_json":{"title":"Bambus-Touch-Stift #2 - Gr\u00f8nt Kontor","robots":{"index":"index","follow":"follow","max-snippet":"max-snippet:-1","max-image-preview":"max-image-preview:large","max-video-preview":"max-video-preview:-1"},"canonical":"https:\/\/grontkontor.dk\/shop\/touchpen-kuglepen-bambus\/","og_locale":"de_DE","og_type":"article","og_title":"Bambus-Touch-Stift #2","og_description":"Budgetfreundlicher 2-in-1-Touchpen\/Stift aus klimafreundlichem Bambus mit Metall, Sockel und Clip. Es ist f\u00fcr die Verwendung mit Touchscreen-Ger\u00e4ten, einschlie\u00dflich Tablets und Smartphones, konzipiert und hinterl\u00e4sst keine Fingerabdr\u00fccke oder Spuren auf Ihrem Bildschirm. Ein klima- und umweltfreundliches Produkt. [bambus] &nbsp;","og_url":"https:\/\/grontkontor.dk\/shop\/touchpen-kuglepen-bambus\/","og_site_name":"Gr\u00f8nt Kontor","article_publisher":"https:\/\/www.facebook.com\/grontkontor.dk\/","og_image":[{"width":900,"height":639,"url":"https:\/\/grontkontor.dk\/wp-content\/uploads\/2020\/03\/touchpen-bambus-01.jpg","type":"image\/jpeg"}],"twitter_card":"summary_large_image","schema":{"@context":"https:\/\/schema.org","@graph":[{"@type":"WebPage","@id":"https:\/\/grontkontor.dk\/shop\/touchpen-kuglepen-bambus\/","url":"https:\/\/grontkontor.dk\/shop\/touchpen-kuglepen-bambus\/","name":"Bambus-Touch-Stift #2 - Gr\u00f8nt Kontor","isPartOf":{"@id":"https:\/\/grontkontor.dk\/#website"},"datePublished":"2024-05-29T09:09:26+00:00","dateModified":"2024-05-29T09:09:26+00:00","breadcrumb":{"@id":"https:\/\/grontkontor.dk\/shop\/touchpen-kuglepen-bambus\/#breadcrumb"},"inLanguage":"de","potentialAction":[{"@type":"ReadAction","target":["https:\/\/grontkontor.dk\/shop\/touchpen-kuglepen-bambus\/"]}]},{"@type":"BreadcrumbList","@id":"https:\/\/grontkontor.dk\/shop\/touchpen-kuglepen-bambus\/#breadcrumb","itemListElement":[{"@type":"ListItem","position":1,"name":"Forside","item":"https:\/\/grontkontor.dk\/de\/"},{"@type":"ListItem","position":2,"name":"Laden","item":"https:\/\/grontkontor.dk\/de\/laden\/"},{"@type":"ListItem","position":3,"name":"Klimafreundliche Werbegeschenke","item":"https:\/\/grontkontor.dk\/de\/produkt-kategori\/klimafreundliche-werbegeschenke\/"},{"@type":"ListItem","position":4,"name":"Kugelschreiber und Bleistifte","item":"https:\/\/grontkontor.dk\/de\/produkt-kategori\/klimafreundliche-werbegeschenke\/kugelschreiber-und-bleistifte\/"},{"@type":"ListItem","position":5,"name":"Bambus-Touch-Stift #2"}]},{"@type":"WebSite","@id":"https:\/\/grontkontor.dk\/#website","url":"https:\/\/grontkontor.dk\/","name":"Gr\u00f8nt Kontor","description":"Milj\u00f8venlige produkter til kontor og erhverv med fokus p\u00e5 b\u00e6redygtighed, design og fair trade.","publisher":{"@id":"https:\/\/grontkontor.dk\/#organization"},"potentialAction":[{"@type":"SearchAction","target":{"@type":"EntryPoint","urlTemplate":"https:\/\/grontkontor.dk\/?s={search_term_string}"},"query-input":"required name=search_term_string"}],"inLanguage":"de"},{"@type":"Organization","@id":"https:\/\/grontkontor.dk\/#organization","name":"Gr\u00f8nt Kontor","url":"https:\/\/grontkontor.dk\/","logo":{"@type":"ImageObject","inLanguage":"de","@id":"https:\/\/grontkontor.dk\/#\/schema\/logo\/image\/","url":"https:\/\/grontkontor.dk\/wp-content\/uploads\/2014\/02\/Logo_groent_kontor_300x80.png","contentUrl":"https:\/\/grontkontor.dk\/wp-content\/uploads\/2014\/02\/Logo_groent_kontor_300x80.png","width":300,"height":80,"caption":"Gr\u00f8nt Kontor"},"image":{"@id":"https:\/\/grontkontor.dk\/#\/schema\/logo\/image\/"},"sameAs":["https:\/\/www.facebook.com\/grontkontor.dk\/"]}]}},"_links":{"self":[{"href":"https:\/\/grontkontor.dk\/de\/wp-json\/wp\/v2\/product\/90502"}],"collection":[{"href":"https:\/\/grontkontor.dk\/de\/wp-json\/wp\/v2\/product"}],"about":[{"href":"https:\/\/grontkontor.dk\/de\/wp-json\/wp\/v2\/types\/product"}],"replies":[{"embeddable":true,"href":"https:\/\/grontkontor.dk\/de\/wp-json\/wp\/v2\/comments?post=90502"}],"wp:featuredmedia":[{"embeddable":true,"href":"https:\/\/grontkontor.dk\/de\/wp-json\/wp\/v2\/media\/111519"}],"wp:attachment":[{"href":"https:\/\/grontkontor.dk\/de\/wp-json\/wp\/v2\/media?parent=90502"}],"wp:term":[{"taxonomy":"product_cat","embeddable":true,"href":"https:\/\/grontkontor.dk\/de\/wp-json\/wp\/v2\/product_cat?post=90502"},{"taxonomy":"product_tag","embeddable":true,"href":"https:\/\/grontkontor.dk\/de\/wp-json\/wp\/v2\/product_tag?post=90502"}],"curies":[{"name":"wp","href":"https:\/\/api.w.org\/{rel}","templated":true}]}}