{"id":90526,"date":"2023-09-22T13:06:21","date_gmt":"2024-05-29T09:09:30","guid":{"rendered":"https:\/\/grontkontor.dk\/shop\/design-kugelschreiber-aus-bambus\/"},"modified":"2024-05-29T11:09:30","modified_gmt":"2024-05-29T09:09:30","slug":"design-kugelschreiber-aus-bambus","status":"publish","type":"product","link":"https:\/\/grontkontor.dk\/de\/shop\/design-kugelschreiber-aus-bambus\/","title":{"rendered":"Design-Kugelschreiber aus Bambusmine ohne Aufdruck"},"content":{"rendered":"<p>Klimafreundlicher und exklusiver Qualit\u00e4tskugelschreiber aus Bambus mit Metall, Deckel und Clip. Kommt mit Jumbo-Nachf\u00fcllpatrone mit schwarzer Tinte. Eine klima- und umweltfreundliche Alternative zu umweltsch\u00e4dlichen PVC-Stiften.<\/p>\n<p>[bambus]<\/p>\n<p>&nbsp;<\/p>\n","protected":false},"excerpt":{"rendered":"<p>Klimafreundlicher und exklusiver Qualit\u00e4tskugelschreiber aus Bambus mit Metall, Deckel und Clip. Kommt mit Jumbo-Nachf\u00fcllpatrone mit schwarzer Tinte. Eine klima- und umweltfreundliche Alternative zu umweltsch\u00e4dlichen PVC-Stiften. [bambus] &nbsp;<\/p>\n","protected":false},"featured_media":111021,"comment_status":"closed","ping_status":"closed","template":"","meta":{"_acf_changed":false},"product_cat":[3325,4403,3423,3424],"product_tag":[3432,3427,3683],"class_list":{"0":"post-90526","1":"product","2":"type-product","3":"status-publish","4":"has-post-thumbnail","6":"product_cat-dummy-moq-1-de","7":"product_cat-kugelschreiber-und-bleistifte","8":"product_cat-schreib-und-zeigegeraete","9":"product_cat-stifte","10":"product_tag-feder","11":"product_tag-kugelschreiber","12":"product_tag-stifte","13":"pa_farve-azurblau","14":"pa_farve-beige-de","15":"pa_farve-blau-de","16":"pa_farve-blau","17":"pa_farve-blau-min-15","18":"pa_farve-blau-min-100-stk","19":"pa_farve-blau-min-15-stueck","20":"pa_farve-blau-gelb","21":"pa_farve-blau-gruen-gelb","22":"pa_farve-braun","23":"pa_farve-braun-de","24":"pa_farve-braun-de-2","25":"pa_farve-braun-mit-schwarzem-ober-und-unterteil","26":"pa_farve-browne-de","27":"pa_farve-dunkelblau","28":"pa_farve-dunkelgrau-de","29":"pa_farve-dunkelgrau","30":"pa_farve-dunkelgruen","31":"pa_farve-durchsichtig","32":"pa_farve-durchsichtig-de","33":"pa_farve-ed-de","34":"pa_farve-fuchsia-min-100-stk-de","35":"pa_farve-gelb-de","36":"pa_farve-gelb","37":"pa_farve-gemischt","38":"pa_farve-gold-de","39":"pa_farve-graphit","40":"pa_farve-grau","41":"pa_farve-grau-de","42":"pa_farve-grau-min-100-stk","43":"pa_farve-gruen-de","44":"pa_farve-gruen","45":"pa_farve-hellblau","46":"pa_farve-karmesinrot","47":"pa_farve-kastanienbraun","48":"pa_farve-khaki-de","49":"pa_farve-kriegsmarine","50":"pa_farve-koenigsblau","51":"pa_farve-lichtgrau","52":"pa_farve-lichtgruen","53":"pa_farve-lila","54":"pa_farve-limone","55":"pa_farve-minze","56":"pa_farve-mischen","57":"pa_farve-natur-de","58":"pa_farve-natur-min-100-stk-de","59":"pa_farve-olive","60":"pa_farve-orange-de","61":"pa_farve-ozeanblau","62":"pa_farve-rahm-de","63":"pa_farve-rahm","64":"pa_farve-rosa-de","65":"pa_farve-rot","66":"pa_farve-rot-min-15","67":"pa_farve-rot-min-15-blau-min-15","68":"pa_farve-rot-min-100-stk","69":"pa_farve-rot-min-15-stueck","70":"pa_farve-rot-min-15-stueck-blau-min-15-stueck","71":"pa_farve-schwarz-de","72":"pa_farve-schwarz","73":"pa_farve-schwarz-min-100-stk","74":"pa_farve-schwarz-gold-silber","75":"pa_farve-senf","76":"pa_farve-silber-de-2","77":"pa_farve-silber-de","78":"pa_farve-silber","79":"pa_farve-struktur-de","80":"pa_farve-tiefgruen","81":"pa_farve-tuerkis","82":"pa_farve-tuerkis-de","83":"pa_farve-verletzen","84":"pa_farve-viele","85":"pa_farve-violett","86":"pa_farve-weinrot","87":"pa_farve-weiss","88":"pa_farve-weiss-de","89":"pa_farve-weiss-pigmentiert","90":"pa_farve-weiss-pigmentiert-mit-brauner-ober-und-unterseite","91":"pa_farve-weiss-pigmentiert-mit-schwarzer-ober-und-unterseite","92":"tm-has-options","94":"first","95":"instock","96":"taxable","97":"shipping-taxable","98":"purchasable","99":"product-type-simple"},"acf":[],"yoast_head":"<!-- This site is optimized with the Yoast SEO Premium plugin v21.2 (Yoast SEO v21.2) - https:\/\/yoast.com\/wordpress\/plugins\/seo\/ -->\n<title>Design-Kugelschreiber aus Bambusmine ohne Aufdruck - Gr\u00f8nt Kontor<\/title>\n<meta name=\"robots\" content=\"index, follow, max-snippet:-1, max-image-preview:large, max-video-preview:-1\" \/>\n<link rel=\"canonical\" href=\"https:\/\/grontkontor.dk\/de\/shop\/design-kugelschreiber-aus-bambus\/\" \/>\n<meta property=\"og:locale\" content=\"de_DE\" \/>\n<meta property=\"og:type\" content=\"article\" \/>\n<meta property=\"og:title\" content=\"Design-Kugelschreiber aus Bambusmine ohne Aufdruck\" \/>\n<meta property=\"og:description\" content=\"Klimafreundlicher und exklusiver Qualit\u00e4tskugelschreiber aus Bambus mit Metall, Deckel und Clip. Kommt mit Jumbo-Nachf\u00fcllpatrone mit schwarzer Tinte. Eine klima- und umweltfreundliche Alternative zu umweltsch\u00e4dlichen PVC-Stiften. [bambus] &nbsp;\" \/>\n<meta property=\"og:url\" content=\"https:\/\/grontkontor.dk\/de\/shop\/design-kugelschreiber-aus-bambus\/\" \/>\n<meta property=\"og:site_name\" content=\"Gr\u00f8nt Kontor\" \/>\n<meta property=\"article:publisher\" content=\"https:\/\/www.facebook.com\/grontkontor.dk\/\" \/>\n<meta property=\"og:image\" content=\"https:\/\/grontkontor.dk\/wp-content\/uploads\/2019\/11\/kuglepen-bambus.jpg\" \/>\n\t<meta property=\"og:image:width\" content=\"800\" \/>\n\t<meta property=\"og:image:height\" content=\"568\" \/>\n\t<meta property=\"og:image:type\" content=\"image\/jpeg\" \/>\n<meta name=\"twitter:card\" content=\"summary_large_image\" \/>\n<script type=\"application\/ld+json\" class=\"yoast-schema-graph\">{\"@context\":\"https:\/\/schema.org\",\"@graph\":[{\"@type\":\"WebPage\",\"@id\":\"https:\/\/grontkontor.dk\/de\/shop\/design-kugelschreiber-aus-bambus\/\",\"url\":\"https:\/\/grontkontor.dk\/de\/shop\/design-kugelschreiber-aus-bambus\/\",\"name\":\"Design-Kugelschreiber aus Bambusmine ohne Aufdruck - Gr\u00f8nt Kontor\",\"isPartOf\":{\"@id\":\"https:\/\/grontkontor.dk\/#website\"},\"datePublished\":\"2024-05-29T09:09:30+00:00\",\"dateModified\":\"2024-05-29T09:09:30+00:00\",\"breadcrumb\":{\"@id\":\"https:\/\/grontkontor.dk\/de\/shop\/design-kugelschreiber-aus-bambus\/#breadcrumb\"},\"inLanguage\":\"de\",\"potentialAction\":[{\"@type\":\"ReadAction\",\"target\":[\"https:\/\/grontkontor.dk\/de\/shop\/design-kugelschreiber-aus-bambus\/\"]}]},{\"@type\":\"BreadcrumbList\",\"@id\":\"https:\/\/grontkontor.dk\/de\/shop\/design-kugelschreiber-aus-bambus\/#breadcrumb\",\"itemListElement\":[{\"@type\":\"ListItem\",\"position\":1,\"name\":\"Forside\",\"item\":\"https:\/\/grontkontor.dk\/de\/\"},{\"@type\":\"ListItem\",\"position\":2,\"name\":\"Laden\",\"item\":\"https:\/\/grontkontor.dk\/de\/laden\/\"},{\"@type\":\"ListItem\",\"position\":3,\"name\":\"Klimafreundliche Werbegeschenke\",\"item\":\"https:\/\/grontkontor.dk\/de\/produkt-kategori\/klimafreundliche-werbegeschenke\/\"},{\"@type\":\"ListItem\",\"position\":4,\"name\":\"Kugelschreiber und Bleistifte\",\"item\":\"https:\/\/grontkontor.dk\/de\/produkt-kategori\/klimafreundliche-werbegeschenke\/kugelschreiber-und-bleistifte\/\"},{\"@type\":\"ListItem\",\"position\":5,\"name\":\"Design-Kugelschreiber aus Bambusmine ohne Aufdruck\"}]},{\"@type\":\"WebSite\",\"@id\":\"https:\/\/grontkontor.dk\/#website\",\"url\":\"https:\/\/grontkontor.dk\/\",\"name\":\"Gr\u00f8nt Kontor\",\"description\":\"Milj\u00f8venlige produkter til kontor og erhverv med fokus p\u00e5 b\u00e6redygtighed, design og fair trade.\",\"publisher\":{\"@id\":\"https:\/\/grontkontor.dk\/#organization\"},\"potentialAction\":[{\"@type\":\"SearchAction\",\"target\":{\"@type\":\"EntryPoint\",\"urlTemplate\":\"https:\/\/grontkontor.dk\/?s={search_term_string}\"},\"query-input\":\"required name=search_term_string\"}],\"inLanguage\":\"de\"},{\"@type\":\"Organization\",\"@id\":\"https:\/\/grontkontor.dk\/#organization\",\"name\":\"Gr\u00f8nt Kontor\",\"url\":\"https:\/\/grontkontor.dk\/\",\"logo\":{\"@type\":\"ImageObject\",\"inLanguage\":\"de\",\"@id\":\"https:\/\/grontkontor.dk\/#\/schema\/logo\/image\/\",\"url\":\"https:\/\/grontkontor.dk\/wp-content\/uploads\/2014\/02\/Logo_groent_kontor_300x80.png\",\"contentUrl\":\"https:\/\/grontkontor.dk\/wp-content\/uploads\/2014\/02\/Logo_groent_kontor_300x80.png\",\"width\":300,\"height\":80,\"caption\":\"Gr\u00f8nt Kontor\"},\"image\":{\"@id\":\"https:\/\/grontkontor.dk\/#\/schema\/logo\/image\/\"},\"sameAs\":[\"https:\/\/www.facebook.com\/grontkontor.dk\/\"]}]}<\/script>\n<!-- \/ Yoast SEO Premium plugin. -->","yoast_head_json":{"title":"Design-Kugelschreiber aus Bambusmine ohne Aufdruck - Gr\u00f8nt Kontor","robots":{"index":"index","follow":"follow","max-snippet":"max-snippet:-1","max-image-preview":"max-image-preview:large","max-video-preview":"max-video-preview:-1"},"canonical":"https:\/\/grontkontor.dk\/de\/shop\/design-kugelschreiber-aus-bambus\/","og_locale":"de_DE","og_type":"article","og_title":"Design-Kugelschreiber aus Bambusmine ohne Aufdruck","og_description":"Klimafreundlicher und exklusiver Qualit\u00e4tskugelschreiber aus Bambus mit Metall, Deckel und Clip. Kommt mit Jumbo-Nachf\u00fcllpatrone mit schwarzer Tinte. Eine klima- und umweltfreundliche Alternative zu umweltsch\u00e4dlichen PVC-Stiften. [bambus] &nbsp;","og_url":"https:\/\/grontkontor.dk\/de\/shop\/design-kugelschreiber-aus-bambus\/","og_site_name":"Gr\u00f8nt Kontor","article_publisher":"https:\/\/www.facebook.com\/grontkontor.dk\/","og_image":[{"width":800,"height":568,"url":"https:\/\/grontkontor.dk\/wp-content\/uploads\/2019\/11\/kuglepen-bambus.jpg","type":"image\/jpeg"}],"twitter_card":"summary_large_image","schema":{"@context":"https:\/\/schema.org","@graph":[{"@type":"WebPage","@id":"https:\/\/grontkontor.dk\/de\/shop\/design-kugelschreiber-aus-bambus\/","url":"https:\/\/grontkontor.dk\/de\/shop\/design-kugelschreiber-aus-bambus\/","name":"Design-Kugelschreiber aus Bambusmine ohne Aufdruck - Gr\u00f8nt Kontor","isPartOf":{"@id":"https:\/\/grontkontor.dk\/#website"},"datePublished":"2024-05-29T09:09:30+00:00","dateModified":"2024-05-29T09:09:30+00:00","breadcrumb":{"@id":"https:\/\/grontkontor.dk\/de\/shop\/design-kugelschreiber-aus-bambus\/#breadcrumb"},"inLanguage":"de","potentialAction":[{"@type":"ReadAction","target":["https:\/\/grontkontor.dk\/de\/shop\/design-kugelschreiber-aus-bambus\/"]}]},{"@type":"BreadcrumbList","@id":"https:\/\/grontkontor.dk\/de\/shop\/design-kugelschreiber-aus-bambus\/#breadcrumb","itemListElement":[{"@type":"ListItem","position":1,"name":"Forside","item":"https:\/\/grontkontor.dk\/de\/"},{"@type":"ListItem","position":2,"name":"Laden","item":"https:\/\/grontkontor.dk\/de\/laden\/"},{"@type":"ListItem","position":3,"name":"Klimafreundliche Werbegeschenke","item":"https:\/\/grontkontor.dk\/de\/produkt-kategori\/klimafreundliche-werbegeschenke\/"},{"@type":"ListItem","position":4,"name":"Kugelschreiber und Bleistifte","item":"https:\/\/grontkontor.dk\/de\/produkt-kategori\/klimafreundliche-werbegeschenke\/kugelschreiber-und-bleistifte\/"},{"@type":"ListItem","position":5,"name":"Design-Kugelschreiber aus Bambusmine ohne Aufdruck"}]},{"@type":"WebSite","@id":"https:\/\/grontkontor.dk\/#website","url":"https:\/\/grontkontor.dk\/","name":"Gr\u00f8nt Kontor","description":"Milj\u00f8venlige produkter til kontor og erhverv med fokus p\u00e5 b\u00e6redygtighed, design og fair trade.","publisher":{"@id":"https:\/\/grontkontor.dk\/#organization"},"potentialAction":[{"@type":"SearchAction","target":{"@type":"EntryPoint","urlTemplate":"https:\/\/grontkontor.dk\/?s={search_term_string}"},"query-input":"required name=search_term_string"}],"inLanguage":"de"},{"@type":"Organization","@id":"https:\/\/grontkontor.dk\/#organization","name":"Gr\u00f8nt Kontor","url":"https:\/\/grontkontor.dk\/","logo":{"@type":"ImageObject","inLanguage":"de","@id":"https:\/\/grontkontor.dk\/#\/schema\/logo\/image\/","url":"https:\/\/grontkontor.dk\/wp-content\/uploads\/2014\/02\/Logo_groent_kontor_300x80.png","contentUrl":"https:\/\/grontkontor.dk\/wp-content\/uploads\/2014\/02\/Logo_groent_kontor_300x80.png","width":300,"height":80,"caption":"Gr\u00f8nt Kontor"},"image":{"@id":"https:\/\/grontkontor.dk\/#\/schema\/logo\/image\/"},"sameAs":["https:\/\/www.facebook.com\/grontkontor.dk\/"]}]}},"_links":{"self":[{"href":"https:\/\/grontkontor.dk\/de\/wp-json\/wp\/v2\/product\/90526"}],"collection":[{"href":"https:\/\/grontkontor.dk\/de\/wp-json\/wp\/v2\/product"}],"about":[{"href":"https:\/\/grontkontor.dk\/de\/wp-json\/wp\/v2\/types\/product"}],"replies":[{"embeddable":true,"href":"https:\/\/grontkontor.dk\/de\/wp-json\/wp\/v2\/comments?post=90526"}],"wp:featuredmedia":[{"embeddable":true,"href":"https:\/\/grontkontor.dk\/de\/wp-json\/wp\/v2\/media\/111021"}],"wp:attachment":[{"href":"https:\/\/grontkontor.dk\/de\/wp-json\/wp\/v2\/media?parent=90526"}],"wp:term":[{"taxonomy":"product_cat","embeddable":true,"href":"https:\/\/grontkontor.dk\/de\/wp-json\/wp\/v2\/product_cat?post=90526"},{"taxonomy":"product_tag","embeddable":true,"href":"https:\/\/grontkontor.dk\/de\/wp-json\/wp\/v2\/product_tag?post=90526"}],"curies":[{"name":"wp","href":"https:\/\/api.w.org\/{rel}","templated":true}]}}